{"id":1644,"date":"2025-10-18T10:39:40","date_gmt":"2025-10-18T10:39:40","guid":{"rendered":"https:\/\/greencourt.mgcomunicacio.com\/?page_id=1644"},"modified":"2025-12-10T08:46:39","modified_gmt":"2025-12-10T07:46:39","slug":"construccio-de-pistes-de-tenis-de-gespa-artificial","status":"publish","type":"page","link":"https:\/\/greencourt.mgcomunicacio.com\/ca\/solucions\/pistes-de-tenis\/construccio-de-pistes-de-tenis-de-gespa-artificial\/","title":{"rendered":"Construcci\u00f3 de pistes de tennis de gespa artificial"},"content":{"rendered":"<div class=\"wp-block-greencourt-cabecera mod-cabecera f1_2\"><div class=\"slider\"><div class=\"wp-block-greencourt-cabecera-interior slide\"><div class=\"maq-contenidor\" style=\"backdrop-filter: blur(0px)\"><div class=\"text\"><p class=\"has-text-align-center is-style-com_titular_1 has-blanc-color has-text-color has-link-color wp-elements-9b90773f45bb8f8e14b572f9e73fc22f\">Estalvi d\u2019aigua i<br>baix manteniment<\/p><\/div><\/div><div class=\"image\" style=\"background-image:url(https:\/\/greencourt.mgcomunicacio.com\/wp-content\/uploads\/2025\/10\/Pistes-de-tenis-de-gespa-artificial-01.jpg)\"><\/div><\/div><\/div><\/div><div class=\"wp-block-greencourt-marges maq-contenidor normal marge-superior-gran marge-inferior-gran\" data-aos=\"off\" data-aos-delay=\"aos_delay\"><h1 class=\"wp-block-heading is-style-com_titular_2\">Construcci\u00f3<br>pistes de tennis de gespa artifical<\/h1>\n\n<div style=\"height:5vh\" aria-hidden=\"true\" class=\"wp-block-spacer\"><\/div>\n\n<p class=\"is-style-com_titular_4\">A Greencourt som especialistes en la construcci\u00f3 i rehabilitaci\u00f3 de pistes de tennis de gespa artificial, una opci\u00f3 cada vegada m\u00e9s escollida per la seva est\u00e8tica, la seva versatilitat i, sobretot, pel seu baix manteniment i estalvi d\u2019aigua. Farem pistes eficients, c\u00f2modes i adaptables a diferents tipus d\u2019\u00fas i entorns, tant per a clubs com per a instal\u00b7lacions municipals o privades.<\/p>\n\n<p><\/p>\n\n<p class=\"is-style-com_titular_4\">Col\u00b7laborem amb Edel Grass, fabricant l\u00edder en gespa artificial esportiva, per oferir una gamma \u00e0mplia de superf\u00edcies adaptades al tennis, amb diferents densitats, textures i acabats. Aix\u00f2 ens permet garantir un bon bot, una trepitjada estable i una gran durabilitat, fins i tot en condicions clim\u00e0tiques exigents o amb \u00fas intensiu.<\/p>\n\n<p><\/p>\n\n<p class=\"is-style-com_titular_4\">A m\u00e9s de la qualitat del material, posem \u00e8mfasi en la preparaci\u00f3 del terreny, el drenatge i la instal\u00b7laci\u00f3 t\u00e8cnica, per assegurar una pista equilibrada, regular i amb el confort \u00f2ptim per a jugadors de tots els nivells. Tamb\u00e9 podem combinar-la amb marcatges multiesportius, ampliant la funcionalitat de l\u2019espai.<\/p><\/div><div class=\"wp-block-greencourt-marges maq-contenidor fullwidth marge-superior-petit marge-inferior-\" data-aos=\"off\" data-aos-delay=\"aos_delay\"><figure class=\"wp-block-image size-full\"><img loading=\"lazy\" decoding=\"async\" width=\"2500\" height=\"1268\" src=\"https:\/\/greencourt.mgcomunicacio.com\/wp-content\/uploads\/2025\/10\/Pistes-de-tenis-de-gespa-artificial-05.jpg\" alt=\"\" class=\"wp-image-1681\" srcset=\"https:\/\/greencourt.mgcomunicacio.com\/wp-content\/uploads\/2025\/10\/Pistes-de-tenis-de-gespa-artificial-05.jpg 2500w, https:\/\/greencourt.mgcomunicacio.com\/wp-content\/uploads\/2025\/10\/Pistes-de-tenis-de-gespa-artificial-05-600x304.jpg 600w, https:\/\/greencourt.mgcomunicacio.com\/wp-content\/uploads\/2025\/10\/Pistes-de-tenis-de-gespa-artificial-05-300x152.jpg 300w, https:\/\/greencourt.mgcomunicacio.com\/wp-content\/uploads\/2025\/10\/Pistes-de-tenis-de-gespa-artificial-05-1024x519.jpg 1024w, https:\/\/greencourt.mgcomunicacio.com\/wp-content\/uploads\/2025\/10\/Pistes-de-tenis-de-gespa-artificial-05-768x390.jpg 768w, https:\/\/greencourt.mgcomunicacio.com\/wp-content\/uploads\/2025\/10\/Pistes-de-tenis-de-gespa-artificial-05-1536x779.jpg 1536w, https:\/\/greencourt.mgcomunicacio.com\/wp-content\/uploads\/2025\/10\/Pistes-de-tenis-de-gespa-artificial-05-2048x1039.jpg 2048w, https:\/\/greencourt.mgcomunicacio.com\/wp-content\/uploads\/2025\/10\/Pistes-de-tenis-de-gespa-artificial-05-340x172.jpg 340w, https:\/\/greencourt.mgcomunicacio.com\/wp-content\/uploads\/2025\/10\/Pistes-de-tenis-de-gespa-artificial-05-140x71.jpg 140w\" sizes=\"auto, (max-width: 2500px) 100vw, 2500px\" \/><\/figure><\/div><div style=\"height:10vh\" aria-hidden=\"true\" class=\"wp-block-spacer\"><\/div><div class=\"wp-block-greencourt-marges maq-contenidor normal marge-superior-petit marge-inferior-\" data-aos=\"off\" data-aos-delay=\"aos_delay\"><h2 class=\"wp-block-heading is-style-com_titular_2\">Models de pistes de tennis de gespa artifical<\/h2><\/div><div style=\"height:10vh\" aria-hidden=\"true\" class=\"wp-block-spacer\"><\/div><div class=\"wp-block-greencourt-marges maq-contenidor normal marge-superior- marge-inferior-\" data-aos=\"off\" data-aos-delay=\"aos_delay\"><div class=\"wp-block-greencourt-columnes-responsive mod-columnes-responsive cols-dsk-3 cols-tbl-3 cols-mob-1 gap-gran centra-orfes\"><div class=\"wp-block-greencourt-columna-responsive mod-columna-responsive-wrapper\"><div class=\"mod-columna-responsive valign-superior\"><p class=\"is-style-com_titular_1 has-taronja-greencourt-color has-text-color has-link-color wp-elements-ad1e07a722d7860850be054d78e784f3\">01<\/p>\n\n<h3 class=\"wp-block-heading is-style-com_titular_3 has-taronja-greencourt-color has-text-color has-link-color wp-elements-2dc95ba7869b718d762b174a62c8ed9e\">Edel Advantage<br>Red Court\u00ae<\/h3>\n\n<div style=\"height:6vh\" aria-hidden=\"true\" class=\"wp-block-spacer\"><\/div>\n\n<figure class=\"wp-block-image size-full\"><img loading=\"lazy\" decoding=\"async\" width=\"700\" height=\"700\" src=\"https:\/\/greencourt.mgcomunicacio.com\/wp-content\/uploads\/2025\/11\/edel-ARC-sand-filled-synthetic-hockey-pitch-system.jpg\" alt=\"\" class=\"wp-image-4173\" srcset=\"https:\/\/greencourt.mgcomunicacio.com\/wp-content\/uploads\/2025\/11\/edel-ARC-sand-filled-synthetic-hockey-pitch-system.jpg 700w, https:\/\/greencourt.mgcomunicacio.com\/wp-content\/uploads\/2025\/11\/edel-ARC-sand-filled-synthetic-hockey-pitch-system-300x300.jpg 300w, https:\/\/greencourt.mgcomunicacio.com\/wp-content\/uploads\/2025\/11\/edel-ARC-sand-filled-synthetic-hockey-pitch-system-100x100.jpg 100w, https:\/\/greencourt.mgcomunicacio.com\/wp-content\/uploads\/2025\/11\/edel-ARC-sand-filled-synthetic-hockey-pitch-system-600x600.jpg 600w, https:\/\/greencourt.mgcomunicacio.com\/wp-content\/uploads\/2025\/11\/edel-ARC-sand-filled-synthetic-hockey-pitch-system-150x150.jpg 150w, https:\/\/greencourt.mgcomunicacio.com\/wp-content\/uploads\/2025\/11\/edel-ARC-sand-filled-synthetic-hockey-pitch-system-340x340.jpg 340w, https:\/\/greencourt.mgcomunicacio.com\/wp-content\/uploads\/2025\/11\/edel-ARC-sand-filled-synthetic-hockey-pitch-system-140x140.jpg 140w\" sizes=\"auto, (max-width: 700px) 100vw, 700px\" \/><\/figure>\n\n<div style=\"height:6vh\" aria-hidden=\"true\" class=\"wp-block-spacer\"><\/div>\n\n<p class=\"is-style-com_titular_4\">Una pista de tennis que es presenta com l\u2019alternativa definitiva a la terra batuda, combinant-ne l\u2019aspecte i les sensacions de joc amb els avantatges d\u2019una superf\u00edcie sempre practicable. Igual que en una pista tradicional de terra, Edel ARC permet deslitzar de manera controlada i cobrir tota la pista amb facilitat, sense necessitat d\u2019aigua ni reg. A m\u00e9s, mant\u00e9 una est\u00e8tica natural i deixa l\u2019empremta de la bola perfectament visible.<\/p>\n\n<div style=\"height:6vh\" aria-hidden=\"true\" class=\"wp-block-spacer\"><\/div>\n\n<div class=\"wp-block-buttons is-layout-flex wp-block-buttons-is-layout-flex\"><div class=\"wp-block-button\"><a class=\"wp-block-button__link wp-element-button\" href=\"https:\/\/greencourt.mgcomunicacio.com\/ca\/contacte\/#form\">+ info<\/a><\/div><\/div><\/div><\/div>\n\n<div class=\"wp-block-greencourt-columna-responsive mod-columna-responsive-wrapper\"><div class=\"mod-columna-responsive valign-superior\"><p class=\"is-style-com_titular_1 has-taronja-greencourt-color has-text-color has-link-color wp-elements-0bb7058a10a47bb89d690f17aef5ee08\">02<\/p>\n\n<h3 class=\"wp-block-heading is-style-com_titular_3 has-taronja-greencourt-color has-text-color has-link-color wp-elements-ae03a0e017af36d2215b8715609b0c0c\">Edel<br>Agile\u00ae<\/h3>\n\n<div style=\"height:6vh\" aria-hidden=\"true\" class=\"wp-block-spacer\"><\/div>\n\n<figure class=\"wp-block-image size-full\"><img loading=\"lazy\" decoding=\"async\" width=\"700\" height=\"700\" src=\"https:\/\/greencourt.mgcomunicacio.com\/wp-content\/uploads\/2025\/11\/edel-agile-tennis-system.jpg\" alt=\"\" class=\"wp-image-4172\" srcset=\"https:\/\/greencourt.mgcomunicacio.com\/wp-content\/uploads\/2025\/11\/edel-agile-tennis-system.jpg 700w, https:\/\/greencourt.mgcomunicacio.com\/wp-content\/uploads\/2025\/11\/edel-agile-tennis-system-300x300.jpg 300w, https:\/\/greencourt.mgcomunicacio.com\/wp-content\/uploads\/2025\/11\/edel-agile-tennis-system-100x100.jpg 100w, https:\/\/greencourt.mgcomunicacio.com\/wp-content\/uploads\/2025\/11\/edel-agile-tennis-system-600x600.jpg 600w, https:\/\/greencourt.mgcomunicacio.com\/wp-content\/uploads\/2025\/11\/edel-agile-tennis-system-150x150.jpg 150w, https:\/\/greencourt.mgcomunicacio.com\/wp-content\/uploads\/2025\/11\/edel-agile-tennis-system-340x340.jpg 340w, https:\/\/greencourt.mgcomunicacio.com\/wp-content\/uploads\/2025\/11\/edel-agile-tennis-system-140x140.jpg 140w\" sizes=\"auto, (max-width: 700px) 100vw, 700px\" \/><\/figure>\n\n<div style=\"height:6vh\" aria-hidden=\"true\" class=\"wp-block-spacer\"><\/div>\n\n<p class=\"is-style-com_titular_4\">Una soluci\u00f3 de tennis sostenible, assequible i amb prestacions contrastades per a clubs i pistes privades. El sistema amb filaments LSR (Low Slide Resistance) mant\u00e9 la flexibilitat fins i tot a temperatures sota zero, garantint unes bones sensacions de joc durant tot l\u2019any. \u00c9s una opci\u00f3 econ\u00f2mica, disponible en format est\u00e0ndard i molt f\u00e0cil de mantenir.<\/p>\n\n<div style=\"height:6vh\" aria-hidden=\"true\" class=\"wp-block-spacer\"><\/div>\n\n<div class=\"wp-block-buttons is-layout-flex wp-block-buttons-is-layout-flex\"><div class=\"wp-block-button\"><a class=\"wp-block-button__link wp-element-button\" href=\"https:\/\/greencourt.mgcomunicacio.com\/ca\/contacte\/#form\">+ info<\/a><\/div><\/div><\/div><\/div>\n\n<div class=\"wp-block-greencourt-columna-responsive mod-columna-responsive-wrapper\"><div class=\"mod-columna-responsive valign-superior\"><p class=\"is-style-com_titular_1 has-taronja-greencourt-color has-text-color has-link-color wp-elements-429a76efd9bc037c56509602b0b20b0d\">03<\/p>\n\n<h3 class=\"wp-block-heading is-style-com_titular_3 has-taronja-greencourt-color has-text-color has-link-color wp-elements-0ab7c6876c55cafc8ec7123928f6ea48\">Edel Centre<br>Court TX\u00ae<\/h3>\n\n<div style=\"height:6vh\" aria-hidden=\"true\" class=\"wp-block-spacer\"><\/div>\n\n<figure class=\"wp-block-image size-full\"><img loading=\"lazy\" decoding=\"async\" width=\"700\" height=\"700\" src=\"https:\/\/greencourt.mgcomunicacio.com\/wp-content\/uploads\/2025\/11\/edel-centre-court-tx-tennis-system-system-min.jpg\" alt=\"\" class=\"wp-image-4175\" srcset=\"https:\/\/greencourt.mgcomunicacio.com\/wp-content\/uploads\/2025\/11\/edel-centre-court-tx-tennis-system-system-min.jpg 700w, https:\/\/greencourt.mgcomunicacio.com\/wp-content\/uploads\/2025\/11\/edel-centre-court-tx-tennis-system-system-min-300x300.jpg 300w, https:\/\/greencourt.mgcomunicacio.com\/wp-content\/uploads\/2025\/11\/edel-centre-court-tx-tennis-system-system-min-100x100.jpg 100w, https:\/\/greencourt.mgcomunicacio.com\/wp-content\/uploads\/2025\/11\/edel-centre-court-tx-tennis-system-system-min-600x600.jpg 600w, https:\/\/greencourt.mgcomunicacio.com\/wp-content\/uploads\/2025\/11\/edel-centre-court-tx-tennis-system-system-min-150x150.jpg 150w, https:\/\/greencourt.mgcomunicacio.com\/wp-content\/uploads\/2025\/11\/edel-centre-court-tx-tennis-system-system-min-340x340.jpg 340w, https:\/\/greencourt.mgcomunicacio.com\/wp-content\/uploads\/2025\/11\/edel-centre-court-tx-tennis-system-system-min-140x140.jpg 140w\" sizes=\"auto, (max-width: 700px) 100vw, 700px\" \/><\/figure>\n\n<div style=\"height:6vh\" aria-hidden=\"true\" class=\"wp-block-spacer\"><\/div>\n\n<p class=\"is-style-com_titular_4 has-gris-greencourt-color has-text-color has-link-color wp-elements-111d26b44855b243a0be9916f98ad558\">Per donar resposta a les exig\u00e8ncies del tennis i tamb\u00e9 del p\u00e0del, Edel Grass ha creat una gespa de m\u00e0xima qualitat amb farciment de sorra. El model Edel Centre Court TX ofereix una superf\u00edcie curta i densa amb filaments texturitzats, que asseguren alta durabilitat, bona retenci\u00f3 de la sorra i una resist\u00e8ncia excel\u00b7lent. Disponible en verd camp i blau reflex.<\/p>\n\n<div style=\"height:6vh\" aria-hidden=\"true\" class=\"wp-block-spacer\"><\/div>\n\n<div class=\"wp-block-buttons is-layout-flex wp-block-buttons-is-layout-flex\"><div class=\"wp-block-button\"><a class=\"wp-block-button__link wp-element-button\" href=\"https:\/\/greencourt.mgcomunicacio.com\/ca\/contacte\/#form\">+ info<\/a><\/div><\/div><\/div><\/div><\/div><\/div><div style=\"height:10vh\" aria-hidden=\"true\" class=\"wp-block-spacer\"><\/div><div class=\"wp-block-greencourt-marges maq-contenidor normal marge-superior-petit marge-inferior-\" data-aos=\"off\" data-aos-delay=\"aos_delay\"><h2 class=\"wp-block-heading is-style-com_titular_2\">Caracter\u00edstiques de les pistes de tennis de terra batuda<\/h2><\/div><div style=\"height:10vh\" aria-hidden=\"true\" class=\"wp-block-spacer\"><\/div><div class=\"wp-block-greencourt-ajedrez mod-escacs align-superior marge-superior- marge-inferior-\"><div class=\"wp-block-greencourt-ajedrez-interior interior maq_cols_flex cols_2\"><div class=\"col text\"><div class=\"text-wrapper\"><h3 class=\"wp-block-heading is-style-com_titular_2 has-taronja-greencourt-color has-text-color has-link-color wp-elements-cc9e5a552999906b3a54d6f654caa502\">Joc \u00f2ptim en qualsevol condici\u00f3 clim\u00e0tica<\/h3>\n\n<p class=\"is-style-com_titular_4 has-gris-greencourt-color has-text-color has-link-color wp-elements-817367aa9803c1fe60ce754d99f9358e\">La gespa artificial permet jugar amb seguretat i rendiment estable sota pluja, humitat, calor intensa o fred. El sistema de drenatge integrat facilita l\u2019evacuaci\u00f3 de l\u2019aigua, evitant bassals i minimitzant els temps d\u2019inactivitat despr\u00e9s de precipitacions. Aix\u00f2 fa que sigui una superf\u00edcie ideal per a zones amb condicions meteorol\u00f2giques variables.<\/p><\/div><\/div><div class=\"col img\"><div class=\"img-container\" style=\"background-image:url(https:\/\/greencourt.mgcomunicacio.com\/wp-content\/uploads\/2025\/10\/Pistes-de-tenis-de-gespa-artificial-06.jpg)\"><\/div><\/div><\/div>\n\n<div class=\"wp-block-greencourt-ajedrez-interior interior maq_cols_flex cols_2\"><div class=\"col text\"><div class=\"text-wrapper\"><h3 class=\"wp-block-heading is-style-com_titular_2 has-taronja-greencourt-color has-text-color has-link-color wp-elements-86bce26142b4d2b08c5e5047feddc318\">Gran confort per al jugador<\/h3>\n\n<p class=\"is-style-com_titular_4 has-gris-greencourt-color has-text-color has-link-color wp-elements-3dbd87bc003cca797ca153cbdebca768\">El disseny de la gespa, amb fibres fibril\u00b7lades de polietil\u00e8 i una base de s\u00edlice amb baixa compactaci\u00f3, genera una sensaci\u00f3 de suspensi\u00f3 suau i amortiment progressiu. Aquesta configuraci\u00f3 redueix l\u2019impacte articular i el risc de lesions, especialment en genolls i turmells. \u00c9s especialment valorada en entorns on hi ha un \u00fas intensiu o jugadors de m\u00e9s edat.<\/p><\/div><\/div><div class=\"col img\"><div class=\"img-container\" style=\"background-image:url(https:\/\/greencourt.mgcomunicacio.com\/wp-content\/uploads\/2025\/11\/Pistes-de-tenis-de-gespa-artificial-11.jpg)\"><\/div><\/div><\/div>\n\n<div class=\"wp-block-greencourt-ajedrez-interior interior maq_cols_flex cols_2\"><div class=\"col text\"><div class=\"text-wrapper\"><h3 class=\"wp-block-heading is-style-com_titular_2 has-taronja-greencourt-color has-text-color has-link-color wp-elements-3126b6e012b2a4781d747f53889b97c9\">Baix manteniment<\/h3>\n\n<p class=\"is-style-com_titular_4 has-gris-greencourt-color has-text-color has-link-color wp-elements-a957b35039dc1b316ee71e51f123af44\">En comparaci\u00f3 amb la terra batuda o el gespa natural, la gespa artificial no necessita reg, ni escarificaci\u00f3 ni repicat. Amb un simple raspat mec\u00e0nic peri\u00f2dic i redistribuci\u00f3 de s\u00edlice, es mant\u00e9 en estat \u00f2ptim durant anys. A m\u00e9s, no genera fang ni pols, i mant\u00e9 una aparen\u00e7a constant sense calvicies ni clapes.<\/p><\/div><\/div><div class=\"col img\"><div class=\"img-container\" style=\"background-image:url(https:\/\/greencourt.mgcomunicacio.com\/wp-content\/uploads\/2025\/11\/Pistes-de-tenis-de-gespa-artificial-12.jpg)\"><\/div><\/div><\/div>\n\n<div class=\"wp-block-greencourt-ajedrez-interior interior maq_cols_flex cols_2\"><div class=\"col text\"><div class=\"text-wrapper\"><h3 class=\"wp-block-heading is-style-com_titular_2 has-taronja-greencourt-color has-text-color has-link-color wp-elements-9dc4888aa4bdec37e73b5870ed684d66\">Alta durabilitat i resist\u00e8ncia<\/h3>\n\n<p class=\"is-style-com_titular_4 has-gris-greencourt-color has-text-color has-link-color wp-elements-15237742fa1ec83519a7f4595540875f\">Els models de Greencourt, ofereixen una vida \u00fatil de fins a 8 anys, gr\u00e0cies a l\u2019estabilitzaci\u00f3 UV de les fibres i la seva resist\u00e8ncia al desgast mec\u00e0nic i qu\u00edmic. Tant la fibra com el backing estan preparats per suportar exposici\u00f3 solar intensa, humitats elevades i \u00fas continuat sense degradaci\u00f3 de les propietats t\u00e8cniques.<\/p><\/div><\/div><div class=\"col img\"><div class=\"img-container\" style=\"background-image:url(https:\/\/greencourt.mgcomunicacio.com\/wp-content\/uploads\/2025\/08\/Greencourt-reserca-03.jpg)\"><\/div><\/div><\/div>\n\n<div class=\"wp-block-greencourt-ajedrez-interior interior maq_cols_flex cols_2\"><div class=\"col text\"><div class=\"text-wrapper\"><h3 class=\"wp-block-heading is-style-com_titular_2 has-taronja-greencourt-color has-text-color has-link-color wp-elements-4d4bc9aabbdcf7f889a5455df0d16947\">Polival\u00e8ncia i est\u00e8tica personalitzable<\/h3>\n\n<p class=\"is-style-com_titular_4 has-gris-greencourt-color has-text-color has-link-color wp-elements-f99f9763186302cd70e6d701c0b15cbf\">Aquestes superf\u00edcies permeten la instal\u00b7laci\u00f3 de l\u00ednies de joc permanents, combinaci\u00f3 de colors (vermell, verd, blau, olive green, etc.) i adaptaci\u00f3 a pistes multiesportives. S\u00f3n ideals per a clubs amb espais compartits o per a instal\u00b7lacions que busquen un acabat visualment atractiu i coherent amb la seva identitat.<\/p><\/div><\/div><div class=\"col img\"><div class=\"img-container\" style=\"background-image:url(https:\/\/greencourt.mgcomunicacio.com\/wp-content\/uploads\/2025\/10\/Pistes-de-tenis-de-gespa-artificial-07.jpg)\"><\/div><\/div><\/div><\/div><div class=\"wp-block-greencourt-marges maq-contenidor fullwidth marge-superior-petit marge-inferior-\" data-aos=\"off\" data-aos-delay=\"aos_delay\"><figure class=\"wp-block-embed is-type-video is-provider-youtube wp-block-embed-youtube wp-embed-aspect-16-9 wp-has-aspect-ratio\"><div class=\"wp-block-embed__wrapper\">\n<iframe loading=\"lazy\" title=\"Pistes de tenis de gespa artifical Greencourt Edel Advantage Red Court\u00ae\" width=\"500\" height=\"281\" src=\"https:\/\/www.youtube.com\/embed\/kdhu4DQe-T0?feature=oembed\" frameborder=\"0\" allow=\"accelerometer; autoplay; clipboard-write; encrypted-media; gyroscope; picture-in-picture; web-share\" referrerpolicy=\"strict-origin-when-cross-origin\" allowfullscreen><\/iframe>\n<\/div><\/figure><\/div>","protected":false},"excerpt":{"rendered":"","protected":false},"author":1,"featured_media":0,"parent":229,"menu_order":0,"comment_status":"closed","ping_status":"closed","template":"","meta":{"_acf_changed":false,"footnotes":""},"class_list":["post-1644","page","type-page","status-publish","hentry"],"acf":[],"_links":{"self":[{"href":"https:\/\/greencourt.mgcomunicacio.com\/ca\/wp-json\/wp\/v2\/pages\/1644","targetHints":{"allow":["GET"]}}],"collection":[{"href":"https:\/\/greencourt.mgcomunicacio.com\/ca\/wp-json\/wp\/v2\/pages"}],"about":[{"href":"https:\/\/greencourt.mgcomunicacio.com\/ca\/wp-json\/wp\/v2\/types\/page"}],"author":[{"embeddable":true,"href":"https:\/\/greencourt.mgcomunicacio.com\/ca\/wp-json\/wp\/v2\/users\/1"}],"replies":[{"embeddable":true,"href":"https:\/\/greencourt.mgcomunicacio.com\/ca\/wp-json\/wp\/v2\/comments?post=1644"}],"version-history":[{"count":42,"href":"https:\/\/greencourt.mgcomunicacio.com\/ca\/wp-json\/wp\/v2\/pages\/1644\/revisions"}],"predecessor-version":[{"id":6604,"href":"https:\/\/greencourt.mgcomunicacio.com\/ca\/wp-json\/wp\/v2\/pages\/1644\/revisions\/6604"}],"up":[{"embeddable":true,"href":"https:\/\/greencourt.mgcomunicacio.com\/ca\/wp-json\/wp\/v2\/pages\/229"}],"wp:attachment":[{"href":"https:\/\/greencourt.mgcomunicacio.com\/ca\/wp-json\/wp\/v2\/media?parent=1644"}],"curies":[{"name":"wp","href":"https:\/\/api.w.org\/{rel}","templated":true}]}}