{"id":1719,"date":"2025-10-23T11:49:48","date_gmt":"2025-10-23T11:49:48","guid":{"rendered":"https:\/\/greencourt.mgcomunicacio.com\/?page_id=1719"},"modified":"2025-11-25T13:47:13","modified_gmt":"2025-11-25T12:47:13","slug":"de-camp-de-futbol-7-a-una-pista-multiesport-amb-lsr20-a-castellcir","status":"publish","type":"page","link":"https:\/\/greencourt.mgcomunicacio.com\/ca\/projectes\/de-camp-de-futbol-7-a-una-pista-multiesport-amb-lsr20-a-castellcir\/","title":{"rendered":"De camp de futbol 7 a una pista multiesport amb LSR20 a Castellcir"},"content":{"rendered":"<div class=\"wp-block-greencourt-cabecera mod-cabecera f1_2\"><div class=\"slider\"><div class=\"wp-block-greencourt-cabecera-interior slide\"><div class=\"maq-contenidor\" style=\"backdrop-filter: blur(0px)\"><div class=\"text\"><p class=\"has-text-align-center is-style-com_titular_1 has-blanc-color has-text-color has-link-color wp-elements-163f9b5c01ce11b96ad36a8175ec8cc8\">Castellcir<\/p><\/div><\/div><div class=\"image\" style=\"background-image:url(https:\/\/greencourt.mgcomunicacio.com\/wp-content\/uploads\/2025\/10\/Castellcir-de-camp-de-futbol-7-a-una-pista-multiesport-amb-LSR20-07.jpg)\"><\/div><\/div><\/div><\/div><div class=\"wp-block-greencourt-marges maq-contenidor normal marge-superior-gran marge-inferior-gran\" data-aos=\"off\" data-aos-delay=\"aos_delay\"><h1 class=\"wp-block-heading is-style-com_titular_2\">De camp de futbol 7 a una pista multiesport amb LSR20 a Castellcir<\/h1>\n\n<div style=\"height:5vh\" aria-hidden=\"true\" class=\"wp-block-spacer\"><\/div>\n\n<p class=\"is-style-com_titular_4\">L\u2019Ajuntament de Castellcir ha fet un pas decidit cap a la sostenibilitat transformant el camp de futbol 7 de gespa natural en una superf\u00edcie LSR20 multiesport. El canvi redueix de manera dr\u00e0stica el consum d\u2019aigua i simplifica el manteniment sense renunciar a la qualitat de joc. La nova gespa aporta una trepitjada c\u00f2moda, bon agarre i un bot regular perqu\u00e8 l\u2019activitat sigui fluida tant en entrenaments com en \u00fas recreatiu.<\/p>\n\n<p><\/p>\n\n<p class=\"is-style-com_titular_4\">La instal\u00b7laci\u00f3 es va executar en sistema flotant sobre subbase de zahorra, una soluci\u00f3 neta i r\u00e0pida que millora el drenatge, protegeix el suport existent i facilita futures intervencions. Aquest muntatge allarga la vida \u00fatil del paviment i permet que la pista estigui operativa tot l\u2019any, recuperant-se de la pluja amb rapidesa i mantenint una imatge cuidada en qualsevol \u00e8poca.<br><\/p><\/div><div class=\"wp-block-greencourt-marges maq-contenidor normal marge-superior-petit marge-inferior-petit\" data-aos=\"off\" data-aos-delay=\"aos_delay\"><div class=\"wp-block-greencourt-columnes-responsive mod-columnes-responsive cols-dsk-2 cols-tbl-2 cols-mob-1 gap-petit centra-orfes\"><div class=\"wp-block-greencourt-columna-responsive mod-columna-responsive-wrapper\"><div class=\"mod-columna-responsive valign-superior\"><p class=\"is-style-com_titular_3 has-taronja-greencourt-color has-text-color has-link-color wp-elements-4204018d8cc046602dcae9fd6f1583ed\">La gespa LSR20 converteix l\u2019antic camp en una pista eficient i polivalent, amb menys consum d\u2019aigua, manteniment m\u00ednim i un rendiment de joc constant durant tot l\u2019any.<\/p><\/div><\/div>\n\n<div class=\"wp-block-greencourt-columna-responsive mod-columna-responsive-wrapper\"><div class=\"mod-columna-responsive valign-superior\"><p class=\"is-style-com_titular_4\">Per potenciar l\u2019\u00fas del recinte, s\u2019han incorporat porteries i pals de multiesport i s\u2019ha organitzat el tra\u00e7at perqu\u00e8 es puguin practicar futbol, voleibol i b\u00e0squet al mateix espai. La lectura de marques \u00e9s clara i la log\u00edstica de canvi d\u2019activitat \u00e9s m\u00ednima, de manera que el municipi guanya hores d\u2019\u00fas per metre quadrat i pot programar m\u00e9s activitats per a totes les edats.<\/p><\/div><\/div><\/div><\/div><div style=\"height:10vh\" aria-hidden=\"true\" class=\"wp-block-spacer\"><\/div><figure class=\"wp-block-gallery has-nested-images columns-2 is-cropped wp-block-gallery-1 is-layout-flex wp-block-gallery-is-layout-flex\"><figure class=\"wp-block-image size-large\"><img loading=\"lazy\" decoding=\"async\" width=\"1024\" height=\"1024\" data-id=\"1726\" src=\"https:\/\/greencourt.mgcomunicacio.com\/wp-content\/uploads\/2025\/10\/Castellcir-de-camp-de-futbol-7-a-una-pista-multiesport-amb-LSR20-04-1024x1024.jpg\" alt=\"\" class=\"wp-image-1726\" srcset=\"https:\/\/greencourt.mgcomunicacio.com\/wp-content\/uploads\/2025\/10\/Castellcir-de-camp-de-futbol-7-a-una-pista-multiesport-amb-LSR20-04-1024x1024.jpg 1024w, https:\/\/greencourt.mgcomunicacio.com\/wp-content\/uploads\/2025\/10\/Castellcir-de-camp-de-futbol-7-a-una-pista-multiesport-amb-LSR20-04-300x300.jpg 300w, https:\/\/greencourt.mgcomunicacio.com\/wp-content\/uploads\/2025\/10\/Castellcir-de-camp-de-futbol-7-a-una-pista-multiesport-amb-LSR20-04-100x100.jpg 100w, https:\/\/greencourt.mgcomunicacio.com\/wp-content\/uploads\/2025\/10\/Castellcir-de-camp-de-futbol-7-a-una-pista-multiesport-amb-LSR20-04-600x600.jpg 600w, https:\/\/greencourt.mgcomunicacio.com\/wp-content\/uploads\/2025\/10\/Castellcir-de-camp-de-futbol-7-a-una-pista-multiesport-amb-LSR20-04-150x150.jpg 150w, https:\/\/greencourt.mgcomunicacio.com\/wp-content\/uploads\/2025\/10\/Castellcir-de-camp-de-futbol-7-a-una-pista-multiesport-amb-LSR20-04-768x768.jpg 768w, https:\/\/greencourt.mgcomunicacio.com\/wp-content\/uploads\/2025\/10\/Castellcir-de-camp-de-futbol-7-a-una-pista-multiesport-amb-LSR20-04-340x340.jpg 340w, https:\/\/greencourt.mgcomunicacio.com\/wp-content\/uploads\/2025\/10\/Castellcir-de-camp-de-futbol-7-a-una-pista-multiesport-amb-LSR20-04-140x140.jpg 140w, https:\/\/greencourt.mgcomunicacio.com\/wp-content\/uploads\/2025\/10\/Castellcir-de-camp-de-futbol-7-a-una-pista-multiesport-amb-LSR20-04.jpg 1200w\" sizes=\"auto, (max-width: 1024px) 100vw, 1024px\" \/><\/figure>\n\n<figure class=\"wp-block-image size-large\"><img loading=\"lazy\" decoding=\"async\" width=\"1024\" height=\"1024\" data-id=\"1727\" src=\"https:\/\/greencourt.mgcomunicacio.com\/wp-content\/uploads\/2025\/10\/Castellcir-de-camp-de-futbol-7-a-una-pista-multiesport-amb-LSR20-03-1024x1024.jpg\" alt=\"\" class=\"wp-image-1727\" srcset=\"https:\/\/greencourt.mgcomunicacio.com\/wp-content\/uploads\/2025\/10\/Castellcir-de-camp-de-futbol-7-a-una-pista-multiesport-amb-LSR20-03-1024x1024.jpg 1024w, https:\/\/greencourt.mgcomunicacio.com\/wp-content\/uploads\/2025\/10\/Castellcir-de-camp-de-futbol-7-a-una-pista-multiesport-amb-LSR20-03-300x300.jpg 300w, https:\/\/greencourt.mgcomunicacio.com\/wp-content\/uploads\/2025\/10\/Castellcir-de-camp-de-futbol-7-a-una-pista-multiesport-amb-LSR20-03-100x100.jpg 100w, https:\/\/greencourt.mgcomunicacio.com\/wp-content\/uploads\/2025\/10\/Castellcir-de-camp-de-futbol-7-a-una-pista-multiesport-amb-LSR20-03-600x600.jpg 600w, https:\/\/greencourt.mgcomunicacio.com\/wp-content\/uploads\/2025\/10\/Castellcir-de-camp-de-futbol-7-a-una-pista-multiesport-amb-LSR20-03-150x150.jpg 150w, https:\/\/greencourt.mgcomunicacio.com\/wp-content\/uploads\/2025\/10\/Castellcir-de-camp-de-futbol-7-a-una-pista-multiesport-amb-LSR20-03-768x768.jpg 768w, https:\/\/greencourt.mgcomunicacio.com\/wp-content\/uploads\/2025\/10\/Castellcir-de-camp-de-futbol-7-a-una-pista-multiesport-amb-LSR20-03-340x340.jpg 340w, https:\/\/greencourt.mgcomunicacio.com\/wp-content\/uploads\/2025\/10\/Castellcir-de-camp-de-futbol-7-a-una-pista-multiesport-amb-LSR20-03-140x140.jpg 140w, https:\/\/greencourt.mgcomunicacio.com\/wp-content\/uploads\/2025\/10\/Castellcir-de-camp-de-futbol-7-a-una-pista-multiesport-amb-LSR20-03.jpg 1200w\" sizes=\"auto, (max-width: 1024px) 100vw, 1024px\" \/><\/figure>\n\n<figure class=\"wp-block-image size-large\"><img loading=\"lazy\" decoding=\"async\" width=\"1024\" height=\"1024\" data-id=\"1729\" src=\"https:\/\/greencourt.mgcomunicacio.com\/wp-content\/uploads\/2025\/10\/Castellcir-de-camp-de-futbol-7-a-una-pista-multiesport-amb-LSR20-01-1024x1024.jpg\" alt=\"\" class=\"wp-image-1729\" srcset=\"https:\/\/greencourt.mgcomunicacio.com\/wp-content\/uploads\/2025\/10\/Castellcir-de-camp-de-futbol-7-a-una-pista-multiesport-amb-LSR20-01-1024x1024.jpg 1024w, https:\/\/greencourt.mgcomunicacio.com\/wp-content\/uploads\/2025\/10\/Castellcir-de-camp-de-futbol-7-a-una-pista-multiesport-amb-LSR20-01-300x300.jpg 300w, https:\/\/greencourt.mgcomunicacio.com\/wp-content\/uploads\/2025\/10\/Castellcir-de-camp-de-futbol-7-a-una-pista-multiesport-amb-LSR20-01-100x100.jpg 100w, https:\/\/greencourt.mgcomunicacio.com\/wp-content\/uploads\/2025\/10\/Castellcir-de-camp-de-futbol-7-a-una-pista-multiesport-amb-LSR20-01-600x600.jpg 600w, https:\/\/greencourt.mgcomunicacio.com\/wp-content\/uploads\/2025\/10\/Castellcir-de-camp-de-futbol-7-a-una-pista-multiesport-amb-LSR20-01-150x150.jpg 150w, https:\/\/greencourt.mgcomunicacio.com\/wp-content\/uploads\/2025\/10\/Castellcir-de-camp-de-futbol-7-a-una-pista-multiesport-amb-LSR20-01-768x768.jpg 768w, https:\/\/greencourt.mgcomunicacio.com\/wp-content\/uploads\/2025\/10\/Castellcir-de-camp-de-futbol-7-a-una-pista-multiesport-amb-LSR20-01-340x340.jpg 340w, https:\/\/greencourt.mgcomunicacio.com\/wp-content\/uploads\/2025\/10\/Castellcir-de-camp-de-futbol-7-a-una-pista-multiesport-amb-LSR20-01-140x140.jpg 140w, https:\/\/greencourt.mgcomunicacio.com\/wp-content\/uploads\/2025\/10\/Castellcir-de-camp-de-futbol-7-a-una-pista-multiesport-amb-LSR20-01.jpg 1200w\" sizes=\"auto, (max-width: 1024px) 100vw, 1024px\" \/><\/figure>\n\n<figure class=\"wp-block-image size-large\"><img loading=\"lazy\" decoding=\"async\" width=\"1024\" height=\"1024\" data-id=\"1728\" src=\"https:\/\/greencourt.mgcomunicacio.com\/wp-content\/uploads\/2025\/10\/Castellcir-de-camp-de-futbol-7-a-una-pista-multiesport-amb-LSR20-02-1024x1024.jpg\" alt=\"\" class=\"wp-image-1728\" srcset=\"https:\/\/greencourt.mgcomunicacio.com\/wp-content\/uploads\/2025\/10\/Castellcir-de-camp-de-futbol-7-a-una-pista-multiesport-amb-LSR20-02-1024x1024.jpg 1024w, https:\/\/greencourt.mgcomunicacio.com\/wp-content\/uploads\/2025\/10\/Castellcir-de-camp-de-futbol-7-a-una-pista-multiesport-amb-LSR20-02-300x300.jpg 300w, https:\/\/greencourt.mgcomunicacio.com\/wp-content\/uploads\/2025\/10\/Castellcir-de-camp-de-futbol-7-a-una-pista-multiesport-amb-LSR20-02-100x100.jpg 100w, https:\/\/greencourt.mgcomunicacio.com\/wp-content\/uploads\/2025\/10\/Castellcir-de-camp-de-futbol-7-a-una-pista-multiesport-amb-LSR20-02-600x600.jpg 600w, https:\/\/greencourt.mgcomunicacio.com\/wp-content\/uploads\/2025\/10\/Castellcir-de-camp-de-futbol-7-a-una-pista-multiesport-amb-LSR20-02-150x150.jpg 150w, https:\/\/greencourt.mgcomunicacio.com\/wp-content\/uploads\/2025\/10\/Castellcir-de-camp-de-futbol-7-a-una-pista-multiesport-amb-LSR20-02-768x768.jpg 768w, https:\/\/greencourt.mgcomunicacio.com\/wp-content\/uploads\/2025\/10\/Castellcir-de-camp-de-futbol-7-a-una-pista-multiesport-amb-LSR20-02-340x340.jpg 340w, https:\/\/greencourt.mgcomunicacio.com\/wp-content\/uploads\/2025\/10\/Castellcir-de-camp-de-futbol-7-a-una-pista-multiesport-amb-LSR20-02-140x140.jpg 140w, https:\/\/greencourt.mgcomunicacio.com\/wp-content\/uploads\/2025\/10\/Castellcir-de-camp-de-futbol-7-a-una-pista-multiesport-amb-LSR20-02.jpg 1200w\" sizes=\"auto, (max-width: 1024px) 100vw, 1024px\" \/><\/figure>\n\n<figure class=\"wp-block-image size-large\"><img loading=\"lazy\" decoding=\"async\" width=\"1024\" height=\"1024\" data-id=\"1725\" src=\"https:\/\/greencourt.mgcomunicacio.com\/wp-content\/uploads\/2025\/10\/Castellcir-de-camp-de-futbol-7-a-una-pista-multiesport-amb-LSR20-05-1024x1024.jpg\" alt=\"\" class=\"wp-image-1725\" srcset=\"https:\/\/greencourt.mgcomunicacio.com\/wp-content\/uploads\/2025\/10\/Castellcir-de-camp-de-futbol-7-a-una-pista-multiesport-amb-LSR20-05-1024x1024.jpg 1024w, https:\/\/greencourt.mgcomunicacio.com\/wp-content\/uploads\/2025\/10\/Castellcir-de-camp-de-futbol-7-a-una-pista-multiesport-amb-LSR20-05-300x300.jpg 300w, https:\/\/greencourt.mgcomunicacio.com\/wp-content\/uploads\/2025\/10\/Castellcir-de-camp-de-futbol-7-a-una-pista-multiesport-amb-LSR20-05-100x100.jpg 100w, https:\/\/greencourt.mgcomunicacio.com\/wp-content\/uploads\/2025\/10\/Castellcir-de-camp-de-futbol-7-a-una-pista-multiesport-amb-LSR20-05-600x600.jpg 600w, https:\/\/greencourt.mgcomunicacio.com\/wp-content\/uploads\/2025\/10\/Castellcir-de-camp-de-futbol-7-a-una-pista-multiesport-amb-LSR20-05-150x150.jpg 150w, https:\/\/greencourt.mgcomunicacio.com\/wp-content\/uploads\/2025\/10\/Castellcir-de-camp-de-futbol-7-a-una-pista-multiesport-amb-LSR20-05-768x768.jpg 768w, https:\/\/greencourt.mgcomunicacio.com\/wp-content\/uploads\/2025\/10\/Castellcir-de-camp-de-futbol-7-a-una-pista-multiesport-amb-LSR20-05-340x340.jpg 340w, https:\/\/greencourt.mgcomunicacio.com\/wp-content\/uploads\/2025\/10\/Castellcir-de-camp-de-futbol-7-a-una-pista-multiesport-amb-LSR20-05-140x140.jpg 140w, https:\/\/greencourt.mgcomunicacio.com\/wp-content\/uploads\/2025\/10\/Castellcir-de-camp-de-futbol-7-a-una-pista-multiesport-amb-LSR20-05.jpg 1200w\" sizes=\"auto, (max-width: 1024px) 100vw, 1024px\" \/><\/figure>\n\n<figure class=\"wp-block-image size-large\"><img loading=\"lazy\" decoding=\"async\" width=\"1024\" height=\"1024\" data-id=\"1724\" src=\"https:\/\/greencourt.mgcomunicacio.com\/wp-content\/uploads\/2025\/10\/Castellcir-de-camp-de-futbol-7-a-una-pista-multiesport-amb-LSR20-06-1024x1024.jpg\" alt=\"\" class=\"wp-image-1724\" srcset=\"https:\/\/greencourt.mgcomunicacio.com\/wp-content\/uploads\/2025\/10\/Castellcir-de-camp-de-futbol-7-a-una-pista-multiesport-amb-LSR20-06-1024x1024.jpg 1024w, https:\/\/greencourt.mgcomunicacio.com\/wp-content\/uploads\/2025\/10\/Castellcir-de-camp-de-futbol-7-a-una-pista-multiesport-amb-LSR20-06-300x300.jpg 300w, https:\/\/greencourt.mgcomunicacio.com\/wp-content\/uploads\/2025\/10\/Castellcir-de-camp-de-futbol-7-a-una-pista-multiesport-amb-LSR20-06-100x100.jpg 100w, https:\/\/greencourt.mgcomunicacio.com\/wp-content\/uploads\/2025\/10\/Castellcir-de-camp-de-futbol-7-a-una-pista-multiesport-amb-LSR20-06-600x600.jpg 600w, https:\/\/greencourt.mgcomunicacio.com\/wp-content\/uploads\/2025\/10\/Castellcir-de-camp-de-futbol-7-a-una-pista-multiesport-amb-LSR20-06-150x150.jpg 150w, https:\/\/greencourt.mgcomunicacio.com\/wp-content\/uploads\/2025\/10\/Castellcir-de-camp-de-futbol-7-a-una-pista-multiesport-amb-LSR20-06-768x768.jpg 768w, https:\/\/greencourt.mgcomunicacio.com\/wp-content\/uploads\/2025\/10\/Castellcir-de-camp-de-futbol-7-a-una-pista-multiesport-amb-LSR20-06-340x340.jpg 340w, https:\/\/greencourt.mgcomunicacio.com\/wp-content\/uploads\/2025\/10\/Castellcir-de-camp-de-futbol-7-a-una-pista-multiesport-amb-LSR20-06-140x140.jpg 140w, https:\/\/greencourt.mgcomunicacio.com\/wp-content\/uploads\/2025\/10\/Castellcir-de-camp-de-futbol-7-a-una-pista-multiesport-amb-LSR20-06.jpg 1200w\" sizes=\"auto, (max-width: 1024px) 100vw, 1024px\" \/><\/figure><\/figure><div style=\"height:15vh\" aria-hidden=\"true\" class=\"wp-block-spacer\"><\/div><p><\/p>","protected":false},"excerpt":{"rendered":"","protected":false},"author":1,"featured_media":0,"parent":435,"menu_order":0,"comment_status":"closed","ping_status":"closed","template":"","meta":{"_acf_changed":false,"footnotes":""},"class_list":["post-1719","page","type-page","status-publish","hentry"],"acf":[],"_links":{"self":[{"href":"https:\/\/greencourt.mgcomunicacio.com\/ca\/wp-json\/wp\/v2\/pages\/1719","targetHints":{"allow":["GET"]}}],"collection":[{"href":"https:\/\/greencourt.mgcomunicacio.com\/ca\/wp-json\/wp\/v2\/pages"}],"about":[{"href":"https:\/\/greencourt.mgcomunicacio.com\/ca\/wp-json\/wp\/v2\/types\/page"}],"author":[{"embeddable":true,"href":"https:\/\/greencourt.mgcomunicacio.com\/ca\/wp-json\/wp\/v2\/users\/1"}],"replies":[{"embeddable":true,"href":"https:\/\/greencourt.mgcomunicacio.com\/ca\/wp-json\/wp\/v2\/comments?post=1719"}],"version-history":[{"count":5,"href":"https:\/\/greencourt.mgcomunicacio.com\/ca\/wp-json\/wp\/v2\/pages\/1719\/revisions"}],"predecessor-version":[{"id":4436,"href":"https:\/\/greencourt.mgcomunicacio.com\/ca\/wp-json\/wp\/v2\/pages\/1719\/revisions\/4436"}],"up":[{"embeddable":true,"href":"https:\/\/greencourt.mgcomunicacio.com\/ca\/wp-json\/wp\/v2\/pages\/435"}],"wp:attachment":[{"href":"https:\/\/greencourt.mgcomunicacio.com\/ca\/wp-json\/wp\/v2\/media?parent=1719"}],"curies":[{"name":"wp","href":"https:\/\/api.w.org\/{rel}","templated":true}]}}