{"id":1731,"date":"2025-10-23T12:06:41","date_gmt":"2025-10-23T12:06:41","guid":{"rendered":"https:\/\/greencourt.mgcomunicacio.com\/?page_id=1731"},"modified":"2025-11-25T13:49:59","modified_gmt":"2025-11-25T12:49:59","slug":"nou-paviment-sport-plus-al-club-de-golf-terramar-de-sitges","status":"publish","type":"page","link":"https:\/\/greencourt.mgcomunicacio.com\/ca\/projectes\/nou-paviment-sport-plus-al-club-de-golf-terramar-de-sitges\/","title":{"rendered":"Nou Paviment Sport Plus al Club de Golf Terramar de Sitges"},"content":{"rendered":"<div class=\"wp-block-greencourt-cabecera mod-cabecera f1_2\"><div class=\"slider\"><div class=\"wp-block-greencourt-cabecera-interior slide\"><div class=\"maq-contenidor\" style=\"backdrop-filter: blur(0px)\"><div class=\"text\"><p class=\"has-text-align-center is-style-com_titular_1 has-blanc-color has-text-color has-link-color wp-elements-e4f4a44b6619bb16153c7f28c7fb37dc\">Sitges<\/p><\/div><\/div><div class=\"image\" style=\"background-image:url(https:\/\/greencourt.mgcomunicacio.com\/wp-content\/uploads\/2025\/10\/Sitges-Nou-Paviment-Sport-Plus-al-Club-de-Golf-Terramar-01.jpg)\"><\/div><\/div><\/div><\/div><div class=\"wp-block-greencourt-marges maq-contenidor normal marge-superior-gran marge-inferior-gran\" data-aos=\"off\" data-aos-delay=\"aos_delay\"><h1 class=\"wp-block-heading is-style-com_titular_2\">Nou Paviment Sport Plus al Club de Golf Terramar de Sitges<\/h1>\n\n<div style=\"height:5vh\" aria-hidden=\"true\" class=\"wp-block-spacer\"><\/div>\n\n<p class=\"is-style-com_titular_4\">Al Club de Golf Terramar hem aplicat el sistema Sport Plus sobre la base de formig\u00f3 per transformar l\u2019espai en una pista multiesport moderna, segura i de gran durabilitat. Es tracta d\u2019un recobriment multicapa (4 capes) que crea una membrana cont\u00ednua i sense juntes; protegeix el suport, regula l\u2019adher\u00e8ncia i ofereix una trepitjada homog\u00e8nia que afavoreix el control de la pilota i la comoditat en sessions d\u2019entrenament llargues.<\/p>\n\n<p><\/p>\n\n<p class=\"is-style-com_titular_4\">La combinaci\u00f3 de capes proporciona una excel\u00b7lent resist\u00e8ncia al desgast i a les condicions clim\u00e0tiques, mantenint el rendiment fins i tot amb un \u00fas intensiu. El comportament davant la radiaci\u00f3 solar i la pluja \u00e9s estable, s\u2019asseca r\u00e0pid i el manteniment rutinari es redueix a neteges senzilles i inspeccions peri\u00f2diques. El resultat \u00e9s una pista fiable tot l\u2019any, apta per a programes escolars i activitats de club amb rotaci\u00f3 alta d\u2019usuaris.<br><\/p><\/div><div class=\"wp-block-greencourt-marges maq-contenidor normal marge-superior-petit marge-inferior-petit\" data-aos=\"off\" data-aos-delay=\"aos_delay\"><div class=\"wp-block-greencourt-columnes-responsive mod-columnes-responsive cols-dsk-2 cols-tbl-2 cols-mob-1 gap-petit centra-orfes\"><div class=\"wp-block-greencourt-columna-responsive mod-columna-responsive-wrapper\"><div class=\"mod-columna-responsive valign-superior\"><p class=\"is-style-com_titular_3 has-taronja-greencourt-color has-text-color has-link-color wp-elements-7778481ec18ad290b34f4d48588662cf\">El sistema Sport Plus crea una superf\u00edcie cont\u00ednua, segura i homog\u00e8nia que millora l\u2019adher\u00e8ncia, la comoditat i el control de joc en usos intensius.<\/p><\/div><\/div>\n\n<div class=\"wp-block-greencourt-columna-responsive mod-columna-responsive-wrapper\"><div class=\"mod-columna-responsive valign-superior\"><p class=\"is-style-com_titular_4\">El projecte inclou la personalitzaci\u00f3 de colors i marcatges per a diferents disciplines, de manera que l\u2019espai guanya versatilitat sense perdre llegibilitat ni est\u00e8tica. La nova imatge integra el paviment amb l\u2019entorn del club i facilita la programaci\u00f3 d\u2019activitats diverses al mateix tra\u00e7at amb una experi\u00e8ncia d\u2019\u00fas coherent i atractiva.<\/p><\/div><\/div><\/div><\/div><div style=\"height:10vh\" aria-hidden=\"true\" class=\"wp-block-spacer\"><\/div><figure class=\"wp-block-gallery has-nested-images columns-1 is-cropped wp-block-gallery-1 is-layout-flex wp-block-gallery-is-layout-flex\"><figure class=\"wp-block-image size-large\"><img loading=\"lazy\" decoding=\"async\" width=\"1024\" height=\"536\" data-id=\"1736\" src=\"https:\/\/greencourt.mgcomunicacio.com\/wp-content\/uploads\/2025\/10\/Sitges-Nou-Paviment-Sport-Plus-al-Club-de-Golf-Terramar-02-1024x536.jpg\" alt=\"\" class=\"wp-image-1736\" srcset=\"https:\/\/greencourt.mgcomunicacio.com\/wp-content\/uploads\/2025\/10\/Sitges-Nou-Paviment-Sport-Plus-al-Club-de-Golf-Terramar-02-1024x536.jpg 1024w, https:\/\/greencourt.mgcomunicacio.com\/wp-content\/uploads\/2025\/10\/Sitges-Nou-Paviment-Sport-Plus-al-Club-de-Golf-Terramar-02-600x314.jpg 600w, https:\/\/greencourt.mgcomunicacio.com\/wp-content\/uploads\/2025\/10\/Sitges-Nou-Paviment-Sport-Plus-al-Club-de-Golf-Terramar-02-300x157.jpg 300w, https:\/\/greencourt.mgcomunicacio.com\/wp-content\/uploads\/2025\/10\/Sitges-Nou-Paviment-Sport-Plus-al-Club-de-Golf-Terramar-02-768x402.jpg 768w, https:\/\/greencourt.mgcomunicacio.com\/wp-content\/uploads\/2025\/10\/Sitges-Nou-Paviment-Sport-Plus-al-Club-de-Golf-Terramar-02-1536x804.jpg 1536w, https:\/\/greencourt.mgcomunicacio.com\/wp-content\/uploads\/2025\/10\/Sitges-Nou-Paviment-Sport-Plus-al-Club-de-Golf-Terramar-02-2048x1072.jpg 2048w, https:\/\/greencourt.mgcomunicacio.com\/wp-content\/uploads\/2025\/10\/Sitges-Nou-Paviment-Sport-Plus-al-Club-de-Golf-Terramar-02-340x178.jpg 340w, https:\/\/greencourt.mgcomunicacio.com\/wp-content\/uploads\/2025\/10\/Sitges-Nou-Paviment-Sport-Plus-al-Club-de-Golf-Terramar-02-140x73.jpg 140w\" sizes=\"auto, (max-width: 1024px) 100vw, 1024px\" \/><\/figure>\n\n<figure class=\"wp-block-image size-large\"><img loading=\"lazy\" decoding=\"async\" width=\"1024\" height=\"536\" data-id=\"1735\" src=\"https:\/\/greencourt.mgcomunicacio.com\/wp-content\/uploads\/2025\/10\/Sitges-Nou-Paviment-Sport-Plus-al-Club-de-Golf-Terramar-03-1024x536.jpg\" alt=\"\" class=\"wp-image-1735\" srcset=\"https:\/\/greencourt.mgcomunicacio.com\/wp-content\/uploads\/2025\/10\/Sitges-Nou-Paviment-Sport-Plus-al-Club-de-Golf-Terramar-03-1024x536.jpg 1024w, https:\/\/greencourt.mgcomunicacio.com\/wp-content\/uploads\/2025\/10\/Sitges-Nou-Paviment-Sport-Plus-al-Club-de-Golf-Terramar-03-600x314.jpg 600w, https:\/\/greencourt.mgcomunicacio.com\/wp-content\/uploads\/2025\/10\/Sitges-Nou-Paviment-Sport-Plus-al-Club-de-Golf-Terramar-03-300x157.jpg 300w, https:\/\/greencourt.mgcomunicacio.com\/wp-content\/uploads\/2025\/10\/Sitges-Nou-Paviment-Sport-Plus-al-Club-de-Golf-Terramar-03-768x402.jpg 768w, https:\/\/greencourt.mgcomunicacio.com\/wp-content\/uploads\/2025\/10\/Sitges-Nou-Paviment-Sport-Plus-al-Club-de-Golf-Terramar-03-1536x804.jpg 1536w, https:\/\/greencourt.mgcomunicacio.com\/wp-content\/uploads\/2025\/10\/Sitges-Nou-Paviment-Sport-Plus-al-Club-de-Golf-Terramar-03-2048x1072.jpg 2048w, https:\/\/greencourt.mgcomunicacio.com\/wp-content\/uploads\/2025\/10\/Sitges-Nou-Paviment-Sport-Plus-al-Club-de-Golf-Terramar-03-340x178.jpg 340w, https:\/\/greencourt.mgcomunicacio.com\/wp-content\/uploads\/2025\/10\/Sitges-Nou-Paviment-Sport-Plus-al-Club-de-Golf-Terramar-03-140x73.jpg 140w\" sizes=\"auto, (max-width: 1024px) 100vw, 1024px\" \/><\/figure><\/figure><div style=\"height:15vh\" aria-hidden=\"true\" class=\"wp-block-spacer\"><\/div><p><\/p>","protected":false},"excerpt":{"rendered":"","protected":false},"author":1,"featured_media":0,"parent":435,"menu_order":0,"comment_status":"closed","ping_status":"closed","template":"","meta":{"_acf_changed":false,"footnotes":""},"class_list":["post-1731","page","type-page","status-publish","hentry"],"acf":[],"_links":{"self":[{"href":"https:\/\/greencourt.mgcomunicacio.com\/ca\/wp-json\/wp\/v2\/pages\/1731","targetHints":{"allow":["GET"]}}],"collection":[{"href":"https:\/\/greencourt.mgcomunicacio.com\/ca\/wp-json\/wp\/v2\/pages"}],"about":[{"href":"https:\/\/greencourt.mgcomunicacio.com\/ca\/wp-json\/wp\/v2\/types\/page"}],"author":[{"embeddable":true,"href":"https:\/\/greencourt.mgcomunicacio.com\/ca\/wp-json\/wp\/v2\/users\/1"}],"replies":[{"embeddable":true,"href":"https:\/\/greencourt.mgcomunicacio.com\/ca\/wp-json\/wp\/v2\/comments?post=1731"}],"version-history":[{"count":5,"href":"https:\/\/greencourt.mgcomunicacio.com\/ca\/wp-json\/wp\/v2\/pages\/1731\/revisions"}],"predecessor-version":[{"id":4439,"href":"https:\/\/greencourt.mgcomunicacio.com\/ca\/wp-json\/wp\/v2\/pages\/1731\/revisions\/4439"}],"up":[{"embeddable":true,"href":"https:\/\/greencourt.mgcomunicacio.com\/ca\/wp-json\/wp\/v2\/pages\/435"}],"wp:attachment":[{"href":"https:\/\/greencourt.mgcomunicacio.com\/ca\/wp-json\/wp\/v2\/media?parent=1731"}],"curies":[{"name":"wp","href":"https:\/\/api.w.org\/{rel}","templated":true}]}}