{"id":1739,"date":"2025-10-23T13:49:38","date_gmt":"2025-10-23T13:49:38","guid":{"rendered":"https:\/\/greencourt.mgcomunicacio.com\/?page_id=1739"},"modified":"2025-12-01T18:57:21","modified_gmt":"2025-12-01T17:57:21","slug":"renovacio-de-3-pistes-de-tenis-de-terra-batuda-al-club-tennis-esparreguera","status":"publish","type":"page","link":"https:\/\/greencourt.mgcomunicacio.com\/ca\/projectes\/renovacio-de-3-pistes-de-tenis-de-terra-batuda-al-club-tennis-esparreguera\/","title":{"rendered":"Renovaci\u00f3 de 3 pistes de tennis de terra batuda al Club Tennis Esparreguera"},"content":{"rendered":"<div class=\"wp-block-greencourt-cabecera mod-cabecera f1_2\"><div class=\"slider\"><div class=\"wp-block-greencourt-cabecera-interior slide\"><div class=\"maq-contenidor\" style=\"backdrop-filter: blur(0px)\"><div class=\"text\"><p class=\"has-text-align-center is-style-com_titular_1 has-blanc-color has-text-color has-link-color wp-elements-1ba03531828d5bf0214abdc0d8044689\">Esparreguera<\/p><\/div><\/div><div class=\"image\" style=\"background-image:url(https:\/\/greencourt.mgcomunicacio.com\/wp-content\/uploads\/2025\/10\/Esparreguera-Renovacio-de-3-pistes-de-tenis-de-terra-batuda-al-Club-Tennis-Esparreguera-06.jpg)\"><\/div><\/div><\/div><\/div><div class=\"wp-block-greencourt-marges maq-contenidor normal marge-superior-gran marge-inferior-gran\" data-aos=\"off\" data-aos-delay=\"aos_delay\"><h1 class=\"wp-block-heading is-style-com_titular_2\">Renovaci\u00f3 de 3 pistes de tennis de terra batuda al Club Tennis Esparreguera<\/h1>\n\n<div style=\"height:5vh\" aria-hidden=\"true\" class=\"wp-block-spacer\"><\/div>\n\n<p class=\"is-style-com_titular_4\">A GEl Club Tennis Esparreguera estrena tres pistes de terra batuda completament posades al dia. L\u2019objectiu del projecte ha estat elevar la qualitat de joc i, alhora, reduir el consum de recursos amb una intervenci\u00f3 que combina t\u00e8cnica, sostenibilitat i cura del detall.<\/p>\n\n<p><\/p>\n\n<p class=\"is-style-com_titular_4\">La posada a punt ha incl\u00f2s la substituci\u00f3 de totes les l\u00ednies, la regularitzaci\u00f3 i compactaci\u00f3 de la capa de joc i la implantaci\u00f3 d\u2019un nou reg per aspersi\u00f3 que assegura una humitat homog\u00e8nia en tota la superf\u00edcie. Sobre aquesta base hem aplicat Greencourt Dynamic amb segellat Montroig Court, un tractament que ret\u00e9 la humitat, minimitza la pols i permet espaiar els cicles de reg, aconseguint pistes m\u00e9s estables amb menys aigua i menys manteniment.<br><\/p><\/div><div class=\"wp-block-greencourt-marges maq-contenidor normal marge-superior-petit marge-inferior-petit\" data-aos=\"off\" data-aos-delay=\"aos_delay\"><div class=\"wp-block-greencourt-columnes-responsive mod-columnes-responsive cols-dsk-2 cols-tbl-2 cols-mob-1 gap-petit centra-orfes\"><div class=\"wp-block-greencourt-columna-responsive mod-columna-responsive-wrapper\"><div class=\"mod-columna-responsive valign-superior\"><p class=\"is-style-com_titular_3 has-taronja-greencourt-color has-text-color has-link-color wp-elements-e30cb9b8e6c650360779837ea882e7ea\">El tractament Greencourt Dynamic amb segellat Montroig Court mant\u00e9 la humitat \u00f2ptima, estabilitza la superf\u00edcie i garanteix un rendiment constant tot l\u2019any.<\/p><\/div><\/div>\n\n<div class=\"wp-block-greencourt-columna-responsive mod-columna-responsive-wrapper\"><div class=\"mod-columna-responsive valign-superior\"><p class=\"is-style-com_titular_4\">Per al material de joc hem utilitzat terra batuda Red Court 01, seleccionada per oferir un bot constant i previsible i un lliscament controlat que protegeix les articulacions. El resultat \u00e9s una trepitjada c\u00f2moda i r\u00e0pida, apta tant per a entrenament diari com per a competici\u00f3 interna, amb superf\u00edcies que mantenen millor la planimetria al llarg del temps.<\/p>\n\n<p><\/p>\n\n<p class=\"is-style-com_titular_4\">El projecte s\u2019ha executat amb criteris de qualitat i sostenibilitat, orientats a l\u2019estalvi de recursos i a un funcionament amb emissions neutres com a horitz\u00f3. D\u2019aquesta manera, el club guanya tres pistes fiables, eficients i preparades per rendir al m\u00e0xim amb una gesti\u00f3 m\u00e9s responsable.<\/p><\/div><\/div><\/div><\/div><div style=\"height:10vh\" aria-hidden=\"true\" class=\"wp-block-spacer\"><\/div><figure class=\"wp-block-gallery has-nested-images columns-2 is-cropped wp-block-gallery-1 is-layout-flex wp-block-gallery-is-layout-flex\"><figure class=\"wp-block-image size-large\"><img loading=\"lazy\" decoding=\"async\" width=\"1024\" height=\"1024\" data-id=\"1746\" src=\"https:\/\/greencourt.mgcomunicacio.com\/wp-content\/uploads\/2025\/10\/Esparreguera-Renovacio-de-3-pistes-de-tenis-de-terra-batuda-al-Club-Tennis-Esparreguera-04-1024x1024.jpg\" alt=\"\" class=\"wp-image-1746\" srcset=\"https:\/\/greencourt.mgcomunicacio.com\/wp-content\/uploads\/2025\/10\/Esparreguera-Renovacio-de-3-pistes-de-tenis-de-terra-batuda-al-Club-Tennis-Esparreguera-04-1024x1024.jpg 1024w, https:\/\/greencourt.mgcomunicacio.com\/wp-content\/uploads\/2025\/10\/Esparreguera-Renovacio-de-3-pistes-de-tenis-de-terra-batuda-al-Club-Tennis-Esparreguera-04-300x300.jpg 300w, https:\/\/greencourt.mgcomunicacio.com\/wp-content\/uploads\/2025\/10\/Esparreguera-Renovacio-de-3-pistes-de-tenis-de-terra-batuda-al-Club-Tennis-Esparreguera-04-100x100.jpg 100w, https:\/\/greencourt.mgcomunicacio.com\/wp-content\/uploads\/2025\/10\/Esparreguera-Renovacio-de-3-pistes-de-tenis-de-terra-batuda-al-Club-Tennis-Esparreguera-04-600x600.jpg 600w, https:\/\/greencourt.mgcomunicacio.com\/wp-content\/uploads\/2025\/10\/Esparreguera-Renovacio-de-3-pistes-de-tenis-de-terra-batuda-al-Club-Tennis-Esparreguera-04-150x150.jpg 150w, https:\/\/greencourt.mgcomunicacio.com\/wp-content\/uploads\/2025\/10\/Esparreguera-Renovacio-de-3-pistes-de-tenis-de-terra-batuda-al-Club-Tennis-Esparreguera-04-768x768.jpg 768w, https:\/\/greencourt.mgcomunicacio.com\/wp-content\/uploads\/2025\/10\/Esparreguera-Renovacio-de-3-pistes-de-tenis-de-terra-batuda-al-Club-Tennis-Esparreguera-04-340x340.jpg 340w, https:\/\/greencourt.mgcomunicacio.com\/wp-content\/uploads\/2025\/10\/Esparreguera-Renovacio-de-3-pistes-de-tenis-de-terra-batuda-al-Club-Tennis-Esparreguera-04-140x140.jpg 140w, https:\/\/greencourt.mgcomunicacio.com\/wp-content\/uploads\/2025\/10\/Esparreguera-Renovacio-de-3-pistes-de-tenis-de-terra-batuda-al-Club-Tennis-Esparreguera-04.jpg 1204w\" sizes=\"auto, (max-width: 1024px) 100vw, 1024px\" \/><\/figure>\n\n<figure class=\"wp-block-image size-large\"><img loading=\"lazy\" decoding=\"async\" width=\"1024\" height=\"1024\" data-id=\"1745\" src=\"https:\/\/greencourt.mgcomunicacio.com\/wp-content\/uploads\/2025\/10\/Esparreguera-Renovacio-de-3-pistes-de-tenis-de-terra-batuda-al-Club-Tennis-Esparreguera-05-1024x1024.jpg\" alt=\"\" class=\"wp-image-1745\" srcset=\"https:\/\/greencourt.mgcomunicacio.com\/wp-content\/uploads\/2025\/10\/Esparreguera-Renovacio-de-3-pistes-de-tenis-de-terra-batuda-al-Club-Tennis-Esparreguera-05-1024x1024.jpg 1024w, https:\/\/greencourt.mgcomunicacio.com\/wp-content\/uploads\/2025\/10\/Esparreguera-Renovacio-de-3-pistes-de-tenis-de-terra-batuda-al-Club-Tennis-Esparreguera-05-300x300.jpg 300w, https:\/\/greencourt.mgcomunicacio.com\/wp-content\/uploads\/2025\/10\/Esparreguera-Renovacio-de-3-pistes-de-tenis-de-terra-batuda-al-Club-Tennis-Esparreguera-05-100x100.jpg 100w, https:\/\/greencourt.mgcomunicacio.com\/wp-content\/uploads\/2025\/10\/Esparreguera-Renovacio-de-3-pistes-de-tenis-de-terra-batuda-al-Club-Tennis-Esparreguera-05-600x600.jpg 600w, https:\/\/greencourt.mgcomunicacio.com\/wp-content\/uploads\/2025\/10\/Esparreguera-Renovacio-de-3-pistes-de-tenis-de-terra-batuda-al-Club-Tennis-Esparreguera-05-150x150.jpg 150w, https:\/\/greencourt.mgcomunicacio.com\/wp-content\/uploads\/2025\/10\/Esparreguera-Renovacio-de-3-pistes-de-tenis-de-terra-batuda-al-Club-Tennis-Esparreguera-05-768x768.jpg 768w, https:\/\/greencourt.mgcomunicacio.com\/wp-content\/uploads\/2025\/10\/Esparreguera-Renovacio-de-3-pistes-de-tenis-de-terra-batuda-al-Club-Tennis-Esparreguera-05-340x340.jpg 340w, https:\/\/greencourt.mgcomunicacio.com\/wp-content\/uploads\/2025\/10\/Esparreguera-Renovacio-de-3-pistes-de-tenis-de-terra-batuda-al-Club-Tennis-Esparreguera-05-140x140.jpg 140w, https:\/\/greencourt.mgcomunicacio.com\/wp-content\/uploads\/2025\/10\/Esparreguera-Renovacio-de-3-pistes-de-tenis-de-terra-batuda-al-Club-Tennis-Esparreguera-05.jpg 1200w\" sizes=\"auto, (max-width: 1024px) 100vw, 1024px\" \/><\/figure>\n\n<figure class=\"wp-block-image size-large\"><img loading=\"lazy\" decoding=\"async\" width=\"1024\" height=\"1024\" data-id=\"1747\" src=\"https:\/\/greencourt.mgcomunicacio.com\/wp-content\/uploads\/2025\/10\/Esparreguera-Renovacio-de-3-pistes-de-tenis-de-terra-batuda-al-Club-Tennis-Esparreguera-03-1024x1024.jpg\" alt=\"\" class=\"wp-image-1747\" srcset=\"https:\/\/greencourt.mgcomunicacio.com\/wp-content\/uploads\/2025\/10\/Esparreguera-Renovacio-de-3-pistes-de-tenis-de-terra-batuda-al-Club-Tennis-Esparreguera-03-1024x1024.jpg 1024w, https:\/\/greencourt.mgcomunicacio.com\/wp-content\/uploads\/2025\/10\/Esparreguera-Renovacio-de-3-pistes-de-tenis-de-terra-batuda-al-Club-Tennis-Esparreguera-03-300x300.jpg 300w, https:\/\/greencourt.mgcomunicacio.com\/wp-content\/uploads\/2025\/10\/Esparreguera-Renovacio-de-3-pistes-de-tenis-de-terra-batuda-al-Club-Tennis-Esparreguera-03-100x100.jpg 100w, https:\/\/greencourt.mgcomunicacio.com\/wp-content\/uploads\/2025\/10\/Esparreguera-Renovacio-de-3-pistes-de-tenis-de-terra-batuda-al-Club-Tennis-Esparreguera-03-600x600.jpg 600w, https:\/\/greencourt.mgcomunicacio.com\/wp-content\/uploads\/2025\/10\/Esparreguera-Renovacio-de-3-pistes-de-tenis-de-terra-batuda-al-Club-Tennis-Esparreguera-03-150x150.jpg 150w, https:\/\/greencourt.mgcomunicacio.com\/wp-content\/uploads\/2025\/10\/Esparreguera-Renovacio-de-3-pistes-de-tenis-de-terra-batuda-al-Club-Tennis-Esparreguera-03-768x768.jpg 768w, https:\/\/greencourt.mgcomunicacio.com\/wp-content\/uploads\/2025\/10\/Esparreguera-Renovacio-de-3-pistes-de-tenis-de-terra-batuda-al-Club-Tennis-Esparreguera-03-340x340.jpg 340w, https:\/\/greencourt.mgcomunicacio.com\/wp-content\/uploads\/2025\/10\/Esparreguera-Renovacio-de-3-pistes-de-tenis-de-terra-batuda-al-Club-Tennis-Esparreguera-03-140x140.jpg 140w, https:\/\/greencourt.mgcomunicacio.com\/wp-content\/uploads\/2025\/10\/Esparreguera-Renovacio-de-3-pistes-de-tenis-de-terra-batuda-al-Club-Tennis-Esparreguera-03.jpg 1200w\" sizes=\"auto, (max-width: 1024px) 100vw, 1024px\" \/><\/figure>\n\n<figure class=\"wp-block-image size-large\"><img loading=\"lazy\" decoding=\"async\" width=\"1024\" height=\"1024\" data-id=\"1749\" src=\"https:\/\/greencourt.mgcomunicacio.com\/wp-content\/uploads\/2025\/10\/Esparreguera-Renovacio-de-3-pistes-de-tenis-de-terra-batuda-al-Club-Tennis-Esparreguera-01-1024x1024.jpg\" alt=\"\" class=\"wp-image-1749\" srcset=\"https:\/\/greencourt.mgcomunicacio.com\/wp-content\/uploads\/2025\/10\/Esparreguera-Renovacio-de-3-pistes-de-tenis-de-terra-batuda-al-Club-Tennis-Esparreguera-01-1024x1024.jpg 1024w, https:\/\/greencourt.mgcomunicacio.com\/wp-content\/uploads\/2025\/10\/Esparreguera-Renovacio-de-3-pistes-de-tenis-de-terra-batuda-al-Club-Tennis-Esparreguera-01-300x300.jpg 300w, https:\/\/greencourt.mgcomunicacio.com\/wp-content\/uploads\/2025\/10\/Esparreguera-Renovacio-de-3-pistes-de-tenis-de-terra-batuda-al-Club-Tennis-Esparreguera-01-100x100.jpg 100w, https:\/\/greencourt.mgcomunicacio.com\/wp-content\/uploads\/2025\/10\/Esparreguera-Renovacio-de-3-pistes-de-tenis-de-terra-batuda-al-Club-Tennis-Esparreguera-01-600x600.jpg 600w, https:\/\/greencourt.mgcomunicacio.com\/wp-content\/uploads\/2025\/10\/Esparreguera-Renovacio-de-3-pistes-de-tenis-de-terra-batuda-al-Club-Tennis-Esparreguera-01-150x150.jpg 150w, https:\/\/greencourt.mgcomunicacio.com\/wp-content\/uploads\/2025\/10\/Esparreguera-Renovacio-de-3-pistes-de-tenis-de-terra-batuda-al-Club-Tennis-Esparreguera-01-768x768.jpg 768w, https:\/\/greencourt.mgcomunicacio.com\/wp-content\/uploads\/2025\/10\/Esparreguera-Renovacio-de-3-pistes-de-tenis-de-terra-batuda-al-Club-Tennis-Esparreguera-01-340x340.jpg 340w, https:\/\/greencourt.mgcomunicacio.com\/wp-content\/uploads\/2025\/10\/Esparreguera-Renovacio-de-3-pistes-de-tenis-de-terra-batuda-al-Club-Tennis-Esparreguera-01-140x140.jpg 140w, https:\/\/greencourt.mgcomunicacio.com\/wp-content\/uploads\/2025\/10\/Esparreguera-Renovacio-de-3-pistes-de-tenis-de-terra-batuda-al-Club-Tennis-Esparreguera-01.jpg 1200w\" sizes=\"auto, (max-width: 1024px) 100vw, 1024px\" \/><\/figure><\/figure><div style=\"height:15vh\" aria-hidden=\"true\" class=\"wp-block-spacer\"><\/div><p><\/p>","protected":false},"excerpt":{"rendered":"","protected":false},"author":1,"featured_media":0,"parent":435,"menu_order":0,"comment_status":"closed","ping_status":"closed","template":"","meta":{"_acf_changed":false,"footnotes":""},"class_list":["post-1739","page","type-page","status-publish","hentry"],"acf":[],"_links":{"self":[{"href":"https:\/\/greencourt.mgcomunicacio.com\/ca\/wp-json\/wp\/v2\/pages\/1739","targetHints":{"allow":["GET"]}}],"collection":[{"href":"https:\/\/greencourt.mgcomunicacio.com\/ca\/wp-json\/wp\/v2\/pages"}],"about":[{"href":"https:\/\/greencourt.mgcomunicacio.com\/ca\/wp-json\/wp\/v2\/types\/page"}],"author":[{"embeddable":true,"href":"https:\/\/greencourt.mgcomunicacio.com\/ca\/wp-json\/wp\/v2\/users\/1"}],"replies":[{"embeddable":true,"href":"https:\/\/greencourt.mgcomunicacio.com\/ca\/wp-json\/wp\/v2\/comments?post=1739"}],"version-history":[{"count":7,"href":"https:\/\/greencourt.mgcomunicacio.com\/ca\/wp-json\/wp\/v2\/pages\/1739\/revisions"}],"predecessor-version":[{"id":4606,"href":"https:\/\/greencourt.mgcomunicacio.com\/ca\/wp-json\/wp\/v2\/pages\/1739\/revisions\/4606"}],"up":[{"embeddable":true,"href":"https:\/\/greencourt.mgcomunicacio.com\/ca\/wp-json\/wp\/v2\/pages\/435"}],"wp:attachment":[{"href":"https:\/\/greencourt.mgcomunicacio.com\/ca\/wp-json\/wp\/v2\/media?parent=1739"}],"curies":[{"name":"wp","href":"https:\/\/api.w.org\/{rel}","templated":true}]}}