{"id":1770,"date":"2025-10-23T14:19:16","date_gmt":"2025-10-23T14:19:16","guid":{"rendered":"https:\/\/greencourt.mgcomunicacio.com\/?page_id=1770"},"modified":"2025-11-25T13:47:24","modified_gmt":"2025-11-25T12:47:24","slug":"duna-pista-rapida-a-un-espai-multiesport-al-carpe-diem-de-cadaques","status":"publish","type":"page","link":"https:\/\/greencourt.mgcomunicacio.com\/ca\/projectes\/duna-pista-rapida-a-un-espai-multiesport-al-carpe-diem-de-cadaques\/","title":{"rendered":"D\u2019una pista r\u00e0pida a un espai multiesport al Carpe Diem de Cadaqu\u00e9s"},"content":{"rendered":"<div class=\"wp-block-greencourt-cabecera mod-cabecera f1_2\"><div class=\"slider\"><div class=\"wp-block-greencourt-cabecera-interior slide\"><div class=\"maq-contenidor\" style=\"backdrop-filter: blur(0px)\"><div class=\"text\"><p class=\"has-text-align-center is-style-com_titular_1 has-blanc-color has-text-color has-link-color wp-elements-13252af7fe49255cc728d034a4808f8a\">Cadaqu\u00e9s<\/p><\/div><\/div><div class=\"image\" style=\"background-image:url(https:\/\/greencourt.mgcomunicacio.com\/wp-content\/uploads\/2025\/10\/Cadaques-pista-rapida-a-un-espai-multiesport-al-Carpe-Diem-07.jpg)\"><\/div><\/div><\/div><\/div><div class=\"wp-block-greencourt-marges maq-contenidor normal marge-superior-gran marge-inferior-gran\" data-aos=\"off\" data-aos-delay=\"aos_delay\"><h1 class=\"wp-block-heading is-style-com_titular_2\">D\u2019una pista r\u00e0pida a un espai multiesport al Carpe Diem de Cadaqu\u00e9s<\/h1>\n\n<div style=\"height:5vh\" aria-hidden=\"true\" class=\"wp-block-spacer\"><\/div>\n\n<p class=\"is-style-com_titular_4\">Al Carpe Diem Cadaqu\u00e9s hem convertit una antiga pista de tennis en una superf\u00edcie moderna i vers\u00e0til pensada per a un \u00fas intensiu i variat. L\u2019actuaci\u00f3 se centra en la instal\u00b7laci\u00f3 del sistema EDEL AGILE, una gespa artificial fibril\u00b7lada de 20 mm que, combinada amb farcit d\u2019arena de s\u00edlice, ofereix durabilitat, confort i un bot regular des del primer dia. La superf\u00edcie mant\u00e9 l\u2019agilitat pr\u00f2pia del tennis per\u00f2 suma una trepitjada m\u00e9s amable i estable, ideal perqu\u00e8 usuaris de tots els nivells gaudisquen d\u2019una experi\u00e8ncia segura i agradable.<\/p>\n\n<p><\/p>\n\n<p class=\"is-style-com_titular_4\">El nou paviment adopta un verd intens que revitalitza l\u2019espai i integra visualment la pista en l\u2019entorn. A mesura que el s\u00edlice s\u2019assenta, el bot es fa encara m\u00e9s homogeni i la tracci\u00f3 millora, assegurant un rendiment que creix amb l\u2019\u00fas. L\u2019AGILE destaca per la seva resist\u00e8ncia mec\u00e0nica i pel manteniment redu\u00eft, qualitats especialment valuoses en un hotel i resort on la rotaci\u00f3 d\u2019usuaris \u00e9s elevada i la pista ha d\u2019estar sempre a punt.<br><\/p><\/div><div class=\"wp-block-greencourt-marges maq-contenidor normal marge-superior-petit marge-inferior-petit\" data-aos=\"off\" data-aos-delay=\"aos_delay\"><div class=\"wp-block-greencourt-columnes-responsive mod-columnes-responsive cols-dsk-2 cols-tbl-2 cols-mob-1 gap-petit centra-orfes\"><div class=\"wp-block-greencourt-columna-responsive mod-columna-responsive-wrapper\"><div class=\"mod-columna-responsive valign-superior\"><p class=\"is-style-com_titular_3 has-taronja-greencourt-color has-text-color has-link-color wp-elements-16bb50dd47df31ecf2bf97fa090b0875\">El sistema EDEL AGILE, gespa fibril\u00b7lada de 20 mm amb farcit d\u2019arena de s\u00edlice, converteix la pista r\u00e0pida en una superf\u00edcie multiesport \u00e0gil i estable, amb un manteniment m\u00ednim en entorns d\u2019\u00fas intensiu.<\/p><\/div><\/div>\n\n<div class=\"wp-block-greencourt-columna-responsive mod-columna-responsive-wrapper\"><div class=\"mod-columna-responsive valign-superior\"><p class=\"is-style-com_titular_4\">La intervenci\u00f3 s\u2019ha concebut com un espai multiesport: la base de tennis es mant\u00e9, per\u00f2 la superf\u00edcie admet sense dificultat altres pr\u00e0ctiques recreatives i d\u2019entrenament, i permet programar activitats diverses al llarg del dia. El resultat \u00e9s una pista polivalent, c\u00f2moda i resistent, preparada per suportar un \u00fas continu i oferir una experi\u00e8ncia top tant a jugadors habituals com a usuaris espor\u00e0dics de l\u2019hotel.<\/p><\/div><\/div><\/div><\/div><div style=\"height:10vh\" aria-hidden=\"true\" class=\"wp-block-spacer\"><\/div><figure class=\"wp-block-gallery has-nested-images columns-2 wp-block-gallery-1 is-layout-flex wp-block-gallery-is-layout-flex\"><figure class=\"wp-block-image size-large\"><img loading=\"lazy\" decoding=\"async\" width=\"819\" height=\"1024\" data-id=\"1778\" src=\"https:\/\/greencourt.mgcomunicacio.com\/wp-content\/uploads\/2025\/10\/Cadaques-pista-rapida-a-un-espai-multiesport-al-Carpe-Diem-01-819x1024.jpg\" alt=\"\" class=\"wp-image-1778\" srcset=\"https:\/\/greencourt.mgcomunicacio.com\/wp-content\/uploads\/2025\/10\/Cadaques-pista-rapida-a-un-espai-multiesport-al-Carpe-Diem-01-819x1024.jpg 819w, https:\/\/greencourt.mgcomunicacio.com\/wp-content\/uploads\/2025\/10\/Cadaques-pista-rapida-a-un-espai-multiesport-al-Carpe-Diem-01-600x750.jpg 600w, https:\/\/greencourt.mgcomunicacio.com\/wp-content\/uploads\/2025\/10\/Cadaques-pista-rapida-a-un-espai-multiesport-al-Carpe-Diem-01-240x300.jpg 240w, https:\/\/greencourt.mgcomunicacio.com\/wp-content\/uploads\/2025\/10\/Cadaques-pista-rapida-a-un-espai-multiesport-al-Carpe-Diem-01-768x960.jpg 768w, https:\/\/greencourt.mgcomunicacio.com\/wp-content\/uploads\/2025\/10\/Cadaques-pista-rapida-a-un-espai-multiesport-al-Carpe-Diem-01-1229x1536.jpg 1229w, https:\/\/greencourt.mgcomunicacio.com\/wp-content\/uploads\/2025\/10\/Cadaques-pista-rapida-a-un-espai-multiesport-al-Carpe-Diem-01-340x425.jpg 340w, https:\/\/greencourt.mgcomunicacio.com\/wp-content\/uploads\/2025\/10\/Cadaques-pista-rapida-a-un-espai-multiesport-al-Carpe-Diem-01-140x175.jpg 140w, https:\/\/greencourt.mgcomunicacio.com\/wp-content\/uploads\/2025\/10\/Cadaques-pista-rapida-a-un-espai-multiesport-al-Carpe-Diem-01.jpg 1440w\" sizes=\"auto, (max-width: 819px) 100vw, 819px\" \/><\/figure>\n\n<figure class=\"wp-block-image size-large\"><img loading=\"lazy\" decoding=\"async\" width=\"819\" height=\"1024\" data-id=\"1777\" src=\"https:\/\/greencourt.mgcomunicacio.com\/wp-content\/uploads\/2025\/10\/Cadaques-pista-rapida-a-un-espai-multiesport-al-Carpe-Diem-02-819x1024.jpg\" alt=\"\" class=\"wp-image-1777\" srcset=\"https:\/\/greencourt.mgcomunicacio.com\/wp-content\/uploads\/2025\/10\/Cadaques-pista-rapida-a-un-espai-multiesport-al-Carpe-Diem-02-819x1024.jpg 819w, https:\/\/greencourt.mgcomunicacio.com\/wp-content\/uploads\/2025\/10\/Cadaques-pista-rapida-a-un-espai-multiesport-al-Carpe-Diem-02-600x750.jpg 600w, https:\/\/greencourt.mgcomunicacio.com\/wp-content\/uploads\/2025\/10\/Cadaques-pista-rapida-a-un-espai-multiesport-al-Carpe-Diem-02-240x300.jpg 240w, https:\/\/greencourt.mgcomunicacio.com\/wp-content\/uploads\/2025\/10\/Cadaques-pista-rapida-a-un-espai-multiesport-al-Carpe-Diem-02-768x960.jpg 768w, https:\/\/greencourt.mgcomunicacio.com\/wp-content\/uploads\/2025\/10\/Cadaques-pista-rapida-a-un-espai-multiesport-al-Carpe-Diem-02-1229x1536.jpg 1229w, https:\/\/greencourt.mgcomunicacio.com\/wp-content\/uploads\/2025\/10\/Cadaques-pista-rapida-a-un-espai-multiesport-al-Carpe-Diem-02-340x425.jpg 340w, https:\/\/greencourt.mgcomunicacio.com\/wp-content\/uploads\/2025\/10\/Cadaques-pista-rapida-a-un-espai-multiesport-al-Carpe-Diem-02-140x175.jpg 140w, https:\/\/greencourt.mgcomunicacio.com\/wp-content\/uploads\/2025\/10\/Cadaques-pista-rapida-a-un-espai-multiesport-al-Carpe-Diem-02.jpg 1440w\" sizes=\"auto, (max-width: 819px) 100vw, 819px\" \/><\/figure>\n\n<figure class=\"wp-block-image size-large\"><img loading=\"lazy\" decoding=\"async\" width=\"819\" height=\"1024\" data-id=\"1776\" src=\"https:\/\/greencourt.mgcomunicacio.com\/wp-content\/uploads\/2025\/10\/Cadaques-pista-rapida-a-un-espai-multiesport-al-Carpe-Diem-03-819x1024.jpg\" alt=\"\" class=\"wp-image-1776\" srcset=\"https:\/\/greencourt.mgcomunicacio.com\/wp-content\/uploads\/2025\/10\/Cadaques-pista-rapida-a-un-espai-multiesport-al-Carpe-Diem-03-819x1024.jpg 819w, https:\/\/greencourt.mgcomunicacio.com\/wp-content\/uploads\/2025\/10\/Cadaques-pista-rapida-a-un-espai-multiesport-al-Carpe-Diem-03-600x750.jpg 600w, https:\/\/greencourt.mgcomunicacio.com\/wp-content\/uploads\/2025\/10\/Cadaques-pista-rapida-a-un-espai-multiesport-al-Carpe-Diem-03-240x300.jpg 240w, https:\/\/greencourt.mgcomunicacio.com\/wp-content\/uploads\/2025\/10\/Cadaques-pista-rapida-a-un-espai-multiesport-al-Carpe-Diem-03-768x960.jpg 768w, https:\/\/greencourt.mgcomunicacio.com\/wp-content\/uploads\/2025\/10\/Cadaques-pista-rapida-a-un-espai-multiesport-al-Carpe-Diem-03-1229x1536.jpg 1229w, https:\/\/greencourt.mgcomunicacio.com\/wp-content\/uploads\/2025\/10\/Cadaques-pista-rapida-a-un-espai-multiesport-al-Carpe-Diem-03-340x425.jpg 340w, https:\/\/greencourt.mgcomunicacio.com\/wp-content\/uploads\/2025\/10\/Cadaques-pista-rapida-a-un-espai-multiesport-al-Carpe-Diem-03-140x175.jpg 140w, https:\/\/greencourt.mgcomunicacio.com\/wp-content\/uploads\/2025\/10\/Cadaques-pista-rapida-a-un-espai-multiesport-al-Carpe-Diem-03.jpg 1440w\" sizes=\"auto, (max-width: 819px) 100vw, 819px\" \/><\/figure>\n\n<figure class=\"wp-block-image size-large\"><img loading=\"lazy\" decoding=\"async\" width=\"820\" height=\"1024\" data-id=\"1775\" src=\"https:\/\/greencourt.mgcomunicacio.com\/wp-content\/uploads\/2025\/10\/Cadaques-pista-rapida-a-un-espai-multiesport-al-Carpe-Diem-04-820x1024.jpg\" alt=\"\" class=\"wp-image-1775\" srcset=\"https:\/\/greencourt.mgcomunicacio.com\/wp-content\/uploads\/2025\/10\/Cadaques-pista-rapida-a-un-espai-multiesport-al-Carpe-Diem-04-820x1024.jpg 820w, https:\/\/greencourt.mgcomunicacio.com\/wp-content\/uploads\/2025\/10\/Cadaques-pista-rapida-a-un-espai-multiesport-al-Carpe-Diem-04-600x750.jpg 600w, https:\/\/greencourt.mgcomunicacio.com\/wp-content\/uploads\/2025\/10\/Cadaques-pista-rapida-a-un-espai-multiesport-al-Carpe-Diem-04-240x300.jpg 240w, https:\/\/greencourt.mgcomunicacio.com\/wp-content\/uploads\/2025\/10\/Cadaques-pista-rapida-a-un-espai-multiesport-al-Carpe-Diem-04-768x959.jpg 768w, https:\/\/greencourt.mgcomunicacio.com\/wp-content\/uploads\/2025\/10\/Cadaques-pista-rapida-a-un-espai-multiesport-al-Carpe-Diem-04-1229x1536.jpg 1229w, https:\/\/greencourt.mgcomunicacio.com\/wp-content\/uploads\/2025\/10\/Cadaques-pista-rapida-a-un-espai-multiesport-al-Carpe-Diem-04-340x425.jpg 340w, https:\/\/greencourt.mgcomunicacio.com\/wp-content\/uploads\/2025\/10\/Cadaques-pista-rapida-a-un-espai-multiesport-al-Carpe-Diem-04-140x175.jpg 140w, https:\/\/greencourt.mgcomunicacio.com\/wp-content\/uploads\/2025\/10\/Cadaques-pista-rapida-a-un-espai-multiesport-al-Carpe-Diem-04.jpg 1440w\" sizes=\"auto, (max-width: 820px) 100vw, 820px\" \/><\/figure>\n\n<figure class=\"wp-block-image size-large\"><img loading=\"lazy\" decoding=\"async\" width=\"820\" height=\"1024\" data-id=\"1774\" src=\"https:\/\/greencourt.mgcomunicacio.com\/wp-content\/uploads\/2025\/10\/Cadaques-pista-rapida-a-un-espai-multiesport-al-Carpe-Diem-05-820x1024.jpg\" alt=\"\" class=\"wp-image-1774\" srcset=\"https:\/\/greencourt.mgcomunicacio.com\/wp-content\/uploads\/2025\/10\/Cadaques-pista-rapida-a-un-espai-multiesport-al-Carpe-Diem-05-820x1024.jpg 820w, https:\/\/greencourt.mgcomunicacio.com\/wp-content\/uploads\/2025\/10\/Cadaques-pista-rapida-a-un-espai-multiesport-al-Carpe-Diem-05-600x750.jpg 600w, https:\/\/greencourt.mgcomunicacio.com\/wp-content\/uploads\/2025\/10\/Cadaques-pista-rapida-a-un-espai-multiesport-al-Carpe-Diem-05-240x300.jpg 240w, https:\/\/greencourt.mgcomunicacio.com\/wp-content\/uploads\/2025\/10\/Cadaques-pista-rapida-a-un-espai-multiesport-al-Carpe-Diem-05-768x959.jpg 768w, https:\/\/greencourt.mgcomunicacio.com\/wp-content\/uploads\/2025\/10\/Cadaques-pista-rapida-a-un-espai-multiesport-al-Carpe-Diem-05-1229x1536.jpg 1229w, https:\/\/greencourt.mgcomunicacio.com\/wp-content\/uploads\/2025\/10\/Cadaques-pista-rapida-a-un-espai-multiesport-al-Carpe-Diem-05-340x425.jpg 340w, https:\/\/greencourt.mgcomunicacio.com\/wp-content\/uploads\/2025\/10\/Cadaques-pista-rapida-a-un-espai-multiesport-al-Carpe-Diem-05-140x175.jpg 140w, https:\/\/greencourt.mgcomunicacio.com\/wp-content\/uploads\/2025\/10\/Cadaques-pista-rapida-a-un-espai-multiesport-al-Carpe-Diem-05.jpg 1440w\" sizes=\"auto, (max-width: 820px) 100vw, 820px\" \/><\/figure>\n\n<figure class=\"wp-block-image size-large\"><img loading=\"lazy\" decoding=\"async\" width=\"820\" height=\"1024\" data-id=\"1773\" src=\"https:\/\/greencourt.mgcomunicacio.com\/wp-content\/uploads\/2025\/10\/Cadaques-pista-rapida-a-un-espai-multiesport-al-Carpe-Diem-06-820x1024.jpg\" alt=\"\" class=\"wp-image-1773\" srcset=\"https:\/\/greencourt.mgcomunicacio.com\/wp-content\/uploads\/2025\/10\/Cadaques-pista-rapida-a-un-espai-multiesport-al-Carpe-Diem-06-820x1024.jpg 820w, https:\/\/greencourt.mgcomunicacio.com\/wp-content\/uploads\/2025\/10\/Cadaques-pista-rapida-a-un-espai-multiesport-al-Carpe-Diem-06-600x750.jpg 600w, https:\/\/greencourt.mgcomunicacio.com\/wp-content\/uploads\/2025\/10\/Cadaques-pista-rapida-a-un-espai-multiesport-al-Carpe-Diem-06-240x300.jpg 240w, https:\/\/greencourt.mgcomunicacio.com\/wp-content\/uploads\/2025\/10\/Cadaques-pista-rapida-a-un-espai-multiesport-al-Carpe-Diem-06-768x959.jpg 768w, https:\/\/greencourt.mgcomunicacio.com\/wp-content\/uploads\/2025\/10\/Cadaques-pista-rapida-a-un-espai-multiesport-al-Carpe-Diem-06-1229x1536.jpg 1229w, https:\/\/greencourt.mgcomunicacio.com\/wp-content\/uploads\/2025\/10\/Cadaques-pista-rapida-a-un-espai-multiesport-al-Carpe-Diem-06-340x425.jpg 340w, https:\/\/greencourt.mgcomunicacio.com\/wp-content\/uploads\/2025\/10\/Cadaques-pista-rapida-a-un-espai-multiesport-al-Carpe-Diem-06-140x175.jpg 140w, https:\/\/greencourt.mgcomunicacio.com\/wp-content\/uploads\/2025\/10\/Cadaques-pista-rapida-a-un-espai-multiesport-al-Carpe-Diem-06.jpg 1440w\" sizes=\"auto, (max-width: 820px) 100vw, 820px\" \/><\/figure><\/figure><div style=\"height:15vh\" aria-hidden=\"true\" class=\"wp-block-spacer\"><\/div><p><\/p>","protected":false},"excerpt":{"rendered":"","protected":false},"author":1,"featured_media":0,"parent":435,"menu_order":0,"comment_status":"closed","ping_status":"closed","template":"","meta":{"_acf_changed":false,"footnotes":""},"class_list":["post-1770","page","type-page","status-publish","hentry"],"acf":[],"_links":{"self":[{"href":"https:\/\/greencourt.mgcomunicacio.com\/ca\/wp-json\/wp\/v2\/pages\/1770","targetHints":{"allow":["GET"]}}],"collection":[{"href":"https:\/\/greencourt.mgcomunicacio.com\/ca\/wp-json\/wp\/v2\/pages"}],"about":[{"href":"https:\/\/greencourt.mgcomunicacio.com\/ca\/wp-json\/wp\/v2\/types\/page"}],"author":[{"embeddable":true,"href":"https:\/\/greencourt.mgcomunicacio.com\/ca\/wp-json\/wp\/v2\/users\/1"}],"replies":[{"embeddable":true,"href":"https:\/\/greencourt.mgcomunicacio.com\/ca\/wp-json\/wp\/v2\/comments?post=1770"}],"version-history":[{"count":4,"href":"https:\/\/greencourt.mgcomunicacio.com\/ca\/wp-json\/wp\/v2\/pages\/1770\/revisions"}],"predecessor-version":[{"id":4437,"href":"https:\/\/greencourt.mgcomunicacio.com\/ca\/wp-json\/wp\/v2\/pages\/1770\/revisions\/4437"}],"up":[{"embeddable":true,"href":"https:\/\/greencourt.mgcomunicacio.com\/ca\/wp-json\/wp\/v2\/pages\/435"}],"wp:attachment":[{"href":"https:\/\/greencourt.mgcomunicacio.com\/ca\/wp-json\/wp\/v2\/media?parent=1770"}],"curies":[{"name":"wp","href":"https:\/\/api.w.org\/{rel}","templated":true}]}}