{"id":1781,"date":"2025-10-23T14:21:54","date_gmt":"2025-10-23T14:21:54","guid":{"rendered":"https:\/\/greencourt.mgcomunicacio.com\/?page_id=1781"},"modified":"2025-11-25T13:48:37","modified_gmt":"2025-11-25T12:48:37","slug":"nova-pista-de-padel-smash-blau-a-vivagym-terrassa","status":"publish","type":"page","link":"https:\/\/greencourt.mgcomunicacio.com\/ca\/projectes\/nova-pista-de-padel-smash-blau-a-vivagym-terrassa\/","title":{"rendered":"Nova pista de p\u00e0del Smash blau a VivaGym Terrassa"},"content":{"rendered":"<div class=\"wp-block-greencourt-cabecera mod-cabecera f1_2\"><div class=\"slider\"><div class=\"wp-block-greencourt-cabecera-interior slide\"><div class=\"maq-contenidor\" style=\"backdrop-filter: blur(0px)\"><div class=\"text\"><p class=\"has-text-align-center is-style-com_titular_1 has-blanc-color has-text-color has-link-color wp-elements-e7fcc3038c350c62e0769890ef5f7443\">Terrassa<\/p><\/div><\/div><div class=\"image\" style=\"background-image:url(https:\/\/greencourt.mgcomunicacio.com\/wp-content\/uploads\/2025\/10\/TerrassaNova-pista-de-padel-Smash-blau-a-VivaGym-05.jpg)\"><\/div><\/div><\/div><\/div><div class=\"wp-block-greencourt-marges maq-contenidor normal marge-superior-gran marge-inferior-gran\" data-aos=\"off\" data-aos-delay=\"aos_delay\"><h1 class=\"wp-block-heading is-style-com_titular_2\"><strong>Nova pista de p\u00e0del Smash blau a VivaGym Terrassa<\/strong><\/h1>\n\n<div style=\"height:5vh\" aria-hidden=\"true\" class=\"wp-block-spacer\"><\/div>\n\n<p class=\"is-style-com_titular_4\">A Greencourt, hem renovat la pista de p\u00e0del de VivaGym Terrassa amb el sistema Smash, una gespa artificial fibril\u00b7lada de 13 mm farcida amb arena de s\u00edlice que assegura un bot uniforme i una experi\u00e8ncia de joc d\u2019alt rendiment. L\u2019acabat blau intens \u2014tamb\u00e9 disponible en verd\u2014 aporta identitat visual i refor\u00e7a la imatge del centre, mantenint una est\u00e8tica neta en un espai interior.<br><\/p><\/div><div class=\"wp-block-greencourt-marges maq-contenidor normal marge-superior-petit marge-inferior-petit\" data-aos=\"off\" data-aos-delay=\"aos_delay\"><div class=\"wp-block-greencourt-columnes-responsive mod-columnes-responsive cols-dsk-2 cols-tbl-2 cols-mob-1 gap-petit centra-orfes\"><div class=\"wp-block-greencourt-columna-responsive mod-columna-responsive-wrapper\"><div class=\"mod-columna-responsive valign-superior\"><p class=\"is-style-com_titular_3 has-taronja-greencourt-color has-text-color has-link-color wp-elements-65d4ebf3b4e054210db6f7f3a37f8d7b\">La combinaci\u00f3 de fibres resistents, mant\u00e9 una est\u00e8tica neta i redueix el manteniment, assegurant alta durabilitat i rendiment constant en usos intensius.<\/p><\/div><\/div>\n\n<div class=\"wp-block-greencourt-columna-responsive mod-columna-responsive-wrapper\"><div class=\"mod-columna-responsive valign-superior\"><p class=\"is-style-com_titular_4\">La nova superf\u00edcie ofereix un joc m\u00e9s r\u00e0pid i fluid, amb alta resist\u00e8ncia i una bona absorci\u00f3 d\u2019impactes, cosa que millora el confort dels jugadors i la durabilitat del paviment. \u00c9s una soluci\u00f3 pensada per a centres que volen combinar qualitat i disseny amb un manteniment m\u00ednim i un rendiment m\u00e0xim al llarg del temps.<\/p><\/div><\/div><\/div><\/div><div style=\"height:10vh\" aria-hidden=\"true\" class=\"wp-block-spacer\"><\/div><figure class=\"wp-block-gallery has-nested-images columns-2 wp-block-gallery-1 is-layout-flex wp-block-gallery-is-layout-flex\"><figure class=\"wp-block-image size-large\"><img loading=\"lazy\" decoding=\"async\" width=\"820\" height=\"1024\" data-id=\"1788\" src=\"https:\/\/greencourt.mgcomunicacio.com\/wp-content\/uploads\/2025\/10\/TerrassaNova-pista-de-padel-Smash-blau-a-VivaGym-02-820x1024.jpg\" alt=\"\" class=\"wp-image-1788\" srcset=\"https:\/\/greencourt.mgcomunicacio.com\/wp-content\/uploads\/2025\/10\/TerrassaNova-pista-de-padel-Smash-blau-a-VivaGym-02-820x1024.jpg 820w, https:\/\/greencourt.mgcomunicacio.com\/wp-content\/uploads\/2025\/10\/TerrassaNova-pista-de-padel-Smash-blau-a-VivaGym-02-600x750.jpg 600w, https:\/\/greencourt.mgcomunicacio.com\/wp-content\/uploads\/2025\/10\/TerrassaNova-pista-de-padel-Smash-blau-a-VivaGym-02-240x300.jpg 240w, https:\/\/greencourt.mgcomunicacio.com\/wp-content\/uploads\/2025\/10\/TerrassaNova-pista-de-padel-Smash-blau-a-VivaGym-02-768x959.jpg 768w, https:\/\/greencourt.mgcomunicacio.com\/wp-content\/uploads\/2025\/10\/TerrassaNova-pista-de-padel-Smash-blau-a-VivaGym-02-340x425.jpg 340w, https:\/\/greencourt.mgcomunicacio.com\/wp-content\/uploads\/2025\/10\/TerrassaNova-pista-de-padel-Smash-blau-a-VivaGym-02-140x175.jpg 140w, https:\/\/greencourt.mgcomunicacio.com\/wp-content\/uploads\/2025\/10\/TerrassaNova-pista-de-padel-Smash-blau-a-VivaGym-02.jpg 1200w\" sizes=\"auto, (max-width: 820px) 100vw, 820px\" \/><\/figure>\n\n<figure class=\"wp-block-image size-large\"><img loading=\"lazy\" decoding=\"async\" width=\"819\" height=\"1024\" data-id=\"1787\" src=\"https:\/\/greencourt.mgcomunicacio.com\/wp-content\/uploads\/2025\/10\/TerrassaNova-pista-de-padel-Smash-blau-a-VivaGym-03-819x1024.jpg\" alt=\"\" class=\"wp-image-1787\" srcset=\"https:\/\/greencourt.mgcomunicacio.com\/wp-content\/uploads\/2025\/10\/TerrassaNova-pista-de-padel-Smash-blau-a-VivaGym-03-819x1024.jpg 819w, https:\/\/greencourt.mgcomunicacio.com\/wp-content\/uploads\/2025\/10\/TerrassaNova-pista-de-padel-Smash-blau-a-VivaGym-03-600x750.jpg 600w, https:\/\/greencourt.mgcomunicacio.com\/wp-content\/uploads\/2025\/10\/TerrassaNova-pista-de-padel-Smash-blau-a-VivaGym-03-240x300.jpg 240w, https:\/\/greencourt.mgcomunicacio.com\/wp-content\/uploads\/2025\/10\/TerrassaNova-pista-de-padel-Smash-blau-a-VivaGym-03-768x960.jpg 768w, https:\/\/greencourt.mgcomunicacio.com\/wp-content\/uploads\/2025\/10\/TerrassaNova-pista-de-padel-Smash-blau-a-VivaGym-03-340x425.jpg 340w, https:\/\/greencourt.mgcomunicacio.com\/wp-content\/uploads\/2025\/10\/TerrassaNova-pista-de-padel-Smash-blau-a-VivaGym-03-140x175.jpg 140w, https:\/\/greencourt.mgcomunicacio.com\/wp-content\/uploads\/2025\/10\/TerrassaNova-pista-de-padel-Smash-blau-a-VivaGym-03.jpg 1200w\" sizes=\"auto, (max-width: 819px) 100vw, 819px\" \/><\/figure>\n\n<figure class=\"wp-block-image size-large\"><img loading=\"lazy\" decoding=\"async\" width=\"819\" height=\"1024\" data-id=\"1786\" src=\"https:\/\/greencourt.mgcomunicacio.com\/wp-content\/uploads\/2025\/10\/TerrassaNova-pista-de-padel-Smash-blau-a-VivaGym-04-819x1024.jpg\" alt=\"\" class=\"wp-image-1786\" srcset=\"https:\/\/greencourt.mgcomunicacio.com\/wp-content\/uploads\/2025\/10\/TerrassaNova-pista-de-padel-Smash-blau-a-VivaGym-04-819x1024.jpg 819w, https:\/\/greencourt.mgcomunicacio.com\/wp-content\/uploads\/2025\/10\/TerrassaNova-pista-de-padel-Smash-blau-a-VivaGym-04-600x750.jpg 600w, https:\/\/greencourt.mgcomunicacio.com\/wp-content\/uploads\/2025\/10\/TerrassaNova-pista-de-padel-Smash-blau-a-VivaGym-04-240x300.jpg 240w, https:\/\/greencourt.mgcomunicacio.com\/wp-content\/uploads\/2025\/10\/TerrassaNova-pista-de-padel-Smash-blau-a-VivaGym-04-768x960.jpg 768w, https:\/\/greencourt.mgcomunicacio.com\/wp-content\/uploads\/2025\/10\/TerrassaNova-pista-de-padel-Smash-blau-a-VivaGym-04-340x425.jpg 340w, https:\/\/greencourt.mgcomunicacio.com\/wp-content\/uploads\/2025\/10\/TerrassaNova-pista-de-padel-Smash-blau-a-VivaGym-04-140x175.jpg 140w, https:\/\/greencourt.mgcomunicacio.com\/wp-content\/uploads\/2025\/10\/TerrassaNova-pista-de-padel-Smash-blau-a-VivaGym-04.jpg 1200w\" sizes=\"auto, (max-width: 819px) 100vw, 819px\" \/><\/figure>\n\n<figure class=\"wp-block-image size-large\"><img loading=\"lazy\" decoding=\"async\" width=\"819\" height=\"1024\" data-id=\"1789\" src=\"https:\/\/greencourt.mgcomunicacio.com\/wp-content\/uploads\/2025\/10\/TerrassaNova-pista-de-padel-Smash-blau-a-VivaGym-01-819x1024.jpg\" alt=\"\" class=\"wp-image-1789\" srcset=\"https:\/\/greencourt.mgcomunicacio.com\/wp-content\/uploads\/2025\/10\/TerrassaNova-pista-de-padel-Smash-blau-a-VivaGym-01-819x1024.jpg 819w, https:\/\/greencourt.mgcomunicacio.com\/wp-content\/uploads\/2025\/10\/TerrassaNova-pista-de-padel-Smash-blau-a-VivaGym-01-600x750.jpg 600w, https:\/\/greencourt.mgcomunicacio.com\/wp-content\/uploads\/2025\/10\/TerrassaNova-pista-de-padel-Smash-blau-a-VivaGym-01-240x300.jpg 240w, https:\/\/greencourt.mgcomunicacio.com\/wp-content\/uploads\/2025\/10\/TerrassaNova-pista-de-padel-Smash-blau-a-VivaGym-01-768x960.jpg 768w, https:\/\/greencourt.mgcomunicacio.com\/wp-content\/uploads\/2025\/10\/TerrassaNova-pista-de-padel-Smash-blau-a-VivaGym-01-340x425.jpg 340w, https:\/\/greencourt.mgcomunicacio.com\/wp-content\/uploads\/2025\/10\/TerrassaNova-pista-de-padel-Smash-blau-a-VivaGym-01-140x175.jpg 140w, https:\/\/greencourt.mgcomunicacio.com\/wp-content\/uploads\/2025\/10\/TerrassaNova-pista-de-padel-Smash-blau-a-VivaGym-01.jpg 1200w\" sizes=\"auto, (max-width: 819px) 100vw, 819px\" \/><\/figure><\/figure><div style=\"height:15vh\" aria-hidden=\"true\" class=\"wp-block-spacer\"><\/div><p><\/p>","protected":false},"excerpt":{"rendered":"","protected":false},"author":1,"featured_media":0,"parent":435,"menu_order":0,"comment_status":"closed","ping_status":"closed","template":"","meta":{"_acf_changed":false,"footnotes":""},"class_list":["post-1781","page","type-page","status-publish","hentry"],"acf":[],"_links":{"self":[{"href":"https:\/\/greencourt.mgcomunicacio.com\/ca\/wp-json\/wp\/v2\/pages\/1781","targetHints":{"allow":["GET"]}}],"collection":[{"href":"https:\/\/greencourt.mgcomunicacio.com\/ca\/wp-json\/wp\/v2\/pages"}],"about":[{"href":"https:\/\/greencourt.mgcomunicacio.com\/ca\/wp-json\/wp\/v2\/types\/page"}],"author":[{"embeddable":true,"href":"https:\/\/greencourt.mgcomunicacio.com\/ca\/wp-json\/wp\/v2\/users\/1"}],"replies":[{"embeddable":true,"href":"https:\/\/greencourt.mgcomunicacio.com\/ca\/wp-json\/wp\/v2\/comments?post=1781"}],"version-history":[{"count":5,"href":"https:\/\/greencourt.mgcomunicacio.com\/ca\/wp-json\/wp\/v2\/pages\/1781\/revisions"}],"predecessor-version":[{"id":4438,"href":"https:\/\/greencourt.mgcomunicacio.com\/ca\/wp-json\/wp\/v2\/pages\/1781\/revisions\/4438"}],"up":[{"embeddable":true,"href":"https:\/\/greencourt.mgcomunicacio.com\/ca\/wp-json\/wp\/v2\/pages\/435"}],"wp:attachment":[{"href":"https:\/\/greencourt.mgcomunicacio.com\/ca\/wp-json\/wp\/v2\/media?parent=1781"}],"curies":[{"name":"wp","href":"https:\/\/api.w.org\/{rel}","templated":true}]}}