{"id":229,"date":"2025-05-21T16:10:25","date_gmt":"2025-05-21T16:10:25","guid":{"rendered":"https:\/\/greencourt.mgcomunicacio.com\/?page_id=229"},"modified":"2025-12-09T18:40:13","modified_gmt":"2025-12-09T17:40:13","slug":"pistes-de-tenis","status":"publish","type":"page","link":"https:\/\/greencourt.mgcomunicacio.com\/ca\/solucions\/pistes-de-tenis\/","title":{"rendered":"Pistes de Tennis"},"content":{"rendered":"<div class=\"wp-block-greencourt-cabecera mod-cabecera f1_2\"><div class=\"slider\"><div class=\"wp-block-greencourt-cabecera-interior slide\"><div class=\"maq-contenidor\" style=\"backdrop-filter: blur(0px)\"><div class=\"text\"><h1 class=\"wp-block-heading has-text-align-center is-style-com_titular_1 has-blanc-color has-text-color has-link-color wp-elements-812d62091daf3d2a573beec0ea209090\">Construcci\u00f3<br>pistes de tennis<\/h1><\/div><\/div><div class=\"image\" style=\"background-image:url(https:\/\/greencourt.mgcomunicacio.com\/wp-content\/uploads\/2025\/07\/Pistes-de-tenis-terra-batuda-Slider-01-1.jpg)\"><\/div><\/div><\/div><\/div><div class=\"wp-block-greencourt-marges maq-contenidor normal marge-superior-gran marge-inferior-gran\" data-aos=\"off\" data-aos-delay=\"aos_delay\"><h2 class=\"wp-block-heading is-style-com_titular_2\"><strong>Constru\u00efm pistes pensades<\/strong><br><strong>per jugar-hi de veritat<\/strong><\/h2>\n\n<div style=\"height:5vh\" aria-hidden=\"true\" class=\"wp-block-spacer\"><\/div>\n\n<p class=\"is-style-com_titular_4\">A Greencourt som especialistes en la construcci\u00f3 i renovaci\u00f3 de pistes de tennis, tant de terra batuda com de superf\u00edcies sint\u00e8tiques. Farem servir materials de fabricaci\u00f3 pr\u00f2pia i tamb\u00e9 treballem amb marques de primer nivell com <strong>Plexipave<\/strong> i <strong>DecoTurf<\/strong>, dos referents internacionals en el m\u00f3n del tennis.<\/p>\n\n<p><\/p>\n\n<p class=\"is-style-com_titular_4\">Som experts en <strong>pistes de terra batuda<\/strong>, una superf\u00edcie que requereix un coneixement t\u00e8cnic espec\u00edfic i una gran atenci\u00f3 al detall. Ens encarreguem de tot: des de la base fins al reg autom\u00e0tic, passant pels tancaments i la il\u00b7luminaci\u00f3. Farem que cada element contribueixi al rendiment i al confort de la pista.<\/p>\n\n<p><\/p>\n\n<p class=\"is-style-com_titular_4\">Les superf\u00edcies sint\u00e8tiques Plexipave i DecoTurf s\u00f3n recobriments 100% acr\u00edlics, dissenyats per oferir un joc consistent i prec\u00eds, tant en pistes professionals com en espais recreatius. La seva qualitat ha estat avalada en tornejos d&#8217;alt nivell, i cada cop s\u00f3n m\u00e9s els clubs que confien en aquests sistemes per garantir una experi\u00e8ncia de joc \u00f2ptima.<\/p>\n\n<p><\/p>\n\n<p class=\"is-style-com_titular_4\">La nostra aposta per la recerca i la innovaci\u00f3 ens permet oferir paviments amb millor compactaci\u00f3, m\u00e9s elasticitat, una \u00f2ptima retenci\u00f3 d\u2019humitat i un drenatge eficient. Treballem perqu\u00e8 cada pista combini tradici\u00f3 i tecnologia, pensant tant en el jugador professional com en l\u2019aficionat exigent.<\/p><\/div><div style=\"height:10vh\" aria-hidden=\"true\" class=\"wp-block-spacer\"><\/div><div class=\"wp-block-greencourt-ajedrez mod-escacs align-superior marge-superior- marge-inferior-\"><div class=\"wp-block-greencourt-ajedrez-interior interior maq_cols_flex cols_2\"><div class=\"col text\"><div class=\"text-wrapper\"><h2 class=\"wp-block-heading is-style-com_titular_1\">Construcci\u00f3 de pistes de tennis<br>de terra batuda<\/h2>\n\n<p class=\"is-style-com_titular_4 has-taronja-greencourt-color has-text-color has-link-color wp-elements-f76d9627ab74ca311e8664089688ce2e\">Constru\u00efm pistes de tennis de terra batuda amb drenatge, reg i acabats professionals per a un joc m\u00e9s complet i durador.<\/p>\n\n<div class=\"wp-block-buttons is-layout-flex wp-block-buttons-is-layout-flex\"><div class=\"wp-block-button\"><a class=\"wp-block-button__link wp-element-button\" href=\"https:\/\/greencourt.mgcomunicacio.com\/ca\/solucions\/pistes-de-tenis\/construccio-de-pistes-de-tenis-de-terra-batuda\/\">+info<\/a><\/div><\/div><\/div><\/div><div class=\"col img\"><div class=\"img-container\" style=\"background-image:url(https:\/\/greencourt.mgcomunicacio.com\/wp-content\/uploads\/2025\/07\/Pistas-de-tennis-tierra-batida-03.jpg)\"><\/div><\/div><\/div>\n\n<div class=\"wp-block-greencourt-ajedrez-interior interior maq_cols_flex cols_2\"><div class=\"col text\"><div class=\"text-wrapper\"><h2 class=\"wp-block-heading is-style-com_titular_1\">Construcci\u00f3 de pistes de tennis<br>de resina<\/h2>\n\n<p class=\"is-style-com_titular_4 has-taronja-greencourt-color has-text-color has-link-color wp-elements-513758b9bef09a9dc9d1b439172ff00f\">Constru\u00efm superf\u00edcies t\u00e8cniques d\u2019alta qualitat com Plexipave i DecoTurf per a clubs i espais recreatius.<\/p>\n\n<div class=\"wp-block-buttons is-layout-flex wp-block-buttons-is-layout-flex\"><div class=\"wp-block-button\"><a class=\"wp-block-button__link wp-element-button\" href=\"https:\/\/greencourt.mgcomunicacio.com\/ca\/solucions\/pistes-de-tenis\/construccio-de-pistes-de-tenis-de-resina\/\">+info<\/a><\/div><\/div><\/div><\/div><div class=\"col img\"><div class=\"img-container\" style=\"background-image:url(https:\/\/greencourt.mgcomunicacio.com\/wp-content\/uploads\/2025\/07\/Pistas-de-tennis-resina-grip-01.jpg)\"><\/div><\/div><\/div>\n\n<div class=\"wp-block-greencourt-ajedrez-interior interior maq_cols_flex cols_2\"><div class=\"col text\"><div class=\"text-wrapper\"><h2 class=\"wp-block-heading is-style-com_titular_1\">Construcci\u00f3 de pistes tennis de gespa artifical<\/h2>\n\n<p class=\"is-style-com_titular_4 has-taronja-greencourt-color has-text-color has-link-color wp-elements-ab4ad7cde4ed76e7dee49cec82f81772\">Especialistes en la construcci\u00f3 i rehabilitaci\u00f3 de pistes de tennis de gespa artificial, una opci\u00f3 cada vegada m\u00e9s escollida per la seva est\u00e8tica, la seva versatilitat i, sobretot, pel seu baix manteniment i estalvi d\u2019aigua.<\/p>\n\n<div class=\"wp-block-buttons is-layout-flex wp-block-buttons-is-layout-flex\"><div class=\"wp-block-button\"><a class=\"wp-block-button__link wp-element-button\" href=\"https:\/\/greencourt.mgcomunicacio.com\/ca\/solucions\/pistes-de-tenis\/construccio-de-pistes-de-tenis-de-gespa-artificial\/\">+info<\/a><\/div><\/div><\/div><\/div><div class=\"col img\"><div class=\"img-container\" style=\"background-image:url(https:\/\/greencourt.mgcomunicacio.com\/wp-content\/uploads\/2025\/10\/Pistes-de-tenis-de-gespa-artificial-01.jpg)\"><\/div><\/div><\/div>\n\n<div class=\"wp-block-greencourt-ajedrez-interior interior maq_cols_flex cols_2\"><div class=\"col text\"><div class=\"text-wrapper\"><h2 class=\"wp-block-heading is-style-com_titular_1 has-gris-greencourt-color has-text-color has-link-color wp-elements-b4bd4cadea88100b83e9aa4004ae1fec\">Dissenya la teva pista<\/h2>\n\n<p class=\"is-style-com_titular_4 has-taronja-greencourt-color has-text-color has-link-color wp-elements-bdc91a7beefae6e776250d1cf8fc2f7c\">Personalitza on-line de forma interactiva cada zona del camp amb la paleta dels 36 colors diponibles.<\/p>\n\n<div class=\"wp-block-buttons is-layout-flex wp-block-buttons-is-layout-flex\"><div class=\"wp-block-button\"><a class=\"wp-block-button__link wp-element-button\" href=\"https:\/\/greencourt.mgcomunicacio.com\/ca\/solucions\/pistes-de-tenis\/dissenya-la-teva-pista-de-tenis\/\">+info<\/a><\/div><\/div><\/div><\/div><div class=\"col img\"><div class=\"img-container\" style=\"background-image:url(https:\/\/greencourt.mgcomunicacio.com\/wp-content\/uploads\/2025\/08\/Colores-de-pistas-deportivas-01.jpg)\"><\/div><\/div><\/div>\n\n<div class=\"wp-block-greencourt-ajedrez-interior interior maq_cols_flex cols_2\"><div class=\"col text\"><div class=\"text-wrapper\"><h2 class=\"wp-block-heading is-style-com_titular_1\">Programa Play &amp; Stay<\/h2>\n\n<p class=\"is-style-com_titular_4 has-taronja-greencourt-color has-text-color has-link-color wp-elements-3e94316b6a0de4ded149040960fee887\">Afavoreix un aprenentatge m\u00e9s t\u00e8cnic i divertit.<\/p>\n\n<div class=\"wp-block-buttons is-layout-flex wp-block-buttons-is-layout-flex\"><div class=\"wp-block-button\"><a class=\"wp-block-button__link wp-element-button\" href=\"https:\/\/greencourt.mgcomunicacio.com\/ca\/solucions\/pistes-de-tenis\/programa-play-stay\/\">+info<\/a><\/div><\/div><\/div><\/div><div class=\"col img\"><div class=\"img-container\" style=\"background-image:url(https:\/\/greencourt.mgcomunicacio.com\/wp-content\/uploads\/2025\/08\/Pistas-de-tennis-programa-Play-Stay-09.jpg)\"><\/div><\/div><\/div>\n\n<div class=\"wp-block-greencourt-ajedrez-interior interior maq_cols_flex cols_2\"><div class=\"col text\"><div class=\"text-wrapper\"><h2 class=\"wp-block-heading is-style-com_titular_1\">Manteniment de pistes de tennis de terra batuda<\/h2>\n\n<p class=\"is-style-com_titular_4 has-taronja-greencourt-color has-text-color has-link-color wp-elements-f70d54e8b1e4321157634a3ecf7b8711\">Manteniment t\u00e8cnic, rigor\u00f3s i adaptat a cada pista de terra batuda.<\/p>\n\n<div class=\"wp-block-buttons is-layout-flex wp-block-buttons-is-layout-flex\"><div class=\"wp-block-button\"><a class=\"wp-block-button__link wp-element-button\" href=\"https:\/\/greencourt.mgcomunicacio.com\/ca\/solucions\/pistes-de-tenis\/manteniment-de-pistes-de-tenis-de-terra-batuda\/\">+info<\/a><\/div><\/div><\/div><\/div><div class=\"col img\"><div class=\"img-container\" style=\"background-image:url(https:\/\/greencourt.mgcomunicacio.com\/wp-content\/uploads\/2025\/10\/BarcelonaPosada-a-punt-post-Barcelona-Open-Torneo-Conde-de-Godo-06.jpg)\"><\/div><\/div><\/div>\n\n<div class=\"wp-block-greencourt-ajedrez-interior interior maq_cols_flex cols_2\"><div class=\"col text\"><div class=\"text-wrapper\"><h2 class=\"wp-block-heading is-style-com_titular_1\">Il\u00b7luminaci\u00f3 de pistes<\/h2>\n\n<p class=\"is-style-com_titular_4 has-taronja-greencourt-color has-text-color has-link-color wp-elements-4faaca48c0e108a0e85e51dc8cf7875a\">Solucions d\u2019il\u00b7luminaci\u00f3 LED adaptades a tot tipus d\u2019instal\u00b7lacions esportives i espais exteriors<\/p>\n\n<div class=\"wp-block-buttons is-layout-flex wp-block-buttons-is-layout-flex\"><div class=\"wp-block-button\"><a class=\"wp-block-button__link wp-element-button\" href=\"https:\/\/greencourt.mgcomunicacio.com\/ca\/illuminacio-de-pistes\/\">+info<\/a><\/div><\/div><\/div><\/div><div class=\"col img\"><div class=\"img-container\" style=\"background-image:url(https:\/\/greencourt.mgcomunicacio.com\/wp-content\/uploads\/2025\/07\/Pistas-de-tennis-iluminacion-01.jpg)\"><\/div><\/div><\/div><\/div><p><\/p>","protected":false},"excerpt":{"rendered":"","protected":false},"author":1,"featured_media":0,"parent":432,"menu_order":0,"comment_status":"closed","ping_status":"closed","template":"","meta":{"_acf_changed":false,"footnotes":""},"class_list":["post-229","page","type-page","status-publish","hentry"],"acf":[],"_links":{"self":[{"href":"https:\/\/greencourt.mgcomunicacio.com\/ca\/wp-json\/wp\/v2\/pages\/229","targetHints":{"allow":["GET"]}}],"collection":[{"href":"https:\/\/greencourt.mgcomunicacio.com\/ca\/wp-json\/wp\/v2\/pages"}],"about":[{"href":"https:\/\/greencourt.mgcomunicacio.com\/ca\/wp-json\/wp\/v2\/types\/page"}],"author":[{"embeddable":true,"href":"https:\/\/greencourt.mgcomunicacio.com\/ca\/wp-json\/wp\/v2\/users\/1"}],"replies":[{"embeddable":true,"href":"https:\/\/greencourt.mgcomunicacio.com\/ca\/wp-json\/wp\/v2\/comments?post=229"}],"version-history":[{"count":60,"href":"https:\/\/greencourt.mgcomunicacio.com\/ca\/wp-json\/wp\/v2\/pages\/229\/revisions"}],"predecessor-version":[{"id":6585,"href":"https:\/\/greencourt.mgcomunicacio.com\/ca\/wp-json\/wp\/v2\/pages\/229\/revisions\/6585"}],"up":[{"embeddable":true,"href":"https:\/\/greencourt.mgcomunicacio.com\/ca\/wp-json\/wp\/v2\/pages\/432"}],"wp:attachment":[{"href":"https:\/\/greencourt.mgcomunicacio.com\/ca\/wp-json\/wp\/v2\/media?parent=229"}],"curies":[{"name":"wp","href":"https:\/\/api.w.org\/{rel}","templated":true}]}}