{"id":251,"date":"2025-05-21T16:33:16","date_gmt":"2025-05-21T16:33:16","guid":{"rendered":"https:\/\/greencourt.mgcomunicacio.com\/?page_id=251"},"modified":"2025-12-10T12:11:40","modified_gmt":"2025-12-10T11:11:40","slug":"construccio-de-pistes-de-tenis-de-terra-batuda","status":"publish","type":"page","link":"https:\/\/greencourt.mgcomunicacio.com\/ca\/solucions\/pistes-de-tenis\/construccio-de-pistes-de-tenis-de-terra-batuda\/","title":{"rendered":"Construcci\u00f3 de pistes de tennis de terra batuda"},"content":{"rendered":"<div class=\"wp-block-greencourt-cabecera mod-cabecera f1_2\"><div class=\"slider\"><div class=\"wp-block-greencourt-cabecera-interior slide\"><div class=\"maq-contenidor\" style=\"backdrop-filter: blur(0px)\"><div class=\"text\"><p class=\"has-text-align-center is-style-com_titular_1 has-blanc-color has-text-color has-link-color wp-elements-7bf6edebfd6862ea2f5bbc7250d42b12\">Constru\u00efm pista a pista,<br>capa a capa<\/p><\/div><\/div><div class=\"image\" style=\"background-image:url(https:\/\/greencourt.mgcomunicacio.com\/wp-content\/uploads\/2025\/07\/Pistes-de-tenis-terra-batuda-Slider-02.jpg)\"><\/div><\/div><\/div><\/div><div class=\"wp-block-greencourt-marges maq-contenidor normal marge-superior-gran marge-inferior-gran\" data-aos=\"off\" data-aos-delay=\"aos_delay\"><h1 class=\"wp-block-heading is-style-com_titular_2\">Construcci\u00f3<br>pistes de tennis de terra batuda<\/h1>\n\n<div style=\"height:5vh\" aria-hidden=\"true\" class=\"wp-block-spacer\"><\/div>\n\n<p class=\"is-style-com_titular_4\">Construir una pista de tennis \u00e9s molt m\u00e9s que estendre terra batuda. \u00c9s entendre com funciona cada element i com s\u2019integra dins del conjunt. A Greencourt, cuidem cada fase del proc\u00e9s perqu\u00e8 el resultat sigui s\u00f2lid, durador i \u00f2ptim per al joc. <\/p>\n\n<p><\/p>\n\n<p class=\"is-style-com_titular_4\"><a href=\"https:\/\/greencourt.mgcomunicacio.com\/ca\/greencourt-consolida-el-seu-lideratge-en-sostenibilitat-amb-el-calcul-de-la-petjada-de-carboni-de-totes-les-capes-que-componen-la-seva-pista-de-terra-batuda\/\">AENOR certifica el lideratge ambiental de Greencourt<\/a>, certificant la seva primera an\u00e0lisi d\u2019empremta de carboni segons la norma ISO 14067:2018. Un projecte pioner basat en l\u2019ACV que posiciona Greencourt al capdavant de la descarbonitzaci\u00f3 i la sostenibilitat en la construcci\u00f3 de pistes de tennis.<\/p><\/div><div class=\"wp-block-greencourt-marges maq-contenidor fullwidth marge-superior-petit marge-inferior-\" data-aos=\"off\" data-aos-delay=\"aos_delay\"><figure class=\"wp-block-image size-full\"><img loading=\"lazy\" decoding=\"async\" width=\"2560\" height=\"838\" src=\"https:\/\/greencourt.mgcomunicacio.com\/wp-content\/uploads\/2025\/11\/Pistas-de-tennis-tierra-batida-18-scaled.jpg\" alt=\"\" class=\"wp-image-4373\" srcset=\"https:\/\/greencourt.mgcomunicacio.com\/wp-content\/uploads\/2025\/11\/Pistas-de-tennis-tierra-batida-18-scaled.jpg 2560w, https:\/\/greencourt.mgcomunicacio.com\/wp-content\/uploads\/2025\/11\/Pistas-de-tennis-tierra-batida-18-scaled-600x196.jpg 600w, https:\/\/greencourt.mgcomunicacio.com\/wp-content\/uploads\/2025\/11\/Pistas-de-tennis-tierra-batida-18-300x98.jpg 300w, https:\/\/greencourt.mgcomunicacio.com\/wp-content\/uploads\/2025\/11\/Pistas-de-tennis-tierra-batida-18-1024x335.jpg 1024w, https:\/\/greencourt.mgcomunicacio.com\/wp-content\/uploads\/2025\/11\/Pistas-de-tennis-tierra-batida-18-768x251.jpg 768w, https:\/\/greencourt.mgcomunicacio.com\/wp-content\/uploads\/2025\/11\/Pistas-de-tennis-tierra-batida-18-1536x503.jpg 1536w, https:\/\/greencourt.mgcomunicacio.com\/wp-content\/uploads\/2025\/11\/Pistas-de-tennis-tierra-batida-18-2048x670.jpg 2048w, https:\/\/greencourt.mgcomunicacio.com\/wp-content\/uploads\/2025\/11\/Pistas-de-tennis-tierra-batida-18-340x111.jpg 340w, https:\/\/greencourt.mgcomunicacio.com\/wp-content\/uploads\/2025\/11\/Pistas-de-tennis-tierra-batida-18-140x46.jpg 140w\" sizes=\"auto, (max-width: 2560px) 100vw, 2560px\" \/><\/figure><\/div><div style=\"height:10vh\" aria-hidden=\"true\" class=\"wp-block-spacer\"><\/div><div class=\"wp-block-greencourt-marges maq-contenidor normal marge-superior-petit marge-inferior-\" data-aos=\"off\" data-aos-delay=\"aos_delay\"><h2 class=\"wp-block-heading is-style-com_titular_2\">Caracter\u00edstiques de les pistes de tennis de terra batuda<\/h2><\/div><div style=\"height:10vh\" aria-hidden=\"true\" class=\"wp-block-spacer\"><\/div><div class=\"wp-block-greencourt-ajedrez mod-escacs align-superior marge-superior- marge-inferior-\"><div class=\"wp-block-greencourt-ajedrez-interior interior maq_cols_flex cols_2\"><div class=\"col text\"><div class=\"text-wrapper\"><h3 class=\"wp-block-heading is-style-com_titular_2 has-taronja-greencourt-color has-text-color has-link-color wp-elements-4fc7775e66cae627da69dc622ef5704a\">Desguassos i pendents<\/h3>\n\n<p class=\"is-style-com_titular_4 has-gris-greencourt-color has-text-color has-link-color wp-elements-b4844a2118c48e075e77ec584b658f89\">Farem que cada pista evacui l\u2019aigua de manera eficient, adaptant el pendent segons la configuraci\u00f3 del terreny i les necessitats del projecte:<\/p>\n\n<p><\/p>\n\n<p class=\"is-style-com_titular_4 has-gris-greencourt-color has-text-color has-link-color wp-elements-fce157bb0eb9e72f0c06135b36acd8f6\">Pistes a 1 aigua, on tota la pendent es dirigeix cap a un lateral.<br><\/p>\n\n<p class=\"is-style-com_titular_4 has-gris-greencourt-color has-text-color has-link-color wp-elements-9c0bd3cbdaf150dced32ca5e29870361\">Pistes a 2 aig\u00fces, on la pendent es distribueix cap als fons de la pista.<br><\/p>\n\n<p class=\"is-style-com_titular_4 has-gris-greencourt-color has-text-color has-link-color wp-elements-013d2f6ab38c8e19ba659507c960591e\">Pistes a 4 aig\u00fces on l\u2019aigua s\u2019orienta cap a les quatre cantonades, com una pir\u00e0mide invertida.<\/p><\/div><\/div><div class=\"col img\"><div class=\"img-container\" style=\"background-image:url(https:\/\/greencourt.mgcomunicacio.com\/wp-content\/uploads\/2025\/06\/Tennis-Terra-Batuda-02-1.jpg)\"><\/div><\/div><\/div>\n\n<div class=\"wp-block-greencourt-ajedrez-interior interior maq_cols_flex cols_2\"><div class=\"col text\"><div class=\"text-wrapper\"><h3 class=\"wp-block-heading is-style-com_titular_2 has-taronja-greencourt-color has-text-color has-link-color wp-elements-499b902fbb3f2d1418954c1b7eca8d57\">Subs\u00f2l i capa de suport<\/h3>\n\n<p class=\"is-style-com_titular_4 has-gris-greencourt-color has-text-color has-link-color wp-elements-48e3cbb1c19d9d7acdbac043582e723d\">Tot comen\u00e7a amb una bona base. Farem que el terreny estigui perfectament net i compactat per garantir l\u2019estabilitat de tota l\u2019estructura. Sobre aquest subs\u00f2l hi col\u00b7loquem la capa de suport, habitualment de cascot cer\u00e0mic \u2014totxana trinxada\u2014 o, en alguns casos, grava reciclada. Aquesta capa fa de drenatge i aporta humitat de manera natural a la pista.<\/p><\/div><\/div><div class=\"col img\"><div class=\"img-container\" style=\"background-image:url(https:\/\/greencourt.mgcomunicacio.com\/wp-content\/uploads\/2025\/07\/Pistas-de-tennis-tierra-batida-08.jpg)\"><\/div><\/div><\/div>\n\n<div class=\"wp-block-greencourt-ajedrez-interior interior maq_cols_flex cols_2\"><div class=\"col text\"><div class=\"text-wrapper\"><h3 class=\"wp-block-heading is-style-com_titular_2 has-taronja-greencourt-color has-text-color has-link-color wp-elements-f4e8b31d7511bd2ce43cc909e3bad56b\">Pastilla Greencourt Dinamic\u00ae<\/h3>\n\n<p class=\"is-style-com_titular_4 has-gris-greencourt-color has-text-color has-link-color wp-elements-d9eff50f8aa2e5b05e87346805c40586\">El cor de la nostra pista. La pastilla Dinamic\u00ae, patentada per Greencourt (Patente de Invenci\u00f3n N\u00ba 200200330), \u00e9s una barreja exclusiva d\u2019\u00e0rids seleccionats que garanteixen una gran compactaci\u00f3, drenatge eficient i retenci\u00f3 d\u2019humitat durant les hores de joc. Aquesta f\u00f3rmula pr\u00f2pia ens permet oferir una superf\u00edcie estable, c\u00f2moda i amb una durabilitat superior.<\/p><\/div><\/div><div class=\"col img\"><div class=\"img-container\" style=\"background-image:url(https:\/\/greencourt.mgcomunicacio.com\/wp-content\/uploads\/2025\/07\/Pistas-de-tennis-tierra-batida-04.jpg)\"><\/div><\/div><\/div>\n\n<div class=\"wp-block-greencourt-ajedrez-interior interior maq_cols_flex cols_2\"><div class=\"col text\"><div class=\"text-wrapper\"><h3 class=\"wp-block-heading is-style-com_titular_2 has-taronja-greencourt-color has-text-color has-link-color wp-elements-abb6a76444d5b27a708064acbcf343c0\">Capa selladora Montroig Court<\/h3>\n\n<p class=\"is-style-com_titular_4 has-gris-greencourt-color has-text-color has-link-color wp-elements-9f00bad3085bb0652a74439817678042\">Per protegir la pastilla, apliquem una capa de segellat amb terra de Montroig (90% s\u00edlice). Aquesta capa evita fractures provocades pel joc intens i contribueix a conservar millor la humitat. A m\u00e9s, facilita el manteniment regular de la pista i millora la seva resposta al pas del temps.<\/p><\/div><\/div><div class=\"col img\"><div class=\"img-container\" style=\"background-image:url(https:\/\/greencourt.mgcomunicacio.com\/wp-content\/uploads\/2025\/07\/Pistas-de-tennis-tierra-batida-05.jpg)\"><\/div><\/div><\/div>\n\n<div class=\"wp-block-greencourt-ajedrez-interior interior maq_cols_flex cols_2\"><div class=\"col text\"><div class=\"text-wrapper\"><h3 class=\"wp-block-heading is-style-com_titular_2 has-taronja-greencourt-color has-text-color has-link-color wp-elements-687d3ddacade7aa093461f9c7569c060\">Terra batuda Red Court<\/h3>\n\n<p class=\"is-style-com_titular_4 has-gris-greencourt-color has-text-color has-link-color wp-elements-e6d962e9ef23b710b1dd25debfca6f97\">La capa final \u00e9s la que dona personalitat a la pista. Farem servir terra de ma\u00f3 m\u00f2lt, que proporciona un amortiment \u00f2ptim, afavoreix un bon despla\u00e7ament i absorbeix la humitat de manera natural. A Greencourt treballem amb diferents granulometries (0,1 \/ 1,5 \/ 0,2 mm) per adaptar-nos a cada pista i tipus de joc.<\/p><\/div><\/div><div class=\"col img\"><div class=\"img-container\" style=\"background-image:url(https:\/\/greencourt.mgcomunicacio.com\/wp-content\/uploads\/2025\/07\/Pistas-de-tennis-tierra-batida-06.jpg)\"><\/div><\/div><\/div>\n\n<div class=\"wp-block-greencourt-ajedrez-interior interior maq_cols_flex cols_2\"><div class=\"col text\"><div class=\"text-wrapper\"><h3 class=\"wp-block-heading is-style-com_titular_2 has-taronja-greencourt-color has-text-color has-link-color wp-elements-b02c4f9e088f1910348e363077be4820\">L\u00ednies de joc<\/h3>\n\n<p class=\"is-style-com_titular_4 has-gris-greencourt-color has-text-color has-link-color wp-elements-0eda350387f114317f781701fc5ca8b3\">Instal\u00b7lem l\u00ednies que s\u2019adapten a les condicions de la pista i del clima:<br><\/p>\n\n<p class=\"is-style-com_titular_4 has-gris-greencourt-color has-text-color has-link-color wp-elements-a7c232a9730953c2d4f8ee197d0babd7\">L\u00ednies de ciment: amb superf\u00edcie llisa i antilliscant, fabricades amb ciment i varilla de ferro galvanitzat.<\/p>\n\n<p><\/p>\n\n<p class=\"is-style-com_titular_4 has-gris-greencourt-color has-text-color has-link-color wp-elements-49bd460a54495b01672a1ac7f7de5ba0\">L\u00ednies de PVC: en rotlles perforats, s\u2019instal\u00b7len amb tensors. S\u00f3n resistents al fred i la pluja, per\u00f2 poden dilatar-se i deformar-se lleugerament amb el temps.<\/p><\/div><\/div><div class=\"col img\"><div class=\"img-container\" style=\"background-image:url(https:\/\/greencourt.mgcomunicacio.com\/wp-content\/uploads\/2025\/07\/Pistas-de-tennis-tierra-batida-07.jpg)\"><\/div><\/div><\/div>\n\n<div class=\"wp-block-greencourt-ajedrez-interior interior maq_cols_flex cols_2\"><div class=\"col text\"><div class=\"text-wrapper\"><h3 class=\"wp-block-heading is-style-com_titular_2 has-taronja-greencourt-color has-text-color has-link-color wp-elements-fb3657f500cbbac490a9c6c3f8146a4f\">C\u00e0lcul de la petjada de carboni<\/h3>\n\n<p class=\"is-style-com_titular_4 has-gris-greencourt-color has-text-color has-link-color wp-elements-b44e537e953abd61bd0a1031fca116b8\">El c\u00e0lcul de la petjada de carboni de la seva terra batuda representa un pas m\u00e9s en el comprom\u00eds ferm per reduir les emissions de gasos amb efecte d\u2019hivernacle i fomentar la circularitat dels materials.<\/p>\n\n<p><\/p>\n\n<div class=\"wp-block-buttons is-layout-flex wp-block-buttons-is-layout-flex\"><div class=\"wp-block-button\"><a class=\"wp-block-button__link wp-element-button\" href=\"https:\/\/greencourt.mgcomunicacio.com\/ca\/greencourt-consolida-el-seu-lideratge-en-sostenibilitat-amb-el-calcul-de-la-petjada-de-carboni-de-totes-les-capes-que-componen-la-seva-pista-de-terra-batuda\/\">+ info<\/a><\/div><\/div><\/div><\/div><div class=\"col img\"><div class=\"img-container\" style=\"background-image:url(https:\/\/greencourt.mgcomunicacio.com\/wp-content\/uploads\/2025\/08\/Greencourt-sostenibilitat-01.jpg)\"><\/div><\/div><\/div><\/div><p><\/p>","protected":false},"excerpt":{"rendered":"","protected":false},"author":1,"featured_media":0,"parent":229,"menu_order":0,"comment_status":"closed","ping_status":"closed","template":"","meta":{"_acf_changed":false,"footnotes":""},"class_list":["post-251","page","type-page","status-publish","hentry"],"acf":[],"_links":{"self":[{"href":"https:\/\/greencourt.mgcomunicacio.com\/ca\/wp-json\/wp\/v2\/pages\/251","targetHints":{"allow":["GET"]}}],"collection":[{"href":"https:\/\/greencourt.mgcomunicacio.com\/ca\/wp-json\/wp\/v2\/pages"}],"about":[{"href":"https:\/\/greencourt.mgcomunicacio.com\/ca\/wp-json\/wp\/v2\/types\/page"}],"author":[{"embeddable":true,"href":"https:\/\/greencourt.mgcomunicacio.com\/ca\/wp-json\/wp\/v2\/users\/1"}],"replies":[{"embeddable":true,"href":"https:\/\/greencourt.mgcomunicacio.com\/ca\/wp-json\/wp\/v2\/comments?post=251"}],"version-history":[{"count":49,"href":"https:\/\/greencourt.mgcomunicacio.com\/ca\/wp-json\/wp\/v2\/pages\/251\/revisions"}],"predecessor-version":[{"id":6653,"href":"https:\/\/greencourt.mgcomunicacio.com\/ca\/wp-json\/wp\/v2\/pages\/251\/revisions\/6653"}],"up":[{"embeddable":true,"href":"https:\/\/greencourt.mgcomunicacio.com\/ca\/wp-json\/wp\/v2\/pages\/229"}],"wp:attachment":[{"href":"https:\/\/greencourt.mgcomunicacio.com\/ca\/wp-json\/wp\/v2\/media?parent=251"}],"curies":[{"name":"wp","href":"https:\/\/api.w.org\/{rel}","templated":true}]}}