{"id":253,"date":"2025-05-21T16:33:35","date_gmt":"2025-05-21T16:33:35","guid":{"rendered":"https:\/\/greencourt.mgcomunicacio.com\/?page_id=253"},"modified":"2025-12-10T08:48:24","modified_gmt":"2025-12-10T07:48:24","slug":"construccio-de-pistes-de-tenis-de-resina","status":"publish","type":"page","link":"https:\/\/greencourt.mgcomunicacio.com\/ca\/solucions\/pistes-de-tenis\/construccio-de-pistes-de-tenis-de-resina\/","title":{"rendered":"Construcci\u00f3 de pistes de tennis de resina"},"content":{"rendered":"<div class=\"wp-block-greencourt-cabecera mod-cabecera f1_2\"><div class=\"slider\"><div class=\"wp-block-greencourt-cabecera-interior slide\"><div class=\"maq-contenidor\" style=\"backdrop-filter: blur(0px)\"><div class=\"text\"><p class=\"has-text-align-center is-style-com_titular_1 has-blanc-color has-text-color has-link-color wp-elements-e82c83935d3107e8703e21850ac250aa\">Pistes de resina,<br>rendiment que dura<\/p><\/div><\/div><div class=\"image\" style=\"background-image:url(https:\/\/greencourt.mgcomunicacio.com\/wp-content\/uploads\/2025\/07\/Pistas-de-tennis-resina-grip-02-1.jpg)\"><\/div><\/div><\/div><\/div><div class=\"wp-block-greencourt-marges maq-contenidor normal marge-superior-gran marge-inferior-gran\" data-aos=\"off\" data-aos-delay=\"aos_delay\"><h1 class=\"wp-block-heading is-style-com_titular_2\">Construcci\u00f3<br>pistes de tennis de resina<\/h1>\n\n<div style=\"height:5vh\" aria-hidden=\"true\" class=\"wp-block-spacer\"><\/div>\n\n<p class=\"is-style-com_titular_4\">A Greencourt constru\u00efm pistes de resina pensades per resistir el pas del temps, amb un alt rendiment esportiu i un manteniment m\u00ednim. Farem servir solucions t\u00e8cniques d\u2019\u00faltima generaci\u00f3 i col\u00b7laborarem amb marques l\u00edders com <a href=\"https:\/\/greencourt.mgcomunicacio.com\/ca\/solucions\/pistes-de-tenis\/construccio-de-pistes-de-tenis-de-resina\/pistes-de-tenis-de-resina-decoturf\/\">DecoTurf\u00ae<\/a>, <a href=\"https:\/\/greencourt.mgcomunicacio.com\/ca\/solucions\/pistes-de-tenis\/construccio-de-pistes-de-tenis-de-resina\/pistes-de-tenis-de-resina-plexipave\/\">Plexipave\u00ae<\/a> i <a href=\"https:\/\/greencourt.mgcomunicacio.com\/ca\/solucions\/pistes-de-tenis\/construccio-de-pistes-de-tenis-de-resina\/pistes-de-tenis-de-resina-composan\/\">Composan\u00ae<\/a>, que ens garanteixen uns acabats professionals i duradors.<\/p>\n\n<p><\/p>\n\n<p class=\"is-style-com_titular_4\">Aquest tipus de paviment \u00e9s ideal per a clubs, escoles i instal\u00b7lacions que busquen una superf\u00edcie estable, segura i visualment atractiva. Cada pista es pot personalitzar segons les necessitats del client i adaptar-se a tot tipus de condicions clim\u00e0tiques, sense perdre ni consist\u00e8ncia ni qualitat de joc.<\/p>\n\n<p><\/p>\n\n<p class=\"is-style-com_titular_4\">Greencourt som distribu\u00efdors de les millors marques de resina del mercat per a pistes de tennis, tots els nostres models estan certificats per la ITF.<\/p><\/div><div class=\"wp-block-greencourt-marges maq-contenidor normal marge-superior- marge-inferior-\" data-aos=\"off\" data-aos-delay=\"aos_delay\"><div class=\"wp-block-greencourt-columnes-responsive mod-columnes-responsive cols-dsk-5 cols-tbl-2 cols-mob-1 gap-gran centra-orfes\"><div class=\"wp-block-greencourt-columna-responsive mod-columna-responsive-wrapper\"><div class=\"mod-columna-responsive valign-superior\"><figure class=\"wp-block-image size-full\"><img loading=\"lazy\" decoding=\"async\" width=\"500\" height=\"500\" src=\"https:\/\/greencourt.mgcomunicacio.com\/wp-content\/uploads\/2025\/06\/CourtPaceRatings-01.png\" alt=\"\" class=\"wp-image-721\" srcset=\"https:\/\/greencourt.mgcomunicacio.com\/wp-content\/uploads\/2025\/06\/CourtPaceRatings-01.png 500w, https:\/\/greencourt.mgcomunicacio.com\/wp-content\/uploads\/2025\/06\/CourtPaceRatings-01-300x300.png 300w, https:\/\/greencourt.mgcomunicacio.com\/wp-content\/uploads\/2025\/06\/CourtPaceRatings-01-100x100.png 100w, https:\/\/greencourt.mgcomunicacio.com\/wp-content\/uploads\/2025\/06\/CourtPaceRatings-01-150x150.png 150w, https:\/\/greencourt.mgcomunicacio.com\/wp-content\/uploads\/2025\/06\/CourtPaceRatings-01-340x340.png 340w, https:\/\/greencourt.mgcomunicacio.com\/wp-content\/uploads\/2025\/06\/CourtPaceRatings-01-140x140.png 140w\" sizes=\"auto, (max-width: 500px) 100vw, 500px\" \/><\/figure><\/div><\/div>\n\n<div class=\"wp-block-greencourt-columna-responsive mod-columna-responsive-wrapper\"><div class=\"mod-columna-responsive valign-superior\"><figure class=\"wp-block-image size-full\"><img loading=\"lazy\" decoding=\"async\" width=\"500\" height=\"500\" src=\"https:\/\/greencourt.mgcomunicacio.com\/wp-content\/uploads\/2025\/06\/CourtPaceRatings-02.png\" alt=\"\" class=\"wp-image-728\" srcset=\"https:\/\/greencourt.mgcomunicacio.com\/wp-content\/uploads\/2025\/06\/CourtPaceRatings-02.png 500w, https:\/\/greencourt.mgcomunicacio.com\/wp-content\/uploads\/2025\/06\/CourtPaceRatings-02-300x300.png 300w, https:\/\/greencourt.mgcomunicacio.com\/wp-content\/uploads\/2025\/06\/CourtPaceRatings-02-100x100.png 100w, https:\/\/greencourt.mgcomunicacio.com\/wp-content\/uploads\/2025\/06\/CourtPaceRatings-02-150x150.png 150w, https:\/\/greencourt.mgcomunicacio.com\/wp-content\/uploads\/2025\/06\/CourtPaceRatings-02-340x340.png 340w, https:\/\/greencourt.mgcomunicacio.com\/wp-content\/uploads\/2025\/06\/CourtPaceRatings-02-140x140.png 140w\" sizes=\"auto, (max-width: 500px) 100vw, 500px\" \/><\/figure><\/div><\/div>\n\n<div class=\"wp-block-greencourt-columna-responsive mod-columna-responsive-wrapper\"><div class=\"mod-columna-responsive valign-superior\"><figure class=\"wp-block-image size-full\"><img loading=\"lazy\" decoding=\"async\" width=\"500\" height=\"500\" src=\"https:\/\/greencourt.mgcomunicacio.com\/wp-content\/uploads\/2025\/06\/CourtPaceRatings-03.png\" alt=\"\" class=\"wp-image-727\" srcset=\"https:\/\/greencourt.mgcomunicacio.com\/wp-content\/uploads\/2025\/06\/CourtPaceRatings-03.png 500w, https:\/\/greencourt.mgcomunicacio.com\/wp-content\/uploads\/2025\/06\/CourtPaceRatings-03-300x300.png 300w, https:\/\/greencourt.mgcomunicacio.com\/wp-content\/uploads\/2025\/06\/CourtPaceRatings-03-100x100.png 100w, https:\/\/greencourt.mgcomunicacio.com\/wp-content\/uploads\/2025\/06\/CourtPaceRatings-03-150x150.png 150w, https:\/\/greencourt.mgcomunicacio.com\/wp-content\/uploads\/2025\/06\/CourtPaceRatings-03-340x340.png 340w, https:\/\/greencourt.mgcomunicacio.com\/wp-content\/uploads\/2025\/06\/CourtPaceRatings-03-140x140.png 140w\" sizes=\"auto, (max-width: 500px) 100vw, 500px\" \/><\/figure><\/div><\/div>\n\n<div class=\"wp-block-greencourt-columna-responsive mod-columna-responsive-wrapper\"><div class=\"mod-columna-responsive valign-superior\"><figure class=\"wp-block-image size-full\"><img loading=\"lazy\" decoding=\"async\" width=\"500\" height=\"500\" src=\"https:\/\/greencourt.mgcomunicacio.com\/wp-content\/uploads\/2025\/06\/CourtPaceRatings-04.png\" alt=\"\" class=\"wp-image-726\" srcset=\"https:\/\/greencourt.mgcomunicacio.com\/wp-content\/uploads\/2025\/06\/CourtPaceRatings-04.png 500w, https:\/\/greencourt.mgcomunicacio.com\/wp-content\/uploads\/2025\/06\/CourtPaceRatings-04-300x300.png 300w, https:\/\/greencourt.mgcomunicacio.com\/wp-content\/uploads\/2025\/06\/CourtPaceRatings-04-100x100.png 100w, https:\/\/greencourt.mgcomunicacio.com\/wp-content\/uploads\/2025\/06\/CourtPaceRatings-04-150x150.png 150w, https:\/\/greencourt.mgcomunicacio.com\/wp-content\/uploads\/2025\/06\/CourtPaceRatings-04-340x340.png 340w, https:\/\/greencourt.mgcomunicacio.com\/wp-content\/uploads\/2025\/06\/CourtPaceRatings-04-140x140.png 140w\" sizes=\"auto, (max-width: 500px) 100vw, 500px\" \/><\/figure><\/div><\/div>\n\n<div class=\"wp-block-greencourt-columna-responsive mod-columna-responsive-wrapper\"><div class=\"mod-columna-responsive valign-superior\"><figure class=\"wp-block-image size-full\"><img loading=\"lazy\" decoding=\"async\" width=\"500\" height=\"500\" src=\"https:\/\/greencourt.mgcomunicacio.com\/wp-content\/uploads\/2025\/06\/CourtPaceRatings-05.png\" alt=\"\" class=\"wp-image-725\" srcset=\"https:\/\/greencourt.mgcomunicacio.com\/wp-content\/uploads\/2025\/06\/CourtPaceRatings-05.png 500w, https:\/\/greencourt.mgcomunicacio.com\/wp-content\/uploads\/2025\/06\/CourtPaceRatings-05-300x300.png 300w, https:\/\/greencourt.mgcomunicacio.com\/wp-content\/uploads\/2025\/06\/CourtPaceRatings-05-100x100.png 100w, https:\/\/greencourt.mgcomunicacio.com\/wp-content\/uploads\/2025\/06\/CourtPaceRatings-05-150x150.png 150w, https:\/\/greencourt.mgcomunicacio.com\/wp-content\/uploads\/2025\/06\/CourtPaceRatings-05-340x340.png 340w, https:\/\/greencourt.mgcomunicacio.com\/wp-content\/uploads\/2025\/06\/CourtPaceRatings-05-140x140.png 140w\" sizes=\"auto, (max-width: 500px) 100vw, 500px\" \/><\/figure><\/div><\/div><\/div><\/div><div class=\"wp-block-greencourt-marges maq-contenidor normal marge-superior-petit marge-inferior-gran\" data-aos=\"off\" data-aos-delay=\"aos_delay\"><div style=\"height:5vh\" aria-hidden=\"true\" class=\"wp-block-spacer\"><\/div>\n\n<p class=\"is-style-com_titular_4\">La Federaci\u00f3 Internacional de Tennis (ITF) ha desenvolupat el seu Programa de Classificaci\u00f3 de Velocitat de Pista per orientar clubs, instal\u00b7lacions esportives i gestors p\u00fablics en l\u2019elecci\u00f3 del tipus de superf\u00edcie m\u00e9s adequat segons l\u2019estil de joc que volen afavorir.  Les pistes de resina de Greencourt estan dissenyades per complir amb els criteris t\u00e8cnics de la ITF i poden ser classificades segons aquest sistema, oferint solucions adaptades a cada nivell de joc i a les prefer\u00e8ncies dels clubs o competicions.<\/p><\/div><div style=\"height:10vh\" aria-hidden=\"true\" class=\"wp-block-spacer\"><\/div><div class=\"wp-block-greencourt-marges maq-contenidor fullwidth marge-superior-petit marge-inferior-\" data-aos=\"off\" data-aos-delay=\"aos_delay\"><figure class=\"wp-block-image size-full\"><img loading=\"lazy\" decoding=\"async\" width=\"2000\" height=\"1219\" src=\"https:\/\/greencourt.mgcomunicacio.com\/wp-content\/uploads\/2025\/12\/Pistas-de-tennis-resina-grip-15.jpg\" alt=\"\" class=\"wp-image-4586\" srcset=\"https:\/\/greencourt.mgcomunicacio.com\/wp-content\/uploads\/2025\/12\/Pistas-de-tennis-resina-grip-15.jpg 2000w, https:\/\/greencourt.mgcomunicacio.com\/wp-content\/uploads\/2025\/12\/Pistas-de-tennis-resina-grip-15-600x366.jpg 600w, https:\/\/greencourt.mgcomunicacio.com\/wp-content\/uploads\/2025\/12\/Pistas-de-tennis-resina-grip-15-300x183.jpg 300w, https:\/\/greencourt.mgcomunicacio.com\/wp-content\/uploads\/2025\/12\/Pistas-de-tennis-resina-grip-15-1024x624.jpg 1024w, https:\/\/greencourt.mgcomunicacio.com\/wp-content\/uploads\/2025\/12\/Pistas-de-tennis-resina-grip-15-768x468.jpg 768w, https:\/\/greencourt.mgcomunicacio.com\/wp-content\/uploads\/2025\/12\/Pistas-de-tennis-resina-grip-15-1536x936.jpg 1536w, https:\/\/greencourt.mgcomunicacio.com\/wp-content\/uploads\/2025\/12\/Pistas-de-tennis-resina-grip-15-340x207.jpg 340w, https:\/\/greencourt.mgcomunicacio.com\/wp-content\/uploads\/2025\/12\/Pistas-de-tennis-resina-grip-15-140x85.jpg 140w\" sizes=\"auto, (max-width: 2000px) 100vw, 2000px\" \/><\/figure><\/div><div style=\"height:10vh\" aria-hidden=\"true\" class=\"wp-block-spacer\"><\/div><div class=\"wp-block-greencourt-marges maq-contenidor normal marge-superior-petit marge-inferior-\" data-aos=\"off\" data-aos-delay=\"aos_delay\"><h2 class=\"wp-block-heading is-style-com_titular_2\">Avantatges de les pistes de resina Greencourt<\/h2><\/div><div style=\"height:10vh\" aria-hidden=\"true\" class=\"wp-block-spacer\"><\/div><div class=\"wp-block-greencourt-ajedrez mod-escacs align-superior marge-superior- marge-inferior-\"><div class=\"wp-block-greencourt-ajedrez-interior interior maq_cols_flex cols_2\"><div class=\"col text\"><div class=\"text-wrapper\"><h3 class=\"wp-block-heading is-style-com_titular_2 has-taronja-greencourt-color has-text-color has-link-color wp-elements-9dc4888aa4bdec37e73b5870ed684d66\">Alta durabilitat i resist\u00e8ncia<\/h3>\n\n<p class=\"is-style-com_titular_4 has-gris-greencourt-color has-text-color has-link-color wp-elements-30371aaa74642337169b66391dd15c4e\"><br>Farem servir materials especialment dissenyats per suportar l\u2019\u00fas intensiu i resistir condicions clim\u00e0tiques extremes. Amb marques com DecoTurf\u00ae i Plexipave\u00ae, assegurem una llarga vida \u00fatil i un rendiment constant any rere any.<\/p><\/div><\/div><div class=\"col img\"><div class=\"img-container\" style=\"background-image:url(https:\/\/greencourt.mgcomunicacio.com\/wp-content\/uploads\/2025\/07\/Pistas-de-tennis-resina-grip-06.jpg)\"><\/div><\/div><\/div>\n\n<div class=\"wp-block-greencourt-ajedrez-interior interior maq_cols_flex cols_2\"><div class=\"col text\"><div class=\"text-wrapper\"><h3 class=\"wp-block-heading is-style-com_titular_2 has-taronja-greencourt-color has-text-color has-link-color wp-elements-b43273f3efd2b89995d5b80efb5e0c2a\">Manteniment redu\u00eft<\/h3>\n\n<p><\/p>\n\n<p class=\"is-style-com_titular_4 has-gris-greencourt-color has-text-color has-link-color wp-elements-63ce4808be2d72364ded9d488fa5363f\">Les superf\u00edcies de resina requereixen molt poca intervenci\u00f3. Amb tecnologies com les de <a href=\"https:\/\/greencourt.mgcomunicacio.com\/ca\/solucions\/pistes-de-tenis\/construccio-de-pistes-de-tenis-de-resina\/pistes-de-tenis-de-resina-decoturf\/\">DecoTurf\u00ae<\/a>, <a href=\"https:\/\/greencourt.mgcomunicacio.com\/ca\/solucions\/pistes-de-tenis\/construccio-de-pistes-de-tenis-de-resina\/pistes-de-tenis-de-resina-plexipave\/\">Plexipave\u00ae<\/a> i <a href=\"https:\/\/greencourt.mgcomunicacio.com\/ca\/solucions\/pistes-de-tenis\/construccio-de-pistes-de-tenis-de-resina\/pistes-de-tenis-de-resina-composan\/\">Composan\u00ae<\/a>, aconseguim una pista que conserva la seva funcionalitat i aparen\u00e7a sense grans costos de manteniment.<\/p><\/div><\/div><div class=\"col img\"><div class=\"img-container\" style=\"background-image:url(https:\/\/greencourt.mgcomunicacio.com\/wp-content\/uploads\/2025\/07\/Pistas-de-tennis-resina-grip-05.jpg)\"><\/div><\/div><\/div>\n\n<div class=\"wp-block-greencourt-ajedrez-interior interior maq_cols_flex cols_2\"><div class=\"col text\"><div class=\"text-wrapper\"><h3 class=\"wp-block-heading is-style-com_titular_2 has-taronja-greencourt-color has-text-color has-link-color wp-elements-95d5e859d69f73342843f5d92fe1c88e\">Superf\u00edcie ideal per al joc<br><\/h3>\n\n<p class=\"is-style-com_titular_4 has-gris-greencourt-color has-text-color has-link-color wp-elements-e9fc6fd60af7b3cea2f3b4c22746d289\">Oferim una superf\u00edcie llisa, antilliscant i amortidora. El rebot \u00e9s uniforme i previsible, cosa que afavoreix un joc t\u00e8cnic i din\u00e0mic, ideal tant per entrenaments com per competicions.<\/p><\/div><\/div><div class=\"col img\"><div class=\"img-container\" style=\"background-image:url(https:\/\/greencourt.mgcomunicacio.com\/wp-content\/uploads\/2025\/07\/Pistas-de-tennis-resina-grip-04.jpg)\"><\/div><\/div><\/div>\n\n<div class=\"wp-block-greencourt-ajedrez-interior interior maq_cols_flex cols_2\"><div class=\"col text\"><div class=\"text-wrapper\"><h3 class=\"wp-block-heading is-style-com_titular_2 has-taronja-greencourt-color has-text-color has-link-color wp-elements-a9fbc61afd3ba63f2b6d2fd3ecc3964e\">Adaptabilitat a qualsevol clima<br><\/h3>\n\n<p class=\"is-style-com_titular_4 has-gris-greencourt-color has-text-color has-link-color wp-elements-7a2368f1b0ae3a62eadc941d51043ecd\">Les nostres pistes suporten molt b\u00e9 els canvis de temperatura i humitat, mantenint sempre un comportament estable. Aix\u00f2 les fa perfectes per a instal\u00b7lacions tant interiors com a l\u2019aire lliure, en climes diversos.<\/p><\/div><\/div><div class=\"col img\"><div class=\"img-container\" style=\"background-image:url(https:\/\/greencourt.mgcomunicacio.com\/wp-content\/uploads\/2025\/07\/Pistas-de-tennis-resina-grip-08.jpg)\"><\/div><\/div><\/div>\n\n<div class=\"wp-block-greencourt-ajedrez-interior interior maq_cols_flex cols_2\"><div class=\"col text\"><div class=\"text-wrapper\"><h3 class=\"wp-block-heading is-style-com_titular_2 has-taronja-greencourt-color has-text-color has-link-color wp-elements-0195887cb85d4190c91c6d329cdd3b70\">Personalitzaci\u00f3 i est\u00e8tica<\/h3>\n\n<p><\/p>\n\n<p class=\"is-style-com_titular_4 has-gris-greencourt-color has-text-color has-link-color wp-elements-58adc3594ebaff2a9867704d056a5e9b\">Pots escollir entre una \u00e0mplia varietat de colors i acabats. Tamb\u00e9 oferim la possibilitat d\u2019integrar logotips, l\u00ednies personalitzades o gr\u00e0fics corporatius per donar una imatge \u00fanica a la teva pista.<\/p>\n\n<p><\/p>\n\n<div class=\"wp-block-buttons is-layout-flex wp-block-buttons-is-layout-flex\"><div class=\"wp-block-button\"><a class=\"wp-block-button__link has-text-align-left wp-element-button\" href=\"https:\/\/greencourt.mgcomunicacio.com\/ca\/solucions\/pistes-de-tenis\/dissenya-la-teva-pista-de-tenis\/\"><strong>Dissenya la teva pista<\/strong> de tennis<\/a><\/div><\/div><\/div><\/div><div class=\"col img\"><div class=\"img-container\" style=\"background-image:url(https:\/\/greencourt.mgcomunicacio.com\/wp-content\/uploads\/2025\/07\/Pistas-de-tennis-resina-grip-09.jpg)\"><\/div><\/div><\/div>\n\n<div class=\"wp-block-greencourt-ajedrez-interior interior maq_cols_flex cols_2\"><div class=\"col text\"><div class=\"text-wrapper\"><h3 class=\"wp-block-heading is-style-com_titular_2 has-taronja-greencourt-color has-text-color has-link-color wp-elements-f95ef38a31bb57eadef670cc4cf4fdd2\">Construcci\u00f3 a mida<\/h3>\n\n<p><\/p>\n\n<p class=\"is-style-com_titular_4 has-gris-greencourt-color has-text-color has-link-color wp-elements-a67c8dfbb76689cbb3017459c6f621cb\">Ens encarreguem de tot el proc\u00e9s, des de la planificaci\u00f3 t\u00e8cnica fins a la instal\u00b7laci\u00f3 final. Farem servir els sistemes m\u00e9s avan\u00e7ats del mercat per garantir una pista de m\u00e0xim rendiment. Tamb\u00e9 oferim serveis de manteniment i suport perqu\u00e8 la teva pista continu\u00ef funcionant com el primer dia.<\/p><\/div><\/div><div class=\"col img\"><div class=\"img-container\" style=\"background-image:url(https:\/\/greencourt.mgcomunicacio.com\/wp-content\/uploads\/2025\/11\/Pistas-de-tennis-resina-grip-14.jpg)\"><\/div><\/div><\/div><\/div><div style=\"height:10vh\" aria-hidden=\"true\" class=\"wp-block-spacer\"><\/div><p><\/p>","protected":false},"excerpt":{"rendered":"","protected":false},"author":1,"featured_media":0,"parent":229,"menu_order":0,"comment_status":"closed","ping_status":"closed","template":"","meta":{"_acf_changed":false,"footnotes":""},"class_list":["post-253","page","type-page","status-publish","hentry"],"acf":[],"_links":{"self":[{"href":"https:\/\/greencourt.mgcomunicacio.com\/ca\/wp-json\/wp\/v2\/pages\/253","targetHints":{"allow":["GET"]}}],"collection":[{"href":"https:\/\/greencourt.mgcomunicacio.com\/ca\/wp-json\/wp\/v2\/pages"}],"about":[{"href":"https:\/\/greencourt.mgcomunicacio.com\/ca\/wp-json\/wp\/v2\/types\/page"}],"author":[{"embeddable":true,"href":"https:\/\/greencourt.mgcomunicacio.com\/ca\/wp-json\/wp\/v2\/users\/1"}],"replies":[{"embeddable":true,"href":"https:\/\/greencourt.mgcomunicacio.com\/ca\/wp-json\/wp\/v2\/comments?post=253"}],"version-history":[{"count":65,"href":"https:\/\/greencourt.mgcomunicacio.com\/ca\/wp-json\/wp\/v2\/pages\/253\/revisions"}],"predecessor-version":[{"id":6606,"href":"https:\/\/greencourt.mgcomunicacio.com\/ca\/wp-json\/wp\/v2\/pages\/253\/revisions\/6606"}],"up":[{"embeddable":true,"href":"https:\/\/greencourt.mgcomunicacio.com\/ca\/wp-json\/wp\/v2\/pages\/229"}],"wp:attachment":[{"href":"https:\/\/greencourt.mgcomunicacio.com\/ca\/wp-json\/wp\/v2\/media?parent=253"}],"curies":[{"name":"wp","href":"https:\/\/api.w.org\/{rel}","templated":true}]}}