{"id":255,"date":"2025-05-21T16:34:07","date_gmt":"2025-05-21T16:34:07","guid":{"rendered":"https:\/\/greencourt.mgcomunicacio.com\/?page_id=255"},"modified":"2025-12-01T18:53:43","modified_gmt":"2025-12-01T17:53:43","slug":"manteniment-de-pistes-de-tenis-de-terra-batuda","status":"publish","type":"page","link":"https:\/\/greencourt.mgcomunicacio.com\/ca\/solucions\/pistes-de-tenis\/manteniment-de-pistes-de-tenis-de-terra-batuda\/","title":{"rendered":"Manteniment de pistes de tennis de terra batuda"},"content":{"rendered":"<div class=\"wp-block-greencourt-cabecera mod-cabecera f1_2\"><div class=\"slider\"><div class=\"wp-block-greencourt-cabecera-interior slide\"><div class=\"maq-contenidor\" style=\"backdrop-filter: blur(0px)\"><div class=\"text\"><p class=\"has-text-align-center is-style-com_titular_1 has-blanc-color has-text-color has-link-color wp-elements-27435294384f2ad8103daaf8457f7c5c\">Mantenir la pista<br>\u00e9s mantenir el joc<\/p><\/div><\/div><div class=\"image\" style=\"background-image:url(https:\/\/greencourt.mgcomunicacio.com\/wp-content\/uploads\/2025\/07\/Pistas-de-tennis-tierra-batida-09.jpg)\"><\/div><\/div><\/div><\/div><div class=\"wp-block-greencourt-marges maq-contenidor normal marge-superior-gran marge-inferior-gran\" data-aos=\"off\" data-aos-delay=\"aos_delay\"><h1 class=\"wp-block-heading is-style-com_titular_2\">Manteniment de<br>pistes de tennis de terra batuda<\/h1>\n\n<div style=\"height:5vh\" aria-hidden=\"true\" class=\"wp-block-spacer\"><\/div>\n\n<p class=\"is-style-com_titular_4\">Una pista de terra batuda no es conserva sola. Requereix una atenci\u00f3 constant, coneixement t\u00e8cnic i dedicaci\u00f3. A Greencourt fa anys que ens especialitzem en el manteniment i la renovaci\u00f3 d\u2019aquest tipus de pistes, perqu\u00e8 sabem que una bona superf\u00edcie \u00e9s clau per gaudir d\u2019un joc de qualitat.<\/p>\n\n<p><\/p>\n\n<p class=\"is-style-com_titular_4\">Farem revisions peri\u00f2diques, aplicarem tractaments espec\u00edfics i corregirem qualsevol desgast per garantir que la pista sempre es mantingui en condicions \u00f2ptimes. La terra batuda \u00e9s un material viu que respon a la humitat, a l\u2019\u00fas i al pas del temps. Per aix\u00f2, cada actuaci\u00f3 que fem t\u00e9 l\u2019objectiu de conservar-ne l\u2019estructura, el drenatge i la qualitat de joc.<\/p>\n\n<p><\/p>\n\n<p class=\"is-style-com_titular_4\">Tamb\u00e9 oferim serveis de formaci\u00f3 i assessorament als equips de manteniment de clubs i instal\u00b7lacions esportives. Compartim el nostre coneixement perqu\u00e8 el manteniment del dia a dia sigui m\u00e9s eficient i perqu\u00e8 cada pista pugui conservar-se amb rigor i continu\u00eftat.<\/p><\/div><div style=\"height:10vh\" aria-hidden=\"true\" class=\"wp-block-spacer\"><\/div><div class=\"wp-block-greencourt-marges maq-contenidor normal marge-superior-petit marge-inferior-\" data-aos=\"off\" data-aos-delay=\"aos_delay\"><h2 class=\"wp-block-heading is-style-com_titular_2\">Manteniment t\u00e8cnic, rigor\u00f3s i adaptat a cada pista de terra batuda<\/h2><\/div><div style=\"height:10vh\" aria-hidden=\"true\" class=\"wp-block-spacer\"><\/div><div class=\"wp-block-greencourt-ajedrez mod-escacs align-superior marge-superior- marge-inferior-\"><div class=\"wp-block-greencourt-ajedrez-interior interior maq_cols_flex cols_2\"><div class=\"col text\"><div class=\"text-wrapper\"><h3 class=\"wp-block-heading is-style-com_titular_2 has-taronja-greencourt-color has-text-color has-link-color wp-elements-1901feed543a34a5578c6b943d7d836c\">Renovaci\u00f3 de fons<\/h3>\n\n<p class=\"is-style-com_titular_4 has-gris-greencourt-color has-text-color has-link-color wp-elements-4593a58cf0cbcf478b9318b2c08af6c4\">\u00c0rea d\u2019actuaci\u00f3: 2,5 metres a cada costat de la zona de fons. Remoci\u00f3, compactaci\u00f3 i regulaci\u00f3 de la capa de pastilla. Substituci\u00f3 de les l\u00ednies a la zona afectada. Aplicaci\u00f3 de noves capes de terra batuda amb el sistema GREENCOURT DINAMIC, incloent el compacte i el reg final de les capes superiors.<\/p><\/div><\/div><div class=\"col img\"><div class=\"img-container\" style=\"background-image:url(https:\/\/greencourt.mgcomunicacio.com\/wp-content\/uploads\/2025\/07\/Pistas-de-tennis-tierra-batida-11.jpg)\"><\/div><\/div><\/div>\n\n<div class=\"wp-block-greencourt-ajedrez-interior interior maq_cols_flex cols_2\"><div class=\"col text\"><div class=\"text-wrapper\"><h3 class=\"wp-block-heading is-style-com_titular_2 has-taronja-greencourt-color has-text-color has-link-color wp-elements-26dbc0f0a8b7979cea217b7b88003959\">Renovaci\u00f3 de fons + canvi total de l\u00ednies<\/h3>\n\n<p class=\"is-style-com_titular_4 has-gris-greencourt-color has-text-color has-link-color wp-elements-4f68488c21a59abab4595af466a3b62f\">Retirada de totes les l\u00ednies existents. Nova instal\u00b7laci\u00f3 de l\u00ednies amb alineaci\u00f3 perfecta a tota la pista. Remoci\u00f3 i nova compactaci\u00f3 de les zones de fons. Aplicaci\u00f3 de noves capes de terra batuda amb el sistema GREENCOURT DINAMIC, incloent compacte i reg final de les capes superiors.<\/p><\/div><\/div><div class=\"col img\"><div class=\"img-container\" style=\"background-image:url(https:\/\/greencourt.mgcomunicacio.com\/wp-content\/uploads\/2025\/07\/Pistas-de-tennis-tierra-batida-10.jpg)\"><\/div><\/div><\/div>\n\n<div class=\"wp-block-greencourt-ajedrez-interior interior maq_cols_flex cols_2\"><div class=\"col text\"><div class=\"text-wrapper\"><h3 class=\"wp-block-heading is-style-com_titular_2 has-taronja-greencourt-color has-text-color has-link-color wp-elements-5d34436c5f04edb544616853a68423ef\">Renovaci\u00f3 integral de pista<\/h3>\n\n<p class=\"is-style-com_titular_4 has-gris-greencourt-color has-text-color has-link-color wp-elements-b0dc6fc19613a5ae0024b621ab17277a\">Fresat complet de la capa de pastilla. Retirada de les l\u00ednies existents. Aplicaci\u00f3 i compactaci\u00f3 de la nova capa de pastilla. Instal\u00b7laci\u00f3 de l\u00ednies de joc amb una planimetria perfecta a tota la superf\u00edcie. Aplicaci\u00f3 de noves capes de terra batuda amb el sistema GREENCOURT DINAMIC, amb compacte i reg de les capes finals.<\/p><\/div><\/div><div class=\"col img\"><div class=\"img-container\" style=\"background-image:url(https:\/\/greencourt.mgcomunicacio.com\/wp-content\/uploads\/2025\/11\/Pistas-de-tennis-tierra-batida-15.jpg)\"><\/div><\/div><\/div>\n\n<div class=\"wp-block-greencourt-ajedrez-interior interior maq_cols_flex cols_2\"><div class=\"col text\"><div class=\"text-wrapper\"><h3 class=\"wp-block-heading is-style-com_titular_2 has-taronja-greencourt-color has-text-color has-link-color wp-elements-52a4f5d4f4373a5ffe91ceccd9a6f60c\">Manteniment mensual personalitzat<\/h3>\n\n<p class=\"is-style-com_titular_4 has-gris-greencourt-color has-text-color has-link-color wp-elements-eba94cba9faecb43a6a7fe775c920b53\">Oferim plans de manteniment integral adaptats a les necessitats de cada client. El nostre equip especialitzat s\u2019encarrega de realitzar totes les tasques necess\u00e0ries per garantir l\u2019estat \u00f2ptim de la pista de tennis.<\/p><\/div><\/div><div class=\"col img\"><div class=\"img-container\" style=\"background-image:url(https:\/\/greencourt.mgcomunicacio.com\/wp-content\/uploads\/2025\/07\/Pistas-de-tennis-tierra-batida-13.jpg)\"><\/div><\/div><\/div><\/div><p><\/p>","protected":false},"excerpt":{"rendered":"","protected":false},"author":1,"featured_media":0,"parent":229,"menu_order":0,"comment_status":"closed","ping_status":"closed","template":"","meta":{"_acf_changed":false,"footnotes":""},"class_list":["post-255","page","type-page","status-publish","hentry"],"acf":[],"_links":{"self":[{"href":"https:\/\/greencourt.mgcomunicacio.com\/ca\/wp-json\/wp\/v2\/pages\/255","targetHints":{"allow":["GET"]}}],"collection":[{"href":"https:\/\/greencourt.mgcomunicacio.com\/ca\/wp-json\/wp\/v2\/pages"}],"about":[{"href":"https:\/\/greencourt.mgcomunicacio.com\/ca\/wp-json\/wp\/v2\/types\/page"}],"author":[{"embeddable":true,"href":"https:\/\/greencourt.mgcomunicacio.com\/ca\/wp-json\/wp\/v2\/users\/1"}],"replies":[{"embeddable":true,"href":"https:\/\/greencourt.mgcomunicacio.com\/ca\/wp-json\/wp\/v2\/comments?post=255"}],"version-history":[{"count":15,"href":"https:\/\/greencourt.mgcomunicacio.com\/ca\/wp-json\/wp\/v2\/pages\/255\/revisions"}],"predecessor-version":[{"id":4603,"href":"https:\/\/greencourt.mgcomunicacio.com\/ca\/wp-json\/wp\/v2\/pages\/255\/revisions\/4603"}],"up":[{"embeddable":true,"href":"https:\/\/greencourt.mgcomunicacio.com\/ca\/wp-json\/wp\/v2\/pages\/229"}],"wp:attachment":[{"href":"https:\/\/greencourt.mgcomunicacio.com\/ca\/wp-json\/wp\/v2\/media?parent=255"}],"curies":[{"name":"wp","href":"https:\/\/api.w.org\/{rel}","templated":true}]}}