{"id":257,"date":"2025-05-21T16:34:31","date_gmt":"2025-05-21T16:34:31","guid":{"rendered":"https:\/\/greencourt.mgcomunicacio.com\/?page_id=257"},"modified":"2025-11-25T13:39:47","modified_gmt":"2025-11-25T12:39:47","slug":"illuminacio-de-pistes","status":"publish","type":"page","link":"https:\/\/greencourt.mgcomunicacio.com\/ca\/illuminacio-de-pistes\/","title":{"rendered":"Il\u00b7luminaci\u00f3"},"content":{"rendered":"<div class=\"wp-block-greencourt-cabecera mod-cabecera f1_2\"><div class=\"slider\"><div class=\"wp-block-greencourt-cabecera-interior slide\"><div class=\"maq-contenidor\" style=\"backdrop-filter: blur(0px)\"><div class=\"text\"><h1 class=\"wp-block-heading has-text-align-center is-style-com_titular_1 has-blanc-color has-text-color has-link-color wp-elements-51fa66ae940149469b1cdcedef2eb86e\">Il\u00b7luminaci\u00f3 per<br>jugar, competir i gaudir<\/h1><\/div><\/div><div class=\"image\" style=\"background-image:url(https:\/\/greencourt.mgcomunicacio.com\/wp-content\/uploads\/2025\/11\/Iluminacion-pistas-esportivas-13.jpg)\"><\/div><\/div><\/div><\/div><div class=\"wp-block-greencourt-marges maq-contenidor normal marge-superior-gran marge-inferior-gran\" data-aos=\"off\" data-aos-delay=\"aos_delay\"><h2 class=\"wp-block-heading is-style-com_titular_2\">Il\u00b7luminaci\u00f3 per a<br>pistes esportives<\/h2>\n\n<div style=\"height:5vh\" aria-hidden=\"true\" class=\"wp-block-spacer\"><\/div>\n\n<p class=\"is-style-com_titular_4\">A Greencourt oferim solucions d\u2019il\u00b7luminaci\u00f3 LED adaptades a tot tipus d\u2019instal\u00b7lacions esportives i espais exteriors. Pistes de tennis, p\u00e0del, pickleball, camps multiesport, jardins o piscines: farem que cada espai compti amb una llum eficient, precisa i pensada per millorar l\u2019experi\u00e8ncia de joc, d\u2019\u00fas i de visibilitat. El nostre equip t\u00e8cnic analitza cada projecte amb detall per oferir solucions a mida, sostenibles i de llarga durada.<\/p><\/div><div style=\"height:10vh\" aria-hidden=\"true\" class=\"wp-block-spacer\"><\/div><div class=\"wp-block-greencourt-marges maq-contenidor fullwidth marge-superior- marge-inferior-\" data-aos=\"off\" data-aos-delay=\"aos_delay\"><div class=\"wp-block-greencourt-columnes-responsive mod-columnes-responsive cols-dsk-2 cols-tbl-2 cols-mob-1 gap-petit centra-orfes\"><div class=\"wp-block-greencourt-columna-responsive mod-columna-responsive-wrapper\"><div class=\"mod-columna-responsive valign-superior\"><figure class=\"wp-block-image size-full\"><img loading=\"lazy\" decoding=\"async\" width=\"1200\" height=\"1200\" src=\"https:\/\/greencourt.mgcomunicacio.com\/wp-content\/uploads\/2025\/07\/Iluminacion-pistas-esportivas-04.jpg\" alt=\"\" class=\"wp-image-858\" srcset=\"https:\/\/greencourt.mgcomunicacio.com\/wp-content\/uploads\/2025\/07\/Iluminacion-pistas-esportivas-04.jpg 1200w, https:\/\/greencourt.mgcomunicacio.com\/wp-content\/uploads\/2025\/07\/Iluminacion-pistas-esportivas-04-300x300.jpg 300w, https:\/\/greencourt.mgcomunicacio.com\/wp-content\/uploads\/2025\/07\/Iluminacion-pistas-esportivas-04-100x100.jpg 100w, https:\/\/greencourt.mgcomunicacio.com\/wp-content\/uploads\/2025\/07\/Iluminacion-pistas-esportivas-04-600x600.jpg 600w, https:\/\/greencourt.mgcomunicacio.com\/wp-content\/uploads\/2025\/07\/Iluminacion-pistas-esportivas-04-1024x1024.jpg 1024w, https:\/\/greencourt.mgcomunicacio.com\/wp-content\/uploads\/2025\/07\/Iluminacion-pistas-esportivas-04-150x150.jpg 150w, https:\/\/greencourt.mgcomunicacio.com\/wp-content\/uploads\/2025\/07\/Iluminacion-pistas-esportivas-04-768x768.jpg 768w, https:\/\/greencourt.mgcomunicacio.com\/wp-content\/uploads\/2025\/07\/Iluminacion-pistas-esportivas-04-340x340.jpg 340w, https:\/\/greencourt.mgcomunicacio.com\/wp-content\/uploads\/2025\/07\/Iluminacion-pistas-esportivas-04-140x140.jpg 140w\" sizes=\"auto, (max-width: 1200px) 100vw, 1200px\" \/><\/figure><\/div><\/div>\n\n<div class=\"wp-block-greencourt-columna-responsive mod-columna-responsive-wrapper\"><div class=\"mod-columna-responsive valign-superior\"><figure class=\"wp-block-image size-full\"><img loading=\"lazy\" decoding=\"async\" width=\"1200\" height=\"1200\" src=\"https:\/\/greencourt.mgcomunicacio.com\/wp-content\/uploads\/2025\/07\/Iluminacion-pistas-esportivas-11.jpg\" alt=\"\" class=\"wp-image-864\" srcset=\"https:\/\/greencourt.mgcomunicacio.com\/wp-content\/uploads\/2025\/07\/Iluminacion-pistas-esportivas-11.jpg 1200w, https:\/\/greencourt.mgcomunicacio.com\/wp-content\/uploads\/2025\/07\/Iluminacion-pistas-esportivas-11-300x300.jpg 300w, https:\/\/greencourt.mgcomunicacio.com\/wp-content\/uploads\/2025\/07\/Iluminacion-pistas-esportivas-11-100x100.jpg 100w, https:\/\/greencourt.mgcomunicacio.com\/wp-content\/uploads\/2025\/07\/Iluminacion-pistas-esportivas-11-600x600.jpg 600w, https:\/\/greencourt.mgcomunicacio.com\/wp-content\/uploads\/2025\/07\/Iluminacion-pistas-esportivas-11-1024x1024.jpg 1024w, https:\/\/greencourt.mgcomunicacio.com\/wp-content\/uploads\/2025\/07\/Iluminacion-pistas-esportivas-11-150x150.jpg 150w, https:\/\/greencourt.mgcomunicacio.com\/wp-content\/uploads\/2025\/07\/Iluminacion-pistas-esportivas-11-768x768.jpg 768w, https:\/\/greencourt.mgcomunicacio.com\/wp-content\/uploads\/2025\/07\/Iluminacion-pistas-esportivas-11-340x340.jpg 340w, https:\/\/greencourt.mgcomunicacio.com\/wp-content\/uploads\/2025\/07\/Iluminacion-pistas-esportivas-11-140x140.jpg 140w\" sizes=\"auto, (max-width: 1200px) 100vw, 1200px\" \/><\/figure><\/div><\/div><\/div><\/div><div style=\"height:10vh\" aria-hidden=\"true\" class=\"wp-block-spacer\"><\/div><div class=\"wp-block-greencourt-marges maq-contenidor normal marge-superior-gran marge-inferior-gran\" data-aos=\"off\" data-aos-delay=\"aos_delay\"><div class=\"wp-block-greencourt-columnes-responsive mod-columnes-responsive cols-dsk-2 cols-tbl-2 cols-mob-1 gap-gran centra-orfes\"><div class=\"wp-block-greencourt-columna-responsive mod-columna-responsive-wrapper\"><div class=\"mod-columna-responsive valign-superior\"><h2 class=\"wp-block-heading has-text-align-left is-style-com_titular_2 has-taronja-greencourt-color has-text-color has-link-color wp-elements-d450d022af672cf7e8fdd02602f5829f\">Il\u00b7luminaci\u00f3 LED per a instal\u00b7lacions esportives i exteriors<\/h2><\/div><\/div>\n\n<div class=\"wp-block-greencourt-columna-responsive mod-columna-responsive-wrapper\"><div class=\"mod-columna-responsive valign-superior\"><p class=\"is-style-com_titular_4\">Instal\u00b7lem sistemes LED d\u2019\u00faltima generaci\u00f3 per a tot tipus de pistes i espais esportius a l\u2019aire lliure o en entorns tancats. Farem estudis lum\u00ednics personalitzats per garantir la millor distribuci\u00f3 de la llum segons les dimensions de la pista i les activitats previstes. Amb projectors d\u2019alta efici\u00e8ncia i baix consum, assegurem una il\u00b7luminaci\u00f3 homog\u00e8nia, sense enlluernaments, que millora la seguretat i el confort dels usuaris.<\/p>\n\n<p><\/p>\n\n<p class=\"is-style-com_titular_4\">Aquest tipus d\u2019il\u00b7luminaci\u00f3 \u00e9s especialment adequada per a pistes multiesport, zones d\u2019entrenament, escoles, espais recreatius i jardins. La seva alta durabilitat i manteniment m\u00ednim la converteixen en una opci\u00f3 econ\u00f2mica i fiable per a qualsevol instal\u00b7laci\u00f3 esportiva que vulgui guanyar en qualitat i sostenibilitat.<\/p><\/div><\/div><\/div><\/div><div style=\"height:10vh\" aria-hidden=\"true\" class=\"wp-block-spacer\"><\/div><div class=\"wp-block-greencourt-marges maq-contenidor fullwidth marge-superior- marge-inferior-\" data-aos=\"off\" data-aos-delay=\"aos_delay\"><div class=\"wp-block-greencourt-columnes-responsive mod-columnes-responsive cols-dsk-2 cols-tbl-2 cols-mob-1 gap-petit centra-orfes\"><div class=\"wp-block-greencourt-columna-responsive mod-columna-responsive-wrapper\"><div class=\"mod-columna-responsive valign-superior\"><figure class=\"wp-block-image size-full\"><img loading=\"lazy\" decoding=\"async\" width=\"1200\" height=\"1200\" src=\"https:\/\/greencourt.mgcomunicacio.com\/wp-content\/uploads\/2025\/07\/Iluminacion-pistas-esportivas-08.jpg\" alt=\"\" class=\"wp-image-867\" srcset=\"https:\/\/greencourt.mgcomunicacio.com\/wp-content\/uploads\/2025\/07\/Iluminacion-pistas-esportivas-08.jpg 1200w, https:\/\/greencourt.mgcomunicacio.com\/wp-content\/uploads\/2025\/07\/Iluminacion-pistas-esportivas-08-300x300.jpg 300w, https:\/\/greencourt.mgcomunicacio.com\/wp-content\/uploads\/2025\/07\/Iluminacion-pistas-esportivas-08-100x100.jpg 100w, https:\/\/greencourt.mgcomunicacio.com\/wp-content\/uploads\/2025\/07\/Iluminacion-pistas-esportivas-08-600x600.jpg 600w, https:\/\/greencourt.mgcomunicacio.com\/wp-content\/uploads\/2025\/07\/Iluminacion-pistas-esportivas-08-1024x1024.jpg 1024w, https:\/\/greencourt.mgcomunicacio.com\/wp-content\/uploads\/2025\/07\/Iluminacion-pistas-esportivas-08-150x150.jpg 150w, https:\/\/greencourt.mgcomunicacio.com\/wp-content\/uploads\/2025\/07\/Iluminacion-pistas-esportivas-08-768x768.jpg 768w, https:\/\/greencourt.mgcomunicacio.com\/wp-content\/uploads\/2025\/07\/Iluminacion-pistas-esportivas-08-340x340.jpg 340w, https:\/\/greencourt.mgcomunicacio.com\/wp-content\/uploads\/2025\/07\/Iluminacion-pistas-esportivas-08-140x140.jpg 140w\" sizes=\"auto, (max-width: 1200px) 100vw, 1200px\" \/><\/figure><\/div><\/div>\n\n<div class=\"wp-block-greencourt-columna-responsive mod-columna-responsive-wrapper\"><div class=\"mod-columna-responsive valign-superior\"><figure class=\"wp-block-image size-full\"><img loading=\"lazy\" decoding=\"async\" width=\"1200\" height=\"1200\" src=\"https:\/\/greencourt.mgcomunicacio.com\/wp-content\/uploads\/2025\/07\/Iluminacion-pistas-esportivas-10.jpg\" alt=\"\" class=\"wp-image-865\" srcset=\"https:\/\/greencourt.mgcomunicacio.com\/wp-content\/uploads\/2025\/07\/Iluminacion-pistas-esportivas-10.jpg 1200w, https:\/\/greencourt.mgcomunicacio.com\/wp-content\/uploads\/2025\/07\/Iluminacion-pistas-esportivas-10-300x300.jpg 300w, https:\/\/greencourt.mgcomunicacio.com\/wp-content\/uploads\/2025\/07\/Iluminacion-pistas-esportivas-10-100x100.jpg 100w, https:\/\/greencourt.mgcomunicacio.com\/wp-content\/uploads\/2025\/07\/Iluminacion-pistas-esportivas-10-600x600.jpg 600w, https:\/\/greencourt.mgcomunicacio.com\/wp-content\/uploads\/2025\/07\/Iluminacion-pistas-esportivas-10-1024x1024.jpg 1024w, https:\/\/greencourt.mgcomunicacio.com\/wp-content\/uploads\/2025\/07\/Iluminacion-pistas-esportivas-10-150x150.jpg 150w, https:\/\/greencourt.mgcomunicacio.com\/wp-content\/uploads\/2025\/07\/Iluminacion-pistas-esportivas-10-768x768.jpg 768w, https:\/\/greencourt.mgcomunicacio.com\/wp-content\/uploads\/2025\/07\/Iluminacion-pistas-esportivas-10-340x340.jpg 340w, https:\/\/greencourt.mgcomunicacio.com\/wp-content\/uploads\/2025\/07\/Iluminacion-pistas-esportivas-10-140x140.jpg 140w\" sizes=\"auto, (max-width: 1200px) 100vw, 1200px\" \/><\/figure><\/div><\/div><\/div><\/div><div style=\"height:10vh\" aria-hidden=\"true\" class=\"wp-block-spacer\"><\/div><div class=\"wp-block-greencourt-marges maq-contenidor normal marge-superior-gran marge-inferior-gran\" data-aos=\"off\" data-aos-delay=\"aos_delay\"><div class=\"wp-block-greencourt-columnes-responsive mod-columnes-responsive cols-dsk-2 cols-tbl-2 cols-mob-1 gap-gran centra-orfes\"><div class=\"wp-block-greencourt-columna-responsive mod-columna-responsive-wrapper\"><div class=\"mod-columna-responsive valign-superior\"><h2 class=\"wp-block-heading has-text-align-left is-style-com_titular_2 has-taronja-greencourt-color has-text-color has-link-color wp-elements-605d0521910c8fc4ce8920315a0d41ee\"><strong><strong><strong><strong>Il\u00b7luminaci\u00f3 LED per a campionats i competicions oficials<\/strong><\/strong><\/strong><\/strong><\/h2><\/div><\/div>\n\n<div class=\"wp-block-greencourt-columna-responsive mod-columna-responsive-wrapper\"><div class=\"mod-columna-responsive valign-superior\"><p class=\"is-style-com_titular_4\">Per a instal\u00b7lacions que acullen competicions, farem servir projectors LED dissenyats per complir amb els requeriments t\u00e8cnics de les federacions esportives, com la ITF en el cas del tennis. Aquests sistemes ofereixen una llum constant, uniforme i sense ombres, que afavoreix tant el rendiment dels jugadors com la visibilitat per al p\u00fablic i les retransmissions.<\/p>\n\n<p><\/p>\n\n<p class=\"is-style-com_titular_4\">S\u00f3n solucions pensades per a clubs que acullen tornejos, pistes de tennis o p\u00e0del de nivell professional, i tamb\u00e9 espais que vulguin elevar la seva qualitat esportiva. A m\u00e9s, amb un consum energ\u00e8tic molt redu\u00eft, ajuden a minimitzar costos operatius i impacte ambiental, mantenint una est\u00e8tica neta i funcional.<\/p><\/div><\/div><\/div><\/div><div style=\"height:10vh\" aria-hidden=\"true\" class=\"wp-block-spacer\"><\/div><div class=\"wp-block-greencourt-marges maq-contenidor fullwidth marge-superior- marge-inferior-\" data-aos=\"off\" data-aos-delay=\"aos_delay\"><div class=\"wp-block-greencourt-columnes-responsive mod-columnes-responsive cols-dsk-2 cols-tbl-2 cols-mob-1 gap-petit centra-orfes\"><div class=\"wp-block-greencourt-columna-responsive mod-columna-responsive-wrapper\"><div class=\"mod-columna-responsive valign-superior\"><figure class=\"wp-block-image size-full\"><img loading=\"lazy\" decoding=\"async\" width=\"1200\" height=\"1200\" src=\"https:\/\/greencourt.mgcomunicacio.com\/wp-content\/uploads\/2025\/07\/Iluminacion-pistas-esportivas-02.jpg\" alt=\"\" class=\"wp-image-860\" srcset=\"https:\/\/greencourt.mgcomunicacio.com\/wp-content\/uploads\/2025\/07\/Iluminacion-pistas-esportivas-02.jpg 1200w, https:\/\/greencourt.mgcomunicacio.com\/wp-content\/uploads\/2025\/07\/Iluminacion-pistas-esportivas-02-300x300.jpg 300w, https:\/\/greencourt.mgcomunicacio.com\/wp-content\/uploads\/2025\/07\/Iluminacion-pistas-esportivas-02-100x100.jpg 100w, https:\/\/greencourt.mgcomunicacio.com\/wp-content\/uploads\/2025\/07\/Iluminacion-pistas-esportivas-02-600x600.jpg 600w, https:\/\/greencourt.mgcomunicacio.com\/wp-content\/uploads\/2025\/07\/Iluminacion-pistas-esportivas-02-1024x1024.jpg 1024w, https:\/\/greencourt.mgcomunicacio.com\/wp-content\/uploads\/2025\/07\/Iluminacion-pistas-esportivas-02-150x150.jpg 150w, https:\/\/greencourt.mgcomunicacio.com\/wp-content\/uploads\/2025\/07\/Iluminacion-pistas-esportivas-02-768x768.jpg 768w, https:\/\/greencourt.mgcomunicacio.com\/wp-content\/uploads\/2025\/07\/Iluminacion-pistas-esportivas-02-340x340.jpg 340w, https:\/\/greencourt.mgcomunicacio.com\/wp-content\/uploads\/2025\/07\/Iluminacion-pistas-esportivas-02-140x140.jpg 140w\" sizes=\"auto, (max-width: 1200px) 100vw, 1200px\" \/><\/figure><\/div><\/div>\n\n<div class=\"wp-block-greencourt-columna-responsive mod-columna-responsive-wrapper\"><div class=\"mod-columna-responsive valign-superior\"><figure class=\"wp-block-image size-full\"><img loading=\"lazy\" decoding=\"async\" width=\"1200\" height=\"1200\" src=\"https:\/\/greencourt.mgcomunicacio.com\/wp-content\/uploads\/2025\/07\/Iluminacion-pistas-esportivas-03.jpg\" alt=\"\" class=\"wp-image-859\" srcset=\"https:\/\/greencourt.mgcomunicacio.com\/wp-content\/uploads\/2025\/07\/Iluminacion-pistas-esportivas-03.jpg 1200w, https:\/\/greencourt.mgcomunicacio.com\/wp-content\/uploads\/2025\/07\/Iluminacion-pistas-esportivas-03-300x300.jpg 300w, https:\/\/greencourt.mgcomunicacio.com\/wp-content\/uploads\/2025\/07\/Iluminacion-pistas-esportivas-03-100x100.jpg 100w, https:\/\/greencourt.mgcomunicacio.com\/wp-content\/uploads\/2025\/07\/Iluminacion-pistas-esportivas-03-600x600.jpg 600w, https:\/\/greencourt.mgcomunicacio.com\/wp-content\/uploads\/2025\/07\/Iluminacion-pistas-esportivas-03-1024x1024.jpg 1024w, https:\/\/greencourt.mgcomunicacio.com\/wp-content\/uploads\/2025\/07\/Iluminacion-pistas-esportivas-03-150x150.jpg 150w, https:\/\/greencourt.mgcomunicacio.com\/wp-content\/uploads\/2025\/07\/Iluminacion-pistas-esportivas-03-768x768.jpg 768w, https:\/\/greencourt.mgcomunicacio.com\/wp-content\/uploads\/2025\/07\/Iluminacion-pistas-esportivas-03-340x340.jpg 340w, https:\/\/greencourt.mgcomunicacio.com\/wp-content\/uploads\/2025\/07\/Iluminacion-pistas-esportivas-03-140x140.jpg 140w\" sizes=\"auto, (max-width: 1200px) 100vw, 1200px\" \/><\/figure><\/div><\/div><\/div><\/div><div style=\"height:10vh\" aria-hidden=\"true\" class=\"wp-block-spacer\"><\/div><div class=\"wp-block-greencourt-marges maq-contenidor normal marge-superior-gran marge-inferior-\" data-aos=\"off\" data-aos-delay=\"aos_delay\"><div class=\"wp-block-greencourt-columnes-responsive mod-columnes-responsive cols-dsk-2 cols-tbl-2 cols-mob-1 gap-gran centra-orfes\"><div class=\"wp-block-greencourt-columna-responsive mod-columna-responsive-wrapper\"><div class=\"mod-columna-responsive valign-superior\"><h2 class=\"wp-block-heading has-text-align-left is-style-com_titular_2 has-taronja-greencourt-color has-text-color has-link-color wp-elements-bc78552481d13845ab09d273433846b6\">Il\u00b7luminaci\u00f3 LED per a espais aqu\u00e0tics<\/h2><\/div><\/div>\n\n<div class=\"wp-block-greencourt-columna-responsive mod-columna-responsive-wrapper\"><div class=\"mod-columna-responsive valign-superior\"><p class=\"is-style-com_titular_4\">En piscines, zones de nataci\u00f3 o instal\u00b7lacions aqu\u00e0tiques, la il\u00b7luminaci\u00f3 ha de complir una doble funci\u00f3: <strong>seguretat i ambient<\/strong>. A Greencourt instal\u00b7lem sistemes LED amb certificaci\u00f3 <strong>IP68<\/strong>, dissenyats per resistir la immersi\u00f3 constant, la humitat extrema i l\u2019exposici\u00f3 prolongada al clor. Aquesta resist\u00e8ncia assegura un <strong>rendiment estable i una vida \u00fatil llarga<\/strong>, fins i tot en condicions exigents.<\/p>\n\n<p class=\"is-style-com_titular_4\"><\/p>\n\n<p class=\"is-style-com_titular_4\">Farem que cada espai aqu\u00e0tic tingui una visibilitat clara, uniforme i segura, afavorint el moviment dels esportistes i la detecci\u00f3 de marges, senyals i obstacles. Aix\u00f2 permet reduir riscos i crear un entorn \u00f2ptim per a la pr\u00e0ctica esportiva o el bany recreatiu. A m\u00e9s, la il\u00b7luminaci\u00f3 LED aqu\u00e0tica ens permet anar m\u00e9s enll\u00e0 de la funcionalitat. Dissenyem solucions amb <strong>colors personalitzats, efectes din\u00e0mics i escenes lum\u00edniques<\/strong> que transformen la piscina en un espai atractiu i diferenciador, ideal per entrenaments, competicions nocturnes o esdeveniments especials.<\/p><\/div><\/div><\/div><\/div><div style=\"height:10vh\" aria-hidden=\"true\" class=\"wp-block-spacer\"><\/div><p><\/p>","protected":false},"excerpt":{"rendered":"","protected":false},"author":1,"featured_media":0,"parent":0,"menu_order":0,"comment_status":"closed","ping_status":"closed","template":"","meta":{"_acf_changed":false,"footnotes":""},"class_list":["post-257","page","type-page","status-publish","hentry"],"acf":[],"_links":{"self":[{"href":"https:\/\/greencourt.mgcomunicacio.com\/ca\/wp-json\/wp\/v2\/pages\/257","targetHints":{"allow":["GET"]}}],"collection":[{"href":"https:\/\/greencourt.mgcomunicacio.com\/ca\/wp-json\/wp\/v2\/pages"}],"about":[{"href":"https:\/\/greencourt.mgcomunicacio.com\/ca\/wp-json\/wp\/v2\/types\/page"}],"author":[{"embeddable":true,"href":"https:\/\/greencourt.mgcomunicacio.com\/ca\/wp-json\/wp\/v2\/users\/1"}],"replies":[{"embeddable":true,"href":"https:\/\/greencourt.mgcomunicacio.com\/ca\/wp-json\/wp\/v2\/comments?post=257"}],"version-history":[{"count":28,"href":"https:\/\/greencourt.mgcomunicacio.com\/ca\/wp-json\/wp\/v2\/pages\/257\/revisions"}],"predecessor-version":[{"id":4426,"href":"https:\/\/greencourt.mgcomunicacio.com\/ca\/wp-json\/wp\/v2\/pages\/257\/revisions\/4426"}],"wp:attachment":[{"href":"https:\/\/greencourt.mgcomunicacio.com\/ca\/wp-json\/wp\/v2\/media?parent=257"}],"curies":[{"name":"wp","href":"https:\/\/api.w.org\/{rel}","templated":true}]}}