{"id":323,"date":"2025-05-22T07:37:06","date_gmt":"2025-05-22T07:37:06","guid":{"rendered":"https:\/\/greencourt.mgcomunicacio.com\/?page_id=323"},"modified":"2025-12-09T18:15:52","modified_gmt":"2025-12-09T17:15:52","slug":"clubs-i-centres-esportius","status":"publish","type":"page","link":"https:\/\/greencourt.mgcomunicacio.com\/ca\/sectors\/clubs-i-centres-esportius\/","title":{"rendered":"Clubs i centres esportius"},"content":{"rendered":"<div class=\"wp-block-greencourt-cabecera mod-cabecera f1_2\"><div class=\"slider\"><div class=\"wp-block-greencourt-cabecera-interior slide\"><div class=\"maq-contenidor\" style=\"backdrop-filter: blur(0px)\"><div class=\"text\"><h1 class=\"wp-block-heading has-text-align-center is-style-com_titular_1 has-blanc-color has-text-color has-link-color wp-elements-828898a84e74deaa32fb93b00ea62489\">Solucions esportives<br>per a clubs i centres<\/h1><\/div><\/div><div class=\"image\" style=\"background-image:url(https:\/\/greencourt.mgcomunicacio.com\/wp-content\/uploads\/2025\/11\/Pistas-deportivas-para-centros-deportivos-12.jpg)\"><\/div><\/div><\/div><\/div><div class=\"wp-block-greencourt-marges maq-contenidor normal marge-superior-gran marge-inferior-gran\" data-aos=\"off\" data-aos-delay=\"aos_delay\"><h2 class=\"wp-block-heading is-style-com_titular_2\">Rendiment, durabilitat i espais optimitzats per cr\u00e9ixer<\/h2>\n\n<div style=\"height:50px\" aria-hidden=\"true\" class=\"wp-block-spacer\"><\/div>\n\n<p class=\"is-style-com_titular_4\">A Greencourt ens especialitzem en oferir <strong>solucions t\u00e8cniques i funcionals per a centres esportius de tot tipus<\/strong>: clubs professionals, escoles, gimnasos, centres de tecnificaci\u00f3 o instal\u00b7lacions socials. Coneixem de prop les necessitats de cada disciplina i treballem per millorar el rendiment, la seguretat i la durabilitat dels espais.<\/p>\n\n<p><\/p>\n\n<p class=\"is-style-com_titular_4\">Amb m\u00e9s de 20 anys d\u2019experi\u00e8ncia en construcci\u00f3 esportiva, dissenyem i executem projectes adaptats a cada centre, buscant sempre efici\u00e8ncia, m\u00ednima necessitat de manteniment i una llarga vida \u00fatil de totes les instal\u00b7lacions. Ens adaptem al ritme i exig\u00e8ncies de cada entitat.<\/p><\/div><div class=\"wp-block-greencourt-marges maq-contenidor normal marge-superior-gran marge-inferior-gran\" data-aos=\"off\" data-aos-delay=\"aos_delay\"><h2 class=\"wp-block-heading has-text-align-center is-style-com_titular_1\">Qu\u00e8 oferim als clubs de tennis i centres esportius?<\/h2><\/div><div class=\"wp-block-greencourt-marges maq-contenidor normal marge-superior- marge-inferior-\" data-aos=\"off\" data-aos-delay=\"aos_delay\"><div class=\"wp-block-greencourt-columnes-responsive mod-columnes-responsive cols-dsk-2 cols-tbl-2 cols-mob-1 gap-gran centra-orfes\"><div class=\"wp-block-greencourt-columna-responsive mod-columna-responsive-wrapper\"><div class=\"mod-columna-responsive valign-superior\"><figure class=\"wp-block-image size-full wp-duotone-unset-1\"><a href=\"https:\/\/greencourt.mgcomunicacio.com\/ca\/solucions\/\"><img loading=\"lazy\" decoding=\"async\" width=\"1200\" height=\"1200\" src=\"https:\/\/greencourt.mgcomunicacio.com\/wp-content\/uploads\/2025\/07\/Pistas-de-tennis-resina-grip-06.jpg\" alt=\"\" class=\"wp-image-871\" srcset=\"https:\/\/greencourt.mgcomunicacio.com\/wp-content\/uploads\/2025\/07\/Pistas-de-tennis-resina-grip-06.jpg 1200w, https:\/\/greencourt.mgcomunicacio.com\/wp-content\/uploads\/2025\/07\/Pistas-de-tennis-resina-grip-06-300x300.jpg 300w, https:\/\/greencourt.mgcomunicacio.com\/wp-content\/uploads\/2025\/07\/Pistas-de-tennis-resina-grip-06-100x100.jpg 100w, https:\/\/greencourt.mgcomunicacio.com\/wp-content\/uploads\/2025\/07\/Pistas-de-tennis-resina-grip-06-600x600.jpg 600w, https:\/\/greencourt.mgcomunicacio.com\/wp-content\/uploads\/2025\/07\/Pistas-de-tennis-resina-grip-06-1024x1024.jpg 1024w, https:\/\/greencourt.mgcomunicacio.com\/wp-content\/uploads\/2025\/07\/Pistas-de-tennis-resina-grip-06-150x150.jpg 150w, https:\/\/greencourt.mgcomunicacio.com\/wp-content\/uploads\/2025\/07\/Pistas-de-tennis-resina-grip-06-768x768.jpg 768w, https:\/\/greencourt.mgcomunicacio.com\/wp-content\/uploads\/2025\/07\/Pistas-de-tennis-resina-grip-06-340x340.jpg 340w, https:\/\/greencourt.mgcomunicacio.com\/wp-content\/uploads\/2025\/07\/Pistas-de-tennis-resina-grip-06-140x140.jpg 140w\" sizes=\"auto, (max-width: 1200px) 100vw, 1200px\" \/><\/a><\/figure>\n\n<div style=\"height:3vh\" aria-hidden=\"true\" class=\"wp-block-spacer\"><\/div>\n\n<h3 class=\"wp-block-heading has-text-align-left is-style-com_titular_3 has-taronja-greencourt-color has-text-color has-link-color wp-elements-a281949b268c16ef5695d8729ff8fc54\"><strong>Pistes esportives d\u2019alt rendiment<\/strong><\/h3>\n\n<div style=\"height:3vh\" aria-hidden=\"true\" class=\"wp-block-spacer\"><\/div>\n\n<p class=\"is-style-com_titular_4\">Construcci\u00f3, renovaci\u00f3 i manteniment de pistes de tennis, p\u00e0del, pickleball, b\u00e0squet, futbol sala i zones multiesportives. Utilitzem superf\u00edcies homologades i materials d\u2019alt rendiment per suportar un \u00fas intensiu.<\/p>\n\n<div style=\"height:3vh\" aria-hidden=\"true\" class=\"wp-block-spacer\"><\/div>\n\n<div class=\"wp-block-buttons is-content-justification-left is-layout-flex wp-container-core-buttons-is-layout-1 wp-block-buttons-is-layout-flex\"><div class=\"wp-block-button is-style-taronja-gris\"><a class=\"wp-block-button__link wp-element-button\" href=\"https:\/\/greencourt.mgcomunicacio.com\/ca\/solucions\/\">+ info<\/a><\/div><\/div>\n\n<div style=\"height:8vh\" aria-hidden=\"true\" class=\"wp-block-spacer\"><\/div><\/div><\/div>\n\n<div class=\"wp-block-greencourt-columna-responsive mod-columna-responsive-wrapper\"><div class=\"mod-columna-responsive valign-superior\"><figure class=\"wp-block-image size-full is-style-default wp-duotone-unset-2\"><a href=\"https:\/\/greencourt.mgcomunicacio.com\/ca\/solucions\/pistes-de-tenis\/manteniment-de-pistes-de-tenis-de-terra-batuda\/\"><img loading=\"lazy\" decoding=\"async\" width=\"900\" height=\"900\" src=\"https:\/\/greencourt.mgcomunicacio.com\/wp-content\/uploads\/2025\/11\/Pistas-deportivas-para-centros-deportivos-08.jpg\" alt=\"\" class=\"wp-image-3933\" srcset=\"https:\/\/greencourt.mgcomunicacio.com\/wp-content\/uploads\/2025\/11\/Pistas-deportivas-para-centros-deportivos-08.jpg 900w, https:\/\/greencourt.mgcomunicacio.com\/wp-content\/uploads\/2025\/11\/Pistas-deportivas-para-centros-deportivos-08-300x300.jpg 300w, https:\/\/greencourt.mgcomunicacio.com\/wp-content\/uploads\/2025\/11\/Pistas-deportivas-para-centros-deportivos-08-100x100.jpg 100w, https:\/\/greencourt.mgcomunicacio.com\/wp-content\/uploads\/2025\/11\/Pistas-deportivas-para-centros-deportivos-08-600x600.jpg 600w, https:\/\/greencourt.mgcomunicacio.com\/wp-content\/uploads\/2025\/11\/Pistas-deportivas-para-centros-deportivos-08-150x150.jpg 150w, https:\/\/greencourt.mgcomunicacio.com\/wp-content\/uploads\/2025\/11\/Pistas-deportivas-para-centros-deportivos-08-768x768.jpg 768w, https:\/\/greencourt.mgcomunicacio.com\/wp-content\/uploads\/2025\/11\/Pistas-deportivas-para-centros-deportivos-08-340x340.jpg 340w, https:\/\/greencourt.mgcomunicacio.com\/wp-content\/uploads\/2025\/11\/Pistas-deportivas-para-centros-deportivos-08-140x140.jpg 140w\" sizes=\"auto, (max-width: 900px) 100vw, 900px\" \/><\/a><\/figure>\n\n<div style=\"height:3vh\" aria-hidden=\"true\" class=\"wp-block-spacer\"><\/div>\n\n<h3 class=\"wp-block-heading has-text-align-left is-style-com_titular_3 has-taronja-greencourt-color has-text-color has-link-color wp-elements-125b3144b8edac4c16d1b672a8bdc984\"><strong><strong>Serveis de manteniment especialitzat<\/strong><\/strong><\/h3>\n\n<div style=\"height:3vh\" aria-hidden=\"true\" class=\"wp-block-spacer\"><\/div>\n\n<p class=\"is-style-com_titular_4\">Oferim manteniment peri\u00f2dic preventiu i correctiu per a paviments, reg, tancaments i il\u00b7luminaci\u00f3. Farem que les instal\u00b7lacions funcionin al m\u00e0xim nivell tot l\u2019any.<\/p>\n\n<div style=\"height:3vh\" aria-hidden=\"true\" class=\"wp-block-spacer\"><\/div>\n\n<div class=\"wp-block-buttons is-layout-flex wp-block-buttons-is-layout-flex\"><div class=\"wp-block-button is-style-taronja-gris\"><a class=\"wp-block-button__link wp-element-button\" href=\"https:\/\/greencourt.mgcomunicacio.com\/ca\/solucions\/pistes-de-tenis\/manteniment-de-pistes-de-tenis-de-terra-batuda\/\">+ info<\/a><\/div><\/div>\n\n<div style=\"height:8vh\" aria-hidden=\"true\" class=\"wp-block-spacer\"><\/div><\/div><\/div>\n\n<div class=\"wp-block-greencourt-columna-responsive mod-columna-responsive-wrapper\"><div class=\"mod-columna-responsive valign-superior\"><figure class=\"wp-block-image size-full\"><a href=\"https:\/\/greencourt.mgcomunicacio.com\/ca\/solucions\/\"><img loading=\"lazy\" decoding=\"async\" width=\"900\" height=\"900\" src=\"https:\/\/greencourt.mgcomunicacio.com\/wp-content\/uploads\/2025\/11\/Pistas-deportivas-para-centros-deportivos-09.jpg\" alt=\"\" class=\"wp-image-3940\" srcset=\"https:\/\/greencourt.mgcomunicacio.com\/wp-content\/uploads\/2025\/11\/Pistas-deportivas-para-centros-deportivos-09.jpg 900w, https:\/\/greencourt.mgcomunicacio.com\/wp-content\/uploads\/2025\/11\/Pistas-deportivas-para-centros-deportivos-09-300x300.jpg 300w, https:\/\/greencourt.mgcomunicacio.com\/wp-content\/uploads\/2025\/11\/Pistas-deportivas-para-centros-deportivos-09-100x100.jpg 100w, https:\/\/greencourt.mgcomunicacio.com\/wp-content\/uploads\/2025\/11\/Pistas-deportivas-para-centros-deportivos-09-600x600.jpg 600w, https:\/\/greencourt.mgcomunicacio.com\/wp-content\/uploads\/2025\/11\/Pistas-deportivas-para-centros-deportivos-09-150x150.jpg 150w, https:\/\/greencourt.mgcomunicacio.com\/wp-content\/uploads\/2025\/11\/Pistas-deportivas-para-centros-deportivos-09-768x768.jpg 768w, https:\/\/greencourt.mgcomunicacio.com\/wp-content\/uploads\/2025\/11\/Pistas-deportivas-para-centros-deportivos-09-340x340.jpg 340w, https:\/\/greencourt.mgcomunicacio.com\/wp-content\/uploads\/2025\/11\/Pistas-deportivas-para-centros-deportivos-09-140x140.jpg 140w\" sizes=\"auto, (max-width: 900px) 100vw, 900px\" \/><\/a><\/figure>\n\n<div style=\"height:3vh\" aria-hidden=\"true\" class=\"wp-block-spacer\"><\/div>\n\n<h3 class=\"wp-block-heading has-text-align-left is-style-com_titular_3 has-taronja-greencourt-color has-text-color has-link-color wp-elements-9e743183fef4aacc39e6382293be6369\"><strong><strong>Paviments interiors i exteriors<\/strong><\/strong><\/h3>\n\n<div style=\"height:3vh\" aria-hidden=\"true\" class=\"wp-block-spacer\"><\/div>\n\n<p class=\"is-style-com_titular_4\">Paviments continus, losetes, gespa artificial i solucions per a zones de pas, \u00e0rees infantils o espais de fitness. Resistents, funcionals i amb acabats adaptats al teu centre.<\/p>\n\n<div style=\"height:3vh\" aria-hidden=\"true\" class=\"wp-block-spacer\"><\/div>\n\n<div class=\"wp-block-buttons is-layout-flex wp-block-buttons-is-layout-flex\"><div class=\"wp-block-button is-style-taronja-gris\"><a class=\"wp-block-button__link wp-element-button\" href=\"https:\/\/greencourt.mgcomunicacio.com\/ca\/solucions\/\">+ info<\/a><\/div><\/div>\n\n<div style=\"height:8vh\" aria-hidden=\"true\" class=\"wp-block-spacer\"><\/div><\/div><\/div>\n\n<div class=\"wp-block-greencourt-columna-responsive mod-columna-responsive-wrapper\"><div class=\"mod-columna-responsive valign-superior\"><figure class=\"wp-block-image size-full\"><a href=\"https:\/\/greencourt.mgcomunicacio.com\/ca\/illuminacio-de-pistes\/\"><img loading=\"lazy\" decoding=\"async\" width=\"900\" height=\"900\" src=\"https:\/\/greencourt.mgcomunicacio.com\/wp-content\/uploads\/2025\/11\/Pistas-deportivas-para-administracion-publica-16.jpg\" alt=\"\" class=\"wp-image-3921\" srcset=\"https:\/\/greencourt.mgcomunicacio.com\/wp-content\/uploads\/2025\/11\/Pistas-deportivas-para-administracion-publica-16.jpg 900w, https:\/\/greencourt.mgcomunicacio.com\/wp-content\/uploads\/2025\/11\/Pistas-deportivas-para-administracion-publica-16-300x300.jpg 300w, https:\/\/greencourt.mgcomunicacio.com\/wp-content\/uploads\/2025\/11\/Pistas-deportivas-para-administracion-publica-16-100x100.jpg 100w, https:\/\/greencourt.mgcomunicacio.com\/wp-content\/uploads\/2025\/11\/Pistas-deportivas-para-administracion-publica-16-600x600.jpg 600w, https:\/\/greencourt.mgcomunicacio.com\/wp-content\/uploads\/2025\/11\/Pistas-deportivas-para-administracion-publica-16-150x150.jpg 150w, https:\/\/greencourt.mgcomunicacio.com\/wp-content\/uploads\/2025\/11\/Pistas-deportivas-para-administracion-publica-16-768x768.jpg 768w, https:\/\/greencourt.mgcomunicacio.com\/wp-content\/uploads\/2025\/11\/Pistas-deportivas-para-administracion-publica-16-340x340.jpg 340w, https:\/\/greencourt.mgcomunicacio.com\/wp-content\/uploads\/2025\/11\/Pistas-deportivas-para-administracion-publica-16-140x140.jpg 140w\" sizes=\"auto, (max-width: 900px) 100vw, 900px\" \/><\/a><\/figure>\n\n<div style=\"height:3vh\" aria-hidden=\"true\" class=\"wp-block-spacer\"><\/div>\n\n<h3 class=\"wp-block-heading has-text-align-left is-style-com_titular_3 has-taronja-greencourt-color has-text-color has-link-color wp-elements-4e28c333bbe2adf31e2cf235af63b896\"><strong><strong>Il\u00b7luminaci\u00f3 LED esportiva<\/strong><\/strong><\/h3>\n\n<div style=\"height:3vh\" aria-hidden=\"true\" class=\"wp-block-spacer\"><\/div>\n\n<p class=\"is-style-com_titular_4\">Instal\u00b7laci\u00f3 de sistemes d\u2019il\u00b7luminaci\u00f3 eficient per a entrenaments, competicions i \u00fas recreatiu, optimitzant visibilitat i consum energ\u00e8tic.<\/p>\n\n<div style=\"height:3vh\" aria-hidden=\"true\" class=\"wp-block-spacer\"><\/div>\n\n<div class=\"wp-block-buttons is-layout-flex wp-block-buttons-is-layout-flex\"><div class=\"wp-block-button is-style-taronja-gris\"><a class=\"wp-block-button__link wp-element-button\" href=\"https:\/\/greencourt.mgcomunicacio.com\/ca\/illuminacio-de-pistes\/\">+ info<\/a><\/div><\/div>\n\n<div style=\"height:8vh\" aria-hidden=\"true\" class=\"wp-block-spacer\"><\/div><\/div><\/div>\n\n<div class=\"wp-block-greencourt-columna-responsive mod-columna-responsive-wrapper\"><div class=\"mod-columna-responsive valign-superior\"><figure class=\"wp-block-image size-full\"><a href=\"https:\/\/greencourt.mgcomunicacio.com\/ca\/solucions\/altres-esports\/\"><img loading=\"lazy\" decoding=\"async\" width=\"900\" height=\"900\" src=\"https:\/\/greencourt.mgcomunicacio.com\/wp-content\/uploads\/2025\/11\/Pistas-deportivas-para-centros-deportivos-11.jpg\" alt=\"\" class=\"wp-image-3944\" srcset=\"https:\/\/greencourt.mgcomunicacio.com\/wp-content\/uploads\/2025\/11\/Pistas-deportivas-para-centros-deportivos-11.jpg 900w, https:\/\/greencourt.mgcomunicacio.com\/wp-content\/uploads\/2025\/11\/Pistas-deportivas-para-centros-deportivos-11-300x300.jpg 300w, https:\/\/greencourt.mgcomunicacio.com\/wp-content\/uploads\/2025\/11\/Pistas-deportivas-para-centros-deportivos-11-100x100.jpg 100w, https:\/\/greencourt.mgcomunicacio.com\/wp-content\/uploads\/2025\/11\/Pistas-deportivas-para-centros-deportivos-11-600x600.jpg 600w, https:\/\/greencourt.mgcomunicacio.com\/wp-content\/uploads\/2025\/11\/Pistas-deportivas-para-centros-deportivos-11-150x150.jpg 150w, https:\/\/greencourt.mgcomunicacio.com\/wp-content\/uploads\/2025\/11\/Pistas-deportivas-para-centros-deportivos-11-768x768.jpg 768w, https:\/\/greencourt.mgcomunicacio.com\/wp-content\/uploads\/2025\/11\/Pistas-deportivas-para-centros-deportivos-11-340x340.jpg 340w, https:\/\/greencourt.mgcomunicacio.com\/wp-content\/uploads\/2025\/11\/Pistas-deportivas-para-centros-deportivos-11-140x140.jpg 140w\" sizes=\"auto, (max-width: 900px) 100vw, 900px\" \/><\/a><\/figure>\n\n<div style=\"height:3vh\" aria-hidden=\"true\" class=\"wp-block-spacer\"><\/div>\n\n<h3 class=\"wp-block-heading has-text-align-left is-style-com_titular_3 has-taronja-greencourt-color has-text-color has-link-color wp-elements-99b61bee28c9dc26be4b559225173bfb\"><strong><strong>Espais d\u2019entrenament i circuits biosaludables<\/strong><\/strong><\/h3>\n\n<div style=\"height:3vh\" aria-hidden=\"true\" class=\"wp-block-spacer\"><\/div>\n\n<p class=\"is-style-com_titular_4\">Dissenyem zones per a l\u2019activaci\u00f3 f\u00edsica en exteriors, amb equipaments adaptats a diferents perfils i nivells d\u2019exig\u00e8ncia.<\/p>\n\n<div style=\"height:3vh\" aria-hidden=\"true\" class=\"wp-block-spacer\"><\/div>\n\n<div class=\"wp-block-buttons is-layout-flex wp-block-buttons-is-layout-flex\"><div class=\"wp-block-button is-style-taronja-gris\"><a class=\"wp-block-button__link wp-element-button\" href=\"https:\/\/greencourt.mgcomunicacio.com\/ca\/solucions\/altres-esports\/\">+ info<\/a><\/div><\/div>\n\n<div style=\"height:8vh\" aria-hidden=\"true\" class=\"wp-block-spacer\"><\/div><\/div><\/div>\n\n<div class=\"wp-block-greencourt-columna-responsive mod-columna-responsive-wrapper\"><div class=\"mod-columna-responsive valign-superior\"><figure class=\"wp-block-image size-full\"><a href=\"https:\/\/greencourt.mgcomunicacio.com\/ca\/contacte\/\"><img loading=\"lazy\" decoding=\"async\" width=\"900\" height=\"900\" src=\"https:\/\/greencourt.mgcomunicacio.com\/wp-content\/uploads\/2025\/11\/Pistas-deportivas-para-centros-deportivos-10.jpg\" alt=\"\" class=\"wp-image-3943\" srcset=\"https:\/\/greencourt.mgcomunicacio.com\/wp-content\/uploads\/2025\/11\/Pistas-deportivas-para-centros-deportivos-10.jpg 900w, https:\/\/greencourt.mgcomunicacio.com\/wp-content\/uploads\/2025\/11\/Pistas-deportivas-para-centros-deportivos-10-300x300.jpg 300w, https:\/\/greencourt.mgcomunicacio.com\/wp-content\/uploads\/2025\/11\/Pistas-deportivas-para-centros-deportivos-10-100x100.jpg 100w, https:\/\/greencourt.mgcomunicacio.com\/wp-content\/uploads\/2025\/11\/Pistas-deportivas-para-centros-deportivos-10-600x600.jpg 600w, https:\/\/greencourt.mgcomunicacio.com\/wp-content\/uploads\/2025\/11\/Pistas-deportivas-para-centros-deportivos-10-150x150.jpg 150w, https:\/\/greencourt.mgcomunicacio.com\/wp-content\/uploads\/2025\/11\/Pistas-deportivas-para-centros-deportivos-10-768x768.jpg 768w, https:\/\/greencourt.mgcomunicacio.com\/wp-content\/uploads\/2025\/11\/Pistas-deportivas-para-centros-deportivos-10-340x340.jpg 340w, https:\/\/greencourt.mgcomunicacio.com\/wp-content\/uploads\/2025\/11\/Pistas-deportivas-para-centros-deportivos-10-140x140.jpg 140w\" sizes=\"auto, (max-width: 900px) 100vw, 900px\" \/><\/a><\/figure>\n\n<div style=\"height:3vh\" aria-hidden=\"true\" class=\"wp-block-spacer\"><\/div>\n\n<h3 class=\"wp-block-heading has-text-align-left is-style-com_titular_3 has-taronja-greencourt-color has-text-color has-link-color wp-elements-8f93fa76f470eceaf6e32de08f9e1c9a\"><strong><strong><strong>Personalitzaci\u00f3 i identitat<\/strong><\/strong><\/strong><\/h3>\n\n<div style=\"height:3vh\" aria-hidden=\"true\" class=\"wp-block-spacer\"><\/div>\n\n<p class=\"is-style-com_titular_4\">Integraci\u00f3 de logotips, colors i senyal\u00e8tica pr\u00f2pia per refor\u00e7ar la imatge i l\u2019experi\u00e8ncia del teu centre esportiu.<\/p>\n\n<div style=\"height:3vh\" aria-hidden=\"true\" class=\"wp-block-spacer\"><\/div>\n\n<div class=\"wp-block-buttons is-layout-flex wp-block-buttons-is-layout-flex\"><div class=\"wp-block-button is-style-taronja-gris\"><a class=\"wp-block-button__link wp-element-button\" href=\"https:\/\/greencourt.mgcomunicacio.com\/ca\/contacte\/\">+ info<\/a><\/div><\/div>\n\n<div style=\"height:8vh\" aria-hidden=\"true\" class=\"wp-block-spacer\"><\/div><\/div><\/div><\/div><\/div><div class=\"wp-block-greencourt-franja mod-franja amb_background marge-superior- marge-inferior-0 padding_fondo_xxl _alineacio_ _skin_ marge_sup_1 marge_inf_0\" data-aos=\"fade-up\" data-aos-delay=\"300\"><div class=\"maq-contenidor fullwidth\"><div class=\"maq-inner\"><div class=\"wp-block-greencourt-marges maq-contenidor normal marge-superior- marge-inferior-\" data-aos=\"off\" data-aos-delay=\"aos_delay\"><div class=\"wp-block-greencourt-columnes-responsive mod-columnes-responsive cols-dsk-2 cols-tbl-2 cols-mob-1 gap-petit centra-orfes\"><div class=\"wp-block-greencourt-columna-responsive mod-columna-responsive-wrapper\"><div class=\"mod-columna-responsive valign-superior\"><h2 class=\"wp-block-heading has-text-align-left is-style-com_titular_2 has-blanc-color has-text-color has-link-color wp-elements-7cdd1e0d7044f4d19f67c368af6028cf\"><strong><strong><strong>Vols portar les teves instal\u00b7lacions al seg\u00fcent nivell?<\/strong><\/strong><\/strong><\/h2>\n\n<p class=\"is-style-com_titular_4 has-blanc-color has-text-color has-link-color wp-elements-58409d1ca9dca9ee3c8141bcb7dc66e9\">Parlem. Dissenyarem un projecte que respongui a les teves necessitats i perduri en el temps.<\/p>\n\n<div style=\"height:3vh\" aria-hidden=\"true\" class=\"wp-block-spacer\"><\/div>\n\n<div class=\"wp-block-buttons is-layout-flex wp-block-buttons-is-layout-flex\"><div class=\"wp-block-button is-style-blanc-gris\"><a class=\"wp-block-button__link wp-element-button\" href=\"https:\/\/greencourt.mgcomunicacio.com\/ca\/contacte\/\">+ info<\/a><\/div><\/div><\/div><\/div>\n\n<div class=\"wp-block-greencourt-columna-responsive mod-columna-responsive-wrapper\"><div class=\"mod-columna-responsive valign-superior\"><\/div><\/div><\/div><\/div><\/div><\/div><div class=\"background\" style=\"background-image:url(https:\/\/greencourt.mgcomunicacio.com\/wp-content\/uploads\/2025\/05\/pexels-elia-clerici-282848-912110-scaled.jpg)\"><\/div><\/div><div style=\"height:20vh\" aria-hidden=\"true\" class=\"wp-block-spacer\"><\/div><div class=\"wp-block-greencourt-marges maq-contenidor normal marge-superior-petit marge-inferior-\" data-aos=\"off\" data-aos-delay=\"aos_delay\"><h2 class=\"wp-block-heading is-style-com_titular_2\"><strong><strong>Per qu\u00e8 confiar<\/strong><\/strong><br><strong><strong>en Greencourt<\/strong><\/strong><\/h2>\n\n<div style=\"height:50px\" aria-hidden=\"true\" class=\"wp-block-spacer\"><\/div><\/div><div class=\"wp-block-greencourt-marges maq-contenidor normal marge-superior- marge-inferior-\" data-aos=\"off\" data-aos-delay=\"aos_delay\"><div class=\"wp-block-greencourt-columnes-responsive mod-columnes-responsive cols-dsk-5 cols-tbl-2 cols-mob-1 gap-petit centra-orfes\"><div class=\"wp-block-greencourt-columna-responsive mod-columna-responsive-wrapper\"><div class=\"mod-columna-responsive valign-superior\"><p class=\"is-style-com_titular_1\">01<\/p>\n\n<p class=\"is-style-com_titular_5\">M\u00e9s de 20 anys d\u2019experi\u00e8ncia en obra p\u00fablica esportiva i urbana.<\/p><\/div><\/div>\n\n<div class=\"wp-block-greencourt-columna-responsive mod-columna-responsive-wrapper\"><div class=\"mod-columna-responsive valign-superior\"><p class=\"is-style-com_titular_1\">02<\/p>\n\n<p class=\"is-style-com_titular_5\">Experi\u00e8ncia t\u00e8cnica contrastada en entorns esportius exigents.<\/p><\/div><\/div>\n\n<div class=\"wp-block-greencourt-columna-responsive mod-columna-responsive-wrapper\"><div class=\"mod-columna-responsive valign-superior\"><p class=\"is-style-com_titular_1\">03<\/p>\n\n<p class=\"is-style-com_titular_5\">Solucions eficients, duradores i de baix manteniment.<\/p><\/div><\/div>\n\n<div class=\"wp-block-greencourt-columna-responsive mod-columna-responsive-wrapper\"><div class=\"mod-columna-responsive valign-superior\"><p class=\"is-style-com_titular_1\">04<\/p>\n\n<p class=\"is-style-com_titular_5\">Materials homologats i execuci\u00f3 amb criteris professionals.<\/p><\/div><\/div>\n\n<div class=\"wp-block-greencourt-columna-responsive mod-columna-responsive-wrapper\"><div class=\"mod-columna-responsive valign-superior\"><p class=\"is-style-com_titular_1\">05<\/p>\n\n<p class=\"is-style-com_titular_5\">Tracte proper i capacitat d\u2019adaptaci\u00f3 a la realitat de cada centre.<\/p><\/div><\/div><\/div><\/div><div style=\"height:15vh\" aria-hidden=\"true\" class=\"wp-block-spacer\"><\/div><p><\/p>","protected":false},"excerpt":{"rendered":"","protected":false},"author":1,"featured_media":0,"parent":321,"menu_order":0,"comment_status":"closed","ping_status":"closed","template":"","meta":{"_acf_changed":false,"footnotes":""},"class_list":["post-323","page","type-page","status-publish","hentry"],"acf":[],"_links":{"self":[{"href":"https:\/\/greencourt.mgcomunicacio.com\/ca\/wp-json\/wp\/v2\/pages\/323","targetHints":{"allow":["GET"]}}],"collection":[{"href":"https:\/\/greencourt.mgcomunicacio.com\/ca\/wp-json\/wp\/v2\/pages"}],"about":[{"href":"https:\/\/greencourt.mgcomunicacio.com\/ca\/wp-json\/wp\/v2\/types\/page"}],"author":[{"embeddable":true,"href":"https:\/\/greencourt.mgcomunicacio.com\/ca\/wp-json\/wp\/v2\/users\/1"}],"replies":[{"embeddable":true,"href":"https:\/\/greencourt.mgcomunicacio.com\/ca\/wp-json\/wp\/v2\/comments?post=323"}],"version-history":[{"count":42,"href":"https:\/\/greencourt.mgcomunicacio.com\/ca\/wp-json\/wp\/v2\/pages\/323\/revisions"}],"predecessor-version":[{"id":6573,"href":"https:\/\/greencourt.mgcomunicacio.com\/ca\/wp-json\/wp\/v2\/pages\/323\/revisions\/6573"}],"up":[{"embeddable":true,"href":"https:\/\/greencourt.mgcomunicacio.com\/ca\/wp-json\/wp\/v2\/pages\/321"}],"wp:attachment":[{"href":"https:\/\/greencourt.mgcomunicacio.com\/ca\/wp-json\/wp\/v2\/media?parent=323"}],"curies":[{"name":"wp","href":"https:\/\/api.w.org\/{rel}","templated":true}]}}