{"id":341,"date":"2025-05-22T07:43:16","date_gmt":"2025-05-22T07:43:16","guid":{"rendered":"https:\/\/greencourt.mgcomunicacio.com\/?page_id=341"},"modified":"2025-12-09T18:42:30","modified_gmt":"2025-12-09T17:42:30","slug":"pistes-de-padel","status":"publish","type":"page","link":"https:\/\/greencourt.mgcomunicacio.com\/ca\/solucions\/pistes-de-padel\/","title":{"rendered":"Pistes de P\u00e0del"},"content":{"rendered":"<div class=\"wp-block-greencourt-cabecera mod-cabecera f1_2\"><div class=\"slider\"><div class=\"wp-block-greencourt-cabecera-interior slide\"><div class=\"maq-contenidor\" style=\"backdrop-filter: blur(0px)\"><div class=\"text\"><h1 class=\"wp-block-heading has-text-align-center is-style-com_titular_1 has-blanc-color has-text-color has-link-color wp-elements-5ae594ebf73b08decc3dafe84860ec54\">Construcci\u00f3<br>pistes de p\u00e0del<\/h1><\/div><\/div><div class=\"image\" style=\"background-image:url(https:\/\/greencourt.mgcomunicacio.com\/wp-content\/uploads\/2025\/07\/Pistas-de-padel-14.jpg)\"><\/div><\/div><\/div><\/div><div class=\"wp-block-greencourt-marges maq-contenidor normal marge-superior-gran marge-inferior-gran\" data-aos=\"off\" data-aos-delay=\"aos_delay\"><h2 class=\"wp-block-heading is-style-com_titular_2\"><strong>Constru\u00efm pistes personalitzades i homologades per a tothom<\/strong><\/h2>\n\n<div style=\"height:5vh\" aria-hidden=\"true\" class=\"wp-block-spacer\"><\/div>\n\n<p class=\"is-style-com_titular_4\">A Greencourt ens dediquem a la construcci\u00f3 i renovaci\u00f3 de pistes de p\u00e0del amb una visi\u00f3 clara: oferir espais de joc d\u2019alta qualitat, duradors i adaptats a les necessitats de cada entorn. Ja sigui per a clubs esportius, comunitats de ve\u00efns o instal\u00b7lacions p\u00fabliques, constru\u00efm pistes que combinen solidesa estructural, disseny i una experi\u00e8ncia de joc \u00f2ptima.<\/p><\/div><div style=\"height:10vh\" aria-hidden=\"true\" class=\"wp-block-spacer\"><\/div><div class=\"wp-block-greencourt-ajedrez mod-escacs align-superior marge-superior- marge-inferior-\"><div class=\"wp-block-greencourt-ajedrez-interior interior maq_cols_flex cols_2\"><div class=\"col text\"><div class=\"text-wrapper\"><h2 class=\"wp-block-heading is-style-com_titular_1\">Construcci\u00f3 de pistes de p\u00e0del<\/h2>\n\n<p class=\"is-style-com_titular_4 has-taronja-greencourt-color has-text-color has-link-color wp-elements-e197049a5fef534b7b29153ee652bb24\">Constru\u00efm pistes de p\u00e0del amb drenatge, tancaments i acabats professionals per a un joc m\u00e9s complet i durador.<\/p>\n\n<div class=\"wp-block-buttons is-layout-flex wp-block-buttons-is-layout-flex\"><div class=\"wp-block-button\"><a class=\"wp-block-button__link wp-element-button\" href=\"https:\/\/greencourt.mgcomunicacio.com\/ca\/solucions\/pistes-de-padel\/construccio-de-pistes-de-padel\/\">+info<\/a><\/div><\/div><\/div><\/div><div class=\"col img\"><div class=\"img-container\" style=\"background-image:url(https:\/\/greencourt.mgcomunicacio.com\/wp-content\/uploads\/2025\/07\/Pistas-de-padel-12.jpg)\"><\/div><\/div><\/div>\n\n<div class=\"wp-block-greencourt-ajedrez-interior interior maq_cols_flex cols_2\"><div class=\"col text\"><div class=\"text-wrapper\"><h2 class=\"wp-block-heading is-style-com_titular_1\">Models  de pistes de p\u00e0del<\/h2>\n\n<p class=\"is-style-com_titular_4 has-taronja-greencourt-color has-text-color has-link-color wp-elements-03ac57c802f5d688fdfb53413c2cdec1\">Oferim diversos models que s\u2019adapten a cada projecte<\/p>\n\n<div class=\"wp-block-buttons is-layout-flex wp-block-buttons-is-layout-flex\"><div class=\"wp-block-button\"><a class=\"wp-block-button__link wp-element-button\" href=\"https:\/\/greencourt.mgcomunicacio.com\/ca\/solucions\/pistes-de-padel\/models-de-pistes-de-padel\/\">+info<\/a><\/div><\/div><\/div><\/div><div class=\"col img\"><div class=\"img-container\" style=\"background-image:url(https:\/\/greencourt.mgcomunicacio.com\/wp-content\/uploads\/2025\/07\/Pistas-de-padel-09.jpg)\"><\/div><\/div><\/div>\n\n<div class=\"wp-block-greencourt-ajedrez-interior interior maq_cols_flex cols_2\"><div class=\"col text\"><div class=\"text-wrapper\"><h2 class=\"wp-block-heading is-style-com_titular_1 has-gris-greencourt-color has-text-color has-link-color wp-elements-b4bd4cadea88100b83e9aa4004ae1fec\">Dissenya la teva pista<\/h2>\n\n<p class=\"is-style-com_titular_4 has-taronja-greencourt-color has-text-color has-link-color wp-elements-e9829d718ca5ad53f1d4409f0832d774\"><strong>Personalitza on-line de forma interactiva cada zona del camp amb la paleta dels 36 colors diponibles.<\/strong><\/p>\n\n<div class=\"wp-block-buttons is-layout-flex wp-block-buttons-is-layout-flex\"><div class=\"wp-block-button\"><a class=\"wp-block-button__link wp-element-button\" href=\"https:\/\/greencourt.mgcomunicacio.com\/ca\/solucions\/pistes-de-padel\/dissenya-la-teva-pista-de-padel\/\">+info<\/a><\/div><\/div><\/div><\/div><div class=\"col img\"><div class=\"img-container\" style=\"background-image:url(https:\/\/greencourt.mgcomunicacio.com\/wp-content\/uploads\/2025\/08\/Colores-de-pistas-deportivas-01.jpg)\"><\/div><\/div><\/div>\n\n<div class=\"wp-block-greencourt-ajedrez-interior interior maq_cols_flex cols_2\"><div class=\"col text\"><div class=\"text-wrapper\"><h2 class=\"wp-block-heading is-style-com_titular_1\">Manteniment de pistes de p\u00e0del<\/h2>\n\n<p class=\"is-style-com_titular_4 has-taronja-greencourt-color has-text-color has-link-color wp-elements-e86810a4a8aa0c59bdab79c5c2062664\">Servei integral: revisions, neteges, substitucions i millores a mida.<\/p>\n\n<div class=\"wp-block-buttons is-layout-flex wp-block-buttons-is-layout-flex\"><div class=\"wp-block-button\"><a class=\"wp-block-button__link wp-element-button\" href=\"https:\/\/greencourt.mgcomunicacio.com\/ca\/solucions\/pistes-de-padel\/manteniment-de-pistes-de-padel\/\">+info<\/a><\/div><\/div><\/div><\/div><div class=\"col img\"><div class=\"img-container\" style=\"background-image:url(https:\/\/greencourt.mgcomunicacio.com\/wp-content\/uploads\/2025\/08\/Pistas-de-padel-17.jpg)\"><\/div><\/div><\/div>\n\n<div class=\"wp-block-greencourt-ajedrez-interior interior maq_cols_flex cols_2\"><div class=\"col text\"><div class=\"text-wrapper\"><h2 class=\"wp-block-heading is-style-com_titular_1\">Il\u00b7luminaci\u00f3 de pistes<\/h2>\n\n<p class=\"is-style-com_titular_4 has-taronja-greencourt-color has-text-color has-link-color wp-elements-4faaca48c0e108a0e85e51dc8cf7875a\">Solucions d\u2019il\u00b7luminaci\u00f3 LED adaptades a tot tipus d\u2019instal\u00b7lacions esportives i espais exteriors<\/p>\n\n<div class=\"wp-block-buttons is-layout-flex wp-block-buttons-is-layout-flex\"><div class=\"wp-block-button\"><a class=\"wp-block-button__link wp-element-button\" href=\"https:\/\/greencourt.mgcomunicacio.com\/ca\/illuminacio-de-pistes\/\">+info<\/a><\/div><\/div><\/div><\/div><div class=\"col img\"><div class=\"img-container\" style=\"background-image:url(https:\/\/greencourt.mgcomunicacio.com\/wp-content\/uploads\/2025\/07\/Pistas-de-padel-13.jpg)\"><\/div><\/div><\/div><\/div><p><\/p>","protected":false},"excerpt":{"rendered":"","protected":false},"author":1,"featured_media":0,"parent":432,"menu_order":0,"comment_status":"closed","ping_status":"closed","template":"","meta":{"_acf_changed":false,"footnotes":""},"class_list":["post-341","page","type-page","status-publish","hentry"],"acf":[],"_links":{"self":[{"href":"https:\/\/greencourt.mgcomunicacio.com\/ca\/wp-json\/wp\/v2\/pages\/341","targetHints":{"allow":["GET"]}}],"collection":[{"href":"https:\/\/greencourt.mgcomunicacio.com\/ca\/wp-json\/wp\/v2\/pages"}],"about":[{"href":"https:\/\/greencourt.mgcomunicacio.com\/ca\/wp-json\/wp\/v2\/types\/page"}],"author":[{"embeddable":true,"href":"https:\/\/greencourt.mgcomunicacio.com\/ca\/wp-json\/wp\/v2\/users\/1"}],"replies":[{"embeddable":true,"href":"https:\/\/greencourt.mgcomunicacio.com\/ca\/wp-json\/wp\/v2\/comments?post=341"}],"version-history":[{"count":19,"href":"https:\/\/greencourt.mgcomunicacio.com\/ca\/wp-json\/wp\/v2\/pages\/341\/revisions"}],"predecessor-version":[{"id":6588,"href":"https:\/\/greencourt.mgcomunicacio.com\/ca\/wp-json\/wp\/v2\/pages\/341\/revisions\/6588"}],"up":[{"embeddable":true,"href":"https:\/\/greencourt.mgcomunicacio.com\/ca\/wp-json\/wp\/v2\/pages\/432"}],"wp:attachment":[{"href":"https:\/\/greencourt.mgcomunicacio.com\/ca\/wp-json\/wp\/v2\/media?parent=341"}],"curies":[{"name":"wp","href":"https:\/\/api.w.org\/{rel}","templated":true}]}}