{"id":343,"date":"2025-05-22T07:43:39","date_gmt":"2025-05-22T07:43:39","guid":{"rendered":"https:\/\/greencourt.mgcomunicacio.com\/?page_id=343"},"modified":"2025-12-10T08:41:01","modified_gmt":"2025-12-10T07:41:01","slug":"construccio-de-pistes-de-padel","status":"publish","type":"page","link":"https:\/\/greencourt.mgcomunicacio.com\/ca\/solucions\/pistes-de-padel\/construccio-de-pistes-de-padel\/","title":{"rendered":"Construcci\u00f3 de pistes de p\u00e0del"},"content":{"rendered":"<div class=\"wp-block-greencourt-cabecera mod-cabecera f1_2\"><div class=\"slider\"><div class=\"wp-block-greencourt-cabecera-interior slide\"><div class=\"maq-contenidor\" style=\"backdrop-filter: blur(0px)\"><div class=\"text\"><p class=\"has-text-align-center is-style-com_titular_1 has-blanc-color has-text-color has-link-color wp-elements-d110e95407d48d84c2b553e69eb8700a\">Constru\u00efm pistes<br>de p\u00e0del totals<\/p><\/div><\/div><div class=\"image\" style=\"background-image:url(https:\/\/greencourt.mgcomunicacio.com\/wp-content\/uploads\/2025\/07\/Pistas-de-padel-12.jpg)\"><\/div><\/div><\/div><\/div><div class=\"wp-block-greencourt-marges maq-contenidor normal marge-superior-gran marge-inferior-gran\" data-aos=\"off\" data-aos-delay=\"aos_delay\"><h1 class=\"wp-block-heading is-style-com_titular_2\">Construcci\u00f3 pistes de p\u00e0del:<br>el nostre sistema<\/h1>\n\n<div style=\"height:5vh\" aria-hidden=\"true\" class=\"wp-block-spacer\"><\/div>\n\n<p class=\"is-style-com_titular_4\">Construir una pista de p\u00e0del \u00e9s molt m\u00e9s que aixecar estructures met\u00e0l\u00b7liques o instal\u00b7lar cristalls. Requereix dominar cada fase perqu\u00e8 el conjunt ofereixi estabilitat, durabilitat i excel\u00b7l\u00e8ncia en el joc. <\/p>\n\n<p><\/p>\n\n<p class=\"is-style-com_titular_4\">Treballem amb estructures met\u00e0l\u00b7liques galvanitzades, alumini anoditzat o formig\u00f3 prefabricat, segons les condicions i l\u2019\u00fas previst de cada pista. A m\u00e9s, oferim opcions de pista panor\u00e0mica, il\u00b7luminaci\u00f3 LED integrada i c\u00e8sped artificial homologat per la Federaci\u00f3 Espanyola de P\u00e0del. Tot plegat amb un sistema modular que ens permet oferir terminis de muntatge r\u00e0pids i solucions personalitzades.<\/p><\/div><div style=\"height:10vh\" aria-hidden=\"true\" class=\"wp-block-spacer\"><\/div><div class=\"wp-block-greencourt-marges maq-contenidor fullwidth marge-superior-petit marge-inferior-\" data-aos=\"off\" data-aos-delay=\"aos_delay\"><figure class=\"wp-block-image size-full\"><img loading=\"lazy\" decoding=\"async\" width=\"2500\" height=\"1667\" src=\"https:\/\/greencourt.mgcomunicacio.com\/wp-content\/uploads\/2025\/07\/Pistas-de-padel-11.jpg\" alt=\"\" class=\"wp-image-943\" srcset=\"https:\/\/greencourt.mgcomunicacio.com\/wp-content\/uploads\/2025\/07\/Pistas-de-padel-11.jpg 2500w, https:\/\/greencourt.mgcomunicacio.com\/wp-content\/uploads\/2025\/07\/Pistas-de-padel-11-600x400.jpg 600w, https:\/\/greencourt.mgcomunicacio.com\/wp-content\/uploads\/2025\/07\/Pistas-de-padel-11-300x200.jpg 300w, https:\/\/greencourt.mgcomunicacio.com\/wp-content\/uploads\/2025\/07\/Pistas-de-padel-11-1024x683.jpg 1024w, https:\/\/greencourt.mgcomunicacio.com\/wp-content\/uploads\/2025\/07\/Pistas-de-padel-11-768x512.jpg 768w, https:\/\/greencourt.mgcomunicacio.com\/wp-content\/uploads\/2025\/07\/Pistas-de-padel-11-1536x1024.jpg 1536w, https:\/\/greencourt.mgcomunicacio.com\/wp-content\/uploads\/2025\/07\/Pistas-de-padel-11-2048x1366.jpg 2048w, https:\/\/greencourt.mgcomunicacio.com\/wp-content\/uploads\/2025\/07\/Pistas-de-padel-11-340x227.jpg 340w, https:\/\/greencourt.mgcomunicacio.com\/wp-content\/uploads\/2025\/07\/Pistas-de-padel-11-140x93.jpg 140w\" sizes=\"auto, (max-width: 2500px) 100vw, 2500px\" \/><\/figure><\/div><div style=\"height:10vh\" aria-hidden=\"true\" class=\"wp-block-spacer\"><\/div><div class=\"wp-block-greencourt-marges maq-contenidor normal marge-superior-petit marge-inferior-\" data-aos=\"off\" data-aos-delay=\"aos_delay\"><h2 class=\"wp-block-heading is-style-com_titular_2\">Caracter\u00edstiques de les pistes de p\u00e0del Greencourt<\/h2><\/div><div style=\"height:10vh\" aria-hidden=\"true\" class=\"wp-block-spacer\"><\/div><div class=\"wp-block-greencourt-ajedrez mod-escacs align-superior marge-superior- marge-inferior-\"><div class=\"wp-block-greencourt-ajedrez-interior interior maq_cols_flex cols_2\"><div class=\"col text\"><div class=\"text-wrapper\"><h3 class=\"wp-block-heading is-style-com_titular_2 has-taronja-greencourt-color has-text-color has-link-color wp-elements-3e3adfcb90ec22aaad75e52b5e12ac76\">Base i drenatge<\/h3>\n\n<p><\/p>\n\n<p class=\"is-style-com_titular_4 has-gris-greencourt-color has-text-color has-link-color wp-elements-9a99b7bbff1ae3ba94db14ffbe648003\">Zuncho perimetral de 40\u00d720\u202fcm armat, paviment de formig\u00f3 por\u00f3s d\u2019uns 8\u202fcm sobre una base de graves de 10\u202fcm. Tot aix\u00f2 assegura un drenatge eficient i una estructura s\u00f2lida.<\/p><\/div><\/div><div class=\"col img\"><div class=\"img-container\" style=\"background-image:url(https:\/\/greencourt.mgcomunicacio.com\/wp-content\/uploads\/2025\/07\/Pistas-de-padel-01.jpg)\"><\/div><\/div><\/div>\n\n<div class=\"wp-block-greencourt-ajedrez-interior interior maq_cols_flex cols_2\"><div class=\"col text\"><div class=\"text-wrapper\"><h3 class=\"wp-block-heading is-style-com_titular_2 has-taronja-greencourt-color has-text-color has-link-color wp-elements-d92b38c9e1ee7bddc39f724f6b821314\">Estructura robusta<\/h3>\n\n<p><\/p>\n\n<p class=\"is-style-com_titular_4 has-gris-greencourt-color has-text-color has-link-color wp-elements-75e0429a22d5b9d97b7ea10b08a8a981\">Opcions en ferro galvanitzat o alumini anoditzat segons el model. Tots els components, inclosa la tornilleria d\u2019acer inoxidable, estan pensats per resistir al clima, especialment en zones costaneres.<\/p><\/div><\/div><div class=\"col img\"><div class=\"img-container\" style=\"background-image:url(https:\/\/greencourt.mgcomunicacio.com\/wp-content\/uploads\/2025\/11\/Pistas-de-padel-18.jpg)\"><\/div><\/div><\/div>\n\n<div class=\"wp-block-greencourt-ajedrez-interior interior maq_cols_flex cols_2\"><div class=\"col text\"><div class=\"text-wrapper\"><h3 class=\"wp-block-heading is-style-com_titular_2 has-taronja-greencourt-color has-text-color has-link-color wp-elements-e04850d714d5d2a34ae0e3f2b466bce6\">Tancament i vidres<\/h3>\n\n<p><\/p>\n\n<p class=\"is-style-com_titular_4 has-gris-greencourt-color has-text-color has-link-color wp-elements-dcf3fefbcaf22827994749337b32c8b6\">Vidres de 10 o 12\u202fmm segons model i visibilitat, amb disseny panor\u00e0mic si es desitja maximitzar la vista interior de la pista.<\/p><\/div><\/div><div class=\"col img\"><div class=\"img-container\" style=\"background-image:url(https:\/\/greencourt.mgcomunicacio.com\/wp-content\/uploads\/2025\/07\/Pistas-de-padel-10.jpg)\"><\/div><\/div><\/div>\n\n<div class=\"wp-block-greencourt-ajedrez-interior interior maq_cols_flex cols_2\"><div class=\"col text\"><div class=\"text-wrapper\"><h3 class=\"wp-block-heading is-style-com_titular_2 has-taronja-greencourt-color has-text-color has-link-color wp-elements-ecbe1647f51a15562b44f627f42bbbf5\">Paviments i revestiments<\/h3>\n\n<p><\/p>\n\n<p class=\"is-style-com_titular_4 has-gris-greencourt-color has-text-color has-link-color wp-elements-4c8d47adbf87bb638485447e175c570b\">Paviment espec\u00edfic (c\u00e8sped artificial homologat o altres opcions), aplicat sobre la base de formig\u00f3 per garantir seguretat, confort i adher\u00e8ncia..<\/p><\/div><\/div><div class=\"col img\"><div class=\"img-container\" style=\"background-image:url(https:\/\/greencourt.mgcomunicacio.com\/wp-content\/uploads\/2025\/07\/Pistas-de-padel-03.jpg)\"><\/div><\/div><\/div>\n\n<div class=\"wp-block-greencourt-ajedrez-interior interior maq_cols_flex cols_2\"><div class=\"col text\"><div class=\"text-wrapper\"><h3 class=\"wp-block-heading is-style-com_titular_2 has-taronja-greencourt-color has-text-color has-link-color wp-elements-09c2c748375be9e5bfb24fca4cd07a98\">Personalitzaci\u00f3 i acabats<\/h3>\n\n<p><\/p>\n\n<p class=\"is-style-com_titular_4 has-gris-greencourt-color has-text-color has-link-color wp-elements-bff64ece9e3293fac7dc388ec5b78dd8\">Pintura amb resina poli\u00e8ster, acabats RAL, opcions imitant fusta, assegurant identitat visual i qualitat. En cas d\u2019alumini anoditzat, la pintura no ser\u00e0 necess\u00e0ria amb zero oxidaci\u00f3 de manteniment.<\/p>\n\n<div class=\"wp-block-buttons is-layout-flex wp-block-buttons-is-layout-flex\"><div class=\"wp-block-button\"><a class=\"wp-block-button__link has-text-align-left wp-element-button\" href=\"https:\/\/greencourt.mgcomunicacio.com\/ca\/solucions\/pistes-de-padel\/dissenya-la-teva-pista-de-padel\/\"><strong>Dissenya la teva pista<\/strong> de p\u00e0del<\/a><\/div><\/div><\/div><\/div><div class=\"col img\"><div class=\"img-container\" style=\"background-image:url(https:\/\/greencourt.mgcomunicacio.com\/wp-content\/uploads\/2025\/07\/Pistas-de-padel-07.jpg)\"><\/div><\/div><\/div>\n\n<div class=\"wp-block-greencourt-ajedrez-interior interior maq_cols_flex cols_2\"><div class=\"col text\"><div class=\"text-wrapper\"><h3 class=\"wp-block-heading is-style-com_titular_2 has-taronja-greencourt-color has-text-color has-link-color wp-elements-646eaab39b90256ed54f18f5d740f75d\">Post venda i manteniment<\/h3>\n\n<p><\/p>\n\n<p class=\"is-style-com_titular_4 has-gris-greencourt-color has-text-color has-link-color wp-elements-e5f230574ead6b49174e479fd18d5ec7\">Inclou formaci\u00f3 t\u00e8cnica, venda d\u2019eines per al manteniment  (Descompactadora, reposici\u00f3 de vidres&#8230;), serveis regulats de manteniment per preservar l\u2019estat \u00f2ptim de la pista al llarg del temps.<\/p><\/div><\/div><div class=\"col img\"><div class=\"img-container\" style=\"background-image:url(https:\/\/greencourt.mgcomunicacio.com\/wp-content\/uploads\/2025\/07\/Pistas-de-padel-04.jpg)\"><\/div><\/div><\/div><\/div><p><\/p>","protected":false},"excerpt":{"rendered":"","protected":false},"author":1,"featured_media":0,"parent":341,"menu_order":0,"comment_status":"closed","ping_status":"closed","template":"","meta":{"_acf_changed":false,"footnotes":""},"class_list":["post-343","page","type-page","status-publish","hentry"],"acf":[],"_links":{"self":[{"href":"https:\/\/greencourt.mgcomunicacio.com\/ca\/wp-json\/wp\/v2\/pages\/343","targetHints":{"allow":["GET"]}}],"collection":[{"href":"https:\/\/greencourt.mgcomunicacio.com\/ca\/wp-json\/wp\/v2\/pages"}],"about":[{"href":"https:\/\/greencourt.mgcomunicacio.com\/ca\/wp-json\/wp\/v2\/types\/page"}],"author":[{"embeddable":true,"href":"https:\/\/greencourt.mgcomunicacio.com\/ca\/wp-json\/wp\/v2\/users\/1"}],"replies":[{"embeddable":true,"href":"https:\/\/greencourt.mgcomunicacio.com\/ca\/wp-json\/wp\/v2\/comments?post=343"}],"version-history":[{"count":24,"href":"https:\/\/greencourt.mgcomunicacio.com\/ca\/wp-json\/wp\/v2\/pages\/343\/revisions"}],"predecessor-version":[{"id":6600,"href":"https:\/\/greencourt.mgcomunicacio.com\/ca\/wp-json\/wp\/v2\/pages\/343\/revisions\/6600"}],"up":[{"embeddable":true,"href":"https:\/\/greencourt.mgcomunicacio.com\/ca\/wp-json\/wp\/v2\/pages\/341"}],"wp:attachment":[{"href":"https:\/\/greencourt.mgcomunicacio.com\/ca\/wp-json\/wp\/v2\/media?parent=343"}],"curies":[{"name":"wp","href":"https:\/\/api.w.org\/{rel}","templated":true}]}}