{"id":345,"date":"2025-05-22T07:44:21","date_gmt":"2025-05-22T07:44:21","guid":{"rendered":"https:\/\/greencourt.mgcomunicacio.com\/?page_id=345"},"modified":"2025-12-10T08:42:28","modified_gmt":"2025-12-10T07:42:28","slug":"models-de-pistes-de-padel","status":"publish","type":"page","link":"https:\/\/greencourt.mgcomunicacio.com\/ca\/solucions\/pistes-de-padel\/models-de-pistes-de-padel\/","title":{"rendered":"Models de pistes de p\u00e0del"},"content":{"rendered":"<div class=\"wp-block-greencourt-cabecera mod-cabecera f1_2\"><div class=\"slider\"><div class=\"wp-block-greencourt-cabecera-interior slide\"><div class=\"maq-contenidor\" style=\"backdrop-filter: blur(0px)\"><div class=\"text\"><p class=\"has-text-align-center is-style-com_titular_1 has-blanc-color has-text-color has-link-color wp-elements-31907f4e7a7be930684651e407c1eddb\">Una pista per<br>a cada projecte<\/p><\/div><\/div><div class=\"image\" style=\"background-image:url(https:\/\/greencourt.mgcomunicacio.com\/wp-content\/uploads\/2025\/07\/Pistas-de-padel-09.jpg)\"><\/div><\/div><\/div><\/div><div class=\"wp-block-greencourt-marges maq-contenidor normal marge-superior-gran marge-inferior-gran\" data-aos=\"off\" data-aos-delay=\"aos_delay\"><h1 class=\"wp-block-heading is-style-com_titular_2\">Solucions de p\u00e0del adaptades a cada necessitat<\/h1>\n\n<div style=\"height:5vh\" aria-hidden=\"true\" class=\"wp-block-spacer\"><\/div>\n\n<p class=\"is-style-com_titular_4\">Ens encarreguem de tot el proc\u00e9s: fonamentaci\u00f3, drenatge, estructura, vidres, paviment, accessos i manteniment posterior. Perqu\u00e8 una bona pista de p\u00e0del no \u00e9s nom\u00e9s q\u00fcesti\u00f3 de materials, sin\u00f3 de precisi\u00f3 en l\u2019execuci\u00f3 i criteri t\u00e8cnic en cada detall.<\/p>\n\n<p><\/p>\n\n<p class=\"is-style-com_titular_4\">Apostem per la innovaci\u00f3, per\u00f2 tamb\u00e9 per la senzillesa funcional. Per aix\u00f2 oferim diversos models que s\u2019adapten a cada projecte:<\/p><\/div><div style=\"height:10vh\" aria-hidden=\"true\" class=\"wp-block-spacer\"><\/div><div class=\"wp-block-greencourt-marges maq-contenidor normal marge-superior-petit marge-inferior-\" data-aos=\"off\" data-aos-delay=\"aos_delay\"><h2 class=\"wp-block-heading is-style-com_titular_2\">Models de pistes de p\u00e0del Greencourt<\/h2><\/div><div style=\"height:10vh\" aria-hidden=\"true\" class=\"wp-block-spacer\"><\/div><div class=\"wp-block-greencourt-ajedrez mod-escacs align-superior marge-superior- marge-inferior-\"><div class=\"wp-block-greencourt-ajedrez-interior interior maq_cols_flex cols_2\"><div class=\"col text\"><div class=\"text-wrapper\"><h3 class=\"wp-block-heading is-style-com_titular_2 has-taronja-greencourt-color has-text-color has-link-color wp-elements-3cb3d3db45a7e8733c83c9da34894b21\">Stadium Pro Greencourt<\/h3>\n\n<p><\/p>\n\n<p class=\"is-style-com_titular_4 has-gris-greencourt-color has-text-color has-link-color wp-elements-3f226eb8053e650fc4b22738eed33c7b\">El nostre model m\u00e9s popular combina una estructura galvanitzada amb vidres temperats de 10 mm, ideal per a clubs i instal\u00b7lacions d\u2019\u00fas intensiu. Amb dimensions interiors de 20 \u00d7 10 m i un tancament de malla electrosoldada 50\u00d750 mm sobre perfils tubulars, ofereix una gran solidesa i durabilitat. <\/p>\n\n<p><\/p>\n\n<p class=\"is-style-com_titular_4 has-gris-greencourt-color has-text-color has-link-color wp-elements-da47d20ef34e010a845c7ab842c826ad\">L\u2019estructura d\u2019acer S-235 JR i els tractaments de galvanitzat i pintura poli\u00e8ster termoendure\u00efble garanteixen una llarga vida \u00fatil i un excel\u00b7lent comportament a la intemp\u00e8rie.<\/p>\n\n<div class=\"wp-block-buttons is-layout-flex wp-block-buttons-is-layout-flex\"><div class=\"wp-block-button\"><a class=\"wp-block-button__link wp-element-button\" href=\"https:\/\/greencourt.mgcomunicacio.com\/ca\/contacte\/#form\">+ info<\/a><\/div><\/div><\/div><\/div><div class=\"col img\"><div class=\"img-container\" style=\"background-image:url(https:\/\/greencourt.mgcomunicacio.com\/wp-content\/uploads\/2025\/11\/Pista-de-Padel-Model-Stadium-Pro-Greencourt-02.jpg)\"><\/div><\/div><\/div>\n\n<div class=\"wp-block-greencourt-ajedrez-interior interior maq_cols_flex cols_2\"><div class=\"col text\"><div class=\"text-wrapper\"><h3 class=\"wp-block-heading is-style-com_titular_2 has-taronja-greencourt-color has-text-color has-link-color wp-elements-2c10402d2e37ec5164a2f1155bc46ab1\">Panoramica Stadium Greencourt<\/h3>\n\n<p><\/p>\n\n<p class=\"is-style-com_titular_4 has-gris-greencourt-color has-text-color has-link-color wp-elements-c26fe3ff0f02170590cf2393d0527e72\">Dissenyada per oferir una visi\u00f3 total del per\u00edmetre, aquesta pista \u00e9s ideal per a clubs que busquen una est\u00e8tica neta i professional. Parteix del model Pro Tour 10 i incorpora vidres temperats de 12 mm per maximitzar la visibilitat, aix\u00ed com un sistema antivibraci\u00f3 amb refor\u00e7os en totes les unions.<\/p>\n\n<p><\/p>\n\n<p class=\"is-style-com_titular_4 has-gris-greencourt-color has-text-color has-link-color wp-elements-9754afd9c158234a2025f039eb0270b7\">Compleix totes les especificacions t\u00e8cniques i de seguretat exigides per federacions i competicions professionals.<\/p>\n\n<div class=\"wp-block-buttons is-layout-flex wp-block-buttons-is-layout-flex\"><div class=\"wp-block-button\"><a class=\"wp-block-button__link wp-element-button\" href=\"https:\/\/greencourt.mgcomunicacio.com\/ca\/contacte\/#form\">+ info<\/a><\/div><\/div><\/div><\/div><div class=\"col img\"><div class=\"img-container\" style=\"background-image:url(https:\/\/greencourt.mgcomunicacio.com\/wp-content\/uploads\/2025\/11\/Pistas-de-padel-20.jpg)\"><\/div><\/div><\/div>\n\n<div class=\"wp-block-greencourt-ajedrez-interior interior maq_cols_flex cols_2\"><div class=\"col text\"><div class=\"text-wrapper\"><h3 class=\"wp-block-heading is-style-com_titular_2 has-taronja-greencourt-color has-text-color has-link-color wp-elements-d9bc37f2ebfa2ac817dc001716f0aead\">Pista d\u2019alumini anoditzat<\/h3>\n\n<p><\/p>\n\n<p class=\"is-style-com_titular_4\">Pensada per resistir entorns mar\u00edtims i climes extrems, aquesta pista d\u2019alumini ofereix una est\u00e8tica d\u2019alta gamma i no requereix manteniment de pintura. <\/p>\n\n<p><\/p>\n\n<p class=\"is-style-com_titular_4\">L\u2019estructura, fabricada en alumini d\u2019alta qualitat amb acabat anoditzat, garanteix una resist\u00e8ncia excepcional a la corrosi\u00f3. El sistema permet personalitzar qualsevol color RAL i destaca tamb\u00e9 per la seva sostenibilitat: l\u2019alumini \u00e9s 100 % reciclable i l\u2019estructura compta amb una garantia de 10 anys tant en el material com en el lacat o anoditzat.t.<\/p>\n\n<div class=\"wp-block-buttons is-layout-flex wp-block-buttons-is-layout-flex\"><div class=\"wp-block-button\"><a class=\"wp-block-button__link wp-element-button\" href=\"https:\/\/greencourt.mgcomunicacio.com\/ca\/contacte\/#form\">+ info<\/a><\/div><\/div><\/div><\/div><div class=\"col img\"><div class=\"img-container\" style=\"background-image:url(https:\/\/greencourt.mgcomunicacio.com\/wp-content\/uploads\/2025\/11\/Pistas-de-padel-19.jpg)\"><\/div><\/div><\/div>\n\n<div class=\"wp-block-greencourt-ajedrez-interior interior maq_cols_flex cols_2\"><div class=\"col text\"><div class=\"text-wrapper\"><h3 class=\"wp-block-heading is-style-com_titular_2 has-taronja-greencourt-color has-text-color has-link-color wp-elements-7b2fcca0687835bc6d9c3c85e538c0eb\">Pista amb murs de formig\u00f3 prefabricat<\/h3>\n\n<p><\/p>\n\n<p class=\"is-style-com_titular_4 has-gris-greencourt-color has-text-color has-link-color wp-elements-cc437bbbed86c098b995c52ebbba62d5\">Una opci\u00f3 robusta i molt duradora, ideal per a instal\u00b7lacions municipals o entorns amb un \u00fas intensiu. El sistema combina murs prefabricats de formig\u00f3 amb estructura met\u00e0l\u00b7lica, utilitzant peces planes de 10 cm de gruix amb un armat de 15\u00d715 cm.<\/p>\n\n<p><\/p>\n\n<p class=\"is-style-com_titular_4 has-gris-greencourt-color has-text-color has-link-color wp-elements-bf134788cb01f25bf2e09e5904b9dd65\">Destaca pel muntatge r\u00e0pid, la gran durabilitat i l\u2019elevat rendiment, i incorpora un acabat final amb resina de poli\u00e8ster d\u2019alta resist\u00e8ncia.<\/p>\n\n<div class=\"wp-block-buttons is-layout-flex wp-block-buttons-is-layout-flex\"><div class=\"wp-block-button\"><a class=\"wp-block-button__link wp-element-button\" href=\"https:\/\/greencourt.mgcomunicacio.com\/ca\/contacte\/#form\">+ info<\/a><\/div><\/div><\/div><\/div><div class=\"col img\"><div class=\"img-container\" style=\"background-image:url(https:\/\/greencourt.mgcomunicacio.com\/wp-content\/uploads\/2025\/11\/Pista-de-Padel-Model-formigo-02.jpg)\"><\/div><\/div><\/div>\n\n<div class=\"wp-block-greencourt-ajedrez-interior interior maq_cols_flex cols_2\"><div class=\"col text\"><div class=\"text-wrapper\"><h3 class=\"wp-block-heading is-style-com_titular_2 has-taronja-greencourt-color has-text-color has-link-color wp-elements-5e11a6ed897a81a500eb926e50da4f57\">Gespa P\u00e1del<\/h3>\n\n<p><\/p>\n\n<p class=\"is-style-com_titular_4 has-gris-greencourt-color has-text-color has-link-color wp-elements-9269c93fe8ad8fb1f1ccd6846016752e\">Greencourt \u00e9s distribu\u00efdor i instal\u00b7lador de les millors marques de gespa artificial europees per a pistes de p\u00e0del. Els nostres models estan homologats per la FEP.<\/p>\n\n<p><\/p>\n\n<p class=\"is-style-com_titular_4\">Greencourt treballa amb les millors marques internacionals de soluciones de gespa per p\u00e0del Mondo\u00ae i Turfgrass\u00ae.<\/p>\n\n<div class=\"wp-block-buttons is-layout-flex wp-block-buttons-is-layout-flex\"><div class=\"wp-block-button\"><a class=\"wp-block-button__link wp-element-button\" href=\"https:\/\/greencourt.mgcomunicacio.com\/ca\/contacte\/#form\">+ info<\/a><\/div><\/div><\/div><\/div><div class=\"col img\"><div class=\"img-container\" style=\"background-image:url(https:\/\/greencourt.mgcomunicacio.com\/wp-content\/uploads\/2025\/07\/Pistas-de-padel-02.jpg)\"><\/div><\/div><\/div><\/div><p><\/p>","protected":false},"excerpt":{"rendered":"","protected":false},"author":1,"featured_media":0,"parent":341,"menu_order":0,"comment_status":"closed","ping_status":"closed","template":"","meta":{"_acf_changed":false,"footnotes":""},"class_list":["post-345","page","type-page","status-publish","hentry"],"acf":[],"_links":{"self":[{"href":"https:\/\/greencourt.mgcomunicacio.com\/ca\/wp-json\/wp\/v2\/pages\/345","targetHints":{"allow":["GET"]}}],"collection":[{"href":"https:\/\/greencourt.mgcomunicacio.com\/ca\/wp-json\/wp\/v2\/pages"}],"about":[{"href":"https:\/\/greencourt.mgcomunicacio.com\/ca\/wp-json\/wp\/v2\/types\/page"}],"author":[{"embeddable":true,"href":"https:\/\/greencourt.mgcomunicacio.com\/ca\/wp-json\/wp\/v2\/users\/1"}],"replies":[{"embeddable":true,"href":"https:\/\/greencourt.mgcomunicacio.com\/ca\/wp-json\/wp\/v2\/comments?post=345"}],"version-history":[{"count":36,"href":"https:\/\/greencourt.mgcomunicacio.com\/ca\/wp-json\/wp\/v2\/pages\/345\/revisions"}],"predecessor-version":[{"id":6601,"href":"https:\/\/greencourt.mgcomunicacio.com\/ca\/wp-json\/wp\/v2\/pages\/345\/revisions\/6601"}],"up":[{"embeddable":true,"href":"https:\/\/greencourt.mgcomunicacio.com\/ca\/wp-json\/wp\/v2\/pages\/341"}],"wp:attachment":[{"href":"https:\/\/greencourt.mgcomunicacio.com\/ca\/wp-json\/wp\/v2\/media?parent=345"}],"curies":[{"name":"wp","href":"https:\/\/api.w.org\/{rel}","templated":true}]}}