{"id":351,"date":"2025-05-22T07:47:47","date_gmt":"2025-05-22T07:47:47","guid":{"rendered":"https:\/\/greencourt.mgcomunicacio.com\/?page_id=351"},"modified":"2025-12-10T08:30:08","modified_gmt":"2025-12-10T07:30:08","slug":"camps-de-futbol","status":"publish","type":"page","link":"https:\/\/greencourt.mgcomunicacio.com\/ca\/solucions\/camps-de-futbol\/","title":{"rendered":"Camps de Futbol"},"content":{"rendered":"<div class=\"wp-block-greencourt-cabecera mod-cabecera f1_2\"><div class=\"slider\"><div class=\"wp-block-greencourt-cabecera-interior slide\"><div class=\"maq-contenidor\" style=\"backdrop-filter: blur(0px)\"><div class=\"text\"><h1 class=\"wp-block-heading has-text-align-center is-style-com_titular_1 has-blanc-color has-text-color has-link-color wp-elements-1541b1b50c16adb20e3ddc32ef09e124\">Construcci\u00f3 de<br>camps de futbol<\/h1><\/div><\/div><div class=\"image\" style=\"background-image:url(https:\/\/greencourt.mgcomunicacio.com\/wp-content\/uploads\/2025\/11\/construccion-y-mantenimiento-de-Campos-de-futbol-14.jpg)\"><\/div><\/div><\/div><\/div><div class=\"wp-block-greencourt-marges maq-contenidor normal marge-superior-gran marge-inferior-gran\" data-aos=\"off\" data-aos-delay=\"aos_delay\"><h2 class=\"wp-block-heading is-style-com_titular_2\"><strong>Futbol a mida,<\/strong><br><strong>per jugar-lo de deb\u00f2<\/strong><\/h2>\n\n<div style=\"height:5vh\" aria-hidden=\"true\" class=\"wp-block-spacer\"><\/div>\n\n<p class=\"is-style-com_titular_4\">A Greencourt dissenyem i constru\u00efm camps de futbol pensats per durar, adaptats a cada entorn, \u00fas i nivell de joc. Ens encarreguem tant de grans instal\u00b7lacions esportives com de camps escolars, municipals o d\u2019equipaments privats, amb una visi\u00f3 t\u00e8cnica i una execuci\u00f3 rigorosa. Apostem per solucions constructives d\u2019\u00faltima generaci\u00f3 i materials de primer nivell que garanteixen un joc fluid, segur i professional al llarg del temps.<\/p>\n\n<p><\/p>\n\n<p class=\"is-style-com_titular_4\">Cada projecte es dissenya de manera personalitzada, analitzant el terreny, les condicions clim\u00e0tiques i les necessitats espec\u00edfiques del client. Cuidem tots els detalls, des del sistema de drenatge fins a l\u2019enllumenat i l\u2019equipament esportiu, per oferir un resultat complet, coherent i funcional. Perqu\u00e8 entenem que un bon camp no nom\u00e9s ha de complir amb les normes, sin\u00f3 inspirar confian\u00e7a a qui el fa servir.<\/p><\/div><div style=\"height:10vh\" aria-hidden=\"true\" class=\"wp-block-spacer\"><\/div><div class=\"wp-block-greencourt-ajedrez mod-escacs align-superior marge-superior- marge-inferior-\"><div class=\"wp-block-greencourt-ajedrez-interior interior maq_cols_flex cols_2\"><div class=\"col text\"><div class=\"text-wrapper\"><h2 class=\"wp-block-heading is-style-com_titular_1\">Construcci\u00f3 de camps de futbol<\/h2>\n\n<p class=\"is-style-com_titular_4 has-taronja-greencourt-color has-text-color has-link-color wp-elements-a2b7c1c468141ebbf775e1ab0f8d5459\">Projectes clau en m\u00e0 amb tot l\u2019equipament esportiu i els acabats t\u00e8cnics necessaris.<\/p>\n\n<div class=\"wp-block-buttons is-layout-flex wp-block-buttons-is-layout-flex\"><div class=\"wp-block-button\"><a class=\"wp-block-button__link wp-element-button\" href=\"https:\/\/greencourt.mgcomunicacio.com\/ca\/solucions\/camps-de-futbol\/construccio-de-camps-de-futbol\/\">+info<\/a><\/div><\/div><\/div><\/div><div class=\"col img\"><div class=\"img-container\" style=\"background-image:url(https:\/\/greencourt.mgcomunicacio.com\/wp-content\/uploads\/2025\/08\/construccion-y-mantenimiento-de-Campos-de-futbol-13.jpg)\"><\/div><\/div><\/div>\n\n<div class=\"wp-block-greencourt-ajedrez-interior interior maq_cols_flex cols_2\"><div class=\"col text\"><div class=\"text-wrapper\"><h2 class=\"wp-block-heading is-style-com_titular_1\">Manteniment de camps de futbol<\/h2>\n\n<p class=\"is-style-com_titular_4 has-taronja-greencourt-color has-text-color has-link-color wp-elements-fd8c1716a001b66bd43fef48dc2b73f0\">Optimitzem la durabilitat i minimitzem costos amb un pla d\u2019actuaci\u00f3 eficient i personalitzat.<\/p>\n\n<div class=\"wp-block-buttons is-layout-flex wp-block-buttons-is-layout-flex\"><div class=\"wp-block-button\"><a class=\"wp-block-button__link wp-element-button\" href=\"https:\/\/greencourt.mgcomunicacio.com\/ca\/solucions\/camps-de-futbol\/manteniment-de-camps-de-futbol\/\">+info<\/a><\/div><\/div><\/div><\/div><div class=\"col img\"><div class=\"img-container\" style=\"background-image:url(https:\/\/greencourt.mgcomunicacio.com\/wp-content\/uploads\/2025\/08\/construccion-y-mantenimiento-de-Campos-de-futbol-12.jpg)\"><\/div><\/div><\/div>\n\n<div class=\"wp-block-greencourt-ajedrez-interior interior maq_cols_flex cols_2\"><div class=\"col text\"><div class=\"text-wrapper\"><h2 class=\"wp-block-heading is-style-com_titular_1\">Il\u00b7luminaci\u00f3 de pistes<\/h2>\n\n<p class=\"is-style-com_titular_4 has-taronja-greencourt-color has-text-color has-link-color wp-elements-4faaca48c0e108a0e85e51dc8cf7875a\">Solucions d\u2019il\u00b7luminaci\u00f3 LED adaptades a tot tipus d\u2019instal\u00b7lacions esportives i espais exteriors<\/p>\n\n<div class=\"wp-block-buttons is-layout-flex wp-block-buttons-is-layout-flex\"><div class=\"wp-block-button\"><a class=\"wp-block-button__link wp-element-button\" href=\"https:\/\/greencourt.mgcomunicacio.com\/ca\/illuminacio-de-pistes\/\">+info<\/a><\/div><\/div><\/div><\/div><div class=\"col img\"><div class=\"img-container\" style=\"background-image:url(https:\/\/greencourt.mgcomunicacio.com\/wp-content\/uploads\/2025\/11\/construccion-y-mantenimiento-de-Campos-de-futbol-15.jpg)\"><\/div><\/div><\/div><\/div><p><\/p>","protected":false},"excerpt":{"rendered":"","protected":false},"author":1,"featured_media":0,"parent":432,"menu_order":0,"comment_status":"closed","ping_status":"closed","template":"","meta":{"_acf_changed":false,"footnotes":""},"class_list":["post-351","page","type-page","status-publish","hentry"],"acf":[],"_links":{"self":[{"href":"https:\/\/greencourt.mgcomunicacio.com\/ca\/wp-json\/wp\/v2\/pages\/351","targetHints":{"allow":["GET"]}}],"collection":[{"href":"https:\/\/greencourt.mgcomunicacio.com\/ca\/wp-json\/wp\/v2\/pages"}],"about":[{"href":"https:\/\/greencourt.mgcomunicacio.com\/ca\/wp-json\/wp\/v2\/types\/page"}],"author":[{"embeddable":true,"href":"https:\/\/greencourt.mgcomunicacio.com\/ca\/wp-json\/wp\/v2\/users\/1"}],"replies":[{"embeddable":true,"href":"https:\/\/greencourt.mgcomunicacio.com\/ca\/wp-json\/wp\/v2\/comments?post=351"}],"version-history":[{"count":25,"href":"https:\/\/greencourt.mgcomunicacio.com\/ca\/wp-json\/wp\/v2\/pages\/351\/revisions"}],"predecessor-version":[{"id":6591,"href":"https:\/\/greencourt.mgcomunicacio.com\/ca\/wp-json\/wp\/v2\/pages\/351\/revisions\/6591"}],"up":[{"embeddable":true,"href":"https:\/\/greencourt.mgcomunicacio.com\/ca\/wp-json\/wp\/v2\/pages\/432"}],"wp:attachment":[{"href":"https:\/\/greencourt.mgcomunicacio.com\/ca\/wp-json\/wp\/v2\/media?parent=351"}],"curies":[{"name":"wp","href":"https:\/\/api.w.org\/{rel}","templated":true}]}}