{"id":353,"date":"2025-05-22T07:48:13","date_gmt":"2025-05-22T07:48:13","guid":{"rendered":"https:\/\/greencourt.mgcomunicacio.com\/?page_id=353"},"modified":"2025-11-27T19:58:14","modified_gmt":"2025-11-27T18:58:14","slug":"construccio-de-camps-de-futbol","status":"publish","type":"page","link":"https:\/\/greencourt.mgcomunicacio.com\/ca\/solucions\/camps-de-futbol\/construccio-de-camps-de-futbol\/","title":{"rendered":"Construcci\u00f3 de camps de futbol"},"content":{"rendered":"<div class=\"wp-block-greencourt-cabecera mod-cabecera f1_2\"><div class=\"slider\"><div class=\"wp-block-greencourt-cabecera-interior slide\"><div class=\"maq-contenidor\" style=\"backdrop-filter: blur(0px)\"><div class=\"text\"><p class=\"has-text-align-center is-style-com_titular_1 has-blanc-color has-text-color has-link-color wp-elements-933d98fd02f62af21fe24e27b61b6474\">Dissenyats a mida<br>d\u2019alt nivell<\/p><\/div><\/div><div class=\"image\" style=\"background-image:url(https:\/\/greencourt.mgcomunicacio.com\/wp-content\/uploads\/2025\/08\/construccion-y-mantenimiento-de-Campos-de-futbol-02-scaled.jpg)\"><\/div><\/div><\/div><\/div><div class=\"wp-block-greencourt-marges maq-contenidor normal marge-superior-gran marge-inferior-gran\" data-aos=\"off\" data-aos-delay=\"aos_delay\"><h1 class=\"wp-block-heading is-style-com_titular_2\">Construcci\u00f3 de camps de futbol.<br>Qualitat des del primer metre.<\/h1>\n\n<div style=\"height:5vh\" aria-hidden=\"true\" class=\"wp-block-spacer\"><\/div>\n\n<p class=\"is-style-com_titular_4\">La qualitat d\u2019un camp comen\u00e7a a sota. A Greencourt constru\u00efm camps de futbol sobre bases s\u00f2lides, ben compactades i amb sistemes de drenatge eficients, que garanteixen estabilitat i durabilitat a llarg termini. Fem servir gespes artificials de primer nivell, certificades per la FIFA, amb diferents al\u00e7ades, densitats i sistemes de farciment segons el nivell de joc, la intensitat d\u2019\u00fas i les prefer\u00e8ncies del client.<\/p>\n\n<p><\/p>\n\n<p class=\"is-style-com_titular_4\">Treballem amb equips especialitzats per garantir una col\u00b7locaci\u00f3 precisa i uniforme de la gespa, i integrem tots els elements complementaris: sistemes d\u2019enllumenat LED d\u2019alt rendiment, tancaments perimetrals, xarxes, banquetes, marcadors i acc\u00e9s per a manteniment. Oferim un servei integral clau en m\u00e0 que inclou assessorament t\u00e8cnic, seguiment d\u2019obra i posada en marxa de la instal\u00b7laci\u00f3.<\/p><\/div><div style=\"height:10vh\" aria-hidden=\"true\" class=\"wp-block-spacer\"><\/div><div class=\"wp-block-greencourt-marges maq-contenidor fullwidth marge-superior-petit marge-inferior-\" data-aos=\"off\" data-aos-delay=\"aos_delay\"><figure class=\"wp-block-image size-full\"><img loading=\"lazy\" decoding=\"async\" width=\"2500\" height=\"1385\" src=\"https:\/\/greencourt.mgcomunicacio.com\/wp-content\/uploads\/2025\/08\/construccion-y-mantenimiento-de-Campos-de-futbol-03.jpg\" alt=\"\" class=\"wp-image-1051\" srcset=\"https:\/\/greencourt.mgcomunicacio.com\/wp-content\/uploads\/2025\/08\/construccion-y-mantenimiento-de-Campos-de-futbol-03.jpg 2500w, https:\/\/greencourt.mgcomunicacio.com\/wp-content\/uploads\/2025\/08\/construccion-y-mantenimiento-de-Campos-de-futbol-03-600x332.jpg 600w, https:\/\/greencourt.mgcomunicacio.com\/wp-content\/uploads\/2025\/08\/construccion-y-mantenimiento-de-Campos-de-futbol-03-300x166.jpg 300w, https:\/\/greencourt.mgcomunicacio.com\/wp-content\/uploads\/2025\/08\/construccion-y-mantenimiento-de-Campos-de-futbol-03-1024x567.jpg 1024w, https:\/\/greencourt.mgcomunicacio.com\/wp-content\/uploads\/2025\/08\/construccion-y-mantenimiento-de-Campos-de-futbol-03-768x425.jpg 768w, https:\/\/greencourt.mgcomunicacio.com\/wp-content\/uploads\/2025\/08\/construccion-y-mantenimiento-de-Campos-de-futbol-03-1536x851.jpg 1536w, https:\/\/greencourt.mgcomunicacio.com\/wp-content\/uploads\/2025\/08\/construccion-y-mantenimiento-de-Campos-de-futbol-03-2048x1135.jpg 2048w, https:\/\/greencourt.mgcomunicacio.com\/wp-content\/uploads\/2025\/08\/construccion-y-mantenimiento-de-Campos-de-futbol-03-340x188.jpg 340w, https:\/\/greencourt.mgcomunicacio.com\/wp-content\/uploads\/2025\/08\/construccion-y-mantenimiento-de-Campos-de-futbol-03-140x78.jpg 140w\" sizes=\"auto, (max-width: 2500px) 100vw, 2500px\" \/><\/figure><\/div><div style=\"height:10vh\" aria-hidden=\"true\" class=\"wp-block-spacer\"><\/div><div class=\"wp-block-greencourt-marges maq-contenidor normal marge-superior-petit marge-inferior-\" data-aos=\"off\" data-aos-delay=\"aos_delay\"><h2 class=\"wp-block-heading is-style-com_titular_2\">Caracter\u00edstiques dels camps de futbol Greencourt<\/h2><\/div><div style=\"height:10vh\" aria-hidden=\"true\" class=\"wp-block-spacer\"><\/div><div class=\"wp-block-greencourt-ajedrez mod-escacs align-superior marge-superior- marge-inferior-\"><div class=\"wp-block-greencourt-ajedrez-interior interior maq_cols_flex cols_2\"><div class=\"col text\"><div class=\"text-wrapper\"><h3 class=\"wp-block-heading is-style-com_titular_2 has-taronja-greencourt-color has-text-color has-link-color wp-elements-3d3f15161800d8f0ae56366e0c2a7e62\">Bases drenants optimitzades per a climes variables<\/h3>\n\n<p><\/p>\n\n<p class=\"is-style-com_titular_4 has-gris-greencourt-color has-text-color has-link-color wp-elements-5d4307c6fbbccea1f92b4697f3970544\">Dissenyem sistemes de base que permeten una evacuaci\u00f3 r\u00e0pida de l\u2019aigua, evitant bassals i garantint un joc continu tot l\u2019any, fins i tot en entorns plujosos o d\u2019hiverns intensos.<\/p><\/div><\/div><div class=\"col img\"><div class=\"img-container\" style=\"background-image:url(https:\/\/greencourt.mgcomunicacio.com\/wp-content\/uploads\/2025\/08\/construccion-y-mantenimiento-de-Campos-de-futbol-07.jpg)\"><\/div><\/div><\/div>\n\n<div class=\"wp-block-greencourt-ajedrez-interior interior maq_cols_flex cols_2\"><div class=\"col text\"><div class=\"text-wrapper\"><h3 class=\"wp-block-heading is-style-com_titular_2 has-taronja-greencourt-color has-text-color has-link-color wp-elements-c7470b0bc7f4e4c20da34a8885ee0142\">Gespes artificials homologades FIFA d\u2019alta durabilitat<\/h3>\n\n<p><\/p>\n\n<p class=\"is-style-com_titular_4 has-gris-greencourt-color has-text-color has-link-color wp-elements-b144209e563dc1d475018219f5fd8b8c\">Col\u00b7laborem amb fabricants l\u00edders per instal\u00b7lar gespes amb certificat FIFA, preparades per a un \u00fas intensiu i amb una gran resist\u00e8ncia a l\u2019abrasi\u00f3 i al desgast.<\/p><\/div><\/div><div class=\"col img\"><div class=\"img-container\" style=\"background-image:url(https:\/\/greencourt.mgcomunicacio.com\/wp-content\/uploads\/2025\/08\/construccion-y-mantenimiento-de-Campos-de-futbol-08.jpg)\"><\/div><\/div><\/div>\n\n<div class=\"wp-block-greencourt-ajedrez-interior interior maq_cols_flex cols_2\"><div class=\"col text\"><div class=\"text-wrapper\"><h3 class=\"wp-block-heading is-style-com_titular_2 has-taronja-greencourt-color has-text-color has-link-color wp-elements-4897dbb73639085c9197d2c174fa2f5e\">Execuci\u00f3 clau en m\u00e0 amb equipament esportiu complet<\/h3>\n\n<p><\/p>\n\n<p class=\"is-style-com_titular_4 has-gris-greencourt-color has-text-color has-link-color wp-elements-1c6d05f42241eb338be0d137b16b9a10\">Incloem tot el necessari: sistemes d\u2019enllumenat LED, banquetes, xarxes, marcadors, tancaments\u2026 perqu\u00e8 el client no hagi de coordinar diferents prove\u00efdors ni assumir imprevistos.<\/p><\/div><\/div><div class=\"col img\"><div class=\"img-container\" style=\"background-image:url(https:\/\/greencourt.mgcomunicacio.com\/wp-content\/uploads\/2025\/08\/construccion-y-mantenimiento-de-Campos-de-futbol-10.jpg)\"><\/div><\/div><\/div><\/div><p><\/p>","protected":false},"excerpt":{"rendered":"","protected":false},"author":1,"featured_media":0,"parent":351,"menu_order":0,"comment_status":"closed","ping_status":"closed","template":"","meta":{"_acf_changed":false,"footnotes":""},"class_list":["post-353","page","type-page","status-publish","hentry"],"acf":[],"_links":{"self":[{"href":"https:\/\/greencourt.mgcomunicacio.com\/ca\/wp-json\/wp\/v2\/pages\/353","targetHints":{"allow":["GET"]}}],"collection":[{"href":"https:\/\/greencourt.mgcomunicacio.com\/ca\/wp-json\/wp\/v2\/pages"}],"about":[{"href":"https:\/\/greencourt.mgcomunicacio.com\/ca\/wp-json\/wp\/v2\/types\/page"}],"author":[{"embeddable":true,"href":"https:\/\/greencourt.mgcomunicacio.com\/ca\/wp-json\/wp\/v2\/users\/1"}],"replies":[{"embeddable":true,"href":"https:\/\/greencourt.mgcomunicacio.com\/ca\/wp-json\/wp\/v2\/comments?post=353"}],"version-history":[{"count":13,"href":"https:\/\/greencourt.mgcomunicacio.com\/ca\/wp-json\/wp\/v2\/pages\/353\/revisions"}],"predecessor-version":[{"id":4555,"href":"https:\/\/greencourt.mgcomunicacio.com\/ca\/wp-json\/wp\/v2\/pages\/353\/revisions\/4555"}],"up":[{"embeddable":true,"href":"https:\/\/greencourt.mgcomunicacio.com\/ca\/wp-json\/wp\/v2\/pages\/351"}],"wp:attachment":[{"href":"https:\/\/greencourt.mgcomunicacio.com\/ca\/wp-json\/wp\/v2\/media?parent=353"}],"curies":[{"name":"wp","href":"https:\/\/api.w.org\/{rel}","templated":true}]}}