{"id":356,"date":"2025-05-22T07:49:18","date_gmt":"2025-05-22T07:49:18","guid":{"rendered":"https:\/\/greencourt.mgcomunicacio.com\/?page_id=356"},"modified":"2025-11-25T16:26:16","modified_gmt":"2025-11-25T15:26:16","slug":"manteniment-de-camps-de-futbol","status":"publish","type":"page","link":"https:\/\/greencourt.mgcomunicacio.com\/ca\/solucions\/camps-de-futbol\/manteniment-de-camps-de-futbol\/","title":{"rendered":"Manteniment de camps de futbol"},"content":{"rendered":"<div class=\"wp-block-greencourt-cabecera mod-cabecera f1_2\"><div class=\"slider\"><div class=\"wp-block-greencourt-cabecera-interior slide\"><div class=\"maq-contenidor\" style=\"backdrop-filter: blur(0px)\"><div class=\"text\"><p class=\"has-text-align-center is-style-com_titular_1 has-blanc-color has-text-color has-link-color wp-elements-e15cd3aaa0237becfbe767ccd6f35f99\">Sempre en<br>condicions \u00f2ptimes<\/p><\/div><\/div><div class=\"image\" style=\"background-image:url(https:\/\/greencourt.mgcomunicacio.com\/wp-content\/uploads\/2025\/08\/construccion-y-mantenimiento-de-Campos-de-futbol-04.jpg)\"><\/div><\/div><\/div><\/div><div class=\"wp-block-greencourt-marges maq-contenidor normal marge-superior-gran marge-inferior-gran\" data-aos=\"off\" data-aos-delay=\"aos_delay\"><h1 class=\"wp-block-heading is-style-com_titular_2\">Manteniment de camps de futbol<\/h1>\n\n<div style=\"height:5vh\" aria-hidden=\"true\" class=\"wp-block-spacer\"><\/div>\n\n<p class=\"is-style-com_titular_4\">A Greencourt sabem que una bona instal\u00b7laci\u00f3 nom\u00e9s es mant\u00e9 rendible i segura si es cuida com cal. Per aix\u00f2 oferim serveis professionals de manteniment per a camps de futbol, amb intervencions programades i puntuals que asseguren un comportament \u00f2ptim de la gespa i del conjunt del camp. Utilitzem maquin\u00e0ria espec\u00edfica per a la neteja, descompactaci\u00f3 i redistribuci\u00f3 del farciment, mantenint la qualitat de joc i la seguretat dels usuaris.<\/p>\n\n<p><\/p>\n\n<p class=\"is-style-com_titular_4\">Tamb\u00e9 revisem sistemes de drenatge, xarxes, enllumenat i elements estructurals, i oferim millores puntuals com la substituci\u00f3 de l\u00ednies, l\u2019actualitzaci\u00f3 d\u2019elements de joc o el refor\u00e7 de zones m\u00e9s desgastades. El nostre objectiu \u00e9s que cada client pugui allargar al m\u00e0xim la vida \u00fatil del camp amb el menor cost operatiu i una m\u00ednima afectaci\u00f3 al dia a dia de l\u2019equipament.<\/p><\/div><div style=\"height:10vh\" aria-hidden=\"true\" class=\"wp-block-spacer\"><\/div><div class=\"wp-block-greencourt-marges maq-contenidor fullwidth marge-superior-petit marge-inferior-\" data-aos=\"off\" data-aos-delay=\"aos_delay\"><figure class=\"wp-block-image size-full\"><img loading=\"lazy\" decoding=\"async\" width=\"2500\" height=\"1657\" src=\"https:\/\/greencourt.mgcomunicacio.com\/wp-content\/uploads\/2025\/08\/construccion-y-mantenimiento-de-Campos-de-futbol-05.jpg\" alt=\"\" class=\"wp-image-1049\" srcset=\"https:\/\/greencourt.mgcomunicacio.com\/wp-content\/uploads\/2025\/08\/construccion-y-mantenimiento-de-Campos-de-futbol-05.jpg 2500w, https:\/\/greencourt.mgcomunicacio.com\/wp-content\/uploads\/2025\/08\/construccion-y-mantenimiento-de-Campos-de-futbol-05-600x398.jpg 600w, https:\/\/greencourt.mgcomunicacio.com\/wp-content\/uploads\/2025\/08\/construccion-y-mantenimiento-de-Campos-de-futbol-05-300x199.jpg 300w, https:\/\/greencourt.mgcomunicacio.com\/wp-content\/uploads\/2025\/08\/construccion-y-mantenimiento-de-Campos-de-futbol-05-1024x679.jpg 1024w, https:\/\/greencourt.mgcomunicacio.com\/wp-content\/uploads\/2025\/08\/construccion-y-mantenimiento-de-Campos-de-futbol-05-768x509.jpg 768w, https:\/\/greencourt.mgcomunicacio.com\/wp-content\/uploads\/2025\/08\/construccion-y-mantenimiento-de-Campos-de-futbol-05-1536x1018.jpg 1536w, https:\/\/greencourt.mgcomunicacio.com\/wp-content\/uploads\/2025\/08\/construccion-y-mantenimiento-de-Campos-de-futbol-05-2048x1357.jpg 2048w, https:\/\/greencourt.mgcomunicacio.com\/wp-content\/uploads\/2025\/08\/construccion-y-mantenimiento-de-Campos-de-futbol-05-340x225.jpg 340w, https:\/\/greencourt.mgcomunicacio.com\/wp-content\/uploads\/2025\/08\/construccion-y-mantenimiento-de-Campos-de-futbol-05-140x93.jpg 140w\" sizes=\"auto, (max-width: 2500px) 100vw, 2500px\" \/><\/figure><\/div><div style=\"height:10vh\" aria-hidden=\"true\" class=\"wp-block-spacer\"><\/div>","protected":false},"excerpt":{"rendered":"","protected":false},"author":1,"featured_media":0,"parent":351,"menu_order":0,"comment_status":"closed","ping_status":"closed","template":"","meta":{"_acf_changed":false,"footnotes":""},"class_list":["post-356","page","type-page","status-publish","hentry"],"acf":[],"_links":{"self":[{"href":"https:\/\/greencourt.mgcomunicacio.com\/ca\/wp-json\/wp\/v2\/pages\/356","targetHints":{"allow":["GET"]}}],"collection":[{"href":"https:\/\/greencourt.mgcomunicacio.com\/ca\/wp-json\/wp\/v2\/pages"}],"about":[{"href":"https:\/\/greencourt.mgcomunicacio.com\/ca\/wp-json\/wp\/v2\/types\/page"}],"author":[{"embeddable":true,"href":"https:\/\/greencourt.mgcomunicacio.com\/ca\/wp-json\/wp\/v2\/users\/1"}],"replies":[{"embeddable":true,"href":"https:\/\/greencourt.mgcomunicacio.com\/ca\/wp-json\/wp\/v2\/comments?post=356"}],"version-history":[{"count":9,"href":"https:\/\/greencourt.mgcomunicacio.com\/ca\/wp-json\/wp\/v2\/pages\/356\/revisions"}],"predecessor-version":[{"id":4481,"href":"https:\/\/greencourt.mgcomunicacio.com\/ca\/wp-json\/wp\/v2\/pages\/356\/revisions\/4481"}],"up":[{"embeddable":true,"href":"https:\/\/greencourt.mgcomunicacio.com\/ca\/wp-json\/wp\/v2\/pages\/351"}],"wp:attachment":[{"href":"https:\/\/greencourt.mgcomunicacio.com\/ca\/wp-json\/wp\/v2\/media?parent=356"}],"curies":[{"name":"wp","href":"https:\/\/api.w.org\/{rel}","templated":true}]}}