{"id":365,"date":"2025-05-22T07:52:23","date_gmt":"2025-05-22T07:52:23","guid":{"rendered":"https:\/\/greencourt.mgcomunicacio.com\/?page_id=365"},"modified":"2025-12-09T18:44:31","modified_gmt":"2025-12-09T17:44:31","slug":"pickleball-2","status":"publish","type":"page","link":"https:\/\/greencourt.mgcomunicacio.com\/ca\/solucions\/pickleball-2\/","title":{"rendered":"Pistes de Pickleball"},"content":{"rendered":"<div class=\"wp-block-greencourt-cabecera mod-cabecera f1_2\"><div class=\"slider\"><div class=\"wp-block-greencourt-cabecera-interior slide\"><div class=\"maq-contenidor\" style=\"backdrop-filter: blur(0px)\"><div class=\"text\"><h1 class=\"wp-block-heading has-text-align-center is-style-com_titular_1 has-blanc-color has-text-color has-link-color wp-elements-2ddce0dee794b878fc478b493aacd5ad\">Construcci\u00f3<br>pistes de Pickleball<\/h1><\/div><\/div><div class=\"image\" style=\"background-image:url(https:\/\/greencourt.mgcomunicacio.com\/wp-content\/uploads\/2025\/08\/Pistas-de-Pickelball-02.jpg)\"><\/div><\/div><\/div><\/div><div class=\"wp-block-greencourt-marges maq-contenidor normal marge-superior-gran marge-inferior-gran\" data-aos=\"off\" data-aos-delay=\"aos_delay\"><h2 class=\"wp-block-heading is-style-com_titular_2\">Pistes de pickleball per gaudir d\u2019un esport en expansi\u00f3<\/h2>\n\n<div style=\"height:5vh\" aria-hidden=\"true\" class=\"wp-block-spacer\"><\/div>\n\n<p class=\"is-style-com_titular_4\">El pickleball \u00e9s un esport emergent que combina elements del tennis, el p\u00e0del i el b\u00e0dminton, i que est\u00e0 creixent r\u00e0pidament arreu del m\u00f3n. El seu car\u00e0cter social, el ritme din\u00e0mic i la seva accessibilitat per a totes les edats han fet que guanyi cada cop m\u00e9s adeptes, tamb\u00e9 a Espanya, on cada any s\u2019hi incorporen nous clubs i espais p\u00fablics.<\/p>\n\n<p><\/p>\n\n<p class=\"is-style-com_titular_4\">A Greencourt dissenyem i constru\u00efm pistes de pickleball pensades per oferir la millor experi\u00e8ncia de joc, tant per a iniciats com per a jugadors experimentats. Apostem per superf\u00edcies acr\u00edliques homologades, amb acabats que garanteixen una resposta uniforme de la pilota, una bona tracci\u00f3 i una durabilitat \u00f2ptima.<\/p>\n\n<p><\/p>\n\n<p class=\"is-style-com_titular_4\">Som especialistes en projectes a mida, adaptats tant a clubs esportius com a instal\u00b7lacions municipals o espais privats. Proposem solucions de pista simple o m\u00faltiples pistes compartides, amb configuracions que optimitzen l&#8217;espai i en milloren l\u2019\u00fas.<\/p>\n\n<p><\/p>\n\n<p class=\"is-style-com_titular_4\">Les nostres instal\u00b7lacions inclouen paviments resistents a la intemp\u00e8rie, senyalitzaci\u00f3 segons normativa i, si cal, sistemes d\u2019enllumenat LED i tancaments perimetrals. A m\u00e9s, oferim assessorament t\u00e8cnic complet per garantir que cada pista compleixi els est\u00e0ndards oficials i pugui acollir competicions, classes o activitats socials.<\/p>\n\n<p><\/p>\n\n<p class=\"is-style-com_titular_4\">A Greencourt, ens sumem a la revoluci\u00f3 del pickleball amb una aposta per la qualitat, la seguretat i el joc ben fet.<\/p><\/div><div style=\"height:10vh\" aria-hidden=\"true\" class=\"wp-block-spacer\"><\/div><div class=\"wp-block-greencourt-ajedrez mod-escacs align-superior marge-superior- marge-inferior-\"><div class=\"wp-block-greencourt-ajedrez-interior interior maq_cols_flex cols_2\"><div class=\"col text\"><div class=\"text-wrapper\"><h2 class=\"wp-block-heading is-style-com_titular_1\">Construcci\u00f3 de pistes de pickleball<\/h2>\n\n<p class=\"is-style-com_titular_4 has-taronja-greencourt-color has-text-color has-link-color wp-elements-b7af17e46f0cdc9693a121dc4c0e5980\">Pistes homologades, resistents i personalitzables per a un esport en creixement.<\/p>\n\n<div class=\"wp-block-buttons is-layout-flex wp-block-buttons-is-layout-flex\"><div class=\"wp-block-button\"><a class=\"wp-block-button__link wp-element-button\" href=\"https:\/\/greencourt.mgcomunicacio.com\/ca\/solucions\/pickleball-2\/construccio-de-pistes-de-pickleball\/\">+info<\/a><\/div><\/div><\/div><\/div><div class=\"col img\"><div class=\"img-container\" style=\"background-image:url(https:\/\/greencourt.mgcomunicacio.com\/wp-content\/uploads\/2025\/08\/Pistas-de-Pickelball-03.jpg)\"><\/div><\/div><\/div>\n\n<div class=\"wp-block-greencourt-ajedrez-interior interior maq_cols_flex cols_2\"><div class=\"col text\"><div class=\"text-wrapper\"><h2 class=\"wp-block-heading is-style-com_titular_1 has-gris-greencourt-color has-text-color has-link-color wp-elements-b4bd4cadea88100b83e9aa4004ae1fec\">Dissenya la teva pista<\/h2>\n\n<p class=\"is-style-com_titular_4 has-taronja-greencourt-color has-text-color has-link-color wp-elements-e9829d718ca5ad53f1d4409f0832d774\"><strong>Personalitza on-line de forma interactiva cada zona del camp amb la paleta dels 36 colors diponibles.<\/strong><\/p>\n\n<div class=\"wp-block-buttons is-layout-flex wp-block-buttons-is-layout-flex\"><div class=\"wp-block-button\"><a class=\"wp-block-button__link wp-element-button\" href=\"https:\/\/greencourt.mgcomunicacio.com\/ca\/solucions\/pickleball-2\/dissenya-la-teva-pista-de-pickleball\/\">+info<\/a><\/div><\/div><\/div><\/div><div class=\"col img\"><div class=\"img-container\" style=\"background-image:url(https:\/\/greencourt.mgcomunicacio.com\/wp-content\/uploads\/2025\/08\/Colores-de-pistas-deportivas-01.jpg)\"><\/div><\/div><\/div>\n\n<div class=\"wp-block-greencourt-ajedrez-interior interior maq_cols_flex cols_2\"><div class=\"col text\"><div class=\"text-wrapper\"><h2 class=\"wp-block-heading is-style-com_titular_1\">Manteniment de pistes de pickleball <\/h2>\n\n<p class=\"is-style-com_titular_4 has-taronja-greencourt-color has-text-color has-link-color wp-elements-9c5884417a902e8c510ae7f139066db3\">Cost de manteniment molt baix i intervencions r\u00e0pides.<\/p>\n\n<div class=\"wp-block-buttons is-layout-flex wp-block-buttons-is-layout-flex\"><div class=\"wp-block-button\"><a class=\"wp-block-button__link wp-element-button\" href=\"https:\/\/greencourt.mgcomunicacio.com\/ca\/solucions\/pickleball-2\/manteniment-de-pistes-de-pickleball\/\">+info<\/a><\/div><\/div><\/div><\/div><div class=\"col img\"><div class=\"img-container\" style=\"background-image:url(https:\/\/greencourt.mgcomunicacio.com\/wp-content\/uploads\/2025\/08\/Pistas-de-Pickelball-01.jpg)\"><\/div><\/div><\/div>\n\n<div class=\"wp-block-greencourt-ajedrez-interior interior maq_cols_flex cols_2\"><div class=\"col text\"><div class=\"text-wrapper\"><h2 class=\"wp-block-heading is-style-com_titular_1\">Il\u00b7luminaci\u00f3 de pistes<\/h2>\n\n<p class=\"is-style-com_titular_4 has-taronja-greencourt-color has-text-color has-link-color wp-elements-4faaca48c0e108a0e85e51dc8cf7875a\">Solucions d\u2019il\u00b7luminaci\u00f3 LED adaptades a tot tipus d\u2019instal\u00b7lacions esportives i espais exteriors<\/p>\n\n<div class=\"wp-block-buttons is-layout-flex wp-block-buttons-is-layout-flex\"><div class=\"wp-block-button\"><a class=\"wp-block-button__link wp-element-button\" href=\"https:\/\/greencourt.mgcomunicacio.com\/ca\/illuminacio-de-pistes\/\">+info<\/a><\/div><\/div><\/div><\/div><div class=\"col img\"><div class=\"img-container\" style=\"background-image:url(https:\/\/greencourt.mgcomunicacio.com\/wp-content\/uploads\/2025\/07\/Iluminacion-pistas-esportivas-12.jpg)\"><\/div><\/div><\/div><\/div><p><\/p>","protected":false},"excerpt":{"rendered":"","protected":false},"author":1,"featured_media":0,"parent":432,"menu_order":0,"comment_status":"closed","ping_status":"closed","template":"","meta":{"_acf_changed":false,"footnotes":""},"class_list":["post-365","page","type-page","status-publish","hentry"],"acf":[],"_links":{"self":[{"href":"https:\/\/greencourt.mgcomunicacio.com\/ca\/wp-json\/wp\/v2\/pages\/365","targetHints":{"allow":["GET"]}}],"collection":[{"href":"https:\/\/greencourt.mgcomunicacio.com\/ca\/wp-json\/wp\/v2\/pages"}],"about":[{"href":"https:\/\/greencourt.mgcomunicacio.com\/ca\/wp-json\/wp\/v2\/types\/page"}],"author":[{"embeddable":true,"href":"https:\/\/greencourt.mgcomunicacio.com\/ca\/wp-json\/wp\/v2\/users\/1"}],"replies":[{"embeddable":true,"href":"https:\/\/greencourt.mgcomunicacio.com\/ca\/wp-json\/wp\/v2\/comments?post=365"}],"version-history":[{"count":19,"href":"https:\/\/greencourt.mgcomunicacio.com\/ca\/wp-json\/wp\/v2\/pages\/365\/revisions"}],"predecessor-version":[{"id":6590,"href":"https:\/\/greencourt.mgcomunicacio.com\/ca\/wp-json\/wp\/v2\/pages\/365\/revisions\/6590"}],"up":[{"embeddable":true,"href":"https:\/\/greencourt.mgcomunicacio.com\/ca\/wp-json\/wp\/v2\/pages\/432"}],"wp:attachment":[{"href":"https:\/\/greencourt.mgcomunicacio.com\/ca\/wp-json\/wp\/v2\/media?parent=365"}],"curies":[{"name":"wp","href":"https:\/\/api.w.org\/{rel}","templated":true}]}}