{"id":367,"date":"2025-05-22T07:52:44","date_gmt":"2025-05-22T07:52:44","guid":{"rendered":"https:\/\/greencourt.mgcomunicacio.com\/?page_id=367"},"modified":"2025-12-10T08:39:13","modified_gmt":"2025-12-10T07:39:13","slug":"construccio-de-pistes-de-pickleball","status":"publish","type":"page","link":"https:\/\/greencourt.mgcomunicacio.com\/ca\/solucions\/pickleball-2\/construccio-de-pistes-de-pickleball\/","title":{"rendered":"Construcci\u00f3 de pistes de Pickleball"},"content":{"rendered":"<div class=\"wp-block-greencourt-cabecera mod-cabecera f1_2\"><div class=\"slider\"><div class=\"wp-block-greencourt-cabecera-interior slide\"><div class=\"maq-contenidor\" style=\"backdrop-filter: blur(0px)\"><div class=\"text\"><h1 class=\"wp-block-heading has-text-align-center is-style-com_titular_1 has-blanc-color has-text-color has-link-color wp-elements-e98de8e68263646a9037bca96fd50d6a\">Constru\u00efm pistes<br>de Pickleball<\/h1><\/div><\/div><div class=\"image\" style=\"background-image:url(https:\/\/greencourt.mgcomunicacio.com\/wp-content\/uploads\/2025\/08\/Pistas-de-Pickelball-03.jpg)\"><\/div><\/div><\/div><\/div><div class=\"wp-block-greencourt-marges maq-contenidor normal marge-superior-gran marge-inferior-gran\" data-aos=\"off\" data-aos-delay=\"aos_delay\"><h2 class=\"wp-block-heading is-style-com_titular_2\">Pistes homologades, resistents i personalitzables per a un esport en creixement.<\/h2>\n\n<div style=\"height:5vh\" aria-hidden=\"true\" class=\"wp-block-spacer\"><\/div>\n\n<p class=\"is-style-com_titular_4\">A Greencourt constru\u00efm pistes de pickleball d\u2019alt rendiment, amb materials d\u2019\u00faltima generaci\u00f3 i acabats professionals. Fem servir sistemes acr\u00edlics homologats i col\u00b7laborem amb marques de refer\u00e8ncia com <a href=\"https:\/\/greencourt.mgcomunicacio.com\/ca\/solucions\/pistes-de-tenis\/construccio-de-pistes-de-tenis-de-resina\/pistes-de-tenis-de-resina-decoturf\/\">DecoTurf\u00ae<\/a>, <a href=\"https:\/\/greencourt.mgcomunicacio.com\/ca\/solucions\/pistes-de-tenis\/construccio-de-pistes-de-tenis-de-resina\/pistes-de-tenis-de-resina-plexipave\/\">Plexipave\u00ae<\/a> o <a href=\"https:\/\/greencourt.mgcomunicacio.com\/ca\/solucions\/pistes-de-tenis\/construccio-de-pistes-de-tenis-de-resina\/pistes-de-tenis-de-resina-composan\/\">Composan\u00ae<\/a>, per garantir una superf\u00edcie estable, segura i visualment atractiva.<\/p>\n\n<p><\/p>\n\n<p class=\"is-style-com_titular_4\">Aquestes pistes estan pensades per suportar un \u00fas intensiu i condicions clim\u00e0tiques exigents, tant en instal\u00b7lacions p\u00fabliques com en clubs esportius, centres escolars o espais privats. Cada projecte es personalitza per optimitzar l\u2019espai disponible i garantir una experi\u00e8ncia de joc flu\u00efda, \u00e0gil i precisa.<\/p><\/div><div style=\"height:10vh\" aria-hidden=\"true\" class=\"wp-block-spacer\"><\/div><div class=\"wp-block-greencourt-marges maq-contenidor fullwidth marge-superior-petit marge-inferior-\" data-aos=\"off\" data-aos-delay=\"aos_delay\"><figure class=\"wp-block-image size-full\"><img loading=\"lazy\" decoding=\"async\" width=\"2500\" height=\"1667\" src=\"https:\/\/greencourt.mgcomunicacio.com\/wp-content\/uploads\/2025\/08\/Pistas-de-Pickelball-10.jpg\" alt=\"\" class=\"wp-image-1015\" srcset=\"https:\/\/greencourt.mgcomunicacio.com\/wp-content\/uploads\/2025\/08\/Pistas-de-Pickelball-10.jpg 2500w, https:\/\/greencourt.mgcomunicacio.com\/wp-content\/uploads\/2025\/08\/Pistas-de-Pickelball-10-600x400.jpg 600w, https:\/\/greencourt.mgcomunicacio.com\/wp-content\/uploads\/2025\/08\/Pistas-de-Pickelball-10-300x200.jpg 300w, https:\/\/greencourt.mgcomunicacio.com\/wp-content\/uploads\/2025\/08\/Pistas-de-Pickelball-10-1024x683.jpg 1024w, https:\/\/greencourt.mgcomunicacio.com\/wp-content\/uploads\/2025\/08\/Pistas-de-Pickelball-10-768x512.jpg 768w, https:\/\/greencourt.mgcomunicacio.com\/wp-content\/uploads\/2025\/08\/Pistas-de-Pickelball-10-1536x1024.jpg 1536w, https:\/\/greencourt.mgcomunicacio.com\/wp-content\/uploads\/2025\/08\/Pistas-de-Pickelball-10-2048x1366.jpg 2048w, https:\/\/greencourt.mgcomunicacio.com\/wp-content\/uploads\/2025\/08\/Pistas-de-Pickelball-10-340x227.jpg 340w, https:\/\/greencourt.mgcomunicacio.com\/wp-content\/uploads\/2025\/08\/Pistas-de-Pickelball-10-140x93.jpg 140w\" sizes=\"auto, (max-width: 2500px) 100vw, 2500px\" \/><\/figure><\/div><div style=\"height:10vh\" aria-hidden=\"true\" class=\"wp-block-spacer\"><\/div><div class=\"wp-block-greencourt-marges maq-contenidor normal marge-superior-petit marge-inferior-\" data-aos=\"off\" data-aos-delay=\"aos_delay\"><h2 class=\"wp-block-heading is-style-com_titular_2\">Caracter\u00edstiques de les pistes de Pickleball Greencourt<\/h2><\/div><div style=\"height:10vh\" aria-hidden=\"true\" class=\"wp-block-spacer\"><\/div><div class=\"wp-block-greencourt-ajedrez mod-escacs align-superior marge-superior- marge-inferior-\"><div class=\"wp-block-greencourt-ajedrez-interior interior maq_cols_flex cols_2\"><div class=\"col text\"><div class=\"text-wrapper\"><h3 class=\"wp-block-heading is-style-com_titular_2 has-taronja-greencourt-color has-text-color has-link-color wp-elements-f7a99bc07e8ad346129b37bd4d60fc50\">Rendiment i durabilitat garantits<\/h3>\n\n<p><\/p>\n\n<p class=\"is-style-com_titular_4 has-gris-greencourt-color has-text-color has-link-color wp-elements-43f13169cfd63fa9b9332187d12eb71f\">Fem servir sistemes acr\u00edlics espec\u00edfics per a pickleball, que mantenen la seva qualitat malgrat l\u2019\u00fas continuat i les inclem\u00e8ncies del temps. Els acabats ofereixen una combinaci\u00f3 ideal de tracci\u00f3 i confort, pensada per a jugadors de totes les edats.<\/p><\/div><\/div><div class=\"col img\"><div class=\"img-container\" style=\"background-image:url(https:\/\/greencourt.mgcomunicacio.com\/wp-content\/uploads\/2025\/10\/Projecte-Olesa-03.jpg)\"><\/div><\/div><\/div>\n\n<div class=\"wp-block-greencourt-ajedrez-interior interior maq_cols_flex cols_2\"><div class=\"col text\"><div class=\"text-wrapper\"><h3 class=\"wp-block-heading is-style-com_titular_2 has-taronja-greencourt-color has-text-color has-link-color wp-elements-5b06fe9ddb893c9df3c40017c0267b5e\">Mides oficials i normativa garantida<\/h3>\n\n<p><\/p>\n\n<p class=\"is-style-com_titular_4 has-gris-greencourt-color has-text-color has-link-color wp-elements-d5d24aa1a5ff40a458ebafcfdc7ada79\">A Greencourt constru\u00efm pistes de pickleball amb dimensions oficials, complint tota la normativa t\u00e8cnica i de seguretat exigida per les federacions. Superf\u00edcie precisa, fiable i preparada per al joc.<\/p><\/div><\/div><div class=\"col img\"><div class=\"img-container\" style=\"background-image:url(https:\/\/greencourt.mgcomunicacio.com\/wp-content\/uploads\/2025\/11\/Pistas-de-Pickelball-11.jpg)\"><\/div><\/div><\/div>\n\n<div class=\"wp-block-greencourt-ajedrez-interior interior maq_cols_flex cols_2\"><div class=\"col text\"><div class=\"text-wrapper\"><h3 class=\"wp-block-heading is-style-com_titular_2 has-taronja-greencourt-color has-text-color has-link-color wp-elements-007ed96ea4c426d3379f38dad047e6e6\">Superf\u00edcie t\u00e8cnica adaptada al joc<\/h3>\n\n<p><\/p>\n\n<p class=\"is-style-com_titular_4 has-gris-greencourt-color has-text-color has-link-color wp-elements-806686f2a09773ff166c0cb093b97024\">La textura i el comportament de la pista estan optimitzats per a aquest esport: rebot constant, control prec\u00eds i moviment segur. Aix\u00f2 permet un joc competitiu, per\u00f2 tamb\u00e9 accessible per a usuaris amateurs o d\u2019edat avan\u00e7ada.<\/p><\/div><\/div><div class=\"col img\"><div class=\"img-container\" style=\"background-image:url(https:\/\/greencourt.mgcomunicacio.com\/wp-content\/uploads\/2025\/08\/Pistas-de-Pickelball-08.jpg)\"><\/div><\/div><\/div>\n\n<div class=\"wp-block-greencourt-ajedrez-interior interior maq_cols_flex cols_2\"><div class=\"col text\"><div class=\"text-wrapper\"><h3 class=\"wp-block-heading is-style-com_titular_2 has-taronja-greencourt-color has-text-color has-link-color wp-elements-7279605def5fdd3e49cd674b1b4cda3c\">Manteniment m\u00ednim<\/h3>\n\n<p><\/p>\n\n<p class=\"is-style-com_titular_4 has-gris-greencourt-color has-text-color has-link-color wp-elements-8333bf69532adf37c121b0800af10bbe\">Les nostres pistes estan dissenyades per minimitzar costos de manteniment. Un bon drenatge, una superf\u00edcie f\u00e0cil de netejar i materials resistents asseguren una pista que es mant\u00e9 operativa amb molt poca intervenci\u00f3.<\/p><\/div><\/div><div class=\"col img\"><div class=\"img-container\" style=\"background-image:url(https:\/\/greencourt.mgcomunicacio.com\/wp-content\/uploads\/2025\/08\/Pistas-de-Pickelball-05.jpg)\"><\/div><\/div><\/div>\n\n<div class=\"wp-block-greencourt-ajedrez-interior interior maq_cols_flex cols_2\"><div class=\"col text\"><div class=\"text-wrapper\"><h3 class=\"wp-block-heading is-style-com_titular_2 has-taronja-greencourt-color has-text-color has-link-color wp-elements-0e58429b514800e1dc76efe081dc88ba\">Adaptaci\u00f3 a l\u2019espai i al clima<\/h3>\n\n<p><\/p>\n\n<p class=\"is-style-com_titular_4 has-gris-greencourt-color has-text-color has-link-color wp-elements-58f4b72ce92e3c45ead41e52241d87c3\">Dissenyem pistes individuals o m\u00faltiples en funci\u00f3 de l\u2019espai disponible, i adaptem el sistema constructiu al clima de cada ubicaci\u00f3. Aix\u00f2 permet garantir una pista estable, sense fissures ni desgast prematur.<\/p><\/div><\/div><div class=\"col img\"><div class=\"img-container\" style=\"background-image:url(https:\/\/greencourt.mgcomunicacio.com\/wp-content\/uploads\/2025\/07\/Pistas-de-tennis-resina-grip-08.jpg)\"><\/div><\/div><\/div>\n\n<div class=\"wp-block-greencourt-ajedrez-interior interior maq_cols_flex cols_2\"><div class=\"col text\"><div class=\"text-wrapper\"><h3 class=\"wp-block-heading is-style-com_titular_2 has-taronja-greencourt-color has-text-color has-link-color wp-elements-d2ea582828bb0b2266f32fd7b5e99e73\">Disseny personalitzable<\/h3>\n\n<p><\/p>\n\n<p class=\"is-style-com_titular_4 has-gris-greencourt-color has-text-color has-link-color wp-elements-ccc776c22508a2240bce32a8e0a0ff13\">T\u2019oferim una \u00e0mplia gamma de colors i configuracions de pista, amb la possibilitat d\u2019integrar logotips, l\u00ednies personalitzades o senyalitzaci\u00f3 adaptada al teu projecte.<\/p>\n\n<div class=\"wp-block-buttons is-layout-flex wp-block-buttons-is-layout-flex\"><div class=\"wp-block-button\"><a class=\"wp-block-button__link has-text-align-left wp-element-button\" href=\"https:\/\/greencourt.mgcomunicacio.com\/ca\/solucions\/pickleball-2\/dissenya-la-teva-pista-de-pickleball\/\"><strong>Dissenya la teva pista<\/strong> de Pickleball<\/a><\/div><\/div><\/div><\/div><div class=\"col img\"><div class=\"img-container\" style=\"background-image:url(https:\/\/greencourt.mgcomunicacio.com\/wp-content\/uploads\/2025\/08\/Pistas-de-Pickelball-07.jpg)\"><\/div><\/div><\/div>\n\n<div class=\"wp-block-greencourt-ajedrez-interior interior maq_cols_flex cols_2\"><div class=\"col text\"><div class=\"text-wrapper\"><h3 class=\"wp-block-heading is-style-com_titular_2 has-taronja-greencourt-color has-text-color has-link-color wp-elements-f95ef38a31bb57eadef670cc4cf4fdd2\">Construcci\u00f3 a mida<\/h3>\n\n<p><\/p>\n\n<p class=\"is-style-com_titular_4 has-gris-greencourt-color has-text-color has-link-color wp-elements-72fef0b227f8ed4231aba549a751d818\">Ens encarreguem de tot el proc\u00e9s: disseny, moviment de terres, base drenant, aplicaci\u00f3 del sistema acr\u00edlic i acabats finals. El nostre equip t\u00e8cnic garantir\u00e0 que cada detall compleixi amb els requisits oficials i est\u00e8tics. Tamb\u00e9 oferim serveis de manteniment i millores posteriors per allargar la vida \u00fatil de la pista.<\/p><\/div><\/div><div class=\"col img\"><div class=\"img-container\" style=\"background-image:url(https:\/\/greencourt.mgcomunicacio.com\/wp-content\/uploads\/2025\/08\/Pistas-de-Pickelball-09.jpg)\"><\/div><\/div><\/div><\/div><p><\/p>","protected":false},"excerpt":{"rendered":"","protected":false},"author":1,"featured_media":0,"parent":365,"menu_order":0,"comment_status":"closed","ping_status":"closed","template":"","meta":{"_acf_changed":false,"footnotes":""},"class_list":["post-367","page","type-page","status-publish","hentry"],"acf":[],"_links":{"self":[{"href":"https:\/\/greencourt.mgcomunicacio.com\/ca\/wp-json\/wp\/v2\/pages\/367","targetHints":{"allow":["GET"]}}],"collection":[{"href":"https:\/\/greencourt.mgcomunicacio.com\/ca\/wp-json\/wp\/v2\/pages"}],"about":[{"href":"https:\/\/greencourt.mgcomunicacio.com\/ca\/wp-json\/wp\/v2\/types\/page"}],"author":[{"embeddable":true,"href":"https:\/\/greencourt.mgcomunicacio.com\/ca\/wp-json\/wp\/v2\/users\/1"}],"replies":[{"embeddable":true,"href":"https:\/\/greencourt.mgcomunicacio.com\/ca\/wp-json\/wp\/v2\/comments?post=367"}],"version-history":[{"count":22,"href":"https:\/\/greencourt.mgcomunicacio.com\/ca\/wp-json\/wp\/v2\/pages\/367\/revisions"}],"predecessor-version":[{"id":6599,"href":"https:\/\/greencourt.mgcomunicacio.com\/ca\/wp-json\/wp\/v2\/pages\/367\/revisions\/6599"}],"up":[{"embeddable":true,"href":"https:\/\/greencourt.mgcomunicacio.com\/ca\/wp-json\/wp\/v2\/pages\/365"}],"wp:attachment":[{"href":"https:\/\/greencourt.mgcomunicacio.com\/ca\/wp-json\/wp\/v2\/media?parent=367"}],"curies":[{"name":"wp","href":"https:\/\/api.w.org\/{rel}","templated":true}]}}