{"id":369,"date":"2025-05-22T07:53:18","date_gmt":"2025-05-22T07:53:18","guid":{"rendered":"https:\/\/greencourt.mgcomunicacio.com\/?page_id=369"},"modified":"2025-11-26T06:49:22","modified_gmt":"2025-11-26T05:49:22","slug":"manteniment-de-pistes-de-pickleball","status":"publish","type":"page","link":"https:\/\/greencourt.mgcomunicacio.com\/ca\/solucions\/pickleball-2\/manteniment-de-pistes-de-pickleball\/","title":{"rendered":"Manteniment de pistes de Pickleball"},"content":{"rendered":"<div class=\"wp-block-greencourt-cabecera mod-cabecera\"><div class=\"slider\">\n<div class=\"wp-block-greencourt-cabecera-interior slide\"><div class=\"maq-contenidor\" style=\"backdrop-filter: blur(0px)\"><div class=\"text\">\n<p class=\"has-text-align-center is-style-com_titular_1 has-blanc-color has-text-color has-link-color wp-elements-0af580338cf5804874a17a10eb1d1e8b\">Condicions \u00f2ptimes<br>amb el m\u00ednim esfor\u00e7<\/p>\n<\/div><\/div><div class=\"image\" style=\"background-image:url(https:\/\/greencourt.mgcomunicacio.com\/wp-content\/uploads\/2025\/08\/Pistas-de-Pickelball-01.jpg)\"><\/div><\/div>\n<\/div><\/div><div class=\"wp-block-greencourt-marges maq-contenidor normal marge-superior-gran marge-inferior-gran\" data-aos=\"off\" data-aos-delay=\"aos_delay\"><h1 class=\"wp-block-heading is-style-com_titular_2\">Manteniment de pistes de pickleball<\/h1>\n\n<div style=\"height:5vh\" aria-hidden=\"true\" class=\"wp-block-spacer\"><\/div>\n\n<p class=\"is-style-com_titular_4\">Les pistes de pickleball Greencourt es caracteritzen per la seva resist\u00e8ncia i simplicitat de manteniment. Gr\u00e0cies a l\u2019\u00fas de superf\u00edcies acr\u00edliques d\u2019alta qualitat, el desgast \u00e9s m\u00ednim i la conservaci\u00f3 de la pista no requereix grans recursos.<\/p>\n\n<p><\/p>\n\n<p class=\"is-style-com_titular_4\">Oferim neteges peri\u00f2diques, revisi\u00f3 de senyalitzaci\u00f3 i superf\u00edcies, i serveis puntuals de repintat o renovaci\u00f3 d\u2019elements. Tamb\u00e9 integrem el servei de <em>&#8220;Resurface&#8221;<\/em>, una actuaci\u00f3 r\u00e0pida i eficient que permet renovar la capa superficial i recuperar l\u2019aspecte i el rendiment originals de la pista. Tot plegat, amb intervencions \u00e0gils i de baix cost. \u00c9s una opci\u00f3 ideal per a instal\u00b7lacions p\u00fabliques o privades que busquen rendiment sense complicacions.<\/p><\/div><div style=\"height:10vh\" aria-hidden=\"true\" class=\"wp-block-spacer\"><\/div><div class=\"wp-block-greencourt-marges maq-contenidor fullwidth marge-superior-petit marge-inferior-\" data-aos=\"off\" data-aos-delay=\"aos_delay\"><figure class=\"wp-block-image size-full\"><img loading=\"lazy\" decoding=\"async\" width=\"2500\" height=\"1407\" src=\"https:\/\/greencourt.mgcomunicacio.com\/wp-content\/uploads\/2025\/08\/Pistas-de-Pickelball-04.jpg\" alt=\"\" class=\"wp-image-1005\" srcset=\"https:\/\/greencourt.mgcomunicacio.com\/wp-content\/uploads\/2025\/08\/Pistas-de-Pickelball-04.jpg 2500w, https:\/\/greencourt.mgcomunicacio.com\/wp-content\/uploads\/2025\/08\/Pistas-de-Pickelball-04-600x338.jpg 600w, https:\/\/greencourt.mgcomunicacio.com\/wp-content\/uploads\/2025\/08\/Pistas-de-Pickelball-04-300x169.jpg 300w, https:\/\/greencourt.mgcomunicacio.com\/wp-content\/uploads\/2025\/08\/Pistas-de-Pickelball-04-1024x576.jpg 1024w, https:\/\/greencourt.mgcomunicacio.com\/wp-content\/uploads\/2025\/08\/Pistas-de-Pickelball-04-768x432.jpg 768w, https:\/\/greencourt.mgcomunicacio.com\/wp-content\/uploads\/2025\/08\/Pistas-de-Pickelball-04-1536x864.jpg 1536w, https:\/\/greencourt.mgcomunicacio.com\/wp-content\/uploads\/2025\/08\/Pistas-de-Pickelball-04-2048x1153.jpg 2048w, https:\/\/greencourt.mgcomunicacio.com\/wp-content\/uploads\/2025\/08\/Pistas-de-Pickelball-04-340x191.jpg 340w, https:\/\/greencourt.mgcomunicacio.com\/wp-content\/uploads\/2025\/08\/Pistas-de-Pickelball-04-140x79.jpg 140w\" sizes=\"auto, (max-width: 2500px) 100vw, 2500px\" \/><\/figure><\/div><div style=\"height:10vh\" aria-hidden=\"true\" class=\"wp-block-spacer\"><\/div>","protected":false},"excerpt":{"rendered":"","protected":false},"author":1,"featured_media":0,"parent":365,"menu_order":0,"comment_status":"closed","ping_status":"closed","template":"","meta":{"_acf_changed":false,"footnotes":""},"class_list":["post-369","page","type-page","status-publish","hentry"],"acf":[],"_links":{"self":[{"href":"https:\/\/greencourt.mgcomunicacio.com\/ca\/wp-json\/wp\/v2\/pages\/369","targetHints":{"allow":["GET"]}}],"collection":[{"href":"https:\/\/greencourt.mgcomunicacio.com\/ca\/wp-json\/wp\/v2\/pages"}],"about":[{"href":"https:\/\/greencourt.mgcomunicacio.com\/ca\/wp-json\/wp\/v2\/types\/page"}],"author":[{"embeddable":true,"href":"https:\/\/greencourt.mgcomunicacio.com\/ca\/wp-json\/wp\/v2\/users\/1"}],"replies":[{"embeddable":true,"href":"https:\/\/greencourt.mgcomunicacio.com\/ca\/wp-json\/wp\/v2\/comments?post=369"}],"version-history":[{"count":12,"href":"https:\/\/greencourt.mgcomunicacio.com\/ca\/wp-json\/wp\/v2\/pages\/369\/revisions"}],"predecessor-version":[{"id":4520,"href":"https:\/\/greencourt.mgcomunicacio.com\/ca\/wp-json\/wp\/v2\/pages\/369\/revisions\/4520"}],"up":[{"embeddable":true,"href":"https:\/\/greencourt.mgcomunicacio.com\/ca\/wp-json\/wp\/v2\/pages\/365"}],"wp:attachment":[{"href":"https:\/\/greencourt.mgcomunicacio.com\/ca\/wp-json\/wp\/v2\/media?parent=369"}],"curies":[{"name":"wp","href":"https:\/\/api.w.org\/{rel}","templated":true}]}}