{"id":378,"date":"2025-05-22T07:55:54","date_gmt":"2025-05-22T07:55:54","guid":{"rendered":"https:\/\/greencourt.mgcomunicacio.com\/?page_id=378"},"modified":"2025-11-25T16:24:19","modified_gmt":"2025-11-25T15:24:19","slug":"construccio-de-pistes-de-basquet","status":"publish","type":"page","link":"https:\/\/greencourt.mgcomunicacio.com\/ca\/solucions\/altres-esports\/construccio-de-pistes-de-basquet\/","title":{"rendered":"Construcci\u00f3 de pistes de b\u00e0squet"},"content":{"rendered":"<div class=\"wp-block-greencourt-cabecera mod-cabecera f1_2\"><div class=\"slider\"><div class=\"wp-block-greencourt-cabecera-interior slide\"><div class=\"maq-contenidor\" style=\"backdrop-filter: blur(0px)\"><div class=\"text\"><p class=\"has-text-align-center is-style-com_titular_1 has-blanc-color has-text-color has-link-color wp-elements-59a265952c82c4f321d9856ca55f2dbe\">Estabilitat, rebot t\u00e8cnic<br>i absorci\u00f3 d\u2019impactes<\/p><\/div><\/div><div class=\"image\" style=\"background-image:url(https:\/\/greencourt.mgcomunicacio.com\/wp-content\/uploads\/2025\/11\/Construccion-de-Pistas-de-basket-08.jpg)\"><\/div><\/div><\/div><\/div><div class=\"wp-block-greencourt-marges maq-contenidor normal marge-superior-gran marge-inferior-gran\" data-aos=\"off\" data-aos-delay=\"aos_delay\"><h1 class=\"wp-block-heading is-style-com_titular_2\">Construcci\u00f3 de pistes de b\u00e0squet: estabilitat, control i intensitat de joc.<\/h1>\n\n<div style=\"height:5vh\" aria-hidden=\"true\" class=\"wp-block-spacer\"><\/div>\n\n<p class=\"is-style-com_titular_4\">A Greencourt constru\u00efm pistes de b\u00e0squet dissenyades per oferir una resposta t\u00e8cnica precisa, adaptada al ritme intens i exigent d\u2019aquest esport. Treballem amb sistemes de paviment homologats \u2014tant per a \u00fas interior com exterior\u2014 que garanteixen un rebot consistent, una tracci\u00f3 equilibrada i una bona absorci\u00f3 d\u2019impactes.<\/p>\n\n<p><\/p>\n\n<p class=\"is-style-com_titular_4\">Cada pista es construeix sobre una base s\u00f2lida i ben nivellada, amb paviments sint\u00e8tics, resines esportives o superf\u00edcies modulars segons l\u2019\u00fas previst. Ens encarreguem de tot el proc\u00e9s: execuci\u00f3 de la base, aplicaci\u00f3 del recobriment esportiu, tra\u00e7at de l\u00ednies oficials, instal\u00b7laci\u00f3 de cistelles fixes o m\u00f2bils, tancaments i il\u00b7luminaci\u00f3 si cal. Dissenyem espais duradors, segurs i amb un acabat visual impecable, pensats per competir-hi i gaudir-ne.<\/p><\/div><div style=\"height:10vh\" aria-hidden=\"true\" class=\"wp-block-spacer\"><\/div><div class=\"wp-block-greencourt-marges maq-contenidor fullwidth marge-superior-petit marge-inferior-\" data-aos=\"off\" data-aos-delay=\"aos_delay\"><figure class=\"wp-block-image size-full\"><img loading=\"lazy\" decoding=\"async\" width=\"2500\" height=\"1731\" src=\"https:\/\/greencourt.mgcomunicacio.com\/wp-content\/uploads\/2025\/11\/Construccion-de-Pistas-de-basket-07.jpg\" alt=\"\" class=\"wp-image-4035\" srcset=\"https:\/\/greencourt.mgcomunicacio.com\/wp-content\/uploads\/2025\/11\/Construccion-de-Pistas-de-basket-07.jpg 2500w, https:\/\/greencourt.mgcomunicacio.com\/wp-content\/uploads\/2025\/11\/Construccion-de-Pistas-de-basket-07-600x415.jpg 600w, https:\/\/greencourt.mgcomunicacio.com\/wp-content\/uploads\/2025\/11\/Construccion-de-Pistas-de-basket-07-300x208.jpg 300w, https:\/\/greencourt.mgcomunicacio.com\/wp-content\/uploads\/2025\/11\/Construccion-de-Pistas-de-basket-07-1024x709.jpg 1024w, https:\/\/greencourt.mgcomunicacio.com\/wp-content\/uploads\/2025\/11\/Construccion-de-Pistas-de-basket-07-768x532.jpg 768w, https:\/\/greencourt.mgcomunicacio.com\/wp-content\/uploads\/2025\/11\/Construccion-de-Pistas-de-basket-07-1536x1064.jpg 1536w, https:\/\/greencourt.mgcomunicacio.com\/wp-content\/uploads\/2025\/11\/Construccion-de-Pistas-de-basket-07-2048x1418.jpg 2048w, https:\/\/greencourt.mgcomunicacio.com\/wp-content\/uploads\/2025\/11\/Construccion-de-Pistas-de-basket-07-340x235.jpg 340w, https:\/\/greencourt.mgcomunicacio.com\/wp-content\/uploads\/2025\/11\/Construccion-de-Pistas-de-basket-07-140x97.jpg 140w\" sizes=\"auto, (max-width: 2500px) 100vw, 2500px\" \/><\/figure><\/div><div style=\"height:10vh\" aria-hidden=\"true\" class=\"wp-block-spacer\"><\/div><div class=\"wp-block-greencourt-marges maq-contenidor normal marge-superior-petit marge-inferior-\" data-aos=\"off\" data-aos-delay=\"aos_delay\"><h2 class=\"wp-block-heading is-style-com_titular_2\">Caracter\u00edstiques de pistes de b\u00e0squet Greencourt<\/h2><\/div><div style=\"height:10vh\" aria-hidden=\"true\" class=\"wp-block-spacer\"><\/div><div class=\"wp-block-greencourt-ajedrez mod-escacs align-superior marge-superior- marge-inferior-\"><div class=\"wp-block-greencourt-ajedrez-interior interior maq_cols_flex cols_2\"><div class=\"col text\"><div class=\"text-wrapper\"><h3 class=\"wp-block-heading is-style-com_titular_2 has-taronja-greencourt-color has-text-color has-link-color wp-elements-2c04fe90693a51efe6e4994b0fced676\">Superf\u00edcie amb rebot regular i bona absorci\u00f3 d\u2019impactes<\/h3>\n\n<p><\/p>\n\n<p class=\"is-style-com_titular_4 has-gris-greencourt-color has-text-color has-link-color wp-elements-6a59d53afd2dd520e8f24ab3cf7b7563\">Per garantir un joc t\u00e8cnic, evitar lesions i millorar l\u2019experi\u00e8ncia del jugador.<\/p><\/div><\/div><div class=\"col img\"><div class=\"img-container\" style=\"background-image:url(https:\/\/greencourt.mgcomunicacio.com\/wp-content\/uploads\/2025\/08\/Construccion-de-Pistas-de-basket-01.jpg)\"><\/div><\/div><\/div>\n\n<div class=\"wp-block-greencourt-ajedrez-interior interior maq_cols_flex cols_2\"><div class=\"col text\"><div class=\"text-wrapper\"><h3 class=\"wp-block-heading is-style-com_titular_2 has-taronja-greencourt-color has-text-color has-link-color wp-elements-35cde3f73f23cc6484a632cc34c7d1a6\">Cistelles i l\u00ednies reglament\u00e0ries adaptades a l\u2019edat o al nivell<\/h3>\n\n<p><\/p>\n\n<p class=\"is-style-com_titular_4 has-gris-greencourt-color has-text-color has-link-color wp-elements-ec6f0fd6a75aa51694c0122a97cc139f\">Molts clients demanen que la pista sigui homologada i polivalent (ex. minib\u00e0squet + s\u00e8nior).<\/p><\/div><\/div><div class=\"col img\"><div class=\"img-container\" style=\"background-image:url(https:\/\/greencourt.mgcomunicacio.com\/wp-content\/uploads\/2025\/08\/Construccion-de-Pistas-de-basket-03.jpg)\"><\/div><\/div><\/div><\/div><p><\/p>","protected":false},"excerpt":{"rendered":"","protected":false},"author":1,"featured_media":0,"parent":376,"menu_order":0,"comment_status":"closed","ping_status":"closed","template":"","meta":{"_acf_changed":false,"footnotes":""},"class_list":["post-378","page","type-page","status-publish","hentry"],"acf":[],"_links":{"self":[{"href":"https:\/\/greencourt.mgcomunicacio.com\/ca\/wp-json\/wp\/v2\/pages\/378","targetHints":{"allow":["GET"]}}],"collection":[{"href":"https:\/\/greencourt.mgcomunicacio.com\/ca\/wp-json\/wp\/v2\/pages"}],"about":[{"href":"https:\/\/greencourt.mgcomunicacio.com\/ca\/wp-json\/wp\/v2\/types\/page"}],"author":[{"embeddable":true,"href":"https:\/\/greencourt.mgcomunicacio.com\/ca\/wp-json\/wp\/v2\/users\/1"}],"replies":[{"embeddable":true,"href":"https:\/\/greencourt.mgcomunicacio.com\/ca\/wp-json\/wp\/v2\/comments?post=378"}],"version-history":[{"count":10,"href":"https:\/\/greencourt.mgcomunicacio.com\/ca\/wp-json\/wp\/v2\/pages\/378\/revisions"}],"predecessor-version":[{"id":4473,"href":"https:\/\/greencourt.mgcomunicacio.com\/ca\/wp-json\/wp\/v2\/pages\/378\/revisions\/4473"}],"up":[{"embeddable":true,"href":"https:\/\/greencourt.mgcomunicacio.com\/ca\/wp-json\/wp\/v2\/pages\/376"}],"wp:attachment":[{"href":"https:\/\/greencourt.mgcomunicacio.com\/ca\/wp-json\/wp\/v2\/media?parent=378"}],"curies":[{"name":"wp","href":"https:\/\/api.w.org\/{rel}","templated":true}]}}