{"id":381,"date":"2025-05-22T07:57:48","date_gmt":"2025-05-22T07:57:48","guid":{"rendered":"https:\/\/greencourt.mgcomunicacio.com\/?page_id=381"},"modified":"2025-11-27T20:23:25","modified_gmt":"2025-11-27T19:23:25","slug":"construccio-de-pistes-multiesport","status":"publish","type":"page","link":"https:\/\/greencourt.mgcomunicacio.com\/ca\/solucions\/altres-esports\/construccio-de-pistes-multiesport\/","title":{"rendered":"Construcci\u00f3 de pistes multiesport"},"content":{"rendered":"<div class=\"wp-block-greencourt-cabecera mod-cabecera f1_2\"><div class=\"slider\"><div class=\"wp-block-greencourt-cabecera-interior slide\"><div class=\"maq-contenidor\" style=\"backdrop-filter: blur(0px)\"><div class=\"text\"><p class=\"has-text-align-center is-style-com_titular_1 has-blanc-color has-text-color has-link-color wp-elements-9c3c400d7c7b8d87900830cbf5c67af9\">Un sol espai,<br>moltes possibilitats<\/p><\/div><\/div><div class=\"image\" style=\"background-image:url(https:\/\/greencourt.mgcomunicacio.com\/wp-content\/uploads\/2025\/11\/Construccion-y-mantenimiento-de-Pistas-multideporte-05-scaled.jpg)\"><\/div><\/div><\/div><\/div><div class=\"wp-block-greencourt-marges maq-contenidor normal marge-superior-gran marge-inferior-gran\" data-aos=\"off\" data-aos-delay=\"aos_delay\"><h1 class=\"wp-block-heading is-style-com_titular_2\">Construcci\u00f3 de pistes multiesport: amb tra\u00e7ats clars i per a diverses disciplines.<\/h1>\n\n<div style=\"height:5vh\" aria-hidden=\"true\" class=\"wp-block-spacer\"><\/div>\n\n<p class=\"is-style-com_titular_4\">Les pistes multiesport Greencourt s\u00f3n la soluci\u00f3 ideal per a espais educatius, municipals o comunitaris que volen acollir diverses disciplines en una sola instal\u00b7laci\u00f3. Dissenyem cada pista per maximitzar la funcionalitat, combinant tra\u00e7ats per a b\u00e0squet, futbol sala, handbol, voleibol o altres esports en un \u00fanic paviment vers\u00e0til i resistent.<\/p>\n\n<p><\/p>\n\n<p class=\"is-style-com_titular_4\">Utilitzem superf\u00edcies multiesport homologades \u2014com resines esportives o paviments modulars\u2014 que garanteixen una bona tracci\u00f3, rebot uniforme i resist\u00e8ncia al desgast. Executem tot el projecte: base, paviment, l\u00ednies de joc diferenciades, porteries, cistelles, xarxes, il\u00b7luminaci\u00f3 i sistemes de tancament. Oferim una instal\u00b7laci\u00f3 flexible, segura i dissenyada per durar, pensada per canviar f\u00e0cilment d\u2019un esport a l\u2019altre sense perdre qualitat de joc.<\/p><\/div><div style=\"height:10vh\" aria-hidden=\"true\" class=\"wp-block-spacer\"><\/div><div class=\"wp-block-greencourt-marges maq-contenidor fullwidth marge-superior-petit marge-inferior-\" data-aos=\"off\" data-aos-delay=\"aos_delay\"><figure class=\"wp-block-image size-full\"><img loading=\"lazy\" decoding=\"async\" width=\"2500\" height=\"1667\" src=\"https:\/\/greencourt.mgcomunicacio.com\/wp-content\/uploads\/2025\/08\/Construccion-y-mantenimiento-de-Pistas-multideporte-01.jpg\" alt=\"\" class=\"wp-image-1133\" srcset=\"https:\/\/greencourt.mgcomunicacio.com\/wp-content\/uploads\/2025\/08\/Construccion-y-mantenimiento-de-Pistas-multideporte-01.jpg 2500w, https:\/\/greencourt.mgcomunicacio.com\/wp-content\/uploads\/2025\/08\/Construccion-y-mantenimiento-de-Pistas-multideporte-01-600x400.jpg 600w, https:\/\/greencourt.mgcomunicacio.com\/wp-content\/uploads\/2025\/08\/Construccion-y-mantenimiento-de-Pistas-multideporte-01-300x200.jpg 300w, https:\/\/greencourt.mgcomunicacio.com\/wp-content\/uploads\/2025\/08\/Construccion-y-mantenimiento-de-Pistas-multideporte-01-1024x683.jpg 1024w, https:\/\/greencourt.mgcomunicacio.com\/wp-content\/uploads\/2025\/08\/Construccion-y-mantenimiento-de-Pistas-multideporte-01-768x512.jpg 768w, https:\/\/greencourt.mgcomunicacio.com\/wp-content\/uploads\/2025\/08\/Construccion-y-mantenimiento-de-Pistas-multideporte-01-1536x1024.jpg 1536w, https:\/\/greencourt.mgcomunicacio.com\/wp-content\/uploads\/2025\/08\/Construccion-y-mantenimiento-de-Pistas-multideporte-01-2048x1366.jpg 2048w, https:\/\/greencourt.mgcomunicacio.com\/wp-content\/uploads\/2025\/08\/Construccion-y-mantenimiento-de-Pistas-multideporte-01-340x227.jpg 340w, https:\/\/greencourt.mgcomunicacio.com\/wp-content\/uploads\/2025\/08\/Construccion-y-mantenimiento-de-Pistas-multideporte-01-140x93.jpg 140w\" sizes=\"auto, (max-width: 2500px) 100vw, 2500px\" \/><\/figure><\/div><div style=\"height:10vh\" aria-hidden=\"true\" class=\"wp-block-spacer\"><\/div><div class=\"wp-block-greencourt-marges maq-contenidor normal marge-superior-petit marge-inferior-\" data-aos=\"off\" data-aos-delay=\"aos_delay\"><h2 class=\"wp-block-heading is-style-com_titular_2\">Caracter\u00edstiques pistes multiesport Greencourt<\/h2><\/div><div style=\"height:10vh\" aria-hidden=\"true\" class=\"wp-block-spacer\"><\/div><div class=\"wp-block-greencourt-ajedrez mod-escacs align-superior marge-superior- marge-inferior-\"><div class=\"wp-block-greencourt-ajedrez-interior interior maq_cols_flex cols_2\"><div class=\"col text\"><div class=\"text-wrapper\"><h3 class=\"wp-block-heading is-style-com_titular_2 has-taronja-greencourt-color has-text-color has-link-color wp-elements-4d84ac093f45df1fe6ac5690b1e747c1\">Tra\u00e7at de l\u00ednies m\u00faltiples ben diferenciades i permanents<\/h3>\n\n<p><\/p>\n\n<p class=\"is-style-com_titular_4 has-gris-greencourt-color has-text-color has-link-color wp-elements-a9edf2740a311e5d767ec8b579b7d86d\">\u00c9s essencial que les l\u00ednies siguin clares i no generin confusi\u00f3 entre esports.<\/p><\/div><\/div><div class=\"col img\"><div class=\"img-container\" style=\"background-image:url(https:\/\/greencourt.mgcomunicacio.com\/wp-content\/uploads\/2025\/08\/Construccion-y-mantenimiento-de-Pistas-multideporte-02.jpg)\"><\/div><\/div><\/div>\n\n<div class=\"wp-block-greencourt-ajedrez-interior interior maq_cols_flex cols_2\"><div class=\"col text\"><div class=\"text-wrapper\"><h3 class=\"wp-block-heading is-style-com_titular_2 has-taronja-greencourt-color has-text-color has-link-color wp-elements-de76bdd4c676f15816c9f88f7c346389\">Paviment vers\u00e0til, durador i f\u00e0cil de mantenir<\/h3>\n\n<p><\/p>\n\n<p class=\"is-style-com_titular_4 has-gris-greencourt-color has-text-color has-link-color wp-elements-1d75f0b9e9c6f740c1240716da5db876\">El client vol una pista per tot: que serveixi per futbol, b\u00e0squet, voleibol\u2026 i que duri molts anys amb poc manteniment.<\/p><\/div><\/div><div class=\"col img\"><div class=\"img-container\" style=\"background-image:url(https:\/\/greencourt.mgcomunicacio.com\/wp-content\/uploads\/2025\/08\/Construccion-y-mantenimiento-de-Pistas-multideporte-04.jpg)\"><\/div><\/div><\/div><\/div><p><\/p>","protected":false},"excerpt":{"rendered":"","protected":false},"author":1,"featured_media":0,"parent":376,"menu_order":0,"comment_status":"closed","ping_status":"closed","template":"","meta":{"_acf_changed":false,"footnotes":""},"class_list":["post-381","page","type-page","status-publish","hentry"],"acf":[],"_links":{"self":[{"href":"https:\/\/greencourt.mgcomunicacio.com\/ca\/wp-json\/wp\/v2\/pages\/381","targetHints":{"allow":["GET"]}}],"collection":[{"href":"https:\/\/greencourt.mgcomunicacio.com\/ca\/wp-json\/wp\/v2\/pages"}],"about":[{"href":"https:\/\/greencourt.mgcomunicacio.com\/ca\/wp-json\/wp\/v2\/types\/page"}],"author":[{"embeddable":true,"href":"https:\/\/greencourt.mgcomunicacio.com\/ca\/wp-json\/wp\/v2\/users\/1"}],"replies":[{"embeddable":true,"href":"https:\/\/greencourt.mgcomunicacio.com\/ca\/wp-json\/wp\/v2\/comments?post=381"}],"version-history":[{"count":12,"href":"https:\/\/greencourt.mgcomunicacio.com\/ca\/wp-json\/wp\/v2\/pages\/381\/revisions"}],"predecessor-version":[{"id":4568,"href":"https:\/\/greencourt.mgcomunicacio.com\/ca\/wp-json\/wp\/v2\/pages\/381\/revisions\/4568"}],"up":[{"embeddable":true,"href":"https:\/\/greencourt.mgcomunicacio.com\/ca\/wp-json\/wp\/v2\/pages\/376"}],"wp:attachment":[{"href":"https:\/\/greencourt.mgcomunicacio.com\/ca\/wp-json\/wp\/v2\/media?parent=381"}],"curies":[{"name":"wp","href":"https:\/\/api.w.org\/{rel}","templated":true}]}}