{"id":3883,"date":"2025-11-17T08:03:48","date_gmt":"2025-11-17T08:03:48","guid":{"rendered":"https:\/\/greencourt.mgcomunicacio.com\/?page_id=3883"},"modified":"2025-11-25T13:57:00","modified_gmt":"2025-11-25T12:57:00","slug":"pista-multiesportiva-situada-a-la-coberta-del-nostre-client-sertrans-a-vilanova-del-valles","status":"publish","type":"page","link":"https:\/\/greencourt.mgcomunicacio.com\/ca\/projectes\/pista-multiesportiva-situada-a-la-coberta-del-nostre-client-sertrans-a-vilanova-del-valles\/","title":{"rendered":"Pista multiesportiva situada a la coberta del nostre client Sertrans, a Vilanova del Vall\u00e8s."},"content":{"rendered":"<div class=\"wp-block-greencourt-cabecera mod-cabecera f1_2\"><div class=\"slider\"><div class=\"wp-block-greencourt-cabecera-interior slide\"><div class=\"maq-contenidor\" style=\"backdrop-filter: blur(0px)\"><div class=\"text\"><p class=\"has-text-align-center is-style-com_titular_1 has-blanc-color has-text-color has-link-color wp-elements-8df84ba4a578fba3d544bb852390c2a5\">Vilanova del Vall\u00e8s<\/p><\/div><\/div><div class=\"image\" style=\"background-image:url(https:\/\/greencourt.mgcomunicacio.com\/wp-content\/uploads\/2025\/11\/multiesportiva-situada-a-la-coberta-del-nostre-client-Sertrans-01.jpg)\"><\/div><\/div><\/div><\/div><div class=\"wp-block-greencourt-marges maq-contenidor normal marge-superior-gran marge-inferior-gran\" data-aos=\"off\" data-aos-delay=\"aos_delay\"><h1 class=\"wp-block-heading is-style-com_titular_2\">Pista multiesportiva situada a la coberta del nostre client Sertrans, a Vilanova del Vall\u00e8s.<\/h1>\n\n<div style=\"height:5vh\" aria-hidden=\"true\" class=\"wp-block-spacer\"><\/div>\n\n<p class=\"is-style-com_titular_4\">A Greencourt hem treballat perqu\u00e8 aquest projecte combini disseny, funcionalitat i durabilitat. La pista integra superf\u00edcies d\u2019alt rendiment dissenyades per suportar un \u00fas intensiu, una senyalitzaci\u00f3 clara i resistent, i uns acabats que asseguren una pr\u00e0ctica esportiva \u00f2ptima tant per a joc multiesportiu com per a activitats m\u00e9s l\u00fadiques.<br><\/p><\/div><div class=\"wp-block-greencourt-marges maq-contenidor normal marge-superior-petit marge-inferior-petit\" data-aos=\"off\" data-aos-delay=\"aos_delay\"><div class=\"wp-block-greencourt-columnes-responsive mod-columnes-responsive cols-dsk-2 cols-tbl-2 cols-mob-1 gap-petit centra-orfes\"><div class=\"wp-block-greencourt-columna-responsive mod-columna-responsive-wrapper\"><div class=\"mod-columna-responsive valign-superior\"><p class=\"is-style-com_titular_3 has-taronja-greencourt-color has-text-color has-link-color wp-elements-b34f8c594d2ee7d3dd98ee7f787b3a26\">Un espai sorprenent en plena al\u00e7ada que transforma una coberta industrial en una zona d\u2019activitat f\u00edsica moderna, segura i oberta a tot tipus d\u2019usuaris.<\/p><\/div><\/div>\n\n<div class=\"wp-block-greencourt-columna-responsive mod-columna-responsive-wrapper\"><div class=\"mod-columna-responsive valign-superior\"><p class=\"is-style-com_titular_4\">Com sempre, farem unes proves inicials per validar la planimetria, l\u2019adher\u00e8ncia i l\u2019absorci\u00f3 d\u2019impactes, garantint que el paviment compleixi amb els est\u00e0ndards Greencourt. L\u2019objectiu \u00e9s oferir un espai fiable, amb una molt bona resposta mec\u00e0nica i preparat per al pas del temps i les condicions clim\u00e0tiques.<\/p>\n\n<p><\/p>\n\n<p class=\"is-style-com_titular_4\">Aquest projecte \u00e9s un exemple de com aprofitem espais en des\u00fas per convertir-los en <strong>zones esportives de qualitat<\/strong>, aportant valor afegit als clients i potenciant nous punts d\u2019activitat f\u00edsica dins l\u2019entorn laboral.<\/p>\n\n<p class=\"is-style-com_titular_4\">A Vilanova del Vall\u00e8s, Sertrans ja disposa d\u2019una instal\u00b7laci\u00f3 \u00fanica per gaudir de l\u2019esport\u2026 a tocar del cel<strong>.<\/strong><\/p><\/div><\/div><\/div><\/div><div style=\"height:10vh\" aria-hidden=\"true\" class=\"wp-block-spacer\"><\/div><figure class=\"wp-block-gallery has-nested-images columns-2 is-cropped wp-block-gallery-1 is-layout-flex wp-block-gallery-is-layout-flex\"><figure class=\"wp-block-image size-large\"><img loading=\"lazy\" decoding=\"async\" width=\"1024\" height=\"1024\" data-id=\"3891\" src=\"https:\/\/greencourt.mgcomunicacio.com\/wp-content\/uploads\/2025\/11\/493315561_1237157015085560_553058991063174308_n-1024x1024.jpg\" alt=\"\" class=\"wp-image-3891\" srcset=\"https:\/\/greencourt.mgcomunicacio.com\/wp-content\/uploads\/2025\/11\/493315561_1237157015085560_553058991063174308_n-1024x1024.jpg 1024w, https:\/\/greencourt.mgcomunicacio.com\/wp-content\/uploads\/2025\/11\/493315561_1237157015085560_553058991063174308_n-300x300.jpg 300w, https:\/\/greencourt.mgcomunicacio.com\/wp-content\/uploads\/2025\/11\/493315561_1237157015085560_553058991063174308_n-100x100.jpg 100w, https:\/\/greencourt.mgcomunicacio.com\/wp-content\/uploads\/2025\/11\/493315561_1237157015085560_553058991063174308_n-600x600.jpg 600w, https:\/\/greencourt.mgcomunicacio.com\/wp-content\/uploads\/2025\/11\/493315561_1237157015085560_553058991063174308_n-150x150.jpg 150w, https:\/\/greencourt.mgcomunicacio.com\/wp-content\/uploads\/2025\/11\/493315561_1237157015085560_553058991063174308_n-768x768.jpg 768w, https:\/\/greencourt.mgcomunicacio.com\/wp-content\/uploads\/2025\/11\/493315561_1237157015085560_553058991063174308_n-340x340.jpg 340w, https:\/\/greencourt.mgcomunicacio.com\/wp-content\/uploads\/2025\/11\/493315561_1237157015085560_553058991063174308_n-140x140.jpg 140w, https:\/\/greencourt.mgcomunicacio.com\/wp-content\/uploads\/2025\/11\/493315561_1237157015085560_553058991063174308_n.jpg 1080w\" sizes=\"auto, (max-width: 1024px) 100vw, 1024px\" \/><\/figure>\n\n<figure class=\"wp-block-image size-large\"><img loading=\"lazy\" decoding=\"async\" width=\"1024\" height=\"1024\" data-id=\"3892\" src=\"https:\/\/greencourt.mgcomunicacio.com\/wp-content\/uploads\/2025\/11\/493680337_1237157088418886_1252296877659247924_n-1024x1024.jpg\" alt=\"\" class=\"wp-image-3892\" srcset=\"https:\/\/greencourt.mgcomunicacio.com\/wp-content\/uploads\/2025\/11\/493680337_1237157088418886_1252296877659247924_n-1024x1024.jpg 1024w, https:\/\/greencourt.mgcomunicacio.com\/wp-content\/uploads\/2025\/11\/493680337_1237157088418886_1252296877659247924_n-300x300.jpg 300w, https:\/\/greencourt.mgcomunicacio.com\/wp-content\/uploads\/2025\/11\/493680337_1237157088418886_1252296877659247924_n-100x100.jpg 100w, https:\/\/greencourt.mgcomunicacio.com\/wp-content\/uploads\/2025\/11\/493680337_1237157088418886_1252296877659247924_n-600x600.jpg 600w, https:\/\/greencourt.mgcomunicacio.com\/wp-content\/uploads\/2025\/11\/493680337_1237157088418886_1252296877659247924_n-150x150.jpg 150w, https:\/\/greencourt.mgcomunicacio.com\/wp-content\/uploads\/2025\/11\/493680337_1237157088418886_1252296877659247924_n-768x768.jpg 768w, https:\/\/greencourt.mgcomunicacio.com\/wp-content\/uploads\/2025\/11\/493680337_1237157088418886_1252296877659247924_n-340x340.jpg 340w, https:\/\/greencourt.mgcomunicacio.com\/wp-content\/uploads\/2025\/11\/493680337_1237157088418886_1252296877659247924_n-140x140.jpg 140w, https:\/\/greencourt.mgcomunicacio.com\/wp-content\/uploads\/2025\/11\/493680337_1237157088418886_1252296877659247924_n.jpg 1080w\" sizes=\"auto, (max-width: 1024px) 100vw, 1024px\" \/><\/figure>\n\n<figure class=\"wp-block-image size-large\"><img loading=\"lazy\" decoding=\"async\" width=\"1024\" height=\"1024\" data-id=\"3893\" src=\"https:\/\/greencourt.mgcomunicacio.com\/wp-content\/uploads\/2025\/11\/multiesportiva-situada-a-la-coberta-del-nostre-client-Sertrans-02-1024x1024.jpg\" alt=\"\" class=\"wp-image-3893\" srcset=\"https:\/\/greencourt.mgcomunicacio.com\/wp-content\/uploads\/2025\/11\/multiesportiva-situada-a-la-coberta-del-nostre-client-Sertrans-02-1024x1024.jpg 1024w, https:\/\/greencourt.mgcomunicacio.com\/wp-content\/uploads\/2025\/11\/multiesportiva-situada-a-la-coberta-del-nostre-client-Sertrans-02-300x300.jpg 300w, https:\/\/greencourt.mgcomunicacio.com\/wp-content\/uploads\/2025\/11\/multiesportiva-situada-a-la-coberta-del-nostre-client-Sertrans-02-100x100.jpg 100w, https:\/\/greencourt.mgcomunicacio.com\/wp-content\/uploads\/2025\/11\/multiesportiva-situada-a-la-coberta-del-nostre-client-Sertrans-02-600x600.jpg 600w, https:\/\/greencourt.mgcomunicacio.com\/wp-content\/uploads\/2025\/11\/multiesportiva-situada-a-la-coberta-del-nostre-client-Sertrans-02-150x150.jpg 150w, https:\/\/greencourt.mgcomunicacio.com\/wp-content\/uploads\/2025\/11\/multiesportiva-situada-a-la-coberta-del-nostre-client-Sertrans-02-768x768.jpg 768w, https:\/\/greencourt.mgcomunicacio.com\/wp-content\/uploads\/2025\/11\/multiesportiva-situada-a-la-coberta-del-nostre-client-Sertrans-02-340x340.jpg 340w, https:\/\/greencourt.mgcomunicacio.com\/wp-content\/uploads\/2025\/11\/multiesportiva-situada-a-la-coberta-del-nostre-client-Sertrans-02-140x140.jpg 140w, https:\/\/greencourt.mgcomunicacio.com\/wp-content\/uploads\/2025\/11\/multiesportiva-situada-a-la-coberta-del-nostre-client-Sertrans-02.jpg 1080w\" sizes=\"auto, (max-width: 1024px) 100vw, 1024px\" \/><\/figure>\n\n<figure class=\"wp-block-image size-large\"><img loading=\"lazy\" decoding=\"async\" width=\"1024\" height=\"1024\" data-id=\"3890\" src=\"https:\/\/greencourt.mgcomunicacio.com\/wp-content\/uploads\/2025\/11\/493328741_1237156938418901_2349298519346351888_n-1024x1024.jpg\" alt=\"\" class=\"wp-image-3890\" srcset=\"https:\/\/greencourt.mgcomunicacio.com\/wp-content\/uploads\/2025\/11\/493328741_1237156938418901_2349298519346351888_n-1024x1024.jpg 1024w, https:\/\/greencourt.mgcomunicacio.com\/wp-content\/uploads\/2025\/11\/493328741_1237156938418901_2349298519346351888_n-300x300.jpg 300w, https:\/\/greencourt.mgcomunicacio.com\/wp-content\/uploads\/2025\/11\/493328741_1237156938418901_2349298519346351888_n-100x100.jpg 100w, https:\/\/greencourt.mgcomunicacio.com\/wp-content\/uploads\/2025\/11\/493328741_1237156938418901_2349298519346351888_n-600x600.jpg 600w, https:\/\/greencourt.mgcomunicacio.com\/wp-content\/uploads\/2025\/11\/493328741_1237156938418901_2349298519346351888_n-150x150.jpg 150w, https:\/\/greencourt.mgcomunicacio.com\/wp-content\/uploads\/2025\/11\/493328741_1237156938418901_2349298519346351888_n-768x768.jpg 768w, https:\/\/greencourt.mgcomunicacio.com\/wp-content\/uploads\/2025\/11\/493328741_1237156938418901_2349298519346351888_n-340x340.jpg 340w, https:\/\/greencourt.mgcomunicacio.com\/wp-content\/uploads\/2025\/11\/493328741_1237156938418901_2349298519346351888_n-140x140.jpg 140w, https:\/\/greencourt.mgcomunicacio.com\/wp-content\/uploads\/2025\/11\/493328741_1237156938418901_2349298519346351888_n.jpg 1080w\" sizes=\"auto, (max-width: 1024px) 100vw, 1024px\" \/><\/figure>\n\n<figure class=\"wp-block-image size-large\"><img loading=\"lazy\" decoding=\"async\" width=\"1024\" height=\"1024\" data-id=\"3889\" src=\"https:\/\/greencourt.mgcomunicacio.com\/wp-content\/uploads\/2025\/11\/493314157_1237156921752236_3922358899273529311_n-1024x1024.jpg\" alt=\"\" class=\"wp-image-3889\" srcset=\"https:\/\/greencourt.mgcomunicacio.com\/wp-content\/uploads\/2025\/11\/493314157_1237156921752236_3922358899273529311_n-1024x1024.jpg 1024w, https:\/\/greencourt.mgcomunicacio.com\/wp-content\/uploads\/2025\/11\/493314157_1237156921752236_3922358899273529311_n-300x300.jpg 300w, https:\/\/greencourt.mgcomunicacio.com\/wp-content\/uploads\/2025\/11\/493314157_1237156921752236_3922358899273529311_n-100x100.jpg 100w, https:\/\/greencourt.mgcomunicacio.com\/wp-content\/uploads\/2025\/11\/493314157_1237156921752236_3922358899273529311_n-600x600.jpg 600w, https:\/\/greencourt.mgcomunicacio.com\/wp-content\/uploads\/2025\/11\/493314157_1237156921752236_3922358899273529311_n-150x150.jpg 150w, https:\/\/greencourt.mgcomunicacio.com\/wp-content\/uploads\/2025\/11\/493314157_1237156921752236_3922358899273529311_n-768x768.jpg 768w, https:\/\/greencourt.mgcomunicacio.com\/wp-content\/uploads\/2025\/11\/493314157_1237156921752236_3922358899273529311_n-340x340.jpg 340w, https:\/\/greencourt.mgcomunicacio.com\/wp-content\/uploads\/2025\/11\/493314157_1237156921752236_3922358899273529311_n-140x140.jpg 140w, https:\/\/greencourt.mgcomunicacio.com\/wp-content\/uploads\/2025\/11\/493314157_1237156921752236_3922358899273529311_n.jpg 1080w\" sizes=\"auto, (max-width: 1024px) 100vw, 1024px\" \/><\/figure>\n\n<figure class=\"wp-block-image size-large\"><img loading=\"lazy\" decoding=\"async\" width=\"1024\" height=\"1024\" data-id=\"3888\" src=\"https:\/\/greencourt.mgcomunicacio.com\/wp-content\/uploads\/2025\/11\/493948325_1237157085085553_5538713889121244426_n-1024x1024.jpg\" alt=\"\" class=\"wp-image-3888\" srcset=\"https:\/\/greencourt.mgcomunicacio.com\/wp-content\/uploads\/2025\/11\/493948325_1237157085085553_5538713889121244426_n-1024x1024.jpg 1024w, https:\/\/greencourt.mgcomunicacio.com\/wp-content\/uploads\/2025\/11\/493948325_1237157085085553_5538713889121244426_n-300x300.jpg 300w, https:\/\/greencourt.mgcomunicacio.com\/wp-content\/uploads\/2025\/11\/493948325_1237157085085553_5538713889121244426_n-100x100.jpg 100w, https:\/\/greencourt.mgcomunicacio.com\/wp-content\/uploads\/2025\/11\/493948325_1237157085085553_5538713889121244426_n-600x600.jpg 600w, https:\/\/greencourt.mgcomunicacio.com\/wp-content\/uploads\/2025\/11\/493948325_1237157085085553_5538713889121244426_n-150x150.jpg 150w, https:\/\/greencourt.mgcomunicacio.com\/wp-content\/uploads\/2025\/11\/493948325_1237157085085553_5538713889121244426_n-768x768.jpg 768w, https:\/\/greencourt.mgcomunicacio.com\/wp-content\/uploads\/2025\/11\/493948325_1237157085085553_5538713889121244426_n-340x340.jpg 340w, https:\/\/greencourt.mgcomunicacio.com\/wp-content\/uploads\/2025\/11\/493948325_1237157085085553_5538713889121244426_n-140x140.jpg 140w, https:\/\/greencourt.mgcomunicacio.com\/wp-content\/uploads\/2025\/11\/493948325_1237157085085553_5538713889121244426_n.jpg 1080w\" sizes=\"auto, (max-width: 1024px) 100vw, 1024px\" \/><\/figure><\/figure><div style=\"height:15vh\" aria-hidden=\"true\" class=\"wp-block-spacer\"><\/div><p><\/p>","protected":false},"excerpt":{"rendered":"","protected":false},"author":1,"featured_media":0,"parent":435,"menu_order":0,"comment_status":"closed","ping_status":"closed","template":"","meta":{"_acf_changed":false,"footnotes":""},"class_list":["post-3883","page","type-page","status-publish","hentry"],"acf":[],"_links":{"self":[{"href":"https:\/\/greencourt.mgcomunicacio.com\/ca\/wp-json\/wp\/v2\/pages\/3883","targetHints":{"allow":["GET"]}}],"collection":[{"href":"https:\/\/greencourt.mgcomunicacio.com\/ca\/wp-json\/wp\/v2\/pages"}],"about":[{"href":"https:\/\/greencourt.mgcomunicacio.com\/ca\/wp-json\/wp\/v2\/types\/page"}],"author":[{"embeddable":true,"href":"https:\/\/greencourt.mgcomunicacio.com\/ca\/wp-json\/wp\/v2\/users\/1"}],"replies":[{"embeddable":true,"href":"https:\/\/greencourt.mgcomunicacio.com\/ca\/wp-json\/wp\/v2\/comments?post=3883"}],"version-history":[{"count":5,"href":"https:\/\/greencourt.mgcomunicacio.com\/ca\/wp-json\/wp\/v2\/pages\/3883\/revisions"}],"predecessor-version":[{"id":4454,"href":"https:\/\/greencourt.mgcomunicacio.com\/ca\/wp-json\/wp\/v2\/pages\/3883\/revisions\/4454"}],"up":[{"embeddable":true,"href":"https:\/\/greencourt.mgcomunicacio.com\/ca\/wp-json\/wp\/v2\/pages\/435"}],"wp:attachment":[{"href":"https:\/\/greencourt.mgcomunicacio.com\/ca\/wp-json\/wp\/v2\/media?parent=3883"}],"curies":[{"name":"wp","href":"https:\/\/api.w.org\/{rel}","templated":true}]}}