{"id":4049,"date":"2025-11-17T18:22:45","date_gmt":"2025-11-17T18:22:45","guid":{"rendered":"https:\/\/greencourt.mgcomunicacio.com\/?page_id=4049"},"modified":"2025-12-01T19:04:46","modified_gmt":"2025-12-01T18:04:46","slug":"pistes-de-tenis-de-resina-composan","status":"publish","type":"page","link":"https:\/\/greencourt.mgcomunicacio.com\/ca\/solucions\/pistes-de-tenis\/construccio-de-pistes-de-tenis-de-resina\/pistes-de-tenis-de-resina-composan\/","title":{"rendered":"Pistes de tennis de resina Composan\u00ae"},"content":{"rendered":"<div class=\"wp-block-greencourt-cabecera mod-cabecera f1_2\"><div class=\"slider\"><div class=\"wp-block-greencourt-cabecera-interior slide\"><div class=\"maq-contenidor\" style=\"backdrop-filter: blur(0px)\"><div class=\"text\"><h1 class=\"wp-block-heading has-text-align-center is-style-com_titular_1 has-blanc-color has-text-color has-link-color wp-elements-9929887805e289a9c4dc71677ba6c2f8\">Pistes de resina<br>Composan\u00ae<\/h1><\/div><\/div><div class=\"image\" style=\"background-image:url(https:\/\/greencourt.mgcomunicacio.com\/wp-content\/uploads\/2025\/11\/Pistas-de-tennis-resina-grip-12-1-scaled.jpg)\"><\/div><\/div><\/div><\/div><div class=\"wp-block-greencourt-marges maq-contenidor normal marge-superior-gran marge-inferior-gran\" data-aos=\"off\" data-aos-delay=\"aos_delay\"><h2 class=\"wp-block-heading is-style-com_titular_2\">Composan\u00ae referent en resines acr\u00edliques per a pistes r\u00e0pides, cont\u00ednues i d\u2019alta durabilitat.<\/h2>\n\n<div style=\"height:5vh\" aria-hidden=\"true\" class=\"wp-block-spacer\"><\/div>\n\n<p class=\"is-style-com_titular_4\">A Greencourt instal\u00b7lem els sistemes de resina acr\u00edlica Composan\u00ae, un dels fabricants de refer\u00e8ncia a Espanya amb m\u00e9s de 30 anys d\u2019experi\u00e8ncia en el desenvolupament de paviments sint\u00e8tics esportius. Les pistes de resina Composan \u2014conegudes popularment com a <em>pistes r\u00e0pides<\/em>\u2014 ofereixen una superf\u00edcie impermeable, cont\u00ednua i sense juntes, amb una textura microrrugosa que garanteix un bot homogeni i un joc r\u00e0pid per\u00f2 controlat.<\/p>\n\n<p><\/p>\n\n<p class=\"is-style-com_titular_4\">Composan\u00ae va incorporar als anys 80 la formulaci\u00f3 nord-americana de les resines acr\u00edliques aplicades a paviments esportius, i des d\u2019aleshores n\u2019ha perfeccionat la composici\u00f3 fins a situar-se com un dels est\u00e0ndards del mercat.<\/p><\/div><div style=\"height:10vh\" aria-hidden=\"true\" class=\"wp-block-spacer\"><\/div><div class=\"wp-block-greencourt-marges maq-contenidor fullwidth marge-superior-petit marge-inferior-\" data-aos=\"off\" data-aos-delay=\"aos_delay\"><figure class=\"wp-block-image size-full\"><img loading=\"lazy\" decoding=\"async\" width=\"2560\" height=\"838\" src=\"https:\/\/greencourt.mgcomunicacio.com\/wp-content\/uploads\/2025\/11\/Esquema-Composan-scaled.jpg\" alt=\"\" class=\"wp-image-4074\" srcset=\"https:\/\/greencourt.mgcomunicacio.com\/wp-content\/uploads\/2025\/11\/Esquema-Composan-scaled.jpg 2560w, https:\/\/greencourt.mgcomunicacio.com\/wp-content\/uploads\/2025\/11\/Esquema-Composan-scaled-600x196.jpg 600w, https:\/\/greencourt.mgcomunicacio.com\/wp-content\/uploads\/2025\/11\/Esquema-Composan-300x98.jpg 300w, https:\/\/greencourt.mgcomunicacio.com\/wp-content\/uploads\/2025\/11\/Esquema-Composan-1024x335.jpg 1024w, https:\/\/greencourt.mgcomunicacio.com\/wp-content\/uploads\/2025\/11\/Esquema-Composan-768x251.jpg 768w, https:\/\/greencourt.mgcomunicacio.com\/wp-content\/uploads\/2025\/11\/Esquema-Composan-1536x503.jpg 1536w, https:\/\/greencourt.mgcomunicacio.com\/wp-content\/uploads\/2025\/11\/Esquema-Composan-2048x670.jpg 2048w, https:\/\/greencourt.mgcomunicacio.com\/wp-content\/uploads\/2025\/11\/Esquema-Composan-340x111.jpg 340w, https:\/\/greencourt.mgcomunicacio.com\/wp-content\/uploads\/2025\/11\/Esquema-Composan-140x46.jpg 140w\" sizes=\"auto, (max-width: 2560px) 100vw, 2560px\" \/><\/figure><\/div><div style=\"height:20vh\" aria-hidden=\"true\" class=\"wp-block-spacer\"><\/div><div class=\"wp-block-greencourt-marges maq-contenidor normal marge-superior-petit marge-inferior-\" data-aos=\"off\" data-aos-delay=\"aos_delay\"><h2 class=\"wp-block-heading is-style-com_titular_2\"><strong><strong>Principals avantatges<\/strong><\/strong><br><strong><strong>de Composan\u00ae <\/strong><\/strong><\/h2>\n\n<div style=\"height:50px\" aria-hidden=\"true\" class=\"wp-block-spacer\"><\/div><\/div><div class=\"wp-block-greencourt-marges maq-contenidor normal marge-superior- marge-inferior-\" data-aos=\"off\" data-aos-delay=\"aos_delay\"><div class=\"wp-block-greencourt-columnes-responsive mod-columnes-responsive cols-dsk-5 cols-tbl-2 cols-mob-1 gap-petit centra-orfes\"><div class=\"wp-block-greencourt-columna-responsive mod-columna-responsive-wrapper\"><div class=\"mod-columna-responsive valign-superior\"><p class=\"is-style-com_titular_1\">01<\/p>\n\n<h3 class=\"wp-block-heading is-style-com_titular_5\">Superf\u00edcie impermeable i cont\u00ednua<\/h3>\n\n<p>Els sistemes Composan\u00ae es basen en capes acr\u00edliques que formen un paviment completament continu, sense juntes i totalment impermeable. Aix\u00f2 evita filtracions, millora la durabilitat i garanteix un comportament estable en qualsevol condici\u00f3.<\/p><\/div><\/div>\n\n<div class=\"wp-block-greencourt-columna-responsive mod-columna-responsive-wrapper\"><div class=\"mod-columna-responsive valign-superior\"><p class=\"is-style-com_titular_1\">02<\/p>\n\n<h3 class=\"wp-block-heading is-style-com_titular_5\">Textura microrrugosa per a un joc segur<\/h3>\n\n<p>La seva textura superficial microrrugosa proporciona el grip ideal per al tennis, afavorint una frenada controlada i un bot regular. Aquesta rugositat fina \u00e9s clau perqu\u00e8 la pista sigui c\u00f2moda, estable i segura tant en entrenament com en competici\u00f3.<\/p><\/div><\/div>\n\n<div class=\"wp-block-greencourt-columna-responsive mod-columna-responsive-wrapper\"><div class=\"mod-columna-responsive valign-superior\"><p class=\"is-style-com_titular_1\">03<\/p>\n\n<h3 class=\"wp-block-heading is-style-com_titular_5\">Manteniment m\u00ednim i f\u00e0cil conservaci\u00f3<\/h3>\n\n<p>Un dels grans avantatges de Composan\u00ae \u00e9s el seu manteniment redu\u00eft: no requereix operacions especials, repintats freq\u00fcents ni tractaments espec\u00edfics. Amb una neteja b\u00e0sica i una correcta utilitzaci\u00f3, la pista mant\u00e9 el seu rendiment durant anys.<\/p><\/div><\/div>\n\n<div class=\"wp-block-greencourt-columna-responsive mod-columna-responsive-wrapper\"><div class=\"mod-columna-responsive valign-superior\"><p class=\"is-style-com_titular_1\">04<\/p>\n\n<h3 class=\"wp-block-heading is-style-com_titular_5\">\u00c0mplia gamma de colors i configuracions<\/h3>\n\n<p>Els sistemes Composan\u00ae permeten personalitzar el paviment amb m\u00faltiples combinacions de colors i acabats. Aix\u00f2 facilita adaptar la pista a l\u2019est\u00e8tica del club, a la imatge corporativa o a configuracions de competici\u00f3.<\/p><\/div><\/div>\n\n<div class=\"wp-block-greencourt-columna-responsive mod-columna-responsive-wrapper\"><div class=\"mod-columna-responsive valign-superior\"><p class=\"is-style-com_titular_1\">05<\/p>\n\n<h3 class=\"wp-block-heading is-style-com_titular_5\">Opcions per a cada nivell de joc: est\u00e0ndard, cushi\u00f3 i ECO<\/h3>\n\n<p>Composan\u00ae ofereix versions r\u00edgides per a joc r\u00e0pid, sistemes amb capes el\u00e0stiques per a m\u00e9s confort articular i opcions ECO amb c\u00e0rregues reciclades. Cada model mant\u00e9 la durabilitat i regularitat t\u00e8cnica del fabricant, permetent triar l\u2019opci\u00f3 que millor s\u2019adapta a l\u2019\u00fas previst.<\/p><\/div><\/div><\/div><\/div><div style=\"height:10vh\" aria-hidden=\"true\" class=\"wp-block-spacer\"><\/div>","protected":false},"excerpt":{"rendered":"","protected":false},"author":1,"featured_media":0,"parent":253,"menu_order":0,"comment_status":"closed","ping_status":"closed","template":"","meta":{"_acf_changed":false,"footnotes":""},"class_list":["post-4049","page","type-page","status-publish","hentry"],"acf":[],"_links":{"self":[{"href":"https:\/\/greencourt.mgcomunicacio.com\/ca\/wp-json\/wp\/v2\/pages\/4049","targetHints":{"allow":["GET"]}}],"collection":[{"href":"https:\/\/greencourt.mgcomunicacio.com\/ca\/wp-json\/wp\/v2\/pages"}],"about":[{"href":"https:\/\/greencourt.mgcomunicacio.com\/ca\/wp-json\/wp\/v2\/types\/page"}],"author":[{"embeddable":true,"href":"https:\/\/greencourt.mgcomunicacio.com\/ca\/wp-json\/wp\/v2\/users\/1"}],"replies":[{"embeddable":true,"href":"https:\/\/greencourt.mgcomunicacio.com\/ca\/wp-json\/wp\/v2\/comments?post=4049"}],"version-history":[{"count":8,"href":"https:\/\/greencourt.mgcomunicacio.com\/ca\/wp-json\/wp\/v2\/pages\/4049\/revisions"}],"predecessor-version":[{"id":4610,"href":"https:\/\/greencourt.mgcomunicacio.com\/ca\/wp-json\/wp\/v2\/pages\/4049\/revisions\/4610"}],"up":[{"embeddable":true,"href":"https:\/\/greencourt.mgcomunicacio.com\/ca\/wp-json\/wp\/v2\/pages\/253"}],"wp:attachment":[{"href":"https:\/\/greencourt.mgcomunicacio.com\/ca\/wp-json\/wp\/v2\/media?parent=4049"}],"curies":[{"name":"wp","href":"https:\/\/api.w.org\/{rel}","templated":true}]}}