{"id":412,"date":"2025-05-22T08:11:38","date_gmt":"2025-05-22T08:11:38","guid":{"rendered":"https:\/\/greencourt.mgcomunicacio.com\/?page_id=412"},"modified":"2025-12-03T20:45:18","modified_gmt":"2025-12-03T19:45:18","slug":"qui-som","status":"publish","type":"page","link":"https:\/\/greencourt.mgcomunicacio.com\/ca\/greencourt\/qui-som\/","title":{"rendered":"Qui som"},"content":{"rendered":"<div class=\"wp-block-greencourt-cabecera mod-cabecera f1_2\"><div class=\"slider\"><div class=\"wp-block-greencourt-cabecera-interior slide\"><div class=\"maq-contenidor\" style=\"backdrop-filter: blur(0px)\"><div class=\"text\"><h1 class=\"wp-block-heading has-text-align-center is-style-com_titular_1 has-blanc-color has-text-color has-link-color wp-elements-06e9af8bc5180f12ab11db12ba2cdabb\">Referents en pistes<br>esportives i sostenibilitat<\/h1><\/div><\/div><div class=\"image\" style=\"background-image:url(https:\/\/greencourt.mgcomunicacio.com\/wp-content\/uploads\/2025\/08\/Greencourt-pistas-de-tenis-de-tierra-batida-10.jpg)\"><\/div><div style=\"background: #2b2b2b; opacity: calc(20\/100);\" class=\"capa-color\"><\/div><\/div><\/div><\/div><div class=\"wp-block-greencourt-marges maq-contenidor normal marge-superior-gran marge-inferior-gran\" data-aos=\"off\" data-aos-delay=\"aos_delay\"><h2 class=\"wp-block-heading is-style-com_titular_2\"><strong><strong>Tenim la terra batuda<\/strong><\/strong><br><strong><strong>dins del nostre ADN<\/strong><\/strong><\/h2>\n\n<div style=\"height:50px\" aria-hidden=\"true\" class=\"wp-block-spacer\"><\/div>\n\n<p class=\"is-style-com_titular_4\">A Greencourt fa m\u00e9s de 20 anys que constru\u00efm, renovem i cuidem pistes de tennis de terra batuda. Des del primer dia, hem treballat amb la convicci\u00f3 que una bona pista no \u00e9s nom\u00e9s una superf\u00edcie: \u00e9s l\u2019escenari on es construeixen traject\u00f2ries esportives, es consoliden clubs i es generen experi\u00e8ncies de joc memorables. Per aix\u00f2 cuidem cada detall, des de la base fins a l\u2019\u00faltim reg.<\/p>\n\n<p><\/p>\n\n<p class=\"is-style-com_titular_4\">Ens hem especialitzat a oferir solucions integrals: des del disseny i la construcci\u00f3 de la pista fins al manteniment continuat. Treballem colze a colze amb clubs, federacions i administracions p\u00fabliques per entendre les seves necessitats i oferir-los un servei rigor\u00f3s, eficient i adaptat a cada context. Sabem que cada pista t\u00e9 la seva pr\u00f2pia hist\u00f2ria, i per aix\u00f2 abordem cada projecte com si fos \u00fanic.<\/p><\/div><p><\/p><div style=\"height:10vh\" aria-hidden=\"true\" class=\"wp-block-spacer\"><\/div><div class=\"wp-block-greencourt-ajedrez mod-escacs align-superior marge-superior- marge-inferior-\"><div class=\"wp-block-greencourt-ajedrez-interior interior maq_cols_flex cols_2\"><div class=\"col text\"><div class=\"text-wrapper\"><h2 class=\"wp-block-heading is-style-com_titular_3 has-taronja-greencourt-color has-text-color has-link-color wp-elements-778ddd6e580248434bb003d5f33f5f06\">M\u00e9s de dues d\u00e8cades construint pistes de terra batuda d\u2019alt nivell<\/h2>\n\n<p class=\"is-style-com_titular_4 has-gris-greencourt-color has-text-color has-link-color wp-elements-7e41e7ceae5190390d3d343b5444ce30\">Apostem fermament per la innovaci\u00f3 t\u00e8cnica i l\u2019\u00fas de materials que garanteixin tant el rendiment esportiu com la durabilitat i el respecte pel medi ambient. Ens agrada mantenir-nos al dia i incorporar millores cont\u00ednues als nostres processos, per\u00f2 sense perdre l\u2019ess\u00e8ncia artesanal que caracteritza la terra batuda de qualitat.<\/p>\n\n<p><\/p><\/div><\/div><div class=\"col img\"><div class=\"img-container\" style=\"background-image:url(https:\/\/greencourt.mgcomunicacio.com\/wp-content\/uploads\/2025\/08\/Greencourt-qui-som-02.jpg)\"><\/div><\/div><\/div>\n\n<div class=\"wp-block-greencourt-ajedrez-interior interior maq_cols_flex cols_2\"><div class=\"col text\"><div class=\"text-wrapper\"><h2 class=\"wp-block-heading is-style-com_titular_3 has-taronja-greencourt-color has-text-color has-link-color wp-elements-c3c4a9626ebb95a9694a697e939101df\">Comprom\u00eds amb la innovaci\u00f3 t\u00e8cnica i la sostenibilitat en cada projecte<\/h2>\n\n<p class=\"is-style-com_titular_4\">Convertirem cada pista en un projecte de qualitat, cuidat al detall i pensat per perdurar. I ho farem amb responsabilitat, perqu\u00e8 entenem que la sostenibilitat no \u00e9s un afegit, sin\u00f3 un pilar fonamental de la nostra manera de treballar. Aix\u00f2 ens ha convertit en una empresa de refer\u00e8ncia al sector, reconeguda no nom\u00e9s per la qualitat de les nostres pistes, sin\u00f3 tamb\u00e9 pels valors amb qu\u00e8 desenvolupem cada projecte.<\/p><\/div><\/div><div class=\"col img\"><div class=\"img-container\" style=\"background-image:url(https:\/\/greencourt.mgcomunicacio.com\/wp-content\/uploads\/2025\/08\/Greencourt-qui-som-04.jpg)\"><\/div><\/div><\/div><\/div><div style=\"height:20vh\" aria-hidden=\"true\" class=\"wp-block-spacer\"><\/div><div class=\"wp-block-greencourt-marges maq-contenidor fullwidth marge-superior-petit marge-inferior-\" data-aos=\"off\" data-aos-delay=\"aos_delay\"><figure class=\"wp-block-embed is-type-video is-provider-youtube wp-block-embed-youtube wp-embed-aspect-16-9 wp-has-aspect-ratio\"><div class=\"wp-block-embed__wrapper\">\n<iframe loading=\"lazy\" title=\"Instal\u00b7laci\u00f3, fabricaci\u00f3 i manteniment de pistes de tennis, p\u00e0del, futbol i gespa artificial\" width=\"500\" height=\"281\" src=\"https:\/\/www.youtube.com\/embed\/oWpbgGgljNw?feature=oembed\" frameborder=\"0\" allow=\"accelerometer; autoplay; clipboard-write; encrypted-media; gyroscope; picture-in-picture; web-share\" referrerpolicy=\"strict-origin-when-cross-origin\" allowfullscreen><\/iframe>\n<\/div><\/figure><\/div><div class=\"wp-block-greencourt-marges maq-contenidor normal marge-superior-petit marge-inferior-\" data-aos=\"off\" data-aos-delay=\"aos_delay\"><h2 class=\"wp-block-heading is-style-com_titular_2\"><strong><strong>Per qu\u00e8 confiar<\/strong><\/strong><br><strong><strong>en Greencourt<\/strong><\/strong><\/h2>\n\n<div style=\"height:50px\" aria-hidden=\"true\" class=\"wp-block-spacer\"><\/div><\/div><div class=\"wp-block-greencourt-marges maq-contenidor normal marge-superior- marge-inferior-\" data-aos=\"off\" data-aos-delay=\"aos_delay\"><div class=\"wp-block-greencourt-columnes-responsive mod-columnes-responsive cols-dsk-5 cols-tbl-2 cols-mob-1 gap-petit centra-orfes\"><div class=\"wp-block-greencourt-columna-responsive mod-columna-responsive-wrapper\"><div class=\"mod-columna-responsive valign-superior\"><p class=\"is-style-com_titular_1 txt-gran-mobile\">01<\/p>\n\n<p class=\"is-style-com_titular_5\">M\u00e9s de 20 anys d\u2019experi\u00e8ncia en obra p\u00fablica esportiva i urbana.<\/p><\/div><\/div>\n\n<div class=\"wp-block-greencourt-columna-responsive mod-columna-responsive-wrapper\"><div class=\"mod-columna-responsive valign-superior\"><p class=\"is-style-com_titular_1 txt-gran-mobile\">02<\/p>\n\n<p class=\"is-style-com_titular_5\">Solucions adaptades a les necessitats i pressupostos del m\u00f3n municipal.<\/p><\/div><\/div>\n\n<div class=\"wp-block-greencourt-columna-responsive mod-columna-responsive-wrapper\"><div class=\"mod-columna-responsive valign-superior\"><p class=\"is-style-com_titular_1 txt-gran-mobile\">03<\/p>\n\n<p class=\"is-style-com_titular_5\">Compliment estricte de la normativa t\u00e8cnica, mediambiental i de seguretat.<\/p><\/div><\/div>\n\n<div class=\"wp-block-greencourt-columna-responsive mod-columna-responsive-wrapper\"><div class=\"mod-columna-responsive valign-superior\"><p class=\"is-style-com_titular_1 txt-gran-mobile\">04<\/p>\n\n<p class=\"is-style-com_titular_5\">Capacitat per gestionar projectes integrals: des del disseny fins a l\u2019execuci\u00f3 i manteniment.<\/p><\/div><\/div>\n\n<div class=\"wp-block-greencourt-columna-responsive mod-columna-responsive-wrapper\"><div class=\"mod-columna-responsive valign-superior\"><p class=\"is-style-com_titular_1 txt-gran-mobile\">05<\/p>\n\n<p class=\"is-style-com_titular_5\">Tracte proper, transpar\u00e8ncia i seguiment continu.<\/p><\/div><\/div><\/div><\/div><div style=\"height:15vh\" aria-hidden=\"true\" class=\"wp-block-spacer\"><\/div>","protected":false},"excerpt":{"rendered":"","protected":false},"author":1,"featured_media":0,"parent":579,"menu_order":0,"comment_status":"closed","ping_status":"closed","template":"","meta":{"_acf_changed":false,"footnotes":""},"class_list":["post-412","page","type-page","status-publish","hentry"],"acf":[],"_links":{"self":[{"href":"https:\/\/greencourt.mgcomunicacio.com\/ca\/wp-json\/wp\/v2\/pages\/412","targetHints":{"allow":["GET"]}}],"collection":[{"href":"https:\/\/greencourt.mgcomunicacio.com\/ca\/wp-json\/wp\/v2\/pages"}],"about":[{"href":"https:\/\/greencourt.mgcomunicacio.com\/ca\/wp-json\/wp\/v2\/types\/page"}],"author":[{"embeddable":true,"href":"https:\/\/greencourt.mgcomunicacio.com\/ca\/wp-json\/wp\/v2\/users\/1"}],"replies":[{"embeddable":true,"href":"https:\/\/greencourt.mgcomunicacio.com\/ca\/wp-json\/wp\/v2\/comments?post=412"}],"version-history":[{"count":21,"href":"https:\/\/greencourt.mgcomunicacio.com\/ca\/wp-json\/wp\/v2\/pages\/412\/revisions"}],"predecessor-version":[{"id":4637,"href":"https:\/\/greencourt.mgcomunicacio.com\/ca\/wp-json\/wp\/v2\/pages\/412\/revisions\/4637"}],"up":[{"embeddable":true,"href":"https:\/\/greencourt.mgcomunicacio.com\/ca\/wp-json\/wp\/v2\/pages\/579"}],"wp:attachment":[{"href":"https:\/\/greencourt.mgcomunicacio.com\/ca\/wp-json\/wp\/v2\/media?parent=412"}],"curies":[{"name":"wp","href":"https:\/\/api.w.org\/{rel}","templated":true}]}}