{"id":415,"date":"2025-05-22T08:26:21","date_gmt":"2025-05-22T08:26:21","guid":{"rendered":"https:\/\/greencourt.mgcomunicacio.com\/?page_id=415"},"modified":"2025-11-25T13:23:47","modified_gmt":"2025-11-25T12:23:47","slug":"missio-visio-i-valors","status":"publish","type":"page","link":"https:\/\/greencourt.mgcomunicacio.com\/ca\/greencourt\/missio-visio-i-valors\/","title":{"rendered":"Missi\u00f3, visi\u00f3 i valors"},"content":{"rendered":"<p><\/p><div class=\"wp-block-greencourt-ajedrez mod-escacs align-superior marge-superior- marge-inferior-\"><div class=\"wp-block-greencourt-ajedrez-interior interior maq_cols_flex cols_2\"><div class=\"col text\"><div class=\"text-wrapper\"><h1 class=\"wp-block-heading is-style-com_titular_2 has-gris-greencourt-color has-text-color has-link-color wp-elements-fb6ac6278d06b17dd7c785c292b49ad2\">Visi\u00f3<\/h1>\n\n<p class=\"is-style-com_titular_4 has-gris-greencourt-color has-text-color has-link-color wp-elements-99d4e6445957aa7e266965fe17589b31\">Construir el futur de l\u2019esport des del respecte pel joc, per les persones i pel planeta. Farem que cada pista sigui una oportunitat per innovar, generar valor i deixar una empremta positiva i duradora en l\u2019entorn esportiu.<\/p><\/div><\/div><div class=\"col img\"><div class=\"img-container\" style=\"background-image:url(https:\/\/greencourt.mgcomunicacio.com\/wp-content\/uploads\/2025\/08\/Greencourt-qui-som-05.jpg)\"><\/div><\/div><\/div>\n\n<div class=\"wp-block-greencourt-ajedrez-interior interior maq_cols_flex cols_2\"><div class=\"col text\"><div class=\"text-wrapper\"><h2 class=\"wp-block-heading is-style-com_titular_2 has-gris-greencourt-color has-text-color has-link-color wp-elements-40f2518469b1eb6bcfd8c2840a8ccc0c\">Missi\u00f3<\/h2>\n\n<p class=\"is-style-com_titular_4\">A Greencourt treballem per dissenyar, construir i mantenir paviments esportius de la m\u00e0xima qualitat, amb un comprom\u00eds ferm amb la sostenibilitat i l\u2019excel\u00b7l\u00e8ncia t\u00e8cnica. Acompanyem clubs, federacions i administracions p\u00fabliques amb solucions a mida, pensades per optimitzar el joc, allargar la vida \u00fatil de les instal\u00b7lacions i minimitzar-ne l\u2019impacte ambiental.<\/p><\/div><\/div><div class=\"col img\"><div class=\"img-container\" style=\"background-image:url(https:\/\/greencourt.mgcomunicacio.com\/wp-content\/uploads\/2025\/08\/Greencourt-qui-som-03.jpg)\"><\/div><\/div><\/div><\/div><div style=\"height:20vh\" aria-hidden=\"true\" class=\"wp-block-spacer\"><\/div><div class=\"wp-block-greencourt-marges maq-contenidor normal marge-superior-petit marge-inferior-\" data-aos=\"off\" data-aos-delay=\"aos_delay\"><h2 class=\"wp-block-heading is-style-com_titular_2\">Valors<\/h2>\n\n<div style=\"height:50px\" aria-hidden=\"true\" class=\"wp-block-spacer\"><\/div><\/div><div class=\"wp-block-greencourt-marges maq-contenidor normal marge-superior- marge-inferior-\" data-aos=\"off\" data-aos-delay=\"aos_delay\"><div class=\"wp-block-greencourt-columnes-responsive mod-columnes-responsive cols-dsk-5 cols-tbl-2 cols-mob-1 gap-petit centra-orfes\"><div class=\"wp-block-greencourt-columna-responsive mod-columna-responsive-wrapper\"><div class=\"mod-columna-responsive valign-superior\"><p class=\"is-style-com_titular_1\">01<\/p>\n\n<p class=\"is-style-com_titular_4\">Comprom\u00eds amb l\u2019excel\u00b7l\u00e8ncia<\/p>\n\n<p class=\"is-style-com_titular_5\">Farem cada projecte amb el m\u00e0xim rigor, qualitat i passi\u00f3 pel detall.<\/p><\/div><\/div>\n\n<div class=\"wp-block-greencourt-columna-responsive mod-columna-responsive-wrapper\"><div class=\"mod-columna-responsive valign-superior\"><p class=\"is-style-com_titular_1\">02<\/p>\n\n<p class=\"is-style-com_titular_4\">Innovaci\u00f3 amb prop\u00f2sit<\/p>\n\n<p class=\"is-style-com_titular_5\">Apostem per solucions t\u00e8cniques que aportin millores reals tant en el rendiment esportiu com en la sostenibilitat.<\/p><\/div><\/div>\n\n<div class=\"wp-block-greencourt-columna-responsive mod-columna-responsive-wrapper\"><div class=\"mod-columna-responsive valign-superior\"><p class=\"is-style-com_titular_1\">03<\/p>\n\n<p class=\"is-style-com_titular_4\">Responsabilitat ambiental<\/p>\n\n<p class=\"is-style-com_titular_5\">Constru\u00efm pensant en el dem\u00e0. La sostenibilitat \u00e9s un pilar central en tot el que fem.<\/p><\/div><\/div>\n\n<div class=\"wp-block-greencourt-columna-responsive mod-columna-responsive-wrapper\"><div class=\"mod-columna-responsive valign-superior\"><p class=\"is-style-com_titular_1\">04<\/p>\n\n<p class=\"is-style-com_titular_4\">Proximitat i escolta activa<\/p>\n\n<p class=\"is-style-com_titular_5\">Ens impliquem a fons amb cada client, perqu\u00e8 entenem que cada pista t\u00e9 unes necessitats \u00faniques.<\/p><\/div><\/div>\n\n<div class=\"wp-block-greencourt-columna-responsive mod-columna-responsive-wrapper\"><div class=\"mod-columna-responsive valign-superior\"><p class=\"is-style-com_titular_1\">05<\/p>\n\n<p class=\"is-style-com_titular_4\">Durabilitat i rendiment<\/p>\n\n<p class=\"is-style-com_titular_5\">Busquem resultats que perdurin, amb instal\u00b7lacions dissenyades per resistir el pas del temps i oferir les millors condicions de joc.<\/p><\/div><\/div><\/div><\/div><div style=\"height:15vh\" aria-hidden=\"true\" class=\"wp-block-spacer\"><\/div><div style=\"height:10vh\" aria-hidden=\"true\" class=\"wp-block-spacer\"><\/div>","protected":false},"excerpt":{"rendered":"","protected":false},"author":1,"featured_media":0,"parent":579,"menu_order":0,"comment_status":"closed","ping_status":"closed","template":"","meta":{"_acf_changed":false,"footnotes":""},"class_list":["post-415","page","type-page","status-publish","hentry"],"acf":[],"_links":{"self":[{"href":"https:\/\/greencourt.mgcomunicacio.com\/ca\/wp-json\/wp\/v2\/pages\/415","targetHints":{"allow":["GET"]}}],"collection":[{"href":"https:\/\/greencourt.mgcomunicacio.com\/ca\/wp-json\/wp\/v2\/pages"}],"about":[{"href":"https:\/\/greencourt.mgcomunicacio.com\/ca\/wp-json\/wp\/v2\/types\/page"}],"author":[{"embeddable":true,"href":"https:\/\/greencourt.mgcomunicacio.com\/ca\/wp-json\/wp\/v2\/users\/1"}],"replies":[{"embeddable":true,"href":"https:\/\/greencourt.mgcomunicacio.com\/ca\/wp-json\/wp\/v2\/comments?post=415"}],"version-history":[{"count":14,"href":"https:\/\/greencourt.mgcomunicacio.com\/ca\/wp-json\/wp\/v2\/pages\/415\/revisions"}],"predecessor-version":[{"id":4408,"href":"https:\/\/greencourt.mgcomunicacio.com\/ca\/wp-json\/wp\/v2\/pages\/415\/revisions\/4408"}],"up":[{"embeddable":true,"href":"https:\/\/greencourt.mgcomunicacio.com\/ca\/wp-json\/wp\/v2\/pages\/579"}],"wp:attachment":[{"href":"https:\/\/greencourt.mgcomunicacio.com\/ca\/wp-json\/wp\/v2\/media?parent=415"}],"curies":[{"name":"wp","href":"https:\/\/api.w.org\/{rel}","templated":true}]}}