{"id":417,"date":"2025-05-22T08:26:50","date_gmt":"2025-05-22T08:26:50","guid":{"rendered":"https:\/\/greencourt.mgcomunicacio.com\/?page_id=417"},"modified":"2025-11-25T13:23:26","modified_gmt":"2025-11-25T12:23:26","slug":"innovacio-rdi","status":"publish","type":"page","link":"https:\/\/greencourt.mgcomunicacio.com\/ca\/greencourt\/innovacio-rdi\/","title":{"rendered":"Innovaci\u00f3 R+D+I"},"content":{"rendered":"<div class=\"wp-block-greencourt-cabecera mod-cabecera f1_2\"><div class=\"slider\"><div class=\"wp-block-greencourt-cabecera-interior slide\"><div class=\"maq-contenidor\" style=\"backdrop-filter: blur(0px)\"><div class=\"text\"><h1 class=\"wp-block-heading has-text-align-center is-style-com_titular_1 has-blanc-color has-text-color has-link-color wp-elements-f40acdb3cfd887ed6936a071c012f445\">R+D+I per<br>jugar millor<\/h1><\/div><\/div><div class=\"image\" style=\"background-image:url(https:\/\/greencourt.mgcomunicacio.com\/wp-content\/uploads\/2025\/08\/Greencourt-reserca-01.jpg)\"><\/div><\/div><\/div><\/div><div class=\"wp-block-greencourt-marges maq-contenidor normal marge-superior-gran marge-inferior-gran\" data-aos=\"off\" data-aos-delay=\"aos_delay\"><h2 class=\"wp-block-heading is-style-com_titular_2\"><strong><strong>Tenim la terra batuda<\/strong><\/strong><br><strong><strong>dins del nostre ADN<\/strong><\/strong><\/h2>\n\n<div style=\"height:50px\" aria-hidden=\"true\" class=\"wp-block-spacer\"><\/div>\n\n<p class=\"is-style-com_titular_4\">A Greencourt, entenem la innovaci\u00f3 com una responsabilitat. Fa anys que apostem per la recerca i el desenvolupament com a eina clau per oferir pistes de tennis que realment marquin la difer\u00e8ncia. Sabem que la qualitat d\u2019una pista no es defineix nom\u00e9s per com es construeix, sin\u00f3 pels materials i les tecnologies que hi incorporem.<\/p>\n\n<p><\/p>\n\n<p class=\"is-style-com_titular_4\">La nostra divisi\u00f3 de R+D+I treballa de manera constant per perfeccionar tant els processos com els productes. Farem servir solucions que aportin una millor compactaci\u00f3, m\u00e9s elasticitat, un drenatge \u00f2ptim i una capacitat superior de retenci\u00f3 d\u2019humitat. Cada millora que implementem busca oferir una experi\u00e8ncia de joc m\u00e9s estable, c\u00f2moda i segura.<\/p><\/div><div style=\"height:10vh\" aria-hidden=\"true\" class=\"wp-block-spacer\"><\/div><div class=\"wp-block-greencourt-ajedrez mod-escacs align-superior marge-superior- marge-inferior-\"><div class=\"wp-block-greencourt-ajedrez-interior interior maq_cols_flex cols_2\"><div class=\"col text\"><div class=\"text-wrapper\"><h2 class=\"wp-block-heading is-style-com_titular_3 has-taronja-greencourt-color has-text-color has-link-color wp-elements-3eedf1920b3929a2c40bb0b4b853bcc2\">Desenvolupem sistemes que milloren la qualitat de joc i allarguen la vida \u00fatil de la pista<\/h2>\n\n<p class=\"is-style-com_titular_4 has-gris-greencourt-color has-text-color has-link-color wp-elements-9e3aba59eb26aa28b019880413930956\">Estem al capdavant en la recerca de materials ecol\u00f2gics i sostenibles. Aix\u00f2 ens permet reduir l\u2019impacte ambiental de cada instal\u00b7laci\u00f3 i avan\u00e7ar cap a un model m\u00e9s responsable amb el nostre entorn. Per a nosaltres, innovar tamb\u00e9 vol dir preservar.<\/p><\/div><\/div><div class=\"col img\"><div class=\"img-container\" style=\"background-image:url(https:\/\/greencourt.mgcomunicacio.com\/wp-content\/uploads\/2025\/08\/Greencourt-reserca-02.jpg)\"><\/div><\/div><\/div>\n\n<div class=\"wp-block-greencourt-ajedrez-interior interior maq_cols_flex cols_2\"><div class=\"col text\"><div class=\"text-wrapper\"><h2 class=\"wp-block-heading is-style-com_titular_3 has-taronja-greencourt-color has-text-color has-link-color wp-elements-77f27074b860c7fd1917739cb7f35514\">Apostem per materials innovadors, sostenibles i adaptats a cada entorn i climatologia<\/h2>\n\n<p class=\"is-style-com_titular_4\">Cada pista que constru\u00efm \u00e9s fruit de proves rigoroses, experi\u00e8ncia acumulada i escolta activa. Farem que cada projecte reflecteixi el nostre comprom\u00eds amb la qualitat, el rendiment i la sostenibilitat, adaptant-nos a les condicions espec\u00edfiques de cada espai i client.<\/p><\/div><\/div><div class=\"col img\"><div class=\"img-container\" style=\"background-image:url(https:\/\/greencourt.mgcomunicacio.com\/wp-content\/uploads\/2025\/08\/Greencourt-reserca-03.jpg)\"><\/div><\/div><\/div><\/div><div style=\"height:15vh\" aria-hidden=\"true\" class=\"wp-block-spacer\"><\/div><div style=\"height:10vh\" aria-hidden=\"true\" class=\"wp-block-spacer\"><\/div>","protected":false},"excerpt":{"rendered":"","protected":false},"author":1,"featured_media":0,"parent":579,"menu_order":0,"comment_status":"closed","ping_status":"closed","template":"","meta":{"_acf_changed":false,"footnotes":""},"class_list":["post-417","page","type-page","status-publish","hentry"],"acf":[],"_links":{"self":[{"href":"https:\/\/greencourt.mgcomunicacio.com\/ca\/wp-json\/wp\/v2\/pages\/417","targetHints":{"allow":["GET"]}}],"collection":[{"href":"https:\/\/greencourt.mgcomunicacio.com\/ca\/wp-json\/wp\/v2\/pages"}],"about":[{"href":"https:\/\/greencourt.mgcomunicacio.com\/ca\/wp-json\/wp\/v2\/types\/page"}],"author":[{"embeddable":true,"href":"https:\/\/greencourt.mgcomunicacio.com\/ca\/wp-json\/wp\/v2\/users\/1"}],"replies":[{"embeddable":true,"href":"https:\/\/greencourt.mgcomunicacio.com\/ca\/wp-json\/wp\/v2\/comments?post=417"}],"version-history":[{"count":14,"href":"https:\/\/greencourt.mgcomunicacio.com\/ca\/wp-json\/wp\/v2\/pages\/417\/revisions"}],"predecessor-version":[{"id":4407,"href":"https:\/\/greencourt.mgcomunicacio.com\/ca\/wp-json\/wp\/v2\/pages\/417\/revisions\/4407"}],"up":[{"embeddable":true,"href":"https:\/\/greencourt.mgcomunicacio.com\/ca\/wp-json\/wp\/v2\/pages\/579"}],"wp:attachment":[{"href":"https:\/\/greencourt.mgcomunicacio.com\/ca\/wp-json\/wp\/v2\/media?parent=417"}],"curies":[{"name":"wp","href":"https:\/\/api.w.org\/{rel}","templated":true}]}}