{"id":419,"date":"2025-05-22T08:27:17","date_gmt":"2025-05-22T08:27:17","guid":{"rendered":"https:\/\/greencourt.mgcomunicacio.com\/?page_id=419"},"modified":"2025-12-09T18:05:43","modified_gmt":"2025-12-09T17:05:43","slug":"sostenibilitat","status":"publish","type":"page","link":"https:\/\/greencourt.mgcomunicacio.com\/ca\/greencourt\/sostenibilitat\/","title":{"rendered":"Sostenibilitat"},"content":{"rendered":"<div class=\"wp-block-greencourt-cabecera mod-cabecera f1_2\"><div class=\"slider\"><div class=\"wp-block-greencourt-cabecera-interior slide\"><div class=\"maq-contenidor\" style=\"backdrop-filter: blur(0px)\"><div class=\"text\"><h1 class=\"wp-block-heading has-text-align-center is-style-com_titular_1 has-blanc-color has-text-color has-link-color wp-elements-b430191cb8bd130f67d10eff5e2a00e2\">Constru\u00efm pensant<br>en el dem\u00e0<\/h1><\/div><\/div><div class=\"image\" style=\"background-image:url(https:\/\/greencourt.mgcomunicacio.com\/wp-content\/uploads\/2025\/08\/Greencourt-sostenibilitat-03.jpg)\"><\/div><\/div><\/div><\/div><div class=\"wp-block-greencourt-marges maq-contenidor normal marge-superior-gran marge-inferior-gran\" data-aos=\"off\" data-aos-delay=\"aos_delay\"><h2 class=\"wp-block-heading is-style-com_titular_2\">Referent en construcci\u00f3 de pistes de tennis, i amb la ISO 14067:2018 per avan\u00e7ar en la descarbonitzaci\u00f3 del sector esportiu.<\/h2>\n\n<div style=\"height:50px\" aria-hidden=\"true\" class=\"wp-block-spacer\"><\/div>\n\n<p class=\"is-style-com_titular_4\">A Greencourt, entenem que la qualitat d\u2019una pista tamb\u00e9 es mesura pel seu impacte sobre l\u2019entorn. Per aix\u00f2 farem que cada projecte vagi de la m\u00e0 de la sostenibilitat. El nostre comprom\u00eds amb el planeta \u00e9s ferm, i es reflecteix tant en els materials que fem servir com en la manera com planifiquem i executem cada obra.<\/p>\n\n<p><\/p>\n\n<p class=\"is-style-com_titular_4\">Assumim la responsabilitat ambiental com una part essencial del nostre treball. Apostem per pr\u00e0ctiques que minimitzin l\u2019impacte ecol\u00f2gic i que, alhora, garanteixin rendiment i durabilitat. Volem que el futur del tennis es construeixi sobre una base s\u00f2lida i sostenible.<\/p>\n\n<p><\/p>\n\n<p class=\"is-style-com_titular_4\">Treballem en quatre \u00e0rees clau:<\/p><\/div><p><\/p><div style=\"height:10vh\" aria-hidden=\"true\" class=\"wp-block-spacer\"><\/div><div class=\"wp-block-greencourt-ajedrez mod-escacs align-superior marge-superior- marge-inferior-\"><div class=\"wp-block-greencourt-ajedrez-interior interior maq_cols_flex cols_2\"><div class=\"col text\"><div class=\"text-wrapper\"><h2 class=\"wp-block-heading is-style-com_titular_3 has-taronja-greencourt-color has-text-color has-link-color wp-elements-0b637879760891289cbc3aaf5b47a4d8\">C\u00e0lcul de la petjada de carboni<\/h2>\n\n<p class=\"is-style-com_titular_4 has-gris-greencourt-color has-text-color has-link-color wp-elements-b44e537e953abd61bd0a1031fca116b8\">El c\u00e0lcul de la petjada de carboni de la seva terra batuda representa un pas m\u00e9s en el comprom\u00eds ferm per reduir les emissions de gasos amb efecte d\u2019hivernacle i fomentar la circularitat dels materials.<\/p>\n\n<p><\/p>\n\n<div class=\"wp-block-buttons is-layout-flex wp-block-buttons-is-layout-flex\"><div class=\"wp-block-button\"><a class=\"wp-block-button__link wp-element-button\" href=\"https:\/\/greencourt.mgcomunicacio.com\/ca\/greencourt-consolida-el-seu-lideratge-en-sostenibilitat-amb-el-calcul-de-la-petjada-de-carboni-de-totes-les-capes-que-componen-la-seva-pista-de-terra-batuda\/\">+ info<\/a><\/div><\/div><\/div><\/div><div class=\"col img\"><div class=\"img-container\" style=\"background-image:url(https:\/\/greencourt.mgcomunicacio.com\/wp-content\/uploads\/2025\/08\/Greencourt-sostenibilitat-01.jpg)\"><\/div><\/div><\/div>\n\n<div class=\"wp-block-greencourt-ajedrez-interior interior maq_cols_flex cols_2\"><div class=\"col text\"><div class=\"text-wrapper\"><h2 class=\"wp-block-heading is-style-com_titular_3 has-taronja-greencourt-color has-text-color has-link-color wp-elements-e05a10260ea55798178e68b8544cbf15\"><strong>Efici\u00e8ncia en el consum de recursos<\/strong><\/h2>\n\n<p class=\"is-style-com_titular_4\">Implantem sistemes de reg automatitzat que redueixen el consum d\u2019aigua i utilitzem solucions d\u2019il\u00b7luminaci\u00f3 eficient per afavorir un \u00fas m\u00e9s racional de l\u2019energia.<\/p><\/div><\/div><div class=\"col img\"><div class=\"img-container\" style=\"background-image:url(https:\/\/greencourt.mgcomunicacio.com\/wp-content\/uploads\/2025\/08\/Greencourt-sostenibilitat-05.jpg)\"><\/div><\/div><\/div>\n\n<div class=\"wp-block-greencourt-ajedrez-interior interior maq_cols_flex cols_2\"><div class=\"col text\"><div class=\"text-wrapper\"><h2 class=\"wp-block-heading is-style-com_titular_3 has-taronja-greencourt-color has-text-color has-link-color wp-elements-382937f391f51b516f2fdd7f05bc5a42\"><strong>Durabilitat i llarga vida \u00fatil<\/strong><\/h2>\n\n<p class=\"is-style-com_titular_4\">Les nostres pistes estan dissenyades per durar. Aix\u00f2 evita renovacions constants, redueix l\u2019\u00fas de recursos i optimitza la inversi\u00f3 a llarg termini.<\/p><\/div><\/div><div class=\"col img\"><div class=\"img-container\" style=\"background-image:url(https:\/\/greencourt.mgcomunicacio.com\/wp-content\/uploads\/2025\/08\/Greencourt-sostenibilitat-04.jpg)\"><\/div><\/div><\/div>\n\n<div class=\"wp-block-greencourt-ajedrez-interior interior maq_cols_flex cols_2\"><div class=\"col text\"><div class=\"text-wrapper\"><h2 class=\"wp-block-heading is-style-com_titular_3 has-taronja-greencourt-color has-text-color has-link-color wp-elements-9fc40d5b7ea568da03242d0d076c94ee\">Recerca en solucions verdes<\/h2>\n\n<p class=\"is-style-com_titular_4\">La nostra divisi\u00f3 de R+I treballa constantment en noves f\u00f3rmules que millorin el rendiment esportiu i, alhora, redueixin l\u2019impacte ambiental de cada instal\u00b7laci\u00f3.<\/p><\/div><\/div><div class=\"col img\"><div class=\"img-container\" style=\"background-image:url(https:\/\/greencourt.mgcomunicacio.com\/wp-content\/uploads\/2025\/08\/Greencourt-sostenibilitat-06.jpg)\"><\/div><\/div><\/div><\/div><div style=\"height:20vh\" aria-hidden=\"true\" class=\"wp-block-spacer\"><\/div><div class=\"wp-block-greencourt-marges maq-contenidor normal marge-superior-petit marge-inferior-\" data-aos=\"off\" data-aos-delay=\"aos_delay\"><h2 class=\"wp-block-heading is-style-com_titular_2\">Greencourt l\u00edder en sostenibilitat amb el c\u00e0lcul de la petjada de carboni de totes les capes que componen la seva pista de terra batuda.<\/h2>\n\n<div style=\"height:50px\" aria-hidden=\"true\" class=\"wp-block-spacer\"><\/div>\n\n<p class=\"is-style-com_titular_4\">Creiem en una forma d\u2019innovar que no deixi rastre. Per aix\u00f2 farem del respecte pel medi ambient un valor central en tot all\u00f2 que constru\u00efm. Amb cada pista, contribu\u00efm a un futur m\u00e9s verd per a les pr\u00f2ximes generacions de jugadores i jugadors.<\/p><\/div><div style=\"height:15vh\" aria-hidden=\"true\" class=\"wp-block-spacer\"><\/div>","protected":false},"excerpt":{"rendered":"","protected":false},"author":1,"featured_media":0,"parent":579,"menu_order":0,"comment_status":"closed","ping_status":"closed","template":"","meta":{"_acf_changed":false,"footnotes":""},"class_list":["post-419","page","type-page","status-publish","hentry"],"acf":[],"_links":{"self":[{"href":"https:\/\/greencourt.mgcomunicacio.com\/ca\/wp-json\/wp\/v2\/pages\/419","targetHints":{"allow":["GET"]}}],"collection":[{"href":"https:\/\/greencourt.mgcomunicacio.com\/ca\/wp-json\/wp\/v2\/pages"}],"about":[{"href":"https:\/\/greencourt.mgcomunicacio.com\/ca\/wp-json\/wp\/v2\/types\/page"}],"author":[{"embeddable":true,"href":"https:\/\/greencourt.mgcomunicacio.com\/ca\/wp-json\/wp\/v2\/users\/1"}],"replies":[{"embeddable":true,"href":"https:\/\/greencourt.mgcomunicacio.com\/ca\/wp-json\/wp\/v2\/comments?post=419"}],"version-history":[{"count":21,"href":"https:\/\/greencourt.mgcomunicacio.com\/ca\/wp-json\/wp\/v2\/pages\/419\/revisions"}],"predecessor-version":[{"id":6563,"href":"https:\/\/greencourt.mgcomunicacio.com\/ca\/wp-json\/wp\/v2\/pages\/419\/revisions\/6563"}],"up":[{"embeddable":true,"href":"https:\/\/greencourt.mgcomunicacio.com\/ca\/wp-json\/wp\/v2\/pages\/579"}],"wp:attachment":[{"href":"https:\/\/greencourt.mgcomunicacio.com\/ca\/wp-json\/wp\/v2\/media?parent=419"}],"curies":[{"name":"wp","href":"https:\/\/api.w.org\/{rel}","templated":true}]}}