{"id":4213,"date":"2025-11-18T11:23:33","date_gmt":"2025-11-18T11:23:33","guid":{"rendered":"https:\/\/greencourt.mgcomunicacio.com\/?page_id=4213"},"modified":"2025-11-25T13:50:01","modified_gmt":"2025-11-25T12:50:01","slug":"noves-pistes-al-club-tennis-sabadell-un-salt-endavant-per-al-club-i-per-als-seus-esportistes","status":"publish","type":"page","link":"https:\/\/greencourt.mgcomunicacio.com\/ca\/projectes\/noves-pistes-al-club-tennis-sabadell-un-salt-endavant-per-al-club-i-per-als-seus-esportistes\/","title":{"rendered":"Noves pistes al Club Tennis Sabadell: un salt endavant per al club i per als seus esportistes"},"content":{"rendered":"<div class=\"wp-block-greencourt-cabecera mod-cabecera f1_2\"><div class=\"slider\"><div class=\"wp-block-greencourt-cabecera-interior slide\"><div class=\"maq-contenidor\" style=\"backdrop-filter: blur(0px)\"><div class=\"text\"><p class=\"has-text-align-center is-style-com_titular_1 has-blanc-color has-text-color has-link-color wp-elements-b2f06be76e17bcfda9263b47fdd9a885\">Sabadell<\/p><\/div><\/div><div class=\"image\" style=\"background-image:url(https:\/\/greencourt.mgcomunicacio.com\/wp-content\/uploads\/2025\/10\/Inauguracion-de-las-nuevas-instalaciones-del-Club-de-Tennis-Sabadell-06.jpg)\"><\/div><\/div><\/div><\/div><div class=\"wp-block-greencourt-marges maq-contenidor normal marge-superior-gran marge-inferior-gran\" data-aos=\"off\" data-aos-delay=\"aos_delay\"><h1 class=\"wp-block-heading is-style-com_titular_2\">Noves pistes i aparcament al Club Tennis Sabadell: un salt endavant per al club i per als seus esportistes<\/h1>\n\n<div style=\"height:5vh\" aria-hidden=\"true\" class=\"wp-block-spacer\"><\/div>\n\n<p class=\"is-style-com_titular_4\">El nou complex esportiu del Club Tennis Sabadell \u00e9s el resultat d\u2019un projecte integral on hem combinat capacitat t\u00e8cnica, planificaci\u00f3 detallada i coordinaci\u00f3 amb tots els agents implicats. L\u2019actuaci\u00f3 ha incl\u00f2s la construcci\u00f3 de 9 pistes de p\u00e0del i 4 pistes de tennis, juntament amb l\u2019ampliaci\u00f3 de l\u2019aparcament, per donar resposta al creixement del club i al volum creixent de socis, escoles i competicions. Tot el conjunt s\u2019ha projectat pensant en un \u00fas intensiu i en la m\u00e0xima fiabilitat a llarg termini.<\/p>\n\n<p><\/p>\n\n<p class=\"is-style-com_titular_4\">Des de Greencourt hem aportat la nostra especialitzaci\u00f3 en superf\u00edcies esportives d\u2019alt rendiment: sistemes de pavimentaci\u00f3 optimitzats per al joc, bases i pendents dissenyats per garantir un drenatge eficient, enllumenat adaptat a la normativa esportiva i tancaments que asseguren seguretat i confort visual.<br><\/p><\/div><div class=\"wp-block-greencourt-marges maq-contenidor normal marge-superior-petit marge-inferior-petit\" data-aos=\"off\" data-aos-delay=\"aos_delay\"><div class=\"wp-block-greencourt-columnes-responsive mod-columnes-responsive cols-dsk-2 cols-tbl-2 cols-mob-1 gap-petit centra-orfes\"><div class=\"wp-block-greencourt-columna-responsive mod-columna-responsive-wrapper\"><div class=\"mod-columna-responsive valign-superior\"><p class=\"is-style-com_titular_3 has-taronja-greencourt-color has-text-color has-link-color wp-elements-3d562d055dd0f97721832c461aa026fd\">Hem executat un projecte global amb 9 pistes de p\u00e0del, 4 pistes de tennis i un aparcament ampliat, aplicant solucions t\u00e8cniques d\u2019\u00faltima generaci\u00f3 que consoliden el Club Tennis Sabadell com a referent del territori.<\/p><\/div><\/div>\n\n<div class=\"wp-block-greencourt-columna-responsive mod-columna-responsive-wrapper\"><div class=\"mod-columna-responsive valign-superior\"><p class=\"is-style-com_titular_4\">La planificaci\u00f3 per fases ens ha perm\u00e8s avan\u00e7ar l\u2019obra amb precisi\u00f3, minimitzant l\u2019impacte en el dia a dia del club i assegurant una posada en servei r\u00e0pida i segura de totes les pistes.<\/p>\n\n<p><\/p>\n\n<p class=\"is-style-com_titular_4\">Aquest projecte \u00e9s tamb\u00e9 una mostra de la capacitat de Greencourt per liderar transformacions complexes en instal\u00b7lacions de primer nivell. No nom\u00e9s ampliem la infraestructura esportiva del club, sin\u00f3 que en reforcem el potencial de creixement, captaci\u00f3 de tornejos i millora de l\u2019experi\u00e8ncia del soci. Des de Greencourt valorem especialment la confian\u00e7a del Club Tennis Sabadell i continuarem treballant per oferir solucions t\u00e8cniques que combin\u00efn qualitat, innovaci\u00f3 i rendiment esportiu.<\/p><\/div><\/div><\/div><\/div><div class=\"wp-block-greencourt-marges maq-contenidor fullwidth marge-superior-petit marge-inferior-\" data-aos=\"off\" data-aos-delay=\"aos_delay\"><figure class=\"wp-block-embed is-type-video is-provider-youtube wp-block-embed-youtube wp-embed-aspect-16-9 wp-has-aspect-ratio\"><div class=\"wp-block-embed__wrapper\">\n<iframe loading=\"lazy\" title=\"Timelapse Noves pistes al Club Tennis Sabadell\" width=\"500\" height=\"281\" src=\"https:\/\/www.youtube.com\/embed\/r2tRTsz1aZs?feature=oembed\" frameborder=\"0\" allow=\"accelerometer; autoplay; clipboard-write; encrypted-media; gyroscope; picture-in-picture; web-share\" referrerpolicy=\"strict-origin-when-cross-origin\" allowfullscreen><\/iframe>\n<\/div><\/figure><\/div><div class=\"wp-block-greencourt-marges maq-contenidor fullwidth marge-superior-petit marge-inferior-\" data-aos=\"off\" data-aos-delay=\"aos_delay\"><figure class=\"wp-block-embed is-type-video is-provider-youtube wp-block-embed-youtube wp-embed-aspect-16-9 wp-has-aspect-ratio\"><div class=\"wp-block-embed__wrapper\">\n<iframe loading=\"lazy\" title=\"Timelapse Parking al Club Tennis Sabadell\" width=\"500\" height=\"281\" src=\"https:\/\/www.youtube.com\/embed\/GnEw64VFHMM?feature=oembed\" frameborder=\"0\" allow=\"accelerometer; autoplay; clipboard-write; encrypted-media; gyroscope; picture-in-picture; web-share\" referrerpolicy=\"strict-origin-when-cross-origin\" allowfullscreen><\/iframe>\n<\/div><\/figure><\/div><div style=\"height:10vh\" aria-hidden=\"true\" class=\"wp-block-spacer\"><\/div><figure class=\"wp-block-gallery has-nested-images columns-2 is-cropped wp-block-gallery-1 is-layout-flex wp-block-gallery-is-layout-flex\"><figure class=\"wp-block-image size-full\"><img loading=\"lazy\" decoding=\"async\" width=\"2500\" height=\"1523\" data-id=\"4219\" src=\"https:\/\/greencourt.mgcomunicacio.com\/wp-content\/uploads\/2025\/11\/Noves-pistes-al-Club-Tennis-Sabadell-05.jpg\" alt=\"\" class=\"wp-image-4219\" srcset=\"https:\/\/greencourt.mgcomunicacio.com\/wp-content\/uploads\/2025\/11\/Noves-pistes-al-Club-Tennis-Sabadell-05.jpg 2500w, https:\/\/greencourt.mgcomunicacio.com\/wp-content\/uploads\/2025\/11\/Noves-pistes-al-Club-Tennis-Sabadell-05-600x366.jpg 600w, https:\/\/greencourt.mgcomunicacio.com\/wp-content\/uploads\/2025\/11\/Noves-pistes-al-Club-Tennis-Sabadell-05-300x183.jpg 300w, https:\/\/greencourt.mgcomunicacio.com\/wp-content\/uploads\/2025\/11\/Noves-pistes-al-Club-Tennis-Sabadell-05-1024x624.jpg 1024w, https:\/\/greencourt.mgcomunicacio.com\/wp-content\/uploads\/2025\/11\/Noves-pistes-al-Club-Tennis-Sabadell-05-768x468.jpg 768w, https:\/\/greencourt.mgcomunicacio.com\/wp-content\/uploads\/2025\/11\/Noves-pistes-al-Club-Tennis-Sabadell-05-1536x936.jpg 1536w, https:\/\/greencourt.mgcomunicacio.com\/wp-content\/uploads\/2025\/11\/Noves-pistes-al-Club-Tennis-Sabadell-05-2048x1248.jpg 2048w, https:\/\/greencourt.mgcomunicacio.com\/wp-content\/uploads\/2025\/11\/Noves-pistes-al-Club-Tennis-Sabadell-05-340x207.jpg 340w, https:\/\/greencourt.mgcomunicacio.com\/wp-content\/uploads\/2025\/11\/Noves-pistes-al-Club-Tennis-Sabadell-05-140x85.jpg 140w\" sizes=\"auto, (max-width: 2500px) 100vw, 2500px\" \/><\/figure>\n\n<figure class=\"wp-block-image size-full\"><img loading=\"lazy\" decoding=\"async\" width=\"2500\" height=\"1667\" data-id=\"4220\" src=\"https:\/\/greencourt.mgcomunicacio.com\/wp-content\/uploads\/2025\/11\/Noves-pistes-al-Club-Tennis-Sabadell-04.jpg\" alt=\"\" class=\"wp-image-4220\" srcset=\"https:\/\/greencourt.mgcomunicacio.com\/wp-content\/uploads\/2025\/11\/Noves-pistes-al-Club-Tennis-Sabadell-04.jpg 2500w, https:\/\/greencourt.mgcomunicacio.com\/wp-content\/uploads\/2025\/11\/Noves-pistes-al-Club-Tennis-Sabadell-04-600x400.jpg 600w, https:\/\/greencourt.mgcomunicacio.com\/wp-content\/uploads\/2025\/11\/Noves-pistes-al-Club-Tennis-Sabadell-04-300x200.jpg 300w, https:\/\/greencourt.mgcomunicacio.com\/wp-content\/uploads\/2025\/11\/Noves-pistes-al-Club-Tennis-Sabadell-04-1024x683.jpg 1024w, https:\/\/greencourt.mgcomunicacio.com\/wp-content\/uploads\/2025\/11\/Noves-pistes-al-Club-Tennis-Sabadell-04-768x512.jpg 768w, https:\/\/greencourt.mgcomunicacio.com\/wp-content\/uploads\/2025\/11\/Noves-pistes-al-Club-Tennis-Sabadell-04-1536x1024.jpg 1536w, https:\/\/greencourt.mgcomunicacio.com\/wp-content\/uploads\/2025\/11\/Noves-pistes-al-Club-Tennis-Sabadell-04-2048x1366.jpg 2048w, https:\/\/greencourt.mgcomunicacio.com\/wp-content\/uploads\/2025\/11\/Noves-pistes-al-Club-Tennis-Sabadell-04-340x227.jpg 340w, https:\/\/greencourt.mgcomunicacio.com\/wp-content\/uploads\/2025\/11\/Noves-pistes-al-Club-Tennis-Sabadell-04-140x93.jpg 140w\" sizes=\"auto, (max-width: 2500px) 100vw, 2500px\" \/><\/figure>\n\n<figure class=\"wp-block-image size-full\"><img loading=\"lazy\" decoding=\"async\" width=\"2500\" height=\"1667\" data-id=\"4221\" src=\"https:\/\/greencourt.mgcomunicacio.com\/wp-content\/uploads\/2025\/11\/Noves-pistes-al-Club-Tennis-Sabadell-03.jpg\" alt=\"\" class=\"wp-image-4221\" srcset=\"https:\/\/greencourt.mgcomunicacio.com\/wp-content\/uploads\/2025\/11\/Noves-pistes-al-Club-Tennis-Sabadell-03.jpg 2500w, https:\/\/greencourt.mgcomunicacio.com\/wp-content\/uploads\/2025\/11\/Noves-pistes-al-Club-Tennis-Sabadell-03-600x400.jpg 600w, https:\/\/greencourt.mgcomunicacio.com\/wp-content\/uploads\/2025\/11\/Noves-pistes-al-Club-Tennis-Sabadell-03-300x200.jpg 300w, https:\/\/greencourt.mgcomunicacio.com\/wp-content\/uploads\/2025\/11\/Noves-pistes-al-Club-Tennis-Sabadell-03-1024x683.jpg 1024w, https:\/\/greencourt.mgcomunicacio.com\/wp-content\/uploads\/2025\/11\/Noves-pistes-al-Club-Tennis-Sabadell-03-768x512.jpg 768w, https:\/\/greencourt.mgcomunicacio.com\/wp-content\/uploads\/2025\/11\/Noves-pistes-al-Club-Tennis-Sabadell-03-1536x1024.jpg 1536w, https:\/\/greencourt.mgcomunicacio.com\/wp-content\/uploads\/2025\/11\/Noves-pistes-al-Club-Tennis-Sabadell-03-2048x1366.jpg 2048w, https:\/\/greencourt.mgcomunicacio.com\/wp-content\/uploads\/2025\/11\/Noves-pistes-al-Club-Tennis-Sabadell-03-340x227.jpg 340w, https:\/\/greencourt.mgcomunicacio.com\/wp-content\/uploads\/2025\/11\/Noves-pistes-al-Club-Tennis-Sabadell-03-140x93.jpg 140w\" sizes=\"auto, (max-width: 2500px) 100vw, 2500px\" \/><\/figure>\n\n<figure class=\"wp-block-image size-full\"><img loading=\"lazy\" decoding=\"async\" width=\"2500\" height=\"1667\" data-id=\"4222\" src=\"https:\/\/greencourt.mgcomunicacio.com\/wp-content\/uploads\/2025\/11\/Noves-pistes-al-Club-Tennis-Sabadell-02.jpg\" alt=\"\" class=\"wp-image-4222\" srcset=\"https:\/\/greencourt.mgcomunicacio.com\/wp-content\/uploads\/2025\/11\/Noves-pistes-al-Club-Tennis-Sabadell-02.jpg 2500w, https:\/\/greencourt.mgcomunicacio.com\/wp-content\/uploads\/2025\/11\/Noves-pistes-al-Club-Tennis-Sabadell-02-600x400.jpg 600w, https:\/\/greencourt.mgcomunicacio.com\/wp-content\/uploads\/2025\/11\/Noves-pistes-al-Club-Tennis-Sabadell-02-300x200.jpg 300w, https:\/\/greencourt.mgcomunicacio.com\/wp-content\/uploads\/2025\/11\/Noves-pistes-al-Club-Tennis-Sabadell-02-1024x683.jpg 1024w, https:\/\/greencourt.mgcomunicacio.com\/wp-content\/uploads\/2025\/11\/Noves-pistes-al-Club-Tennis-Sabadell-02-768x512.jpg 768w, https:\/\/greencourt.mgcomunicacio.com\/wp-content\/uploads\/2025\/11\/Noves-pistes-al-Club-Tennis-Sabadell-02-1536x1024.jpg 1536w, https:\/\/greencourt.mgcomunicacio.com\/wp-content\/uploads\/2025\/11\/Noves-pistes-al-Club-Tennis-Sabadell-02-2048x1366.jpg 2048w, https:\/\/greencourt.mgcomunicacio.com\/wp-content\/uploads\/2025\/11\/Noves-pistes-al-Club-Tennis-Sabadell-02-340x227.jpg 340w, https:\/\/greencourt.mgcomunicacio.com\/wp-content\/uploads\/2025\/11\/Noves-pistes-al-Club-Tennis-Sabadell-02-140x93.jpg 140w\" sizes=\"auto, (max-width: 2500px) 100vw, 2500px\" \/><\/figure>\n\n<figure class=\"wp-block-image size-full\"><img loading=\"lazy\" decoding=\"async\" width=\"2500\" height=\"1667\" data-id=\"4223\" src=\"https:\/\/greencourt.mgcomunicacio.com\/wp-content\/uploads\/2025\/11\/Noves-pistes-al-Club-Tennis-Sabadell-01.jpg\" alt=\"\" class=\"wp-image-4223\" srcset=\"https:\/\/greencourt.mgcomunicacio.com\/wp-content\/uploads\/2025\/11\/Noves-pistes-al-Club-Tennis-Sabadell-01.jpg 2500w, https:\/\/greencourt.mgcomunicacio.com\/wp-content\/uploads\/2025\/11\/Noves-pistes-al-Club-Tennis-Sabadell-01-600x400.jpg 600w, https:\/\/greencourt.mgcomunicacio.com\/wp-content\/uploads\/2025\/11\/Noves-pistes-al-Club-Tennis-Sabadell-01-300x200.jpg 300w, https:\/\/greencourt.mgcomunicacio.com\/wp-content\/uploads\/2025\/11\/Noves-pistes-al-Club-Tennis-Sabadell-01-1024x683.jpg 1024w, https:\/\/greencourt.mgcomunicacio.com\/wp-content\/uploads\/2025\/11\/Noves-pistes-al-Club-Tennis-Sabadell-01-768x512.jpg 768w, https:\/\/greencourt.mgcomunicacio.com\/wp-content\/uploads\/2025\/11\/Noves-pistes-al-Club-Tennis-Sabadell-01-1536x1024.jpg 1536w, https:\/\/greencourt.mgcomunicacio.com\/wp-content\/uploads\/2025\/11\/Noves-pistes-al-Club-Tennis-Sabadell-01-2048x1366.jpg 2048w, https:\/\/greencourt.mgcomunicacio.com\/wp-content\/uploads\/2025\/11\/Noves-pistes-al-Club-Tennis-Sabadell-01-340x227.jpg 340w, https:\/\/greencourt.mgcomunicacio.com\/wp-content\/uploads\/2025\/11\/Noves-pistes-al-Club-Tennis-Sabadell-01-140x93.jpg 140w\" sizes=\"auto, (max-width: 2500px) 100vw, 2500px\" \/><\/figure><\/figure><div style=\"height:15vh\" aria-hidden=\"true\" class=\"wp-block-spacer\"><\/div><p><\/p>","protected":false},"excerpt":{"rendered":"","protected":false},"author":1,"featured_media":0,"parent":435,"menu_order":0,"comment_status":"closed","ping_status":"closed","template":"","meta":{"_acf_changed":false,"footnotes":""},"class_list":["post-4213","page","type-page","status-publish","hentry"],"acf":[],"_links":{"self":[{"href":"https:\/\/greencourt.mgcomunicacio.com\/ca\/wp-json\/wp\/v2\/pages\/4213","targetHints":{"allow":["GET"]}}],"collection":[{"href":"https:\/\/greencourt.mgcomunicacio.com\/ca\/wp-json\/wp\/v2\/pages"}],"about":[{"href":"https:\/\/greencourt.mgcomunicacio.com\/ca\/wp-json\/wp\/v2\/types\/page"}],"author":[{"embeddable":true,"href":"https:\/\/greencourt.mgcomunicacio.com\/ca\/wp-json\/wp\/v2\/users\/1"}],"replies":[{"embeddable":true,"href":"https:\/\/greencourt.mgcomunicacio.com\/ca\/wp-json\/wp\/v2\/comments?post=4213"}],"version-history":[{"count":12,"href":"https:\/\/greencourt.mgcomunicacio.com\/ca\/wp-json\/wp\/v2\/pages\/4213\/revisions"}],"predecessor-version":[{"id":4443,"href":"https:\/\/greencourt.mgcomunicacio.com\/ca\/wp-json\/wp\/v2\/pages\/4213\/revisions\/4443"}],"up":[{"embeddable":true,"href":"https:\/\/greencourt.mgcomunicacio.com\/ca\/wp-json\/wp\/v2\/pages\/435"}],"wp:attachment":[{"href":"https:\/\/greencourt.mgcomunicacio.com\/ca\/wp-json\/wp\/v2\/media?parent=4213"}],"curies":[{"name":"wp","href":"https:\/\/api.w.org\/{rel}","templated":true}]}}