{"id":423,"date":"2025-05-22T08:27:56","date_gmt":"2025-05-22T08:27:56","guid":{"rendered":"https:\/\/greencourt.mgcomunicacio.com\/?page_id=423"},"modified":"2025-11-26T06:44:43","modified_gmt":"2025-11-26T05:44:43","slug":"treballa-amb-nosaltres","status":"publish","type":"page","link":"https:\/\/greencourt.mgcomunicacio.com\/ca\/treballa-amb-nosaltres\/","title":{"rendered":"Treballa amb nosaltres"},"content":{"rendered":"<div class=\"wp-block-greencourt-franja mod-franja amb_background marge-superior- marge-inferior- padding_fondo_xxl _alineacio_ _skin_ marge_sup_1 marge_inf_0\" data-aos=\"fade-up\" data-aos-delay=\"300\"><div class=\"maq-contenidor fullwidth\"><div class=\"maq-inner\"><div class=\"wp-block-greencourt-marges maq-contenidor normal marge-superior- marge-inferior-\" data-aos=\"off\" data-aos-delay=\"aos_delay\"><p class=\"is-style-com_titular_1 has-gris-greencourt-color has-text-color has-link-color wp-elements-0d51ea2de6089cc5ada3a5892d24bbaa\">T&#8217;estem esperant!<\/p>\n\n<h1 class=\"wp-block-heading is-style-com_titular_2\">Uneix-te a Greencourt<\/h1>\n\n<div style=\"height:50px\" aria-hidden=\"true\" class=\"wp-block-spacer\"><\/div>\n\n<p class=\"is-style-com_titular_4\">Som un equip que treballa amb passi\u00f3 per transformar espais i millorar experi\u00e8ncies. Creixem amb cada obra, amb cada client, i sobretot amb cada persona que se suma al cam\u00ed.<\/p>\n\n<p><\/p>\n\n<p class=\"is-style-com_titular_4\">Busquem perfils amb iniciativa, ganes d\u2019aprendre i d\u2019aportar. Si tens esperit d\u2019equip i et motiva formar part d\u2019un projecte s\u00f2lid, amb recorregut i amb sentit, ens agradar\u00e0 con\u00e8ixer-te. T\u2019esperen reptes reals, entorns din\u00e0mics i un dia a dia on les teves idees compten.<\/p>\n\n<p><\/p>\n\n<p class=\"is-style-com_titular_3\">Envia\u2019ns el teu curr\u00edculum a  <a href=\"mailto:info@greencourt.es\">info@greencourt.es<\/a><\/p>\n\n<div style=\"height:7px\" aria-hidden=\"true\" class=\"wp-block-spacer\"><\/div><\/div><\/div><\/div><div class=\"background\" style=\"background-image:url(https:\/\/greencourt.mgcomunicacio.com\/wp-content\/uploads\/2025\/04\/pickleball.svg)\"><\/div><\/div><div style=\"height:10vh\" aria-hidden=\"true\" class=\"wp-block-spacer\"><\/div><div class=\"wp-block-greencourt-cabecera mod-cabecera\"><div class=\"slider\">\n<div class=\"wp-block-greencourt-cabecera-interior slide\"><div class=\"maq-contenidor\" style=\"backdrop-filter: blur(0px)\"><div class=\"text\">\n<p class=\"is-style-com_titular_1 has-cian-color has-text-color has-link-color wp-elements-1b7479e24c8034e152c13d43ef6606e3\"><\/p>\n<\/div><\/div><div class=\"image\" style=\"background-image:url(https:\/\/greencourt.mgcomunicacio.com\/wp-content\/uploads\/2025\/08\/Greencourt-contacte-01.jpg)\"><\/div><\/div>\n<\/div><\/div>","protected":false},"excerpt":{"rendered":"","protected":false},"author":1,"featured_media":0,"parent":0,"menu_order":0,"comment_status":"closed","ping_status":"closed","template":"","meta":{"_acf_changed":false,"footnotes":""},"class_list":["post-423","page","type-page","status-publish","hentry"],"acf":[],"_links":{"self":[{"href":"https:\/\/greencourt.mgcomunicacio.com\/ca\/wp-json\/wp\/v2\/pages\/423","targetHints":{"allow":["GET"]}}],"collection":[{"href":"https:\/\/greencourt.mgcomunicacio.com\/ca\/wp-json\/wp\/v2\/pages"}],"about":[{"href":"https:\/\/greencourt.mgcomunicacio.com\/ca\/wp-json\/wp\/v2\/types\/page"}],"author":[{"embeddable":true,"href":"https:\/\/greencourt.mgcomunicacio.com\/ca\/wp-json\/wp\/v2\/users\/1"}],"replies":[{"embeddable":true,"href":"https:\/\/greencourt.mgcomunicacio.com\/ca\/wp-json\/wp\/v2\/comments?post=423"}],"version-history":[{"count":8,"href":"https:\/\/greencourt.mgcomunicacio.com\/ca\/wp-json\/wp\/v2\/pages\/423\/revisions"}],"predecessor-version":[{"id":4517,"href":"https:\/\/greencourt.mgcomunicacio.com\/ca\/wp-json\/wp\/v2\/pages\/423\/revisions\/4517"}],"wp:attachment":[{"href":"https:\/\/greencourt.mgcomunicacio.com\/ca\/wp-json\/wp\/v2\/media?parent=423"}],"curies":[{"name":"wp","href":"https:\/\/api.w.org\/{rel}","templated":true}]}}