{"id":556,"date":"2025-06-10T08:27:31","date_gmt":"2025-06-10T08:27:31","guid":{"rendered":"https:\/\/greencourt.mgcomunicacio.com\/?page_id=556"},"modified":"2025-11-25T13:57:31","modified_gmt":"2025-11-25T12:57:31","slug":"transformacio-de-pistes-de-tennis-en-pistes-de-pickleball","status":"publish","type":"page","link":"https:\/\/greencourt.mgcomunicacio.com\/ca\/projectes\/transformacio-de-pistes-de-tennis-en-pistes-de-pickleball\/","title":{"rendered":"Transformaci\u00f3 de pistes de Tennis en pistes de Pickleball"},"content":{"rendered":"<div class=\"wp-block-greencourt-cabecera mod-cabecera f1_2\"><div class=\"slider\"><div class=\"wp-block-greencourt-cabecera-interior slide\"><div class=\"maq-contenidor\" style=\"backdrop-filter: blur(0px)\"><div class=\"text\"><p class=\"has-text-align-center is-style-com_titular_1 has-blanc-color has-text-color has-link-color wp-elements-5780dcfb430294963658a5c1586dfeb0\">Olesa<\/p><\/div><\/div><div class=\"image\" style=\"background-image:url(https:\/\/greencourt.mgcomunicacio.com\/wp-content\/uploads\/2025\/10\/Projecte-Olesa-05.jpg)\"><\/div><\/div><\/div><\/div><div class=\"wp-block-greencourt-marges maq-contenidor normal marge-superior-gran marge-inferior-gran\" data-aos=\"off\" data-aos-delay=\"aos_delay\"><h1 class=\"wp-block-heading is-style-com_titular_2\">Transformaci\u00f3 de pistes de Tennis en pistes de Pickleball<\/h1>\n\n<div style=\"height:5vh\" aria-hidden=\"true\" class=\"wp-block-spacer\"><\/div>\n\n<p class=\"is-style-com_titular_4\">A Greencourt hem executat una renovaci\u00f3 integral de la superf\u00edcie esportiva amb un resurfacing professional d\u2019alta qualitat que assegura adher\u00e8ncia \u00f2ptima, durabilitat i uniformitat de joc.<\/p>\n\n<p><\/p>\n\n<p class=\"is-style-com_titular_4\">Hem reconfigurat l\u2019espai de dues pistes de tennis per crear quatre pistes de pickleball totalment noves, correctament delimitades i equipades amb xarxes i elements reglamentaris. Aquesta nova configuraci\u00f3 fa m\u00e9s eficient l\u2019\u00fas de la superf\u00edcie i ofereix una experi\u00e8ncia m\u00e9s din\u00e0mica i inclusiva per a tots els nivells.<\/p>\n\n<p><\/p>\n\n<p class=\"is-style-com_titular_4\">Amb aquesta transformaci\u00f3, el Club Tennis Olesa es posiciona com a referent en la promoci\u00f3 del pickleball, un esport en creixement que combina diversi\u00f3, t\u00e8cnica i inclusivitat. El resultat final \u00e9s un espai m\u00e9s funcional, atractiu i sostenible que amplia l\u2019oferta esportiva del club i en refor\u00e7a el paper innovador.<br><\/p><\/div><div class=\"wp-block-greencourt-marges maq-contenidor normal marge-superior-petit marge-inferior-petit\" data-aos=\"off\" data-aos-delay=\"aos_delay\"><div class=\"wp-block-greencourt-columnes-responsive mod-columnes-responsive cols-dsk-2 cols-tbl-2 cols-mob-1 gap-petit centra-orfes\"><div class=\"wp-block-greencourt-columna-responsive mod-columna-responsive-wrapper\"><div class=\"mod-columna-responsive valign-superior\"><p class=\"is-style-com_titular_3 has-taronja-greencourt-color has-text-color has-link-color wp-elements-770cfa1eee8e6fd135da08c8855e9625\">Resurfacing d\u2019elit: adher\u00e8ncia, durabilitat i joc uniforme.<\/p>\n\n<p><\/p>\n\n<p class=\"is-style-com_titular_3 has-taronja-greencourt-color has-text-color has-link-color wp-elements-123d5102a799f404446ae96e9ef321d8\">Experi\u00e8ncia inclusiva: configuraci\u00f3 din\u00e0mica que impulsa comunitat i participaci\u00f3.<\/p><\/div><\/div>\n\n<div class=\"wp-block-greencourt-columna-responsive mod-columna-responsive-wrapper\"><div class=\"mod-columna-responsive valign-superior\"><p class=\"is-style-com_titular_4\">Qu\u00e8 persegu\u00edem amb el projecte?<\/p>\n\n<p><\/p>\n\n<p class=\"is-style-com_titular_4\">1_ Fomentar la participaci\u00f3 i la comunitat, generant nous espais d\u2019interacci\u00f3 i aprenentatge.<\/p>\n\n<p><\/p>\n\n<p class=\"is-style-com_titular_4\">2_ Modernitzar les instal\u00b7lacions del Club Tennis Olesa i adaptar-les a disciplines emergents.<\/p>\n\n<p><\/p>\n\n<p class=\"is-style-com_titular_4\">3_ Multiplicar les oportunitats de joc, passant de 2 pistes de tennis a 4 de pickleball sense incrementar l\u2019espai constru\u00eft.<\/p>\n\n<p><\/p>\n\n<p class=\"is-style-com_titular_4\">4_ Millorar la qualitat de la pista per garantir rendiment i confort als jugadors.<\/p><\/div><\/div><\/div><\/div><div style=\"height:10vh\" aria-hidden=\"true\" class=\"wp-block-spacer\"><\/div><figure class=\"wp-block-gallery has-nested-images columns-2 is-cropped wp-block-gallery-1 is-layout-flex wp-block-gallery-is-layout-flex\"><figure class=\"wp-block-image size-large\"><img loading=\"lazy\" decoding=\"async\" width=\"1024\" height=\"1024\" data-id=\"1640\" src=\"https:\/\/greencourt.mgcomunicacio.com\/wp-content\/uploads\/2025\/10\/Projecte-Olesa-01-1024x1024.jpg\" alt=\"\" class=\"wp-image-1640\" srcset=\"https:\/\/greencourt.mgcomunicacio.com\/wp-content\/uploads\/2025\/10\/Projecte-Olesa-01-1024x1024.jpg 1024w, https:\/\/greencourt.mgcomunicacio.com\/wp-content\/uploads\/2025\/10\/Projecte-Olesa-01-300x300.jpg 300w, https:\/\/greencourt.mgcomunicacio.com\/wp-content\/uploads\/2025\/10\/Projecte-Olesa-01-100x100.jpg 100w, https:\/\/greencourt.mgcomunicacio.com\/wp-content\/uploads\/2025\/10\/Projecte-Olesa-01-600x600.jpg 600w, https:\/\/greencourt.mgcomunicacio.com\/wp-content\/uploads\/2025\/10\/Projecte-Olesa-01-150x150.jpg 150w, https:\/\/greencourt.mgcomunicacio.com\/wp-content\/uploads\/2025\/10\/Projecte-Olesa-01-768x768.jpg 768w, https:\/\/greencourt.mgcomunicacio.com\/wp-content\/uploads\/2025\/10\/Projecte-Olesa-01-340x340.jpg 340w, https:\/\/greencourt.mgcomunicacio.com\/wp-content\/uploads\/2025\/10\/Projecte-Olesa-01-140x140.jpg 140w, https:\/\/greencourt.mgcomunicacio.com\/wp-content\/uploads\/2025\/10\/Projecte-Olesa-01.jpg 1200w\" sizes=\"auto, (max-width: 1024px) 100vw, 1024px\" \/><\/figure>\n\n<figure class=\"wp-block-image size-large\"><img loading=\"lazy\" decoding=\"async\" width=\"1024\" height=\"1024\" data-id=\"1639\" src=\"https:\/\/greencourt.mgcomunicacio.com\/wp-content\/uploads\/2025\/10\/Projecte-Olesa-02-1024x1024.jpg\" alt=\"\" class=\"wp-image-1639\" srcset=\"https:\/\/greencourt.mgcomunicacio.com\/wp-content\/uploads\/2025\/10\/Projecte-Olesa-02-1024x1024.jpg 1024w, https:\/\/greencourt.mgcomunicacio.com\/wp-content\/uploads\/2025\/10\/Projecte-Olesa-02-300x300.jpg 300w, https:\/\/greencourt.mgcomunicacio.com\/wp-content\/uploads\/2025\/10\/Projecte-Olesa-02-100x100.jpg 100w, https:\/\/greencourt.mgcomunicacio.com\/wp-content\/uploads\/2025\/10\/Projecte-Olesa-02-600x600.jpg 600w, https:\/\/greencourt.mgcomunicacio.com\/wp-content\/uploads\/2025\/10\/Projecte-Olesa-02-150x150.jpg 150w, https:\/\/greencourt.mgcomunicacio.com\/wp-content\/uploads\/2025\/10\/Projecte-Olesa-02-768x768.jpg 768w, https:\/\/greencourt.mgcomunicacio.com\/wp-content\/uploads\/2025\/10\/Projecte-Olesa-02-340x340.jpg 340w, https:\/\/greencourt.mgcomunicacio.com\/wp-content\/uploads\/2025\/10\/Projecte-Olesa-02-140x140.jpg 140w, https:\/\/greencourt.mgcomunicacio.com\/wp-content\/uploads\/2025\/10\/Projecte-Olesa-02.jpg 1200w\" sizes=\"auto, (max-width: 1024px) 100vw, 1024px\" \/><\/figure>\n\n<figure class=\"wp-block-image size-large\"><img loading=\"lazy\" decoding=\"async\" width=\"1024\" height=\"1024\" data-id=\"1638\" src=\"https:\/\/greencourt.mgcomunicacio.com\/wp-content\/uploads\/2025\/10\/Projecte-Olesa-03-1024x1024.jpg\" alt=\"\" class=\"wp-image-1638\" srcset=\"https:\/\/greencourt.mgcomunicacio.com\/wp-content\/uploads\/2025\/10\/Projecte-Olesa-03-1024x1024.jpg 1024w, https:\/\/greencourt.mgcomunicacio.com\/wp-content\/uploads\/2025\/10\/Projecte-Olesa-03-300x300.jpg 300w, https:\/\/greencourt.mgcomunicacio.com\/wp-content\/uploads\/2025\/10\/Projecte-Olesa-03-100x100.jpg 100w, https:\/\/greencourt.mgcomunicacio.com\/wp-content\/uploads\/2025\/10\/Projecte-Olesa-03-600x600.jpg 600w, https:\/\/greencourt.mgcomunicacio.com\/wp-content\/uploads\/2025\/10\/Projecte-Olesa-03-150x150.jpg 150w, https:\/\/greencourt.mgcomunicacio.com\/wp-content\/uploads\/2025\/10\/Projecte-Olesa-03-768x768.jpg 768w, https:\/\/greencourt.mgcomunicacio.com\/wp-content\/uploads\/2025\/10\/Projecte-Olesa-03-340x340.jpg 340w, https:\/\/greencourt.mgcomunicacio.com\/wp-content\/uploads\/2025\/10\/Projecte-Olesa-03-140x140.jpg 140w, https:\/\/greencourt.mgcomunicacio.com\/wp-content\/uploads\/2025\/10\/Projecte-Olesa-03.jpg 1200w\" sizes=\"auto, (max-width: 1024px) 100vw, 1024px\" \/><\/figure>\n\n<figure class=\"wp-block-image size-large\"><img loading=\"lazy\" decoding=\"async\" width=\"1024\" height=\"1024\" data-id=\"1637\" src=\"https:\/\/greencourt.mgcomunicacio.com\/wp-content\/uploads\/2025\/10\/Projecte-Olesa-04-1024x1024.jpg\" alt=\"\" class=\"wp-image-1637\" srcset=\"https:\/\/greencourt.mgcomunicacio.com\/wp-content\/uploads\/2025\/10\/Projecte-Olesa-04-1024x1024.jpg 1024w, https:\/\/greencourt.mgcomunicacio.com\/wp-content\/uploads\/2025\/10\/Projecte-Olesa-04-300x300.jpg 300w, https:\/\/greencourt.mgcomunicacio.com\/wp-content\/uploads\/2025\/10\/Projecte-Olesa-04-100x100.jpg 100w, https:\/\/greencourt.mgcomunicacio.com\/wp-content\/uploads\/2025\/10\/Projecte-Olesa-04-600x600.jpg 600w, https:\/\/greencourt.mgcomunicacio.com\/wp-content\/uploads\/2025\/10\/Projecte-Olesa-04-150x150.jpg 150w, https:\/\/greencourt.mgcomunicacio.com\/wp-content\/uploads\/2025\/10\/Projecte-Olesa-04-768x768.jpg 768w, https:\/\/greencourt.mgcomunicacio.com\/wp-content\/uploads\/2025\/10\/Projecte-Olesa-04-340x340.jpg 340w, https:\/\/greencourt.mgcomunicacio.com\/wp-content\/uploads\/2025\/10\/Projecte-Olesa-04-140x140.jpg 140w, https:\/\/greencourt.mgcomunicacio.com\/wp-content\/uploads\/2025\/10\/Projecte-Olesa-04.jpg 1200w\" sizes=\"auto, (max-width: 1024px) 100vw, 1024px\" \/><\/figure>\n\n<figure class=\"wp-block-image size-large\"><img loading=\"lazy\" decoding=\"async\" width=\"1024\" height=\"518\" data-id=\"1635\" src=\"https:\/\/greencourt.mgcomunicacio.com\/wp-content\/uploads\/2025\/10\/Projecte-Olesa-06-1024x518.jpg\" alt=\"\" class=\"wp-image-1635\" srcset=\"https:\/\/greencourt.mgcomunicacio.com\/wp-content\/uploads\/2025\/10\/Projecte-Olesa-06-1024x518.jpg 1024w, https:\/\/greencourt.mgcomunicacio.com\/wp-content\/uploads\/2025\/10\/Projecte-Olesa-06-600x303.jpg 600w, https:\/\/greencourt.mgcomunicacio.com\/wp-content\/uploads\/2025\/10\/Projecte-Olesa-06-300x152.jpg 300w, https:\/\/greencourt.mgcomunicacio.com\/wp-content\/uploads\/2025\/10\/Projecte-Olesa-06-768x388.jpg 768w, https:\/\/greencourt.mgcomunicacio.com\/wp-content\/uploads\/2025\/10\/Projecte-Olesa-06-1536x776.jpg 1536w, https:\/\/greencourt.mgcomunicacio.com\/wp-content\/uploads\/2025\/10\/Projecte-Olesa-06-2048x1035.jpg 2048w, https:\/\/greencourt.mgcomunicacio.com\/wp-content\/uploads\/2025\/10\/Projecte-Olesa-06-340x172.jpg 340w, https:\/\/greencourt.mgcomunicacio.com\/wp-content\/uploads\/2025\/10\/Projecte-Olesa-06-140x71.jpg 140w\" sizes=\"auto, (max-width: 1024px) 100vw, 1024px\" \/><\/figure><\/figure><div style=\"height:15vh\" aria-hidden=\"true\" class=\"wp-block-spacer\"><\/div><p><\/p>","protected":false},"excerpt":{"rendered":"","protected":false},"author":1,"featured_media":0,"parent":435,"menu_order":0,"comment_status":"closed","ping_status":"closed","template":"","meta":{"_acf_changed":false,"footnotes":""},"class_list":["post-556","page","type-page","status-publish","hentry"],"acf":[],"_links":{"self":[{"href":"https:\/\/greencourt.mgcomunicacio.com\/ca\/wp-json\/wp\/v2\/pages\/556","targetHints":{"allow":["GET"]}}],"collection":[{"href":"https:\/\/greencourt.mgcomunicacio.com\/ca\/wp-json\/wp\/v2\/pages"}],"about":[{"href":"https:\/\/greencourt.mgcomunicacio.com\/ca\/wp-json\/wp\/v2\/types\/page"}],"author":[{"embeddable":true,"href":"https:\/\/greencourt.mgcomunicacio.com\/ca\/wp-json\/wp\/v2\/users\/1"}],"replies":[{"embeddable":true,"href":"https:\/\/greencourt.mgcomunicacio.com\/ca\/wp-json\/wp\/v2\/comments?post=556"}],"version-history":[{"count":9,"href":"https:\/\/greencourt.mgcomunicacio.com\/ca\/wp-json\/wp\/v2\/pages\/556\/revisions"}],"predecessor-version":[{"id":4457,"href":"https:\/\/greencourt.mgcomunicacio.com\/ca\/wp-json\/wp\/v2\/pages\/556\/revisions\/4457"}],"up":[{"embeddable":true,"href":"https:\/\/greencourt.mgcomunicacio.com\/ca\/wp-json\/wp\/v2\/pages\/435"}],"wp:attachment":[{"href":"https:\/\/greencourt.mgcomunicacio.com\/ca\/wp-json\/wp\/v2\/media?parent=556"}],"curies":[{"name":"wp","href":"https:\/\/api.w.org\/{rel}","templated":true}]}}