{"id":557,"date":"2025-06-10T08:27:34","date_gmt":"2025-06-10T08:27:34","guid":{"rendered":"https:\/\/greencourt.mgcomunicacio.com\/?page_id=557"},"modified":"2025-12-01T19:06:47","modified_gmt":"2025-12-01T18:06:47","slug":"nova-pista-de-tenis-advantage-red-court-a-aeripolles-padel-tenis","status":"publish","type":"page","link":"https:\/\/greencourt.mgcomunicacio.com\/ca\/projectes\/nova-pista-de-tenis-advantage-red-court-a-aeripolles-padel-tenis\/","title":{"rendered":"Nova pista de tennis Advantage RedCourt a AER-Agrupaci\u00f3 Esportiva Ripoll\u00e8s"},"content":{"rendered":"<div class=\"wp-block-greencourt-cabecera mod-cabecera f1_2\"><div class=\"slider\"><div class=\"wp-block-greencourt-cabecera-interior slide\"><div class=\"maq-contenidor\" style=\"backdrop-filter: blur(0px)\"><div class=\"text\"><p class=\"has-text-align-center is-style-com_titular_1 has-blanc-color has-text-color has-link-color wp-elements-8e39135010653f6b5523a1b4b1755226\">Sant Joan de les Abadesses<\/p><\/div><\/div><div class=\"image\" style=\"background-image:url(https:\/\/greencourt.mgcomunicacio.com\/wp-content\/uploads\/2025\/10\/Aeripolles-Padel-Tenis-06.jpg)\"><\/div><\/div><\/div><\/div><div class=\"wp-block-greencourt-marges maq-contenidor normal marge-superior-gran marge-inferior-gran\" data-aos=\"off\" data-aos-delay=\"aos_delay\"><h1 class=\"wp-block-heading is-style-com_titular_2\">Nova pista de tennis Advantage RedCourt a AER-Agrupaci\u00f3 Esportiva Ripoll\u00e8s de Sant Joan de les Abadesses<\/h1>\n\n<div style=\"height:5vh\" aria-hidden=\"true\" class=\"wp-block-spacer\"><\/div>\n\n<p class=\"is-style-com_titular_4\">Hem equipat la instal\u00b7laci\u00f3 amb Advantage RedCourt, una superf\u00edcie sint\u00e8tica que reuneix l\u2019ess\u00e8ncia de la terra batuda amb la robustesa dels materials d\u2019\u00faltima generaci\u00f3. El tacte \u00e9s suau i permet un lliscament controlat, mentre que el bot es mant\u00e9 net i previsible punt rere punt. Aquesta combinaci\u00f3 ofereix sensacions de joc familiars per als amants de la terra, per\u00f2 amb una estabilitat superior i una resposta constant fins i tot sota un \u00fas intensiu.<\/p>\n\n<p><\/p>\n\n<p class=\"is-style-com_titular_4\">El sistema est\u00e0 pensat per jugar en qualsevol \u00e8poca de l\u2019any. El drenatge eficient i la resist\u00e8ncia del paviment fan que la pista recuperi r\u00e0pidament despr\u00e9s de la pluja i eviti la formaci\u00f3 de pols o fang, de manera que la qualitat de l\u2019entrenament no dep\u00e8n de la meteorologia. En l&#8217;\u00e0mbit operatiu, l\u2019estalvi en manteniment \u00e9s notable: menys hores de posada a punt i menys consum de recursos per conservar la superf\u00edcie en condicions \u00f2ptimes.<\/p>\n\n<p><\/p>\n\n<p class=\"is-style-com_titular_4\">Advantage RedCourt est\u00e0 classificat per la ITF, cosa que avala el seu comportament competitiu i la converteix en una opci\u00f3 fiable per a clubs que volen qualitat \u201cpremium\u201d amb continu\u00eftat de servei. Tradici\u00f3 i innovaci\u00f3 es troben en una pista que rendeix tot l\u2019any, redueix costos i mant\u00e9 l\u2019experi\u00e8ncia de joc que busquen jugadors i t\u00e8cnics.<br><\/p><\/div><div style=\"height:10vh\" aria-hidden=\"true\" class=\"wp-block-spacer\"><\/div><figure class=\"wp-block-gallery has-nested-images columns-2 is-cropped wp-block-gallery-1 is-layout-flex wp-block-gallery-is-layout-flex\"><figure class=\"wp-block-image size-large\"><img loading=\"lazy\" decoding=\"async\" width=\"1024\" height=\"1024\" data-id=\"1700\" src=\"https:\/\/greencourt.mgcomunicacio.com\/wp-content\/uploads\/2025\/10\/Aeripolles-Padel-Tenis-05-1024x1024.jpg\" alt=\"\" class=\"wp-image-1700\" srcset=\"https:\/\/greencourt.mgcomunicacio.com\/wp-content\/uploads\/2025\/10\/Aeripolles-Padel-Tenis-05-1024x1024.jpg 1024w, https:\/\/greencourt.mgcomunicacio.com\/wp-content\/uploads\/2025\/10\/Aeripolles-Padel-Tenis-05-300x300.jpg 300w, https:\/\/greencourt.mgcomunicacio.com\/wp-content\/uploads\/2025\/10\/Aeripolles-Padel-Tenis-05-100x100.jpg 100w, https:\/\/greencourt.mgcomunicacio.com\/wp-content\/uploads\/2025\/10\/Aeripolles-Padel-Tenis-05-600x600.jpg 600w, https:\/\/greencourt.mgcomunicacio.com\/wp-content\/uploads\/2025\/10\/Aeripolles-Padel-Tenis-05-150x150.jpg 150w, https:\/\/greencourt.mgcomunicacio.com\/wp-content\/uploads\/2025\/10\/Aeripolles-Padel-Tenis-05-768x768.jpg 768w, https:\/\/greencourt.mgcomunicacio.com\/wp-content\/uploads\/2025\/10\/Aeripolles-Padel-Tenis-05-340x340.jpg 340w, https:\/\/greencourt.mgcomunicacio.com\/wp-content\/uploads\/2025\/10\/Aeripolles-Padel-Tenis-05-140x140.jpg 140w, https:\/\/greencourt.mgcomunicacio.com\/wp-content\/uploads\/2025\/10\/Aeripolles-Padel-Tenis-05.jpg 1200w\" sizes=\"auto, (max-width: 1024px) 100vw, 1024px\" \/><\/figure>\n\n<figure class=\"wp-block-image size-large\"><img loading=\"lazy\" decoding=\"async\" width=\"1024\" height=\"1024\" data-id=\"1702\" src=\"https:\/\/greencourt.mgcomunicacio.com\/wp-content\/uploads\/2025\/10\/Aeripolles-Padel-Tenis-02-1024x1024.jpg\" alt=\"\" class=\"wp-image-1702\" srcset=\"https:\/\/greencourt.mgcomunicacio.com\/wp-content\/uploads\/2025\/10\/Aeripolles-Padel-Tenis-02-1024x1024.jpg 1024w, https:\/\/greencourt.mgcomunicacio.com\/wp-content\/uploads\/2025\/10\/Aeripolles-Padel-Tenis-02-300x300.jpg 300w, https:\/\/greencourt.mgcomunicacio.com\/wp-content\/uploads\/2025\/10\/Aeripolles-Padel-Tenis-02-100x100.jpg 100w, https:\/\/greencourt.mgcomunicacio.com\/wp-content\/uploads\/2025\/10\/Aeripolles-Padel-Tenis-02-600x600.jpg 600w, https:\/\/greencourt.mgcomunicacio.com\/wp-content\/uploads\/2025\/10\/Aeripolles-Padel-Tenis-02-150x150.jpg 150w, https:\/\/greencourt.mgcomunicacio.com\/wp-content\/uploads\/2025\/10\/Aeripolles-Padel-Tenis-02-768x768.jpg 768w, https:\/\/greencourt.mgcomunicacio.com\/wp-content\/uploads\/2025\/10\/Aeripolles-Padel-Tenis-02-340x340.jpg 340w, https:\/\/greencourt.mgcomunicacio.com\/wp-content\/uploads\/2025\/10\/Aeripolles-Padel-Tenis-02-140x140.jpg 140w, https:\/\/greencourt.mgcomunicacio.com\/wp-content\/uploads\/2025\/10\/Aeripolles-Padel-Tenis-02.jpg 1200w\" sizes=\"auto, (max-width: 1024px) 100vw, 1024px\" \/><\/figure>\n\n<figure class=\"wp-block-image size-large\"><img loading=\"lazy\" decoding=\"async\" width=\"1024\" height=\"1024\" data-id=\"1701\" src=\"https:\/\/greencourt.mgcomunicacio.com\/wp-content\/uploads\/2025\/10\/Aeripolles-Padel-Tenis-04-1024x1024.jpg\" alt=\"\" class=\"wp-image-1701\" srcset=\"https:\/\/greencourt.mgcomunicacio.com\/wp-content\/uploads\/2025\/10\/Aeripolles-Padel-Tenis-04-1024x1024.jpg 1024w, https:\/\/greencourt.mgcomunicacio.com\/wp-content\/uploads\/2025\/10\/Aeripolles-Padel-Tenis-04-300x300.jpg 300w, https:\/\/greencourt.mgcomunicacio.com\/wp-content\/uploads\/2025\/10\/Aeripolles-Padel-Tenis-04-100x100.jpg 100w, https:\/\/greencourt.mgcomunicacio.com\/wp-content\/uploads\/2025\/10\/Aeripolles-Padel-Tenis-04-600x600.jpg 600w, https:\/\/greencourt.mgcomunicacio.com\/wp-content\/uploads\/2025\/10\/Aeripolles-Padel-Tenis-04-150x150.jpg 150w, https:\/\/greencourt.mgcomunicacio.com\/wp-content\/uploads\/2025\/10\/Aeripolles-Padel-Tenis-04-768x768.jpg 768w, https:\/\/greencourt.mgcomunicacio.com\/wp-content\/uploads\/2025\/10\/Aeripolles-Padel-Tenis-04-340x340.jpg 340w, https:\/\/greencourt.mgcomunicacio.com\/wp-content\/uploads\/2025\/10\/Aeripolles-Padel-Tenis-04-140x140.jpg 140w, https:\/\/greencourt.mgcomunicacio.com\/wp-content\/uploads\/2025\/10\/Aeripolles-Padel-Tenis-04.jpg 1200w\" sizes=\"auto, (max-width: 1024px) 100vw, 1024px\" \/><\/figure>\n\n<figure class=\"wp-block-image size-large\"><img loading=\"lazy\" decoding=\"async\" width=\"1024\" height=\"1024\" data-id=\"1703\" src=\"https:\/\/greencourt.mgcomunicacio.com\/wp-content\/uploads\/2025\/10\/Aeripolles-Padel-Tenis-01-1024x1024.jpg\" alt=\"\" class=\"wp-image-1703\" srcset=\"https:\/\/greencourt.mgcomunicacio.com\/wp-content\/uploads\/2025\/10\/Aeripolles-Padel-Tenis-01-1024x1024.jpg 1024w, https:\/\/greencourt.mgcomunicacio.com\/wp-content\/uploads\/2025\/10\/Aeripolles-Padel-Tenis-01-300x300.jpg 300w, https:\/\/greencourt.mgcomunicacio.com\/wp-content\/uploads\/2025\/10\/Aeripolles-Padel-Tenis-01-100x100.jpg 100w, https:\/\/greencourt.mgcomunicacio.com\/wp-content\/uploads\/2025\/10\/Aeripolles-Padel-Tenis-01-600x600.jpg 600w, https:\/\/greencourt.mgcomunicacio.com\/wp-content\/uploads\/2025\/10\/Aeripolles-Padel-Tenis-01-150x150.jpg 150w, https:\/\/greencourt.mgcomunicacio.com\/wp-content\/uploads\/2025\/10\/Aeripolles-Padel-Tenis-01-768x768.jpg 768w, https:\/\/greencourt.mgcomunicacio.com\/wp-content\/uploads\/2025\/10\/Aeripolles-Padel-Tenis-01-340x340.jpg 340w, https:\/\/greencourt.mgcomunicacio.com\/wp-content\/uploads\/2025\/10\/Aeripolles-Padel-Tenis-01-140x140.jpg 140w, https:\/\/greencourt.mgcomunicacio.com\/wp-content\/uploads\/2025\/10\/Aeripolles-Padel-Tenis-01.jpg 1200w\" sizes=\"auto, (max-width: 1024px) 100vw, 1024px\" \/><\/figure><\/figure><div style=\"height:15vh\" aria-hidden=\"true\" class=\"wp-block-spacer\"><\/div><p><\/p>","protected":false},"excerpt":{"rendered":"","protected":false},"author":1,"featured_media":0,"parent":435,"menu_order":0,"comment_status":"closed","ping_status":"closed","template":"","meta":{"_acf_changed":false,"footnotes":""},"class_list":["post-557","page","type-page","status-publish","hentry"],"acf":[],"_links":{"self":[{"href":"https:\/\/greencourt.mgcomunicacio.com\/ca\/wp-json\/wp\/v2\/pages\/557","targetHints":{"allow":["GET"]}}],"collection":[{"href":"https:\/\/greencourt.mgcomunicacio.com\/ca\/wp-json\/wp\/v2\/pages"}],"about":[{"href":"https:\/\/greencourt.mgcomunicacio.com\/ca\/wp-json\/wp\/v2\/types\/page"}],"author":[{"embeddable":true,"href":"https:\/\/greencourt.mgcomunicacio.com\/ca\/wp-json\/wp\/v2\/users\/1"}],"replies":[{"embeddable":true,"href":"https:\/\/greencourt.mgcomunicacio.com\/ca\/wp-json\/wp\/v2\/comments?post=557"}],"version-history":[{"count":11,"href":"https:\/\/greencourt.mgcomunicacio.com\/ca\/wp-json\/wp\/v2\/pages\/557\/revisions"}],"predecessor-version":[{"id":4613,"href":"https:\/\/greencourt.mgcomunicacio.com\/ca\/wp-json\/wp\/v2\/pages\/557\/revisions\/4613"}],"up":[{"embeddable":true,"href":"https:\/\/greencourt.mgcomunicacio.com\/ca\/wp-json\/wp\/v2\/pages\/435"}],"wp:attachment":[{"href":"https:\/\/greencourt.mgcomunicacio.com\/ca\/wp-json\/wp\/v2\/media?parent=557"}],"curies":[{"name":"wp","href":"https:\/\/api.w.org\/{rel}","templated":true}]}}