{"id":761,"date":"2025-06-10T14:23:06","date_gmt":"2025-06-10T14:23:06","guid":{"rendered":"https:\/\/greencourt.mgcomunicacio.com\/?page_id=761"},"modified":"2025-12-01T19:06:28","modified_gmt":"2025-12-01T18:06:28","slug":"pistes-de-tenis-de-resina-decoturf","status":"publish","type":"page","link":"https:\/\/greencourt.mgcomunicacio.com\/ca\/solucions\/pistes-de-tenis\/construccio-de-pistes-de-tenis-de-resina\/pistes-de-tenis-de-resina-decoturf\/","title":{"rendered":"Pistes de tennis de resina Decoturf\u00ae"},"content":{"rendered":"<div class=\"wp-block-greencourt-cabecera mod-cabecera f1_2\"><div class=\"slider\"><div class=\"wp-block-greencourt-cabecera-interior slide\"><div class=\"maq-contenidor\" style=\"backdrop-filter: blur(0px)\"><div class=\"text\"><h1 class=\"wp-block-heading has-text-align-center is-style-com_titular_1 has-blanc-color has-text-color has-link-color wp-elements-c04acf50ad44ff2d25b36e67504c9f56\">Pistes de resina<br>Decoturf\u00ae<\/h1><\/div><\/div><div class=\"image\" style=\"background-image:url(https:\/\/greencourt.mgcomunicacio.com\/wp-content\/uploads\/2025\/07\/Pistas-de-tennis-resina-grip-10.jpg)\"><\/div><\/div><\/div><\/div><div class=\"wp-block-greencourt-marges maq-contenidor normal marge-superior-gran marge-inferior-gran\" data-aos=\"off\" data-aos-delay=\"aos_delay\"><h2 class=\"wp-block-heading is-style-com_titular_2\">Decoturf\u00ae material oficial del&nbsp;US OPEN des de 1978<\/h2>\n\n<div style=\"height:5vh\" aria-hidden=\"true\" class=\"wp-block-spacer\"><\/div>\n\n<p class=\"is-style-com_titular_4\"><strong>Decoturf\u00ae<\/strong> \u00e9s una superf\u00edcie acr\u00edlica multicapa \u00e0mpliament reconeguda per la seva combinaci\u00f3 de durabilitat, confort de joc i prestacions de nivell professional. \u00c9s el sistema emprat en tornejos com l&#8217;US Open, cosa que evidencia el seu alt rendiment en competici\u00f3. La seva estructura permet controlar la velocitat de joc segons el nombre de capes aplicades i els additius utilitzats.<\/p>\n\n<p><\/p>\n\n<p class=\"is-style-com_titular_4\">El sistema Decoturf\u00ae ofereix una base estable, resistent a les condicions clim\u00e0tiques i amb gran adher\u00e8ncia. Aix\u00f2 la converteix en una opci\u00f3 ideal tant per a clubs com per a instal\u00b7lacions p\u00fabliques o escolars que busquin una pista vers\u00e0til i amb una llarga vida \u00fatil.<\/p><\/div><div style=\"height:10vh\" aria-hidden=\"true\" class=\"wp-block-spacer\"><\/div><div class=\"wp-block-greencourt-marges maq-contenidor fullwidth marge-superior-petit marge-inferior-\" data-aos=\"off\" data-aos-delay=\"aos_delay\"><figure class=\"wp-block-image size-full\"><img loading=\"lazy\" decoding=\"async\" width=\"2560\" height=\"838\" src=\"https:\/\/greencourt.mgcomunicacio.com\/wp-content\/uploads\/2025\/06\/Esquema-Decoturf-scaled.jpg\" alt=\"\" class=\"wp-image-772\" srcset=\"https:\/\/greencourt.mgcomunicacio.com\/wp-content\/uploads\/2025\/06\/Esquema-Decoturf-scaled.jpg 2560w, https:\/\/greencourt.mgcomunicacio.com\/wp-content\/uploads\/2025\/06\/Esquema-Decoturf-scaled-600x196.jpg 600w, https:\/\/greencourt.mgcomunicacio.com\/wp-content\/uploads\/2025\/06\/Esquema-Decoturf-300x98.jpg 300w, https:\/\/greencourt.mgcomunicacio.com\/wp-content\/uploads\/2025\/06\/Esquema-Decoturf-1024x335.jpg 1024w, https:\/\/greencourt.mgcomunicacio.com\/wp-content\/uploads\/2025\/06\/Esquema-Decoturf-768x251.jpg 768w, https:\/\/greencourt.mgcomunicacio.com\/wp-content\/uploads\/2025\/06\/Esquema-Decoturf-1536x503.jpg 1536w, https:\/\/greencourt.mgcomunicacio.com\/wp-content\/uploads\/2025\/06\/Esquema-Decoturf-2048x670.jpg 2048w, https:\/\/greencourt.mgcomunicacio.com\/wp-content\/uploads\/2025\/06\/Esquema-Decoturf-340x111.jpg 340w, https:\/\/greencourt.mgcomunicacio.com\/wp-content\/uploads\/2025\/06\/Esquema-Decoturf-140x46.jpg 140w\" sizes=\"auto, (max-width: 2560px) 100vw, 2560px\" \/><\/figure><\/div><div style=\"height:20vh\" aria-hidden=\"true\" class=\"wp-block-spacer\"><\/div><div class=\"wp-block-greencourt-marges maq-contenidor normal marge-superior-petit marge-inferior-\" data-aos=\"off\" data-aos-delay=\"aos_delay\"><h2 class=\"wp-block-heading is-style-com_titular_2\"><strong><strong>Principals avantatges<\/strong><\/strong><br><strong><strong>de Decoturf\u00ae <\/strong><\/strong><\/h2>\n\n<div style=\"height:50px\" aria-hidden=\"true\" class=\"wp-block-spacer\"><\/div><\/div><div class=\"wp-block-greencourt-marges maq-contenidor normal marge-superior- marge-inferior-\" data-aos=\"off\" data-aos-delay=\"aos_delay\"><div class=\"wp-block-greencourt-columnes-responsive mod-columnes-responsive cols-dsk-5 cols-tbl-2 cols-mob-1 gap-petit centra-orfes\"><div class=\"wp-block-greencourt-columna-responsive mod-columna-responsive-wrapper\"><div class=\"mod-columna-responsive valign-superior\"><p class=\"is-style-com_titular_1\">01<\/p>\n\n<h3 class=\"wp-block-heading is-style-com_titular_5\">Amortiment d\u2019alt rendiment<\/h3>\n\n<p>La seva estructura multicapa, amb materials reciclats i gr\u00e0nuls de cautx\u00fa SBR seleccionats, redueix els impactes articulars sense alterar el comportament natural del bot de la pilota. Ideal per protegir la salut dels jugadors sense comprometre la competitivitat del joc.<\/p><\/div><\/div>\n\n<div class=\"wp-block-greencourt-columna-responsive mod-columna-responsive-wrapper\"><div class=\"mod-columna-responsive valign-superior\"><p class=\"is-style-com_titular_1\">02<\/p>\n\n<h3 class=\"wp-block-heading is-style-com_titular_5\">Personalitzaci\u00f3 de la velocitat de joc<\/h3>\n\n<p>DecoTurf permet ajustar la velocitat de la pista segons els est\u00e0ndards de la ITF (International Tennis Federation), gr\u00e0cies a diferents acabats superficials:<\/p><\/div><\/div>\n\n<div class=\"wp-block-greencourt-columna-responsive mod-columna-responsive-wrapper\"><div class=\"mod-columna-responsive valign-superior\"><p class=\"is-style-com_titular_1\">03<\/p>\n\n<h3 class=\"wp-block-heading is-style-com_titular_5\">Sostenibilitat i manteniment redu\u00eft<\/h3>\n\n<p>Fabricat amb materials reciclats, DecoTurf disposa de la certificaci\u00f3 <strong>VERDE WISE\u00ae<\/strong>, i destaca per la seva <strong>alta durabilitat, baix manteniment i gran resist\u00e8ncia als agents clim\u00e0tics<\/strong>.<\/p><\/div><\/div>\n\n<div class=\"wp-block-greencourt-columna-responsive mod-columna-responsive-wrapper\"><div class=\"mod-columna-responsive valign-superior\"><p class=\"is-style-com_titular_1\">04<\/p>\n\n<h3 class=\"wp-block-heading is-style-com_titular_5\">Colors vius i resistents<\/h3>\n\n<p>Disponible en una gamma de <strong>12 colors vibrants<\/strong>, permet personalitzar cada pista segons el projecte arquitect\u00f2nic o la identitat del club.<\/p><\/div><\/div>\n\n<div class=\"wp-block-greencourt-columna-responsive mod-columna-responsive-wrapper\"><div class=\"mod-columna-responsive valign-superior\"><p class=\"is-style-com_titular_1\">05<\/p>\n\n<h3 class=\"wp-block-heading is-style-com_titular_5\">Certificacions i reconeixement internacional<\/h3>\n\n<p><strong>Superf\u00edcie oficial de la ITA (Intercollegiate Tennis Association)<\/strong> i del <strong>PTR (Professional Tennis Registry)<\/strong>.<\/p>\n\n<p>Classificaci\u00f3 homologada per la <strong>ITF<\/strong> (Federaci\u00f3 Internacional de Tennis).<\/p>\n\n<p>Sistema validat i instal\u00b7lat per aplicadors autoritzats a escala mundial, incl\u00f2s Greencourt com a <strong>distribu\u00efdor oficial a Catalunya<\/strong>.<\/p><\/div><\/div><\/div><\/div><div style=\"height:10vh\" aria-hidden=\"true\" class=\"wp-block-spacer\"><\/div>","protected":false},"excerpt":{"rendered":"","protected":false},"author":1,"featured_media":0,"parent":253,"menu_order":0,"comment_status":"closed","ping_status":"closed","template":"","meta":{"_acf_changed":false,"footnotes":""},"class_list":["post-761","page","type-page","status-publish","hentry"],"acf":[],"_links":{"self":[{"href":"https:\/\/greencourt.mgcomunicacio.com\/ca\/wp-json\/wp\/v2\/pages\/761","targetHints":{"allow":["GET"]}}],"collection":[{"href":"https:\/\/greencourt.mgcomunicacio.com\/ca\/wp-json\/wp\/v2\/pages"}],"about":[{"href":"https:\/\/greencourt.mgcomunicacio.com\/ca\/wp-json\/wp\/v2\/types\/page"}],"author":[{"embeddable":true,"href":"https:\/\/greencourt.mgcomunicacio.com\/ca\/wp-json\/wp\/v2\/users\/1"}],"replies":[{"embeddable":true,"href":"https:\/\/greencourt.mgcomunicacio.com\/ca\/wp-json\/wp\/v2\/comments?post=761"}],"version-history":[{"count":15,"href":"https:\/\/greencourt.mgcomunicacio.com\/ca\/wp-json\/wp\/v2\/pages\/761\/revisions"}],"predecessor-version":[{"id":4612,"href":"https:\/\/greencourt.mgcomunicacio.com\/ca\/wp-json\/wp\/v2\/pages\/761\/revisions\/4612"}],"up":[{"embeddable":true,"href":"https:\/\/greencourt.mgcomunicacio.com\/ca\/wp-json\/wp\/v2\/pages\/253"}],"wp:attachment":[{"href":"https:\/\/greencourt.mgcomunicacio.com\/ca\/wp-json\/wp\/v2\/media?parent=761"}],"curies":[{"name":"wp","href":"https:\/\/api.w.org\/{rel}","templated":true}]}}