{"id":893,"date":"2025-07-30T10:34:33","date_gmt":"2025-07-30T10:34:33","guid":{"rendered":"https:\/\/greencourt.mgcomunicacio.com\/?page_id=893"},"modified":"2025-12-01T19:06:37","modified_gmt":"2025-12-01T18:06:37","slug":"pistes-de-tenis-de-resina-plexipave","status":"publish","type":"page","link":"https:\/\/greencourt.mgcomunicacio.com\/ca\/solucions\/pistes-de-tenis\/construccio-de-pistes-de-tenis-de-resina\/pistes-de-tenis-de-resina-plexipave\/","title":{"rendered":"Pistes de tennis de resina Plexipave\u00ae"},"content":{"rendered":"<div class=\"wp-block-greencourt-cabecera mod-cabecera f1_2\"><div class=\"slider\"><div class=\"wp-block-greencourt-cabecera-interior slide\"><div class=\"maq-contenidor\" style=\"backdrop-filter: blur(0px)\"><div class=\"text\"><p class=\"has-text-align-center is-style-com_titular_1 has-blanc-color has-text-color has-link-color wp-elements-34b270e8bbe1611bb40f7de50db6bc50\">Pistes de resina<br>Plexipave\u00ae<\/p><\/div><\/div><div class=\"image\" style=\"background-image:url(https:\/\/greencourt.mgcomunicacio.com\/wp-content\/uploads\/2025\/07\/Pistas-de-tennis-resina-grip-11-scaled.jpg)\"><\/div><\/div><\/div><\/div><div class=\"wp-block-greencourt-marges maq-contenidor normal marge-superior-gran marge-inferior-gran\" data-aos=\"off\" data-aos-delay=\"aos_delay\"><h1 class=\"wp-block-heading is-style-com_titular_2\">Paviment esportiu d\u2019alt rendiment Plexipave\u00ae<\/h1>\n\n<div style=\"height:5vh\" aria-hidden=\"true\" class=\"wp-block-spacer\"><\/div>\n\n<p class=\"is-style-com_titular_4\">Plexipave\u00ae \u00e9s un sistema de paviment sint\u00e8tic d\u2019\u00faltima generaci\u00f3, format per capes de resina acr\u00edlica 100% l\u00e0tex, especialment formulades per a pistes de tennis i altres superf\u00edcies esportives. El seu disseny ofereix durabilitat, velocitat ajustable i una textura uniforme, essent apte tant per a usuaris amateurs com per a jugadors professionals.<\/p>\n\n<p><\/p>\n\n<p class=\"is-style-com_titular_4\">Plexipave\u00ae \u00e9s el sistema de paviment esportiu utilitzat a les pistes oficials de l\u2019Australian Open, un dels quatre tornejos de Grand Slam del circuit professional. Aquesta superf\u00edcie ha estat escollida per la seva fiabilitat, velocitat consistent i confort de joc, consolidant-se com un referent internacional per a pistes de tennis d\u2019alt nivell.<\/p><\/div><div style=\"height:10vh\" aria-hidden=\"true\" class=\"wp-block-spacer\"><\/div><div class=\"wp-block-greencourt-marges maq-contenidor fullwidth marge-superior-petit marge-inferior-\" data-aos=\"off\" data-aos-delay=\"aos_delay\"><figure class=\"wp-block-image size-full\"><img loading=\"lazy\" decoding=\"async\" width=\"2560\" height=\"838\" src=\"https:\/\/greencourt.mgcomunicacio.com\/wp-content\/uploads\/2025\/07\/Esquema-Flexipave-scaled.jpg\" alt=\"\" class=\"wp-image-899\" srcset=\"https:\/\/greencourt.mgcomunicacio.com\/wp-content\/uploads\/2025\/07\/Esquema-Flexipave-scaled.jpg 2560w, https:\/\/greencourt.mgcomunicacio.com\/wp-content\/uploads\/2025\/07\/Esquema-Flexipave-scaled-600x196.jpg 600w, https:\/\/greencourt.mgcomunicacio.com\/wp-content\/uploads\/2025\/07\/Esquema-Flexipave-300x98.jpg 300w, https:\/\/greencourt.mgcomunicacio.com\/wp-content\/uploads\/2025\/07\/Esquema-Flexipave-1024x335.jpg 1024w, https:\/\/greencourt.mgcomunicacio.com\/wp-content\/uploads\/2025\/07\/Esquema-Flexipave-768x251.jpg 768w, https:\/\/greencourt.mgcomunicacio.com\/wp-content\/uploads\/2025\/07\/Esquema-Flexipave-1536x503.jpg 1536w, https:\/\/greencourt.mgcomunicacio.com\/wp-content\/uploads\/2025\/07\/Esquema-Flexipave-2048x670.jpg 2048w, https:\/\/greencourt.mgcomunicacio.com\/wp-content\/uploads\/2025\/07\/Esquema-Flexipave-340x111.jpg 340w, https:\/\/greencourt.mgcomunicacio.com\/wp-content\/uploads\/2025\/07\/Esquema-Flexipave-140x46.jpg 140w\" sizes=\"auto, (max-width: 2560px) 100vw, 2560px\" \/><\/figure><\/div><div style=\"height:20vh\" aria-hidden=\"true\" class=\"wp-block-spacer\"><\/div><div class=\"wp-block-greencourt-marges maq-contenidor normal marge-superior-petit marge-inferior-\" data-aos=\"off\" data-aos-delay=\"aos_delay\"><h2 class=\"wp-block-heading is-style-com_titular_2\"><strong><strong>Principals avantatges<\/strong><\/strong><br><strong><strong>de Plexipave\u00ae <\/strong><\/strong><\/h2>\n\n<div style=\"height:50px\" aria-hidden=\"true\" class=\"wp-block-spacer\"><\/div><\/div><div class=\"wp-block-greencourt-marges maq-contenidor normal marge-superior- marge-inferior-\" data-aos=\"off\" data-aos-delay=\"aos_delay\"><div class=\"wp-block-greencourt-columnes-responsive mod-columnes-responsive cols-dsk-5 cols-tbl-2 cols-mob-1 gap-petit centra-orfes\"><div class=\"wp-block-greencourt-columna-responsive mod-columna-responsive-wrapper\"><div class=\"mod-columna-responsive valign-superior\"><p class=\"is-style-com_titular_1\">01<\/p>\n\n<h3 class=\"wp-block-heading is-style-com_titular_5\">Aplicaci\u00f3 sobre asfalt o formig\u00f3<\/h3>\n\n<p>Sistema format habitualment per 4 capes (3 de textura + 1 de color). Compatible amb qualsevol climatologia<\/p>\n\n<p>Gran resist\u00e8ncia als raigs UV i a la degradaci\u00f3 del suport amb colors intensos, duradors i resistents a l\u2019abrasi\u00f3<\/p>\n\n<p>Secatge r\u00e0pid i permeabilitat al vapor d\u2019aigua (afavoreix la transpiraci\u00f3 de la superf\u00edcie).<\/p><\/div><\/div>\n\n<div class=\"wp-block-greencourt-columna-responsive mod-columna-responsive-wrapper\"><div class=\"mod-columna-responsive valign-superior\"><p class=\"is-style-com_titular_1\">02<\/p>\n\n<h3 class=\"wp-block-heading is-style-com_titular_5\">Versions disponibles segons velocitat (Classificaci\u00f3 ITF)<\/h3>\n\n<p><strong>Plexipave IW<\/strong><br>Categoria ITF 1<br>Velocitat lenta<\/p>\n\n<p><strong>Plexipave Est\u00e0ndard <\/strong>Categoria ITF 3<br>Velocitat mitjana<\/p>\n\n<p><strong>Plexipave HU<\/strong><br>Categoria ITF 4 <br>Velocitat mitjana \/ r\u00e0pida<\/p><\/div><\/div>\n\n<div class=\"wp-block-greencourt-columna-responsive mod-columna-responsive-wrapper\"><div class=\"mod-columna-responsive valign-superior\"><p class=\"is-style-com_titular_1\">03<\/p>\n\n<h3 class=\"wp-block-heading is-style-com_titular_5\">Opci\u00f3 de confort addicional: Plexicushion<\/h3>\n\n<p>El sistema Plexipave pot incorporar capes <strong>Plexicushion<\/strong> com a base, afegint una amortiguaci\u00f3 extra sota la capa de joc. Aix\u00f2 millora significativament el confort, especialment en \u00fas intensiu o prolongat.<\/p><\/div><\/div>\n\n<div class=\"wp-block-greencourt-columna-responsive mod-columna-responsive-wrapper\"><div class=\"mod-columna-responsive valign-superior\"><p class=\"is-style-com_titular_1\">04<\/p>\n\n<h3 class=\"wp-block-heading is-style-com_titular_5\">Personalitzaci\u00f3 est\u00e8tica<\/h3>\n\n<p>Disponibilitat de <strong>13 colors est\u00e0ndard<\/strong> i opcions especials per adaptar-se a qualsevol projecte arquitect\u00f2nic o identitat de marca.<\/p>\n\n<p>Acabat multicrom\u00e0tic uniforme, elegant i t\u00e8cnic.<\/p><\/div><\/div>\n\n<div class=\"wp-block-greencourt-columna-responsive mod-columna-responsive-wrapper\"><div class=\"mod-columna-responsive valign-superior\"><p class=\"is-style-com_titular_1\">05<\/p>\n\n<h3 class=\"wp-block-heading is-style-com_titular_5\">Garantia i confian\u00e7a<\/h3>\n\n<p><strong>10 anys de garantia<\/strong> del fabricant en condicions est\u00e0ndard.<\/p>\n\n<p>Tecnologia avalada per m\u00e9s de 50 anys d\u2019innovaci\u00f3.<\/p>\n\n<p>Recomanat per la <strong>Federaci\u00f3 Internacional de Tennis (ITF)<\/strong> i escollit per clubs i federacions com la <strong>de Tennis de Castella i Lle\u00f3<\/strong>.<\/p><\/div><\/div><\/div><\/div><div style=\"height:10vh\" aria-hidden=\"true\" class=\"wp-block-spacer\"><\/div>","protected":false},"excerpt":{"rendered":"","protected":false},"author":1,"featured_media":0,"parent":253,"menu_order":0,"comment_status":"closed","ping_status":"closed","template":"","meta":{"_acf_changed":false,"footnotes":""},"class_list":["post-893","page","type-page","status-publish","hentry"],"acf":[],"_links":{"self":[{"href":"https:\/\/greencourt.mgcomunicacio.com\/ca\/wp-json\/wp\/v2\/pages\/893","targetHints":{"allow":["GET"]}}],"collection":[{"href":"https:\/\/greencourt.mgcomunicacio.com\/ca\/wp-json\/wp\/v2\/pages"}],"about":[{"href":"https:\/\/greencourt.mgcomunicacio.com\/ca\/wp-json\/wp\/v2\/types\/page"}],"author":[{"embeddable":true,"href":"https:\/\/greencourt.mgcomunicacio.com\/ca\/wp-json\/wp\/v2\/users\/1"}],"replies":[{"embeddable":true,"href":"https:\/\/greencourt.mgcomunicacio.com\/ca\/wp-json\/wp\/v2\/comments?post=893"}],"version-history":[{"count":10,"href":"https:\/\/greencourt.mgcomunicacio.com\/ca\/wp-json\/wp\/v2\/pages\/893\/revisions"}],"predecessor-version":[{"id":4611,"href":"https:\/\/greencourt.mgcomunicacio.com\/ca\/wp-json\/wp\/v2\/pages\/893\/revisions\/4611"}],"up":[{"embeddable":true,"href":"https:\/\/greencourt.mgcomunicacio.com\/ca\/wp-json\/wp\/v2\/pages\/253"}],"wp:attachment":[{"href":"https:\/\/greencourt.mgcomunicacio.com\/ca\/wp-json\/wp\/v2\/media?parent=893"}],"curies":[{"name":"wp","href":"https:\/\/api.w.org\/{rel}","templated":true}]}}