{"id":986,"date":"2025-08-01T14:25:41","date_gmt":"2025-08-01T14:25:41","guid":{"rendered":"https:\/\/greencourt.mgcomunicacio.com\/?page_id=986"},"modified":"2025-11-25T16:32:18","modified_gmt":"2025-11-25T15:32:18","slug":"manteniment-de-pistes-de-padel","status":"publish","type":"page","link":"https:\/\/greencourt.mgcomunicacio.com\/ca\/solucions\/pistes-de-padel\/manteniment-de-pistes-de-padel\/","title":{"rendered":"Manteniment de pistes de p\u00e0del"},"content":{"rendered":"<div class=\"wp-block-greencourt-cabecera mod-cabecera f1_2\"><div class=\"slider\"><div class=\"wp-block-greencourt-cabecera-interior slide\"><div class=\"maq-contenidor\" style=\"backdrop-filter: blur(0px)\"><div class=\"text\"><p class=\"has-text-align-center is-style-com_titular_1 has-blanc-color has-text-color has-link-color wp-elements-9bfb05cb90abe9d94b8b8e3bd4c277e0\">F\u00e0cil, r\u00e0pid i amb<br>un cost molt redu\u00eft<\/p><\/div><\/div><div class=\"image\" style=\"background-image:url(https:\/\/greencourt.mgcomunicacio.com\/wp-content\/uploads\/2025\/08\/Pistas-de-padel-15.jpg)\"><\/div><\/div><\/div><\/div><div class=\"wp-block-greencourt-marges maq-contenidor normal marge-superior-gran marge-inferior-gran\" data-aos=\"off\" data-aos-delay=\"aos_delay\"><h1 class=\"wp-block-heading is-style-com_titular_2\">Manteniment de pistes de p\u00e0del<\/h1>\n\n<div style=\"height:5vh\" aria-hidden=\"true\" class=\"wp-block-spacer\"><\/div>\n\n<p class=\"is-style-com_titular_4\">Les pistes de p\u00e0del Greencourt estan dissenyades per oferir un manteniment \u00e0gil i econ\u00f2mic. Tant si es tracta de pistes amb gespa artificial com de sistemes panor\u00e0mics o estructures convencionals, els nostres materials garanteixen una llarga durabilitat i una resposta de joc \u00f2ptima amb un m\u00ednim esfor\u00e7.<\/p>\n\n<p><\/p>\n\n<p class=\"is-style-com_titular_4\">Oferim serveis de manteniment preventiu, revisions peri\u00f2diques, substituci\u00f3 de components com xarxes, focus o gespa, i neteges especialitzades per mantenir el grip i l&#8217;est\u00e8tica. Treballem perqu\u00e8 cada pista estigui sempre a punt amb la m\u00ednima inversi\u00f3 i sense interrupcions per als usuaris.<\/p><\/div><div style=\"height:10vh\" aria-hidden=\"true\" class=\"wp-block-spacer\"><\/div><div class=\"wp-block-greencourt-marges maq-contenidor fullwidth marge-superior-petit marge-inferior-\" data-aos=\"off\" data-aos-delay=\"aos_delay\"><figure class=\"wp-block-image size-full\"><img loading=\"lazy\" decoding=\"async\" width=\"2500\" height=\"1254\" src=\"https:\/\/greencourt.mgcomunicacio.com\/wp-content\/uploads\/2025\/08\/Pistas-de-padel-16.jpg\" alt=\"\" class=\"wp-image-994\" srcset=\"https:\/\/greencourt.mgcomunicacio.com\/wp-content\/uploads\/2025\/08\/Pistas-de-padel-16.jpg 2500w, https:\/\/greencourt.mgcomunicacio.com\/wp-content\/uploads\/2025\/08\/Pistas-de-padel-16-600x301.jpg 600w, https:\/\/greencourt.mgcomunicacio.com\/wp-content\/uploads\/2025\/08\/Pistas-de-padel-16-300x150.jpg 300w, https:\/\/greencourt.mgcomunicacio.com\/wp-content\/uploads\/2025\/08\/Pistas-de-padel-16-1024x514.jpg 1024w, https:\/\/greencourt.mgcomunicacio.com\/wp-content\/uploads\/2025\/08\/Pistas-de-padel-16-768x385.jpg 768w, https:\/\/greencourt.mgcomunicacio.com\/wp-content\/uploads\/2025\/08\/Pistas-de-padel-16-1536x770.jpg 1536w, https:\/\/greencourt.mgcomunicacio.com\/wp-content\/uploads\/2025\/08\/Pistas-de-padel-16-2048x1027.jpg 2048w, https:\/\/greencourt.mgcomunicacio.com\/wp-content\/uploads\/2025\/08\/Pistas-de-padel-16-340x171.jpg 340w, https:\/\/greencourt.mgcomunicacio.com\/wp-content\/uploads\/2025\/08\/Pistas-de-padel-16-140x70.jpg 140w\" sizes=\"auto, (max-width: 2500px) 100vw, 2500px\" \/><\/figure><\/div><div style=\"height:10vh\" aria-hidden=\"true\" class=\"wp-block-spacer\"><\/div>","protected":false},"excerpt":{"rendered":"","protected":false},"author":1,"featured_media":0,"parent":341,"menu_order":0,"comment_status":"closed","ping_status":"closed","template":"","meta":{"_acf_changed":false,"footnotes":""},"class_list":["post-986","page","type-page","status-publish","hentry"],"acf":[],"_links":{"self":[{"href":"https:\/\/greencourt.mgcomunicacio.com\/ca\/wp-json\/wp\/v2\/pages\/986","targetHints":{"allow":["GET"]}}],"collection":[{"href":"https:\/\/greencourt.mgcomunicacio.com\/ca\/wp-json\/wp\/v2\/pages"}],"about":[{"href":"https:\/\/greencourt.mgcomunicacio.com\/ca\/wp-json\/wp\/v2\/types\/page"}],"author":[{"embeddable":true,"href":"https:\/\/greencourt.mgcomunicacio.com\/ca\/wp-json\/wp\/v2\/users\/1"}],"replies":[{"embeddable":true,"href":"https:\/\/greencourt.mgcomunicacio.com\/ca\/wp-json\/wp\/v2\/comments?post=986"}],"version-history":[{"count":7,"href":"https:\/\/greencourt.mgcomunicacio.com\/ca\/wp-json\/wp\/v2\/pages\/986\/revisions"}],"predecessor-version":[{"id":4491,"href":"https:\/\/greencourt.mgcomunicacio.com\/ca\/wp-json\/wp\/v2\/pages\/986\/revisions\/4491"}],"up":[{"embeddable":true,"href":"https:\/\/greencourt.mgcomunicacio.com\/ca\/wp-json\/wp\/v2\/pages\/341"}],"wp:attachment":[{"href":"https:\/\/greencourt.mgcomunicacio.com\/ca\/wp-json\/wp\/v2\/media?parent=986"}],"curies":[{"name":"wp","href":"https:\/\/api.w.org\/{rel}","templated":true}]}}