{"id":5506,"date":"2025-10-31T16:00:05","date_gmt":"2025-10-31T16:00:05","guid":{"rendered":"https:\/\/greencourt.mgcomunicacio.com\/producto\/marcador-de-tennis-royal-sense-peu\/"},"modified":"2025-10-31T16:00:05","modified_gmt":"2025-10-31T15:00:05","slug":"marcador-de-tennis-royal-sense-peu","status":"publish","type":"product","link":"https:\/\/greencourt.mgcomunicacio.com\/ca\/producto\/marcador-de-tennis-royal-sense-peu\/","title":{"rendered":"Marcador de tennis Royal sense peu"},"content":{"rendered":"","protected":false},"excerpt":{"rendered":"<ul>\n<li>Marcador Royal, qualitat i funcionalitat a un preu atractiu.<\/li>\n<li>L\u00e0mines de pl\u00e0stic ABS de 4 mm embotides, robustes i resistents a la intemp\u00e8rie i a la llum solar.<\/li>\n<\/ul>\n<p>6 plats giratoris, no adhesius de 7 cm d&#8217;alt, per a 3 sets.<\/p>\n<p>Molt bona visibilitat, es pot llegir des d&#8217;ambd\u00f3s costats.<\/p>\n<p>F\u00e0cil fixaci\u00f3 a la tanca gr\u00e0cies a l&#8217;accessori especial subministrat.<\/p>\n<p>Mida aprox. 46 x 60 cm amb n\u00fameros de 7 cm d&#8217;alt.<\/p>\n<p>* Rotulaci\u00f3 internacional: LOCAL\/VISIT.<\/p>\n","protected":false},"featured_media":3218,"comment_status":"closed","ping_status":"open","template":"","meta":{"_acf_changed":false},"product_brand":[],"product_cat":[215,216],"product_tag":[],"class_list":{"0":"post-5506","1":"product","2":"type-product","3":"status-publish","4":"has-post-thumbnail","6":"product_cat-tennis","7":"product_cat-marcadors-de-tennis","9":"first","10":"instock","11":"purchasable","12":"product-type-simple"},"acf":[],"_links":{"self":[{"href":"https:\/\/greencourt.mgcomunicacio.com\/ca\/wp-json\/wp\/v2\/product\/5506","targetHints":{"allow":["GET"]}}],"collection":[{"href":"https:\/\/greencourt.mgcomunicacio.com\/ca\/wp-json\/wp\/v2\/product"}],"about":[{"href":"https:\/\/greencourt.mgcomunicacio.com\/ca\/wp-json\/wp\/v2\/types\/product"}],"replies":[{"embeddable":true,"href":"https:\/\/greencourt.mgcomunicacio.com\/ca\/wp-json\/wp\/v2\/comments?post=5506"}],"wp:featuredmedia":[{"embeddable":true,"href":"https:\/\/greencourt.mgcomunicacio.com\/ca\/wp-json\/wp\/v2\/media\/3218"}],"wp:attachment":[{"href":"https:\/\/greencourt.mgcomunicacio.com\/ca\/wp-json\/wp\/v2\/media?parent=5506"}],"wp:term":[{"taxonomy":"product_brand","embeddable":true,"href":"https:\/\/greencourt.mgcomunicacio.com\/ca\/wp-json\/wp\/v2\/product_brand?post=5506"},{"taxonomy":"product_cat","embeddable":true,"href":"https:\/\/greencourt.mgcomunicacio.com\/ca\/wp-json\/wp\/v2\/product_cat?post=5506"},{"taxonomy":"product_tag","embeddable":true,"href":"https:\/\/greencourt.mgcomunicacio.com\/ca\/wp-json\/wp\/v2\/product_tag?post=5506"}],"curies":[{"name":"wp","href":"https:\/\/api.w.org\/{rel}","templated":true}]}}