{"id":5517,"date":"2025-10-31T16:00:18","date_gmt":"2025-10-31T16:00:18","guid":{"rendered":"https:\/\/greencourt.mgcomunicacio.com\/producto\/xarxa-de-proteccio-padel-frontal-2x14m\/"},"modified":"2025-10-31T16:00:18","modified_gmt":"2025-10-31T15:00:18","slug":"xarxa-de-proteccio-padel-frontal-2x14m","status":"publish","type":"product","link":"https:\/\/greencourt.mgcomunicacio.com\/ca\/producto\/xarxa-de-proteccio-padel-frontal-2x14m\/","title":{"rendered":"Xarxa de protecci\u00f3 p\u00e0del frontal 2x14m"},"content":{"rendered":"","protected":false},"excerpt":{"rendered":"<p>Malla de polipropil\u00e8 sense nus 3mm, confeccionada, amb acabat perimetral.<br \/>\nInstal\u00b7laci\u00f3 no inclosa.<\/p>\n<p>Mida: 2x14m<\/p>\n<p>Color: negre.<\/p>\n","protected":false},"featured_media":3272,"comment_status":"closed","ping_status":"closed","template":"","meta":{"_acf_changed":false},"product_brand":[],"product_cat":[221,222],"product_tag":[],"class_list":{"0":"post-5517","1":"product","2":"type-product","3":"status-publish","4":"has-post-thumbnail","6":"product_cat-padel","7":"product_cat-xarxes-i-pals-de-xarxes","9":"first","10":"instock","11":"purchasable","12":"product-type-simple"},"acf":[],"_links":{"self":[{"href":"https:\/\/greencourt.mgcomunicacio.com\/ca\/wp-json\/wp\/v2\/product\/5517","targetHints":{"allow":["GET"]}}],"collection":[{"href":"https:\/\/greencourt.mgcomunicacio.com\/ca\/wp-json\/wp\/v2\/product"}],"about":[{"href":"https:\/\/greencourt.mgcomunicacio.com\/ca\/wp-json\/wp\/v2\/types\/product"}],"replies":[{"embeddable":true,"href":"https:\/\/greencourt.mgcomunicacio.com\/ca\/wp-json\/wp\/v2\/comments?post=5517"}],"wp:featuredmedia":[{"embeddable":true,"href":"https:\/\/greencourt.mgcomunicacio.com\/ca\/wp-json\/wp\/v2\/media\/3272"}],"wp:attachment":[{"href":"https:\/\/greencourt.mgcomunicacio.com\/ca\/wp-json\/wp\/v2\/media?parent=5517"}],"wp:term":[{"taxonomy":"product_brand","embeddable":true,"href":"https:\/\/greencourt.mgcomunicacio.com\/ca\/wp-json\/wp\/v2\/product_brand?post=5517"},{"taxonomy":"product_cat","embeddable":true,"href":"https:\/\/greencourt.mgcomunicacio.com\/ca\/wp-json\/wp\/v2\/product_cat?post=5517"},{"taxonomy":"product_tag","embeddable":true,"href":"https:\/\/greencourt.mgcomunicacio.com\/ca\/wp-json\/wp\/v2\/product_tag?post=5517"}],"curies":[{"name":"wp","href":"https:\/\/api.w.org\/{rel}","templated":true}]}}