{"id":5529,"date":"2025-10-31T16:00:18","date_gmt":"2025-10-31T16:00:18","guid":{"rendered":"https:\/\/greencourt.mgcomunicacio.com\/producto\/xarxa-de-proteccio-padel-lateral-3x20mt\/"},"modified":"2025-10-31T16:00:18","modified_gmt":"2025-10-31T15:00:18","slug":"xarxa-de-proteccio-padel-lateral-3x20mt","status":"publish","type":"product","link":"https:\/\/greencourt.mgcomunicacio.com\/ca\/producto\/xarxa-de-proteccio-padel-lateral-3x20mt\/","title":{"rendered":"Xarxa de protecci\u00f3 p\u00e0del lateral 3x20mt."},"content":{"rendered":"","protected":false},"excerpt":{"rendered":"<p>Malla de polipropil\u00e8 sense nus 3mm, confeccionada, amb rematada perimetral.<\/p>\n<p>Mesura: 3x20mt<\/p>\n<p>Color: negre.<\/p>\n","protected":false},"featured_media":3268,"comment_status":"closed","ping_status":"open","template":"","meta":{"_acf_changed":false},"product_brand":[],"product_cat":[221,222],"product_tag":[],"class_list":{"0":"post-5529","1":"product","2":"type-product","3":"status-publish","4":"has-post-thumbnail","6":"product_cat-padel","7":"product_cat-xarxes-i-pals-de-xarxes","9":"first","10":"instock","11":"purchasable","12":"product-type-simple"},"acf":[],"_links":{"self":[{"href":"https:\/\/greencourt.mgcomunicacio.com\/ca\/wp-json\/wp\/v2\/product\/5529","targetHints":{"allow":["GET"]}}],"collection":[{"href":"https:\/\/greencourt.mgcomunicacio.com\/ca\/wp-json\/wp\/v2\/product"}],"about":[{"href":"https:\/\/greencourt.mgcomunicacio.com\/ca\/wp-json\/wp\/v2\/types\/product"}],"replies":[{"embeddable":true,"href":"https:\/\/greencourt.mgcomunicacio.com\/ca\/wp-json\/wp\/v2\/comments?post=5529"}],"wp:featuredmedia":[{"embeddable":true,"href":"https:\/\/greencourt.mgcomunicacio.com\/ca\/wp-json\/wp\/v2\/media\/3268"}],"wp:attachment":[{"href":"https:\/\/greencourt.mgcomunicacio.com\/ca\/wp-json\/wp\/v2\/media?parent=5529"}],"wp:term":[{"taxonomy":"product_brand","embeddable":true,"href":"https:\/\/greencourt.mgcomunicacio.com\/ca\/wp-json\/wp\/v2\/product_brand?post=5529"},{"taxonomy":"product_cat","embeddable":true,"href":"https:\/\/greencourt.mgcomunicacio.com\/ca\/wp-json\/wp\/v2\/product_cat?post=5529"},{"taxonomy":"product_tag","embeddable":true,"href":"https:\/\/greencourt.mgcomunicacio.com\/ca\/wp-json\/wp\/v2\/product_tag?post=5529"}],"curies":[{"name":"wp","href":"https:\/\/api.w.org\/{rel}","templated":true}]}}