{"id":5533,"date":"2025-10-31T16:00:25","date_gmt":"2025-10-31T16:00:25","guid":{"rendered":"https:\/\/greencourt.mgcomunicacio.com\/producto\/font-atlas\/"},"modified":"2025-10-31T16:00:25","modified_gmt":"2025-10-31T15:00:25","slug":"font-atlas","status":"publish","type":"product","link":"https:\/\/greencourt.mgcomunicacio.com\/ca\/producto\/font-atlas\/","title":{"rendered":"Font Atlas"},"content":{"rendered":"","protected":false},"excerpt":{"rendered":"<p>Font amb estructura s\u00f2bria, cos quadrat de ferro amb tractament Ferrus per tractar la corrosi\u00f3.<\/p>\n<p>Acabat amb emprimaci\u00f3 epoxi i pintura poli\u00e8ster en pols color gris martel\u00e9.<\/p>\n<p>Platina fixaci\u00f3-aixeta polsador d&#8217;acer niquelat (UM510G). Marc angular i reixa embornal d&#8217;acer galvanitzat. <\/p>\n","protected":false},"featured_media":3327,"comment_status":"closed","ping_status":"open","template":"","meta":{"_acf_changed":false},"product_brand":[],"product_cat":[236,237],"product_tag":[],"class_list":{"0":"post-5533","1":"product","2":"type-product","3":"status-publish","4":"has-post-thumbnail","6":"product_cat-mobiliari","7":"product_cat-mobiliari-urba","9":"first","10":"instock","11":"purchasable","12":"product-type-simple"},"acf":[],"_links":{"self":[{"href":"https:\/\/greencourt.mgcomunicacio.com\/ca\/wp-json\/wp\/v2\/product\/5533","targetHints":{"allow":["GET"]}}],"collection":[{"href":"https:\/\/greencourt.mgcomunicacio.com\/ca\/wp-json\/wp\/v2\/product"}],"about":[{"href":"https:\/\/greencourt.mgcomunicacio.com\/ca\/wp-json\/wp\/v2\/types\/product"}],"replies":[{"embeddable":true,"href":"https:\/\/greencourt.mgcomunicacio.com\/ca\/wp-json\/wp\/v2\/comments?post=5533"}],"wp:featuredmedia":[{"embeddable":true,"href":"https:\/\/greencourt.mgcomunicacio.com\/ca\/wp-json\/wp\/v2\/media\/3327"}],"wp:attachment":[{"href":"https:\/\/greencourt.mgcomunicacio.com\/ca\/wp-json\/wp\/v2\/media?parent=5533"}],"wp:term":[{"taxonomy":"product_brand","embeddable":true,"href":"https:\/\/greencourt.mgcomunicacio.com\/ca\/wp-json\/wp\/v2\/product_brand?post=5533"},{"taxonomy":"product_cat","embeddable":true,"href":"https:\/\/greencourt.mgcomunicacio.com\/ca\/wp-json\/wp\/v2\/product_cat?post=5533"},{"taxonomy":"product_tag","embeddable":true,"href":"https:\/\/greencourt.mgcomunicacio.com\/ca\/wp-json\/wp\/v2\/product_tag?post=5533"}],"curies":[{"name":"wp","href":"https:\/\/api.w.org\/{rel}","templated":true}]}}