{"id":5535,"date":"2025-10-31T16:00:31","date_gmt":"2025-10-31T16:00:31","guid":{"rendered":"https:\/\/greencourt.mgcomunicacio.com\/producto\/malla-textil-antiherbes-marro-2x100m\/"},"modified":"2025-10-31T16:00:31","modified_gmt":"2025-10-31T15:00:31","slug":"malla-textil-antiherbes-marro-2x100m","status":"publish","type":"product","link":"https:\/\/greencourt.mgcomunicacio.com\/ca\/producto\/malla-textil-antiherbes-marro-2x100m\/","title":{"rendered":"Malla t\u00e8xtil antiherbes marr\u00f3 2x100m"},"content":{"rendered":"","protected":false},"excerpt":{"rendered":"<p>Malla t\u00e8xtil antiherbes, fabricada en polipropil\u00e8.<\/p>\n<p>Resistent als atacs de la putrefacci\u00f3 seca i als fongs.<\/p>\n<p>S&#8217;aplica com a l\u00e0mina antiherbes, col\u00b7locada sota el cobriment vegetal o mineral.<\/p>\n<p>2x100m<\/p>\n","protected":false},"featured_media":3356,"comment_status":"closed","ping_status":"open","template":"","meta":{"_acf_changed":false},"product_brand":[],"product_cat":[232,233],"product_tag":[],"class_list":{"0":"post-5535","1":"product","2":"type-product","3":"status-publish","4":"has-post-thumbnail","6":"product_cat-jardineria","7":"product_cat-installacio-de-gespa-artificial","9":"first","10":"instock","11":"purchasable","12":"product-type-simple"},"acf":[],"_links":{"self":[{"href":"https:\/\/greencourt.mgcomunicacio.com\/ca\/wp-json\/wp\/v2\/product\/5535","targetHints":{"allow":["GET"]}}],"collection":[{"href":"https:\/\/greencourt.mgcomunicacio.com\/ca\/wp-json\/wp\/v2\/product"}],"about":[{"href":"https:\/\/greencourt.mgcomunicacio.com\/ca\/wp-json\/wp\/v2\/types\/product"}],"replies":[{"embeddable":true,"href":"https:\/\/greencourt.mgcomunicacio.com\/ca\/wp-json\/wp\/v2\/comments?post=5535"}],"wp:featuredmedia":[{"embeddable":true,"href":"https:\/\/greencourt.mgcomunicacio.com\/ca\/wp-json\/wp\/v2\/media\/3356"}],"wp:attachment":[{"href":"https:\/\/greencourt.mgcomunicacio.com\/ca\/wp-json\/wp\/v2\/media?parent=5535"}],"wp:term":[{"taxonomy":"product_brand","embeddable":true,"href":"https:\/\/greencourt.mgcomunicacio.com\/ca\/wp-json\/wp\/v2\/product_brand?post=5535"},{"taxonomy":"product_cat","embeddable":true,"href":"https:\/\/greencourt.mgcomunicacio.com\/ca\/wp-json\/wp\/v2\/product_cat?post=5535"},{"taxonomy":"product_tag","embeddable":true,"href":"https:\/\/greencourt.mgcomunicacio.com\/ca\/wp-json\/wp\/v2\/product_tag?post=5535"}],"curies":[{"name":"wp","href":"https:\/\/api.w.org\/{rel}","templated":true}]}}