{"id":5546,"date":"2025-10-31T16:00:31","date_gmt":"2025-10-31T16:00:31","guid":{"rendered":"https:\/\/greencourt.mgcomunicacio.com\/producto\/sorra-de-silice-pl-1200kg\/"},"modified":"2025-10-31T16:00:31","modified_gmt":"2025-10-31T15:00:31","slug":"sorra-de-silice-pl-1200kg","status":"publish","type":"product","link":"https:\/\/greencourt.mgcomunicacio.com\/ca\/producto\/sorra-de-silice-pl-1200kg\/","title":{"rendered":"Sorra de S\u00edlice PL 1200KG"},"content":{"rendered":"","protected":false},"excerpt":{"rendered":"<ul>\n<li>Les sorres sil\u00edcies s\u00f3n les m\u00e9s ecol\u00f2giques i naturals d&#8217;Espanya, lliures de productes qu\u00edmics (amines i fluorh\u00eddric) i sense salinitat. Rentades exclusivament amb aig\u00fces naturals i assecades amb biomassa. <\/li>\n<li>Es caracteritzen per ser sorres e\u00f2liques, rodones o esferoides, sense arestes, permetent que el producte no s&#8217;apelmaci ni es compacti, facilitant el drenatge. Granulometries: 0,2-0,5s\/ 25kg<\/li>\n<\/ul>\n<p>PALET DE S\u00cdLICE 1.200kg &#8211; 48sacsx25kg<\/p>\n","protected":false},"featured_media":3351,"comment_status":"closed","ping_status":"open","template":"","meta":{"_acf_changed":false},"product_brand":[],"product_cat":[232,233],"product_tag":[],"class_list":{"0":"post-5546","1":"product","2":"type-product","3":"status-publish","4":"has-post-thumbnail","6":"product_cat-jardineria","7":"product_cat-installacio-de-gespa-artificial","9":"first","10":"instock","11":"purchasable","12":"product-type-simple"},"acf":[],"_links":{"self":[{"href":"https:\/\/greencourt.mgcomunicacio.com\/ca\/wp-json\/wp\/v2\/product\/5546","targetHints":{"allow":["GET"]}}],"collection":[{"href":"https:\/\/greencourt.mgcomunicacio.com\/ca\/wp-json\/wp\/v2\/product"}],"about":[{"href":"https:\/\/greencourt.mgcomunicacio.com\/ca\/wp-json\/wp\/v2\/types\/product"}],"replies":[{"embeddable":true,"href":"https:\/\/greencourt.mgcomunicacio.com\/ca\/wp-json\/wp\/v2\/comments?post=5546"}],"wp:featuredmedia":[{"embeddable":true,"href":"https:\/\/greencourt.mgcomunicacio.com\/ca\/wp-json\/wp\/v2\/media\/3351"}],"wp:attachment":[{"href":"https:\/\/greencourt.mgcomunicacio.com\/ca\/wp-json\/wp\/v2\/media?parent=5546"}],"wp:term":[{"taxonomy":"product_brand","embeddable":true,"href":"https:\/\/greencourt.mgcomunicacio.com\/ca\/wp-json\/wp\/v2\/product_brand?post=5546"},{"taxonomy":"product_cat","embeddable":true,"href":"https:\/\/greencourt.mgcomunicacio.com\/ca\/wp-json\/wp\/v2\/product_cat?post=5546"},{"taxonomy":"product_tag","embeddable":true,"href":"https:\/\/greencourt.mgcomunicacio.com\/ca\/wp-json\/wp\/v2\/product_tag?post=5546"}],"curies":[{"name":"wp","href":"https:\/\/api.w.org\/{rel}","templated":true}]}}