{"id":5624,"date":"2025-10-31T15:59:59","date_gmt":"2025-10-31T15:59:59","guid":{"rendered":"https:\/\/greencourt.mgcomunicacio.com\/producto\/raspall-estret-de-filferro-dacer-amb-arc-de-2mt\/"},"modified":"2025-10-31T15:59:59","modified_gmt":"2025-10-31T14:59:59","slug":"raspall-estret-de-filferro-dacer-amb-arc-de-2mt","status":"publish","type":"product","link":"https:\/\/greencourt.mgcomunicacio.com\/ca\/producto\/raspall-estret-de-filferro-dacer-amb-arc-de-2mt\/","title":{"rendered":"Raspall estret de filferro d&#8217;acer, amb arc de 2mt."},"content":{"rendered":"","protected":false},"excerpt":{"rendered":"<ul>\n<li>Per raspar les pistes de tennis i treure fulles.<\/li>\n<li>Eina ideal per a primavera i temporada i tardor.<\/li>\n<li>Perfil en U d&#8217;alumini, en el qual s&#8217;incorporen les cerdes de filferro d&#8217;acer, que permet recollir les fulles, el molsa o altra brut\u00edcia.<\/li>\n<\/ul>\n<p>Amb el raspall de filferro d&#8217;acer, podeu ratllar i afluixar la capa endurida que es forma a l&#8217;hivern a causa de les gelades i la neu.<\/p>\n<p>Arc d&#8217;alumini amb un recobriment de pl\u00e0stic a l&#8217;\u00e0rea del m\u00e0nec, dissenyat perqu\u00e8 rebi suficient pressi\u00f3 en tota la longitud de l&#8217;escombra, realitzant els treballs amb poc esfor\u00e7.<\/p>\n<p>Llarg: 200 cm<\/p>\n<p>Amplada de la vareta guia: 5 cm<\/p>\n<p>Al\u00e7ada de la vareta guia: 3 cm<\/p>\n<ul>\n<li>Al\u00e7ada de les cerdes: 7,5 cm<\/li>\n<\/ul>\n<p>Dist\u00e0ncia de les cerdes: aprox. 1 cm <\/p>\n<ul>\n<li>Pes: aprox. 5,7 kg <\/li>\n<\/ul>\n<p>Amplada de treball 200 cm.<\/p>\n","protected":false},"featured_media":3102,"comment_status":"closed","ping_status":"open","template":"","meta":{"_acf_changed":false},"product_brand":[],"product_cat":[215,240,241],"product_tag":[],"class_list":{"0":"post-5624","1":"product","2":"type-product","3":"status-publish","4":"has-post-thumbnail","6":"product_cat-tennis","7":"product_cat-material-manteniment","8":"product_cat-eines","10":"first","11":"instock","12":"purchasable","13":"product-type-simple"},"acf":[],"_links":{"self":[{"href":"https:\/\/greencourt.mgcomunicacio.com\/ca\/wp-json\/wp\/v2\/product\/5624","targetHints":{"allow":["GET"]}}],"collection":[{"href":"https:\/\/greencourt.mgcomunicacio.com\/ca\/wp-json\/wp\/v2\/product"}],"about":[{"href":"https:\/\/greencourt.mgcomunicacio.com\/ca\/wp-json\/wp\/v2\/types\/product"}],"replies":[{"embeddable":true,"href":"https:\/\/greencourt.mgcomunicacio.com\/ca\/wp-json\/wp\/v2\/comments?post=5624"}],"wp:featuredmedia":[{"embeddable":true,"href":"https:\/\/greencourt.mgcomunicacio.com\/ca\/wp-json\/wp\/v2\/media\/3102"}],"wp:attachment":[{"href":"https:\/\/greencourt.mgcomunicacio.com\/ca\/wp-json\/wp\/v2\/media?parent=5624"}],"wp:term":[{"taxonomy":"product_brand","embeddable":true,"href":"https:\/\/greencourt.mgcomunicacio.com\/ca\/wp-json\/wp\/v2\/product_brand?post=5624"},{"taxonomy":"product_cat","embeddable":true,"href":"https:\/\/greencourt.mgcomunicacio.com\/ca\/wp-json\/wp\/v2\/product_cat?post=5624"},{"taxonomy":"product_tag","embeddable":true,"href":"https:\/\/greencourt.mgcomunicacio.com\/ca\/wp-json\/wp\/v2\/product_tag?post=5624"}],"curies":[{"name":"wp","href":"https:\/\/api.w.org\/{rel}","templated":true}]}}