{"id":5630,"date":"2025-10-31T16:00:05","date_gmt":"2025-10-31T16:00:05","guid":{"rendered":"https:\/\/greencourt.mgcomunicacio.com\/producto\/banc-freiburgh-150-m\/"},"modified":"2025-10-31T16:00:05","modified_gmt":"2025-10-31T15:00:05","slug":"banc-freiburgh-150-m","status":"publish","type":"product","link":"https:\/\/greencourt.mgcomunicacio.com\/ca\/producto\/banc-freiburgh-150-m\/","title":{"rendered":"Banc Freiburgh 1,50 m"},"content":{"rendered":"","protected":false},"excerpt":{"rendered":"<ul>\n<li>Banc de PVC\/PP d&#8217;alta resist\u00e8ncia, f\u00e0cil manteniment i neteja i gran estabilitat.<\/li>\n<\/ul>\n<p>4 peus de pl\u00e0stic i 9 llistons de perfil multic\u00e0mera, angle de refor\u00e7 al mig, 3 llocs.<\/p>\n<p>Es fabriquen en blanc i verd<\/p>\n<p>Pes: 13,6 kg<\/p>\n<p>Pes suportat: 240 kg<\/p>\n<ul>\n<li>Ample: 150 cm x Profunditat: 54 cm x Altura: 74 cm.<\/li>\n<li>Seient: 150 x 38 cm Altura del respatller: 35 cm Altura del seient: 44 cm<\/li>\n<\/ul>\n<p>2 anys de garantia<\/p>\n<p>Fabricat a Alemanya<\/p>\n","protected":false},"featured_media":3158,"comment_status":"closed","ping_status":"closed","template":"","meta":{"_acf_changed":false},"product_brand":[],"product_cat":[236,246],"product_tag":[],"class_list":{"0":"post-5630","1":"product","2":"type-product","3":"status-publish","4":"has-post-thumbnail","6":"product_cat-mobiliari","7":"product_cat-mobiliari-esportiu","9":"first","10":"instock","11":"purchasable","12":"product-type-simple"},"acf":[],"_links":{"self":[{"href":"https:\/\/greencourt.mgcomunicacio.com\/ca\/wp-json\/wp\/v2\/product\/5630","targetHints":{"allow":["GET"]}}],"collection":[{"href":"https:\/\/greencourt.mgcomunicacio.com\/ca\/wp-json\/wp\/v2\/product"}],"about":[{"href":"https:\/\/greencourt.mgcomunicacio.com\/ca\/wp-json\/wp\/v2\/types\/product"}],"replies":[{"embeddable":true,"href":"https:\/\/greencourt.mgcomunicacio.com\/ca\/wp-json\/wp\/v2\/comments?post=5630"}],"wp:featuredmedia":[{"embeddable":true,"href":"https:\/\/greencourt.mgcomunicacio.com\/ca\/wp-json\/wp\/v2\/media\/3158"}],"wp:attachment":[{"href":"https:\/\/greencourt.mgcomunicacio.com\/ca\/wp-json\/wp\/v2\/media?parent=5630"}],"wp:term":[{"taxonomy":"product_brand","embeddable":true,"href":"https:\/\/greencourt.mgcomunicacio.com\/ca\/wp-json\/wp\/v2\/product_brand?post=5630"},{"taxonomy":"product_cat","embeddable":true,"href":"https:\/\/greencourt.mgcomunicacio.com\/ca\/wp-json\/wp\/v2\/product_cat?post=5630"},{"taxonomy":"product_tag","embeddable":true,"href":"https:\/\/greencourt.mgcomunicacio.com\/ca\/wp-json\/wp\/v2\/product_tag?post=5630"}],"curies":[{"name":"wp","href":"https:\/\/api.w.org\/{rel}","templated":true}]}}