{"id":5655,"date":"2025-10-31T16:00:05","date_gmt":"2025-10-31T16:00:05","guid":{"rendered":"https:\/\/greencourt.mgcomunicacio.com\/producto\/llancapilotes-tennis-playmate-volley-dream-180-pilotes\/"},"modified":"2025-10-31T16:00:05","modified_gmt":"2025-10-31T15:00:05","slug":"llancapilotes-tennis-playmate-volley-dream-180-pilotes","status":"publish","type":"product","link":"https:\/\/greencourt.mgcomunicacio.com\/ca\/producto\/llancapilotes-tennis-playmate-volley-dream-180-pilotes\/","title":{"rendered":"Llan\u00e7apilotes tennis Playmate VOLLEY DREAM 180 pilotes"},"content":{"rendered":"","protected":false},"excerpt":{"rendered":"<ul>\n<li>La m\u00e0quina llan\u00e7apilotes Playmate Volley Dream \u00e9s una m\u00e0quina port\u00e0til d&#8217;alta qualitat amb carcassa d&#8217;alumini i subministrament per bateria. Compleix amb els requisits de seguretat m\u00e9s alts. Hi ha un sensor instal\u00b7lat que atura immediatament la projecci\u00f3 de la pilota si una persona es troba a les immediacions en la direcci\u00f3 de sortida. A m\u00e9s, el nou Volley Dream ve amb una tapa amb pany, que ha d&#8217;estar bloquejada per raons de seguretat en el mode de joc.   <\/li>\n<\/ul>\n<p>Es pot programar en set direccions. Per exemple: dreta, centre, esquerra, esquerra dreta, dreta, centre. De la mateixa manera, juga efecte liftat i rematada, aix\u00ed com curt-llarg. La sortida de la pilota es pot ajustar de 6 a 60 pilotes per minut. Un dispositiu ideal per a l&#8217;entrenament individual o grupal. Precisi\u00f3 exacta de llan\u00e7ament i funcionament silenci\u00f3s. Amb l&#8217;accessori recentment integrat &#8220;i-Playmate&#8221; pots utilitzar una aplicaci\u00f3 per controlar playmate i-Shmash a trav\u00e9s de l&#8217;i-Phone o i-Pad, aix\u00ed com gravar, documentar i comparar els teus \u00e8xits d&#8217;entrenament.<br \/>\nDades t\u00e8cniques:      <\/p>\n<ul>\n<li>Capacitat: unes 180 boles amb tapa tancada.<\/li>\n<li>Dimensions: (alt x ample x profunditat) 64 x 56 x 48 cm<\/li>\n<li>Pes: 31 kg<\/li>\n<li>Connexi\u00f3 d&#8217;alimentaci\u00f3: funcionament amb bateria (corrent de c\u00e0rrega 230 V)<\/li>\n<li>Durada de la bateria: m\u00edn 4 hores<\/li>\n<li>Temps de c\u00e0rrega: 6 hores<\/li>\n<li>Velocitat m\u00e0xima: 140 km\/h<\/li>\n<li>Seq\u00fc\u00e8ncia de pilota: 1 &#8211; 10 seg.<\/li>\n<li>Traject\u00f2ria: curt-llarg, infinitament ajustable tipus de boles efecte liftat, tallat<\/li>\n<li>Tipus de tir: Efecte liftat i rematada<\/li>\n<li>Angle de dispersi\u00f3: 7 direccions centre-dreta<\/li>\n<li>Carcassa: alumini amb tapa amb pany<\/li>\n<li>Seguretat: Sensors de seguretat<\/li>\n<li>Comandament a dist\u00e0ncia: sense fil, encesa \/ apagada<\/li>\n<\/ul>\n","protected":false},"featured_media":3148,"comment_status":"closed","ping_status":"open","template":"","meta":{"_acf_changed":false},"product_brand":[],"product_cat":[215,250],"product_tag":[],"class_list":{"0":"post-5655","1":"product","2":"type-product","3":"status-publish","4":"has-post-thumbnail","6":"product_cat-tennis","7":"product_cat-accessoris","9":"first","10":"instock","11":"purchasable","12":"product-type-simple"},"acf":[],"_links":{"self":[{"href":"https:\/\/greencourt.mgcomunicacio.com\/ca\/wp-json\/wp\/v2\/product\/5655","targetHints":{"allow":["GET"]}}],"collection":[{"href":"https:\/\/greencourt.mgcomunicacio.com\/ca\/wp-json\/wp\/v2\/product"}],"about":[{"href":"https:\/\/greencourt.mgcomunicacio.com\/ca\/wp-json\/wp\/v2\/types\/product"}],"replies":[{"embeddable":true,"href":"https:\/\/greencourt.mgcomunicacio.com\/ca\/wp-json\/wp\/v2\/comments?post=5655"}],"wp:featuredmedia":[{"embeddable":true,"href":"https:\/\/greencourt.mgcomunicacio.com\/ca\/wp-json\/wp\/v2\/media\/3148"}],"wp:attachment":[{"href":"https:\/\/greencourt.mgcomunicacio.com\/ca\/wp-json\/wp\/v2\/media?parent=5655"}],"wp:term":[{"taxonomy":"product_brand","embeddable":true,"href":"https:\/\/greencourt.mgcomunicacio.com\/ca\/wp-json\/wp\/v2\/product_brand?post=5655"},{"taxonomy":"product_cat","embeddable":true,"href":"https:\/\/greencourt.mgcomunicacio.com\/ca\/wp-json\/wp\/v2\/product_cat?post=5655"},{"taxonomy":"product_tag","embeddable":true,"href":"https:\/\/greencourt.mgcomunicacio.com\/ca\/wp-json\/wp\/v2\/product_tag?post=5655"}],"curies":[{"name":"wp","href":"https:\/\/api.w.org\/{rel}","templated":true}]}}