{"id":5669,"date":"2025-10-31T16:00:12","date_gmt":"2025-10-31T16:00:12","guid":{"rendered":"https:\/\/greencourt.mgcomunicacio.com\/producto\/bb-terra-pastilla-tr\/"},"modified":"2025-10-31T16:00:12","modified_gmt":"2025-10-31T15:00:12","slug":"bb-terra-pastilla-tr","status":"publish","type":"product","link":"https:\/\/greencourt.mgcomunicacio.com\/ca\/producto\/bb-terra-pastilla-tr\/","title":{"rendered":"BB Terra pastilla TR"},"content":{"rendered":"","protected":false},"excerpt":{"rendered":"<p>CARACTER\u00cdSTIQUES<\/p>\n<ul>\n<li>Mescla d&#8217;\u00e0rids de proced\u00e8ncia volc\u00e0nica i seleccionats, d&#8217;alta compactaci\u00f3 i absorci\u00f3 de l&#8217;aigua<\/li>\n<li>Color vermell\u00f3s<\/li>\n<li>Granulometria 0.4 mm<\/li>\n<li>Excel\u00b7lent compactaci\u00f3 sobre la pista d&#8217;enduriment progressiu sense vitrificaci\u00f3 de la superf\u00edcie<\/li>\n<li>Facilita l&#8217;adher\u00e8ncia de la capa de terra batuda<\/li>\n<li>BIG BAG DE 1000KG<\/li>\n<\/ul>\n","protected":false},"featured_media":3244,"comment_status":"closed","ping_status":"open","template":"","meta":{"_acf_changed":false},"product_brand":[],"product_cat":[215,223],"product_tag":[],"class_list":{"0":"post-5669","1":"product","2":"type-product","3":"status-publish","4":"has-post-thumbnail","6":"product_cat-tennis","7":"product_cat-terra-batuda","9":"first","10":"instock","11":"purchasable","12":"product-type-simple"},"acf":[],"_links":{"self":[{"href":"https:\/\/greencourt.mgcomunicacio.com\/ca\/wp-json\/wp\/v2\/product\/5669","targetHints":{"allow":["GET"]}}],"collection":[{"href":"https:\/\/greencourt.mgcomunicacio.com\/ca\/wp-json\/wp\/v2\/product"}],"about":[{"href":"https:\/\/greencourt.mgcomunicacio.com\/ca\/wp-json\/wp\/v2\/types\/product"}],"replies":[{"embeddable":true,"href":"https:\/\/greencourt.mgcomunicacio.com\/ca\/wp-json\/wp\/v2\/comments?post=5669"}],"wp:featuredmedia":[{"embeddable":true,"href":"https:\/\/greencourt.mgcomunicacio.com\/ca\/wp-json\/wp\/v2\/media\/3244"}],"wp:attachment":[{"href":"https:\/\/greencourt.mgcomunicacio.com\/ca\/wp-json\/wp\/v2\/media?parent=5669"}],"wp:term":[{"taxonomy":"product_brand","embeddable":true,"href":"https:\/\/greencourt.mgcomunicacio.com\/ca\/wp-json\/wp\/v2\/product_brand?post=5669"},{"taxonomy":"product_cat","embeddable":true,"href":"https:\/\/greencourt.mgcomunicacio.com\/ca\/wp-json\/wp\/v2\/product_cat?post=5669"},{"taxonomy":"product_tag","embeddable":true,"href":"https:\/\/greencourt.mgcomunicacio.com\/ca\/wp-json\/wp\/v2\/product_tag?post=5669"}],"curies":[{"name":"wp","href":"https:\/\/api.w.org\/{rel}","templated":true}]}}