{"id":5677,"date":"2025-10-31T16:00:12","date_gmt":"2025-10-31T16:00:12","guid":{"rendered":"https:\/\/greencourt.mgcomunicacio.com\/producto\/bb-terra-batuda-montroig-court\/"},"modified":"2025-10-31T16:00:12","modified_gmt":"2025-10-31T15:00:12","slug":"bb-terra-batuda-montroig-court","status":"publish","type":"product","link":"https:\/\/greencourt.mgcomunicacio.com\/ca\/producto\/bb-terra-batuda-montroig-court\/","title":{"rendered":"BB Terra batuda Montroig Court"},"content":{"rendered":"","protected":false},"excerpt":{"rendered":"<p>CARACTER\u00cdSTIQUES<\/p>\n<ul>\n<li>&#8211; Rang de garbellat de dimensi\u00f3 m\u00ednima impalpable i di\u00e0metre 1mm.<\/li>\n<\/ul>\n<p>&#8211; Procedent de voladura de pedra de pedrera<\/p>\n<ul>\n<li>&#8211; Humitat mitjana 3,50%<\/li>\n<li>&#8211; Cont\u00e9 un 90% aproximat de s\u00edlice-Color vermell\/morat<\/li>\n<li>BIG BAG DE 1000KG ENVASAT<\/li>\n<\/ul>\n","protected":false},"featured_media":3242,"comment_status":"closed","ping_status":"open","template":"","meta":{"_acf_changed":false},"product_brand":[],"product_cat":[215,223],"product_tag":[],"class_list":{"0":"post-5677","1":"product","2":"type-product","3":"status-publish","4":"has-post-thumbnail","6":"product_cat-tennis","7":"product_cat-terra-batuda","9":"first","10":"instock","11":"purchasable","12":"product-type-simple"},"acf":[],"_links":{"self":[{"href":"https:\/\/greencourt.mgcomunicacio.com\/ca\/wp-json\/wp\/v2\/product\/5677","targetHints":{"allow":["GET"]}}],"collection":[{"href":"https:\/\/greencourt.mgcomunicacio.com\/ca\/wp-json\/wp\/v2\/product"}],"about":[{"href":"https:\/\/greencourt.mgcomunicacio.com\/ca\/wp-json\/wp\/v2\/types\/product"}],"replies":[{"embeddable":true,"href":"https:\/\/greencourt.mgcomunicacio.com\/ca\/wp-json\/wp\/v2\/comments?post=5677"}],"wp:featuredmedia":[{"embeddable":true,"href":"https:\/\/greencourt.mgcomunicacio.com\/ca\/wp-json\/wp\/v2\/media\/3242"}],"wp:attachment":[{"href":"https:\/\/greencourt.mgcomunicacio.com\/ca\/wp-json\/wp\/v2\/media?parent=5677"}],"wp:term":[{"taxonomy":"product_brand","embeddable":true,"href":"https:\/\/greencourt.mgcomunicacio.com\/ca\/wp-json\/wp\/v2\/product_brand?post=5677"},{"taxonomy":"product_cat","embeddable":true,"href":"https:\/\/greencourt.mgcomunicacio.com\/ca\/wp-json\/wp\/v2\/product_cat?post=5677"},{"taxonomy":"product_tag","embeddable":true,"href":"https:\/\/greencourt.mgcomunicacio.com\/ca\/wp-json\/wp\/v2\/product_tag?post=5677"}],"curies":[{"name":"wp","href":"https:\/\/api.w.org\/{rel}","templated":true}]}}