{"id":5722,"date":"2025-10-31T16:00:18","date_gmt":"2025-10-31T16:00:18","guid":{"rendered":"https:\/\/greencourt.mgcomunicacio.com\/producto\/cercol-de-basquet-massis-deluxe\/"},"modified":"2025-10-31T16:00:18","modified_gmt":"2025-10-31T15:00:18","slug":"cercol-de-basquet-massis-deluxe","status":"publish","type":"product","link":"https:\/\/greencourt.mgcomunicacio.com\/ca\/producto\/cercol-de-basquet-massis-deluxe\/","title":{"rendered":"C\u00e8rcol de b\u00e0squet mass\u00eds Deluxe"},"content":{"rendered":"","protected":false},"excerpt":{"rendered":"<p>Prove\u00eft de nou sistema antilesi\u00f3 de col\u00b7locaci\u00f3 de xarxa, vareta guia en lloc de ganxo.<\/p>\n<p>Tots els nostres c\u00e8rcols tenen la mateixa dist\u00e0ncia entre eixos, 7 cm d&#8217;alt x 8,50 cm d&#8217;ample.<\/p>\n","protected":false},"featured_media":3287,"comment_status":"closed","ping_status":"open","template":"","meta":{"_acf_changed":false},"product_brand":[],"product_cat":[217,257],"product_tag":[],"class_list":{"0":"post-5722","1":"product","2":"type-product","3":"status-publish","4":"has-post-thumbnail","6":"product_cat-altres-esports","7":"product_cat-basquet","9":"first","10":"instock","11":"purchasable","12":"product-type-simple"},"acf":[],"_links":{"self":[{"href":"https:\/\/greencourt.mgcomunicacio.com\/ca\/wp-json\/wp\/v2\/product\/5722","targetHints":{"allow":["GET"]}}],"collection":[{"href":"https:\/\/greencourt.mgcomunicacio.com\/ca\/wp-json\/wp\/v2\/product"}],"about":[{"href":"https:\/\/greencourt.mgcomunicacio.com\/ca\/wp-json\/wp\/v2\/types\/product"}],"replies":[{"embeddable":true,"href":"https:\/\/greencourt.mgcomunicacio.com\/ca\/wp-json\/wp\/v2\/comments?post=5722"}],"wp:featuredmedia":[{"embeddable":true,"href":"https:\/\/greencourt.mgcomunicacio.com\/ca\/wp-json\/wp\/v2\/media\/3287"}],"wp:attachment":[{"href":"https:\/\/greencourt.mgcomunicacio.com\/ca\/wp-json\/wp\/v2\/media?parent=5722"}],"wp:term":[{"taxonomy":"product_brand","embeddable":true,"href":"https:\/\/greencourt.mgcomunicacio.com\/ca\/wp-json\/wp\/v2\/product_brand?post=5722"},{"taxonomy":"product_cat","embeddable":true,"href":"https:\/\/greencourt.mgcomunicacio.com\/ca\/wp-json\/wp\/v2\/product_cat?post=5722"},{"taxonomy":"product_tag","embeddable":true,"href":"https:\/\/greencourt.mgcomunicacio.com\/ca\/wp-json\/wp\/v2\/product_tag?post=5722"}],"curies":[{"name":"wp","href":"https:\/\/api.w.org\/{rel}","templated":true}]}}