{"id":5729,"date":"2025-10-31T16:00:18","date_gmt":"2025-10-31T16:00:18","guid":{"rendered":"https:\/\/greencourt.mgcomunicacio.com\/producto\/tauler-antivandalic-de-basquet\/"},"modified":"2025-10-31T16:00:18","modified_gmt":"2025-10-31T15:00:18","slug":"tauler-antivandalic-de-basquet","status":"publish","type":"product","link":"https:\/\/greencourt.mgcomunicacio.com\/ca\/producto\/tauler-antivandalic-de-basquet\/","title":{"rendered":"Tauler antivand\u00e0lic de b\u00e0squet"},"content":{"rendered":"","protected":false},"excerpt":{"rendered":"<p>Tauler antivand\u00e0lic fabricat en xapa perforada de gruix 4mm.<\/p>\n<p>Pes 25 kg i mesures reglament\u00e0ries de 1800 x 1050mm.<\/p>\n<p>L&#8217;anella i la xarxa es venen per separat.<\/p>\n<p>FABRICACI\u00d3 NACIONAL<\/p>\n","protected":false},"featured_media":3285,"comment_status":"closed","ping_status":"open","template":"","meta":{"_acf_changed":false},"product_brand":[],"product_cat":[217,257],"product_tag":[],"class_list":{"0":"post-5729","1":"product","2":"type-product","3":"status-publish","4":"has-post-thumbnail","6":"product_cat-altres-esports","7":"product_cat-basquet","9":"first","10":"instock","11":"purchasable","12":"product-type-simple"},"acf":[],"_links":{"self":[{"href":"https:\/\/greencourt.mgcomunicacio.com\/ca\/wp-json\/wp\/v2\/product\/5729","targetHints":{"allow":["GET"]}}],"collection":[{"href":"https:\/\/greencourt.mgcomunicacio.com\/ca\/wp-json\/wp\/v2\/product"}],"about":[{"href":"https:\/\/greencourt.mgcomunicacio.com\/ca\/wp-json\/wp\/v2\/types\/product"}],"replies":[{"embeddable":true,"href":"https:\/\/greencourt.mgcomunicacio.com\/ca\/wp-json\/wp\/v2\/comments?post=5729"}],"wp:featuredmedia":[{"embeddable":true,"href":"https:\/\/greencourt.mgcomunicacio.com\/ca\/wp-json\/wp\/v2\/media\/3285"}],"wp:attachment":[{"href":"https:\/\/greencourt.mgcomunicacio.com\/ca\/wp-json\/wp\/v2\/media?parent=5729"}],"wp:term":[{"taxonomy":"product_brand","embeddable":true,"href":"https:\/\/greencourt.mgcomunicacio.com\/ca\/wp-json\/wp\/v2\/product_brand?post=5729"},{"taxonomy":"product_cat","embeddable":true,"href":"https:\/\/greencourt.mgcomunicacio.com\/ca\/wp-json\/wp\/v2\/product_cat?post=5729"},{"taxonomy":"product_tag","embeddable":true,"href":"https:\/\/greencourt.mgcomunicacio.com\/ca\/wp-json\/wp\/v2\/product_tag?post=5729"}],"curies":[{"name":"wp","href":"https:\/\/api.w.org\/{rel}","templated":true}]}}