{"id":5743,"date":"2025-10-31T16:00:18","date_gmt":"2025-10-31T16:00:18","guid":{"rendered":"https:\/\/greencourt.mgcomunicacio.com\/producto\/xarxa-de-badminton\/"},"modified":"2025-10-31T16:00:18","modified_gmt":"2025-10-31T15:00:18","slug":"xarxa-de-badminton","status":"publish","type":"product","link":"https:\/\/greencourt.mgcomunicacio.com\/ca\/producto\/xarxa-de-badminton\/","title":{"rendered":"Xarxa de b\u00e0dminton"},"content":{"rendered":"","protected":false},"excerpt":{"rendered":"<p>B\u00c0DMINTON B\u00c0SICA C-PVC SUPERIOR<\/p>\n<p>-Mida: 1,85&#215;1,22m<\/p>\n<p>-Confeccionada amb fil de polipropil\u00e8 d&#8217;alta tenacitat.<\/p>\n<p>-Xarxa de 2mm de gruix, amplada de malla de 18mm.<\/p>\n<p>-Banda superior de PVC blanc, ribet de poli\u00e8ster negre als laterals i a la part inferior de la xarxa.<\/p>\n<p>-Un ullal a cada cantonada superior de la xarxa i corda de tensi\u00f3 doble de 0,3mm.<\/p>\n<p>-Cable d&#8217;acer plastificat de 0,4mm.<\/p>\n<p>* Tamb\u00e9 disponible en B\u00c0DMINTON B\u00c0SICA C-PES SUPERIOR i B\u00c0DMINTON ALTA COMPET. C-PS SUPERIOR. <\/p>\n","protected":false},"featured_media":3281,"comment_status":"closed","ping_status":"closed","template":"","meta":{"_acf_changed":false},"product_brand":[],"product_cat":[217,260],"product_tag":[],"class_list":{"0":"post-5743","1":"product","2":"type-product","3":"status-publish","4":"has-post-thumbnail","6":"product_cat-altres-esports","7":"product_cat-badminton","9":"first","10":"instock","11":"purchasable","12":"product-type-simple"},"acf":[],"_links":{"self":[{"href":"https:\/\/greencourt.mgcomunicacio.com\/ca\/wp-json\/wp\/v2\/product\/5743","targetHints":{"allow":["GET"]}}],"collection":[{"href":"https:\/\/greencourt.mgcomunicacio.com\/ca\/wp-json\/wp\/v2\/product"}],"about":[{"href":"https:\/\/greencourt.mgcomunicacio.com\/ca\/wp-json\/wp\/v2\/types\/product"}],"replies":[{"embeddable":true,"href":"https:\/\/greencourt.mgcomunicacio.com\/ca\/wp-json\/wp\/v2\/comments?post=5743"}],"wp:featuredmedia":[{"embeddable":true,"href":"https:\/\/greencourt.mgcomunicacio.com\/ca\/wp-json\/wp\/v2\/media\/3281"}],"wp:attachment":[{"href":"https:\/\/greencourt.mgcomunicacio.com\/ca\/wp-json\/wp\/v2\/media?parent=5743"}],"wp:term":[{"taxonomy":"product_brand","embeddable":true,"href":"https:\/\/greencourt.mgcomunicacio.com\/ca\/wp-json\/wp\/v2\/product_brand?post=5743"},{"taxonomy":"product_cat","embeddable":true,"href":"https:\/\/greencourt.mgcomunicacio.com\/ca\/wp-json\/wp\/v2\/product_cat?post=5743"},{"taxonomy":"product_tag","embeddable":true,"href":"https:\/\/greencourt.mgcomunicacio.com\/ca\/wp-json\/wp\/v2\/product_tag?post=5743"}],"curies":[{"name":"wp","href":"https:\/\/api.w.org\/{rel}","templated":true}]}}